{"id":1108,"date":"2025-03-10T09:47:05","date_gmt":"2025-03-10T08:47:05","guid":{"rendered":"https:\/\/site.educa.madrid.org\/cp.garcialorca.mostoles\/?page_id=1108"},"modified":"2026-02-26T15:07:35","modified_gmt":"2026-02-26T14:07:35","slug":"servicios-complementarios","status":"publish","type":"page","link":"https:\/\/site.educa.madrid.org\/cp.garcialorca.mostoles\/index.php\/servicios-complementarios\/","title":{"rendered":"Servicios complementarios"},"content":{"rendered":"\n<p>El centro dispone de cocina propia donde diariamente se cocinan los men\u00fas que est\u00e1n en constante revisi\u00f3n por parte del departamento de nutrici\u00f3n de la empresa adjudicataria y del equipo directivo y comisi\u00f3n espec\u00edfica del Consejo Escolar.<\/p>\n\n\n\n<p>La cocina fue totalmente renovada en el curso 2021\/22 y en el presente curso nos encontramos en plena renovaci\u00f3n del comedor escolar.<\/p>\n\n\n\n<p>Disponemos del proyecto \u201cLos primeros del cole\u201d donde atendemos al alumnado desde las 7 de la ma\u00f1ana con 4 turnos de entrada (7:00, 7:30 y 8:00) donde se ofrece el desayuno y se acompa\u00f1a a las filas a las 9:00. Hay otro turno de entrada a las 8:30 donde se ofrece servicio de vigilancia con acompa\u00f1amiento a las filas.<\/p>\n\n\n\n<p>Por las tardes tenemos servicio de comedor de 14:00h a 16:00h pudiendo salir a las 16:00h de car\u00e1cter habitual \u00f3 15:30h si se solicita. En caso de asistir a las extraescolares que oferta el AMPA, las monitoras de comedor acompa\u00f1ar\u00e1n a los alumnos a dichas filas.<\/p>\n\n\n\n<p>Durante los meses con horario de verano (junio y septiembre), el servicio de comedor termina a las 15:00h, pero se ofrece a las familias la posibilidad de extender una hora dicha salida a trav\u00e9s de un \u00fanico pago de 25\u20ac siendo las salidas a las 15:00h \u00f3 16:00h. Ayudando as\u00ed a la conciliaci\u00f3n familiar desde el primer d\u00eda hasta el \u00faltimo de curso.<\/p>\n","protected":false},"excerpt":{"rendered":"<p>El centro dispone de cocina propia donde diariamente se cocinan los men\u00fas que est\u00e1n en constante revisi\u00f3n por parte del departamento de nutrici\u00f3n de la empresa adjudicataria y del equipo directivo y comisi\u00f3n espec\u00edfica del Consejo Escolar. La cocina fue totalmente renovada en el curso 2021\/22 y en el presente curso nos encontramos en plena [&hellip;]<\/p>\n","protected":false},"author":2,"featured_media":0,"parent":0,"menu_order":0,"comment_status":"closed","ping_status":"closed","template":"page-template\/sidebar-right.php","meta":{"footnotes":""},"folder":[],"class_list":["post-1108","page","type-page","status-publish","hentry"],"rttpg_featured_image_url":null,"rttpg_author":{"display_name":"tic.cp.garcialorca.mostoles","author_link":"https:\/\/site.educa.madrid.org\/cp.garcialorca.mostoles\/index.php\/author\/cuenta_tic-cp-garcialorca-mostoles\/"},"rttpg_comment":0,"rttpg_category":false,"rttpg_excerpt":"El centro dispone de cocina propia donde diariamente se cocinan los men\u00fas que est\u00e1n en constante revisi\u00f3n por parte del departamento de nutrici\u00f3n de la empresa adjudicataria y del equipo directivo y comisi\u00f3n espec\u00edfica del Consejo Escolar. La cocina fue totalmente renovada en el curso 2021\/22 y en el presente curso nos encontramos en plena&hellip;","post_mailing_queue_ids":[],"_links":{"self":[{"href":"https:\/\/site.educa.madrid.org\/cp.garcialorca.mostoles\/index.php\/wp-json\/wp\/v2\/pages\/1108","targetHints":{"allow":["GET"]}}],"collection":[{"href":"https:\/\/site.educa.madrid.org\/cp.garcialorca.mostoles\/index.php\/wp-json\/wp\/v2\/pages"}],"about":[{"href":"https:\/\/site.educa.madrid.org\/cp.garcialorca.mostoles\/index.php\/wp-json\/wp\/v2\/types\/page"}],"author":[{"embeddable":true,"href":"https:\/\/site.educa.madrid.org\/cp.garcialorca.mostoles\/index.php\/wp-json\/wp\/v2\/users\/2"}],"replies":[{"embeddable":true,"href":"https:\/\/site.educa.madrid.org\/cp.garcialorca.mostoles\/index.php\/wp-json\/wp\/v2\/comments?post=1108"}],"version-history":[{"count":3,"href":"https:\/\/site.educa.madrid.org\/cp.garcialorca.mostoles\/index.php\/wp-json\/wp\/v2\/pages\/1108\/revisions"}],"predecessor-version":[{"id":1278,"href":"https:\/\/site.educa.madrid.org\/cp.garcialorca.mostoles\/index.php\/wp-json\/wp\/v2\/pages\/1108\/revisions\/1278"}],"wp:attachment":[{"href":"https:\/\/site.educa.madrid.org\/cp.garcialorca.mostoles\/index.php\/wp-json\/wp\/v2\/media?parent=1108"}],"wp:term":[{"taxonomy":"folder","embeddable":true,"href":"https:\/\/site.educa.madrid.org\/cp.garcialorca.mostoles\/index.php\/wp-json\/wp\/v2\/folder?post=1108"}],"curies":[{"name":"wp","href":"https:\/\/api.w.org\/{rel}","templated":true}]}}