{"id":1114,"date":"2025-03-10T09:50:34","date_gmt":"2025-03-10T08:50:34","guid":{"rendered":"https:\/\/site.educa.madrid.org\/cp.garcialorca.mostoles\/?page_id=1114"},"modified":"2026-03-06T14:58:57","modified_gmt":"2026-03-06T13:58:57","slug":"actividades-complementarias","status":"publish","type":"page","link":"https:\/\/site.educa.madrid.org\/cp.garcialorca.mostoles\/index.php\/actividades-complementarias\/","title":{"rendered":"Actividades complementarias"},"content":{"rendered":"\n<div data-wp-interactive=\"core\/file\" class=\"wp-block-file\"><object data-wp-bind--hidden=\"!state.hasPdfPreview\" hidden class=\"wp-block-file__embed\" data=\"https:\/\/site.educa.madrid.org\/cp.garcialorca.mostoles\/\/wp-content\/uploads\/cp.garcialorca.mostoles\/2026\/03\/actividades-complementarias.pdf\" type=\"application\/pdf\" style=\"width:100%;height:600px\" aria-label=\"Incrustado de actividades complementarias.\"><\/object><a id=\"wp-block-file--media-06c91e49-4062-404a-8cee-fe904e2c4a8f\" href=\"https:\/\/site.educa.madrid.org\/cp.garcialorca.mostoles\/\/wp-content\/uploads\/cp.garcialorca.mostoles\/2026\/03\/actividades-complementarias.pdf\">actividades complementarias<\/a><a href=\"https:\/\/site.educa.madrid.org\/cp.garcialorca.mostoles\/\/wp-content\/uploads\/cp.garcialorca.mostoles\/2026\/03\/actividades-complementarias.pdf\" class=\"wp-block-file__button wp-element-button\" download aria-describedby=\"wp-block-file--media-06c91e49-4062-404a-8cee-fe904e2c4a8f\">Descarga<\/a><\/div>\n\n\n\n<div style=\"height:25px\" aria-hidden=\"true\" class=\"wp-block-spacer\"><\/div>\n\n\n\n<p>Por su parte, la AMPA dinamiza una serie de actividades extraescolares que se realizan en el aula y cuyo precio suele rondar los 20\u20ac mensuales. A finales de cada curso realizan propuestas de actividades para el siguiente. Dependiendo del n\u00famero de alumnos que las solicitan, suelen variar de curso en curso aunque la que siempre est\u00e1 es su escuela de ingl\u00e9s donde se puede conseguir la certificaci\u00f3n PEK y PET de Cambridge School. A parte, usualmente suelen contar con actividades del tipo: patinaje, multiaventura, danza urbana, Kung fu, etc.<\/p>\n\n\n\n<p>Pueden contactar con la AMPA en el correo: <strong><u>ampagarcialorca1@gmail.com<\/u><\/strong><\/p>\n","protected":false},"excerpt":{"rendered":"<p>Por su parte, la AMPA dinamiza una serie de actividades extraescolares que se realizan en el aula y cuyo precio suele rondar los 20\u20ac mensuales. A finales de cada curso realizan propuestas de actividades para el siguiente. Dependiendo del n\u00famero de alumnos que las solicitan, suelen variar de curso en curso aunque la que siempre [&hellip;]<\/p>\n","protected":false},"author":2,"featured_media":0,"parent":0,"menu_order":0,"comment_status":"closed","ping_status":"closed","template":"page-template\/sidebar-right.php","meta":{"footnotes":""},"folder":[],"class_list":["post-1114","page","type-page","status-publish","hentry"],"rttpg_featured_image_url":null,"rttpg_author":{"display_name":"tic.cp.garcialorca.mostoles","author_link":"https:\/\/site.educa.madrid.org\/cp.garcialorca.mostoles\/index.php\/author\/cuenta_tic-cp-garcialorca-mostoles\/"},"rttpg_comment":0,"rttpg_category":false,"rttpg_excerpt":"Por su parte, la AMPA dinamiza una serie de actividades extraescolares que se realizan en el aula y cuyo precio suele rondar los 20\u20ac mensuales. A finales de cada curso realizan propuestas de actividades para el siguiente. Dependiendo del n\u00famero de alumnos que las solicitan, suelen variar de curso en curso aunque la que siempre&hellip;","post_mailing_queue_ids":[],"_links":{"self":[{"href":"https:\/\/site.educa.madrid.org\/cp.garcialorca.mostoles\/index.php\/wp-json\/wp\/v2\/pages\/1114","targetHints":{"allow":["GET"]}}],"collection":[{"href":"https:\/\/site.educa.madrid.org\/cp.garcialorca.mostoles\/index.php\/wp-json\/wp\/v2\/pages"}],"about":[{"href":"https:\/\/site.educa.madrid.org\/cp.garcialorca.mostoles\/index.php\/wp-json\/wp\/v2\/types\/page"}],"author":[{"embeddable":true,"href":"https:\/\/site.educa.madrid.org\/cp.garcialorca.mostoles\/index.php\/wp-json\/wp\/v2\/users\/2"}],"replies":[{"embeddable":true,"href":"https:\/\/site.educa.madrid.org\/cp.garcialorca.mostoles\/index.php\/wp-json\/wp\/v2\/comments?post=1114"}],"version-history":[{"count":5,"href":"https:\/\/site.educa.madrid.org\/cp.garcialorca.mostoles\/index.php\/wp-json\/wp\/v2\/pages\/1114\/revisions"}],"predecessor-version":[{"id":1291,"href":"https:\/\/site.educa.madrid.org\/cp.garcialorca.mostoles\/index.php\/wp-json\/wp\/v2\/pages\/1114\/revisions\/1291"}],"wp:attachment":[{"href":"https:\/\/site.educa.madrid.org\/cp.garcialorca.mostoles\/index.php\/wp-json\/wp\/v2\/media?parent=1114"}],"wp:term":[{"taxonomy":"folder","embeddable":true,"href":"https:\/\/site.educa.madrid.org\/cp.garcialorca.mostoles\/index.php\/wp-json\/wp\/v2\/folder?post=1114"}],"curies":[{"name":"wp","href":"https:\/\/api.w.org\/{rel}","templated":true}]}}