{"id":114,"date":"2022-02-08T16:46:51","date_gmt":"2022-02-08T15:46:51","guid":{"rendered":"https:\/\/site.educa.madrid.org\/cp.garcialorca.mostoles\/?page_id=114"},"modified":"2026-04-07T14:38:25","modified_gmt":"2026-04-07T12:38:25","slug":"inicio","status":"publish","type":"page","link":"https:\/\/site.educa.madrid.org\/cp.garcialorca.mostoles\/","title":{"rendered":"Inicio"},"content":{"rendered":"<div class=\"n2_clear\"><ss3-force-full-width data-overflow-x=\"body\" data-horizontal-selector=\"body\"><div class=\"n2-section-smartslider fitvidsignore  n2_clear\" data-ssid=\"2\" tabindex=\"0\" role=\"region\" aria-label=\"Carrusel Inicio\"><div id=\"n2-ss-2-align\" class=\"n2-ss-align\"><div class=\"n2-padding\"><div id=\"n2-ss-2\" data-creator=\"Smart Slider 3\" data-responsive=\"fullwidth\" class=\"n2-ss-slider n2-ow n2-has-hover n2notransition  \">\n\n\n\n\n\n<div class=\"n2-ss-slider-wrapper-outside\" style=\"grid-template-rows:1fr auto\"><div class=\"n2-ss-slider-wrapper-inside\">\n        <div class=\"n2-ss-slider-1 n2_ss__touch_element n2-ow\">\n            <div class=\"n2-ss-slider-2 n2-ow\">\n                                                <div class=\"n2-ss-slider-3 n2-ow\">\n\n                    <div class=\"n2-ss-slide-backgrounds n2-ow-all\"><div class=\"n2-ss-slide-background\" data-public-id=\"1\" data-mode=\"fill\"><div class=\"n2-ss-slide-background-image\" data-blur=\"0\" data-opacity=\"100\" data-x=\"53\" data-y=\"85\" data-alt=\"\" data-title=\"\" style=\"--ss-o-pos-x:53%;--ss-o-pos-y:85%\"><picture class=\"skip-lazy\" data-skip-lazy=\"1\"><img decoding=\"async\" src=\"\/\/site.educa.madrid.org\/cp.garcialorca.mostoles\/\/wp-content\/uploads\/cp.garcialorca.mostoles\/2023\/11\/1Lorca.jpeg\" alt=\"\" title=\"\" loading=\"lazy\" class=\"skip-lazy\" data-skip-lazy=\"1\"><\/picture><\/div><div data-color=\"RGBA(255,255,255,0)\" style=\"background-color: RGBA(255,255,255,0);\" class=\"n2-ss-slide-background-color\"><\/div><\/div><div class=\"n2-ss-slide-background\" data-public-id=\"2\" data-mode=\"fill\"><div class=\"n2-ss-slide-background-image\" data-blur=\"0\" data-opacity=\"100\" data-x=\"50\" data-y=\"95\" data-alt=\"\" data-title=\"\" style=\"--ss-o-pos-y:95%\"><picture class=\"skip-lazy\" data-skip-lazy=\"1\"><img decoding=\"async\" src=\"\/\/site.educa.madrid.org\/cp.garcialorca.mostoles\/\/wp-content\/uploads\/cp.garcialorca.mostoles\/2023\/11\/2Lorca.jpeg\" alt=\"\" title=\"\" loading=\"lazy\" class=\"skip-lazy\" data-skip-lazy=\"1\"><\/picture><\/div><div data-color=\"RGBA(255,255,255,0)\" style=\"background-color: RGBA(255,255,255,0);\" class=\"n2-ss-slide-background-color\"><\/div><\/div><\/div>                    <div class=\"n2-ss-slider-4 n2-ow\">\n                        <svg xmlns=\"http:\/\/www.w3.org\/2000\/svg\" viewBox=\"0 0 1200 400\" data-related-device=\"desktopPortrait\" class=\"n2-ow n2-ss-preserve-size n2-ss-preserve-size--slider n2-ss-slide-limiter\"><\/svg><div data-first=\"1\" data-slide-duration=\"0\" data-id=\"4\" data-slide-public-id=\"1\" data-title=\"Slide One\" class=\"n2-ss-slide n2-ow  n2-ss-slide-4\"><div role=\"note\" class=\"n2-ss-slide--focus\" tabindex=\"-1\">Slide One<\/div><div class=\"n2-ss-layers-container n2-ss-slide-limiter n2-ow\"><div class=\"n2-ss-layer n2-ow n-uc-2Ebhj8dhpc5I\" data-sstype=\"slide\" data-pm=\"default\"><\/div><\/div><img decoding=\"async\" loading=\"lazy\" class=\"n2-ss-slide-thumbnail skip-lazy\" data-skip-lazy=\"1\" src=\"\/\/site.educa.madrid.org\/cp.garcialorca.mostoles\/\/wp-content\/uploads\/cp.garcialorca.mostoles\/2023\/11\/1Lorca.jpeg\" alt=\"Slide One\"><\/div><div data-slide-duration=\"0\" data-id=\"5\" data-slide-public-id=\"2\" data-title=\"Slide Two\" class=\"n2-ss-slide n2-ow  n2-ss-slide-5\"><div role=\"note\" class=\"n2-ss-slide--focus\" tabindex=\"-1\">Slide Two<\/div><div class=\"n2-ss-layers-container n2-ss-slide-limiter n2-ow\"><div class=\"n2-ss-layer n2-ow n-uc-MxDh4l7SBqmf\" data-sstype=\"slide\" data-pm=\"default\"><\/div><\/div><img decoding=\"async\" loading=\"lazy\" class=\"n2-ss-slide-thumbnail skip-lazy\" data-skip-lazy=\"1\" src=\"\/\/site.educa.madrid.org\/cp.garcialorca.mostoles\/\/wp-content\/uploads\/cp.garcialorca.mostoles\/2023\/11\/2Lorca.jpeg\" alt=\"Slide Two\"><\/div>                    <\/div>\n\n                                    <\/div>\n            <\/div>\n        <\/div>\n        <div class=\"n2-ss-slider-controls n2-ss-slider-controls-absolute-left-center\"><div style=\"--widget-offset:15px;\" class=\"n2-ss-widget nextend-arrow n2-ow-all nextend-arrow-previous  nextend-arrow-animated-fade\" id=\"n2-ss-2-arrow-previous\" role=\"button\" aria-label=\"previous arrow\" tabindex=\"0\"><img loading=\"lazy\" decoding=\"async\" width=\"32\" height=\"32\" class=\"skip-lazy\" data-skip-lazy=\"1\" src=\"data:image\/svg+xml;base64,PHN2ZyB3aWR0aD0iMzIiIGhlaWdodD0iMzIiIHZpZXdCb3g9IjAgMCAzMiAzMiIgeG1sbnM9Imh0dHA6Ly93d3cudzMub3JnLzIwMDAvc3ZnIj4KICAgIDxwYXRoIGQ9Ik0xMS40MzMgMTUuOTkyTDIyLjY5IDUuNzEyYy4zOTMtLjM5LjM5My0xLjAzIDAtMS40Mi0uMzkzLS4zOS0xLjAzLS4zOS0xLjQyMyAwbC0xMS45OCAxMC45NGMtLjIxLjIxLS4zLjQ5LS4yODUuNzYtLjAxNS4yOC4wNzUuNTYuMjg0Ljc3bDExLjk4IDEwLjk0Yy4zOTMuMzkgMS4wMy4zOSAxLjQyNCAwIC4zOTMtLjQuMzkzLTEuMDMgMC0xLjQybC0xMS4yNTctMTAuMjkiCiAgICAgICAgICBmaWxsPSIjZmZmZmZmIiBvcGFjaXR5PSIwLjgiIGZpbGwtcnVsZT0iZXZlbm9kZCIvPgo8L3N2Zz4=\" alt=\"previous arrow\"><\/div><\/div><div class=\"n2-ss-slider-controls n2-ss-slider-controls-absolute-right-center\"><div style=\"--widget-offset:15px;\" class=\"n2-ss-widget nextend-arrow n2-ow-all nextend-arrow-next  nextend-arrow-animated-fade\" id=\"n2-ss-2-arrow-next\" role=\"button\" aria-label=\"next arrow\" tabindex=\"0\"><img loading=\"lazy\" decoding=\"async\" width=\"32\" height=\"32\" class=\"skip-lazy\" data-skip-lazy=\"1\" src=\"data:image\/svg+xml;base64,PHN2ZyB3aWR0aD0iMzIiIGhlaWdodD0iMzIiIHZpZXdCb3g9IjAgMCAzMiAzMiIgeG1sbnM9Imh0dHA6Ly93d3cudzMub3JnLzIwMDAvc3ZnIj4KICAgIDxwYXRoIGQ9Ik0xMC43MjIgNC4yOTNjLS4zOTQtLjM5LTEuMDMyLS4zOS0xLjQyNyAwLS4zOTMuMzktLjM5MyAxLjAzIDAgMS40MmwxMS4yODMgMTAuMjgtMTEuMjgzIDEwLjI5Yy0uMzkzLjM5LS4zOTMgMS4wMiAwIDEuNDIuMzk1LjM5IDEuMDMzLjM5IDEuNDI3IDBsMTIuMDA3LTEwLjk0Yy4yMS0uMjEuMy0uNDkuMjg0LS43Ny4wMTQtLjI3LS4wNzYtLjU1LS4yODYtLjc2TDEwLjcyIDQuMjkzeiIKICAgICAgICAgIGZpbGw9IiNmZmZmZmYiIG9wYWNpdHk9IjAuOCIgZmlsbC1ydWxlPSJldmVub2RkIi8+Cjwvc3ZnPg==\" alt=\"next arrow\"><\/div><\/div><\/div><div class=\"n2-ss-slider-controls n2-ss-slider-controls-below\"><div style=\"--widget-offset:10px;\" class=\"n2-ss-widget n2-ss-control-bullet n2-ow-all n2-ss-control-bullet-horizontal\"><div class=\" nextend-bullet-bar n2-bar-justify-content-center\"><div class=\"n2-bullet n2-style-98b890a69860771f94d32019bd5202d1-dot \" style=\"visibility:hidden;\"><\/div><\/div><\/div><\/div><\/div><\/div><ss3-loader><\/ss3-loader><\/div><\/div><div class=\"n2_clear\"><\/div><\/div><\/ss3-force-full-width><\/div>\n\n\n<div style=\"height:30px\" aria-hidden=\"true\" class=\"wp-block-spacer\"><\/div>\n\n\n\n<h1 class=\"wp-block-heading has-text-align-center\">BIENVENIDOS AL LORCA<\/h1>\n\n\n\n<div class=\"wp-block-columns is-layout-flex wp-container-core-columns-is-layout-9d6595d7 wp-block-columns-is-layout-flex\">\n<div class=\"wp-block-column is-layout-flow wp-block-column-is-layout-flow\" style=\"flex-basis:10%\"><\/div>\n\n\n\n<div class=\"wp-block-column is-layout-flow wp-block-column-is-layout-flow\" style=\"flex-basis:80%\"><div class=\"wp-block-image\">\n<figure class=\"aligncenter size-large is-resized\"><a href=\"https:\/\/site.educa.madrid.org\/cp.garcialorca.mostoles\/index.php\/proceso-de-admision\/\" target=\"_blank\" rel=\" noreferrer noopener\"><img loading=\"lazy\" decoding=\"async\" width=\"724\" height=\"1024\" src=\"https:\/\/site.educa.madrid.org\/cp.garcialorca.mostoles\/\/wp-content\/uploads\/cp.garcialorca.mostoles\/2026\/02\/Calendario-proceso-de-admision-26-27-724x1024.jpg\" alt=\"\" class=\"wp-image-1266\" style=\"width:auto;height:500px\" srcset=\"https:\/\/site.educa.madrid.org\/cp.garcialorca.mostoles\/\/wp-content\/uploads\/cp.garcialorca.mostoles\/2026\/02\/Calendario-proceso-de-admision-26-27-724x1024.jpg 724w, https:\/\/site.educa.madrid.org\/cp.garcialorca.mostoles\/\/wp-content\/uploads\/cp.garcialorca.mostoles\/2026\/02\/Calendario-proceso-de-admision-26-27-212x300.jpg 212w, https:\/\/site.educa.madrid.org\/cp.garcialorca.mostoles\/\/wp-content\/uploads\/cp.garcialorca.mostoles\/2026\/02\/Calendario-proceso-de-admision-26-27-768x1086.jpg 768w, https:\/\/site.educa.madrid.org\/cp.garcialorca.mostoles\/\/wp-content\/uploads\/cp.garcialorca.mostoles\/2026\/02\/Calendario-proceso-de-admision-26-27-1086x1536.jpg 1086w, https:\/\/site.educa.madrid.org\/cp.garcialorca.mostoles\/\/wp-content\/uploads\/cp.garcialorca.mostoles\/2026\/02\/Calendario-proceso-de-admision-26-27.jpg 1241w\" sizes=\"auto, (max-width: 724px) 100vw, 724px\" \/><\/a><\/figure>\n<\/div><\/div>\n\n\n\n<div class=\"wp-block-column is-layout-flow wp-block-column-is-layout-flow\" style=\"flex-basis:10%\"><\/div>\n<\/div>\n\n\n\n<div class=\"wp-block-columns is-layout-flex wp-container-core-columns-is-layout-9d6595d7 wp-block-columns-is-layout-flex\">\n<div class=\"wp-block-column is-layout-flow wp-block-column-is-layout-flow\" style=\"flex-basis:10%\"><\/div>\n\n\n\n<div class=\"wp-block-column has-background is-layout-flow wp-block-column-is-layout-flow\" style=\"background-color:#f09a3e\">\n<br\/>\n<div class=\"banner-destacado\">\n<p>Cualquier duda pueden contactar por tel\u00e9fono <br> <strong>91 618 97 36<\/strong> <br>o al correo del colegio <br> <strong>cp.garcialorca.mostoles@educa.madrid.org<\/strong><\/p>\n<\/div>\n<\/div>\n\n\n\n<div class=\"wp-block-column is-layout-flow wp-block-column-is-layout-flow\" style=\"flex-basis:10%\"><\/div>\n\n\n\n<div class=\"wp-block-column has-background is-layout-flow wp-block-column-is-layout-flow\" style=\"background-color:#fff7e2\"><div class=\"wp-block-image margbt\">\n<figure class=\"aligncenter size-medium\"><a href=\"https:\/\/site.educa.madrid.org\/cp.garcialorca.mostoles\/index.php\/digitalizacion\/la-radio-del-lorca\/\"><img loading=\"lazy\" decoding=\"async\" width=\"300\" height=\"300\" src=\"https:\/\/site.educa.madrid.org\/cp.garcialorca.mostoles\/\/wp-content\/uploads\/cp.garcialorca.mostoles\/2025\/06\/radio-la-barraca-300x300.jpg\" alt=\"\" class=\"wp-image-1183\" srcset=\"https:\/\/site.educa.madrid.org\/cp.garcialorca.mostoles\/\/wp-content\/uploads\/cp.garcialorca.mostoles\/2025\/06\/radio-la-barraca-300x300.jpg 300w, https:\/\/site.educa.madrid.org\/cp.garcialorca.mostoles\/\/wp-content\/uploads\/cp.garcialorca.mostoles\/2025\/06\/radio-la-barraca-150x150.jpg 150w, https:\/\/site.educa.madrid.org\/cp.garcialorca.mostoles\/\/wp-content\/uploads\/cp.garcialorca.mostoles\/2025\/06\/radio-la-barraca-768x768.jpg 768w, https:\/\/site.educa.madrid.org\/cp.garcialorca.mostoles\/\/wp-content\/uploads\/cp.garcialorca.mostoles\/2025\/06\/radio-la-barraca-500x500.jpg 500w, https:\/\/site.educa.madrid.org\/cp.garcialorca.mostoles\/\/wp-content\/uploads\/cp.garcialorca.mostoles\/2025\/06\/radio-la-barraca.jpg 1024w\" sizes=\"auto, (max-width: 300px) 100vw, 300px\" \/><\/a><\/figure>\n<\/div>\n\n\n<p class=\"has-text-align-center negro has-black-color has-light-green-cyan-background-color has-text-color has-background\"><strong><a href=\"https:\/\/site.educa.madrid.org\/cp.garcialorca.mostoles\/index.php\/digitalizacion\/la-radio-del-lorca\/\" data-type=\"URL\" data-id=\"https:\/\/site.educa.madrid.org\/cp.garcialorca.mostoles\/index.php\/digitalizacion\/la-radio-del-lorca\/\">Pincha en la imagen para escucharnos<\/a><\/strong><\/p>\n<\/div>\n\n\n\n<div class=\"wp-block-column is-layout-flow wp-block-column-is-layout-flow\" style=\"flex-basis:10%\"><\/div>\n<\/div>\n\n\n\n<style type=\"text\/css\">\n.margbt { margin-bottom: 0; }\n.negro a { color: #000 !important; }\n<\/style>\n\n\n\n<div style=\"height:50px\" aria-hidden=\"true\" class=\"wp-block-spacer\"><\/div>\n\n\n\n<div class=\"wp-block-columns is-layout-flex wp-container-core-columns-is-layout-9d6595d7 wp-block-columns-is-layout-flex\">\n<div class=\"wp-block-column is-layout-flow wp-block-column-is-layout-flow\" style=\"flex-basis:60%\">\n<figure class=\"wp-block-image alignfull size-full\"><a href=\"https:\/\/site.educa.madrid.org\/cp.garcialorca.mostoles\/\/wp-content\/uploads\/cp.garcialorca.mostoles\/2024\/06\/Informacion-REACT_UE.pdf\" target=\"_blank\" rel=\"noopener\"><img loading=\"lazy\" decoding=\"async\" width=\"1745\" height=\"213\" src=\"https:\/\/site.educa.madrid.org\/cp.garcialorca.mostoles\/\/wp-content\/uploads\/cp.garcialorca.mostoles\/2024\/06\/logo-UE.jpg\" alt=\"\" class=\"wp-image-1007\" srcset=\"https:\/\/site.educa.madrid.org\/cp.garcialorca.mostoles\/\/wp-content\/uploads\/cp.garcialorca.mostoles\/2024\/06\/logo-UE.jpg 1745w, https:\/\/site.educa.madrid.org\/cp.garcialorca.mostoles\/\/wp-content\/uploads\/cp.garcialorca.mostoles\/2024\/06\/logo-UE-300x37.jpg 300w, https:\/\/site.educa.madrid.org\/cp.garcialorca.mostoles\/\/wp-content\/uploads\/cp.garcialorca.mostoles\/2024\/06\/logo-UE-1024x125.jpg 1024w, https:\/\/site.educa.madrid.org\/cp.garcialorca.mostoles\/\/wp-content\/uploads\/cp.garcialorca.mostoles\/2024\/06\/logo-UE-768x94.jpg 768w, https:\/\/site.educa.madrid.org\/cp.garcialorca.mostoles\/\/wp-content\/uploads\/cp.garcialorca.mostoles\/2024\/06\/logo-UE-1536x187.jpg 1536w\" sizes=\"auto, (max-width: 1745px) 100vw, 1745px\" \/><\/a><\/figure>\n<\/div>\n\n\n\n<div class=\"wp-block-column is-layout-flow wp-block-column-is-layout-flow\" style=\"flex-basis:20%\">\n<figure class=\"wp-block-image alignfull size-full\"><a href=\"https:\/\/site.educa.madrid.org\/cp.garcialorca.mostoles\/\/wp-content\/uploads\/cp.garcialorca.mostoles\/2025\/10\/INFOGRAFIA-RECURSOS-DEL-SECTOR-MOSTOLES-2.pdf\" target=\"_blank\" rel=\" noreferrer noopener\"><img loading=\"lazy\" decoding=\"async\" width=\"330\" height=\"220\" src=\"https:\/\/site.educa.madrid.org\/cp.garcialorca.mostoles\/\/wp-content\/uploads\/cp.garcialorca.mostoles\/2025\/10\/Mostoles_bandera.svg.png\" alt=\"\" class=\"wp-image-1207\" srcset=\"https:\/\/site.educa.madrid.org\/cp.garcialorca.mostoles\/\/wp-content\/uploads\/cp.garcialorca.mostoles\/2025\/10\/Mostoles_bandera.svg.png 330w, https:\/\/site.educa.madrid.org\/cp.garcialorca.mostoles\/\/wp-content\/uploads\/cp.garcialorca.mostoles\/2025\/10\/Mostoles_bandera.svg-300x200.png 300w, https:\/\/site.educa.madrid.org\/cp.garcialorca.mostoles\/\/wp-content\/uploads\/cp.garcialorca.mostoles\/2025\/10\/Mostoles_bandera.svg-272x182.png 272w\" sizes=\"auto, (max-width: 330px) 100vw, 330px\" \/><\/a><figcaption class=\"wp-element-caption\">Recursos p\u00fablicos de M\u00f3stoles<\/figcaption><\/figure>\n<\/div>\n\n\n\n<div class=\"wp-block-column is-layout-flow wp-block-column-is-layout-flow\" style=\"flex-basis:30%\">\n<figure class=\"wp-block-image alignfull size-full\"><a href=\"https:\/\/site.educa.madrid.org\/cp.garcialorca.mostoles\/index.php\/plan-regional-contra-las-drogas\/\"><img loading=\"lazy\" decoding=\"async\" width=\"1750\" height=\"464\" src=\"https:\/\/site.educa.madrid.org\/cp.garcialorca.mostoles\/\/wp-content\/uploads\/cp.garcialorca.mostoles\/2025\/03\/drogas_logo.png\" alt=\"\" class=\"wp-image-1144\" srcset=\"https:\/\/site.educa.madrid.org\/cp.garcialorca.mostoles\/\/wp-content\/uploads\/cp.garcialorca.mostoles\/2025\/03\/drogas_logo.png 1750w, https:\/\/site.educa.madrid.org\/cp.garcialorca.mostoles\/\/wp-content\/uploads\/cp.garcialorca.mostoles\/2025\/03\/drogas_logo-300x80.png 300w, https:\/\/site.educa.madrid.org\/cp.garcialorca.mostoles\/\/wp-content\/uploads\/cp.garcialorca.mostoles\/2025\/03\/drogas_logo-1024x272.png 1024w, https:\/\/site.educa.madrid.org\/cp.garcialorca.mostoles\/\/wp-content\/uploads\/cp.garcialorca.mostoles\/2025\/03\/drogas_logo-768x204.png 768w, https:\/\/site.educa.madrid.org\/cp.garcialorca.mostoles\/\/wp-content\/uploads\/cp.garcialorca.mostoles\/2025\/03\/drogas_logo-1536x407.png 1536w\" sizes=\"auto, (max-width: 1750px) 100vw, 1750px\" \/><\/a><\/figure>\n<\/div>\n\n\n\n<div class=\"wp-block-column is-layout-flow wp-block-column-is-layout-flow\" style=\"flex-basis:10%\">\n<figure class=\"wp-block-image size-full\"><img loading=\"lazy\" decoding=\"async\" width=\"680\" height=\"857\" src=\"https:\/\/site.educa.madrid.org\/cp.garcialorca.mostoles\/\/wp-content\/uploads\/cp.garcialorca.mostoles\/2025\/03\/QR_Buzon.jpg\" alt=\"\" class=\"wp-image-1145\" style=\"object-fit:cover\" srcset=\"https:\/\/site.educa.madrid.org\/cp.garcialorca.mostoles\/\/wp-content\/uploads\/cp.garcialorca.mostoles\/2025\/03\/QR_Buzon.jpg 680w, https:\/\/site.educa.madrid.org\/cp.garcialorca.mostoles\/\/wp-content\/uploads\/cp.garcialorca.mostoles\/2025\/03\/QR_Buzon-238x300.jpg 238w\" sizes=\"auto, (max-width: 680px) 100vw, 680px\" \/><\/figure>\n<\/div>\n<\/div>\n\n\n\n<div style=\"height:50px\" aria-hidden=\"true\" class=\"wp-block-spacer\"><\/div>\n\n\n\n<h2 class=\"wp-block-heading has-text-align-center has-vivid-red-color has-text-color\">APLICACIONES PARA DESCARGAR<\/h2>\n\n\n\n<div class=\"wp-block-columns is-layout-flex wp-container-core-columns-is-layout-9d6595d7 wp-block-columns-is-layout-flex\">\n<div class=\"wp-block-column is-layout-flow wp-block-column-is-layout-flow\">\n<h3 class=\"wp-block-heading has-text-align-center has-vivid-cyan-blue-color has-text-color\">SEGUIMIENTO ESCOLAR<\/h3>\n\n\n\n<div class=\"wp-block-columns is-layout-flex wp-container-core-columns-is-layout-9d6595d7 wp-block-columns-is-layout-flex\">\n<div class=\"wp-block-column is-layout-flow wp-block-column-is-layout-flow\"><div class=\"wp-block-image\">\n<figure class=\"aligncenter size-large is-resized\"><img loading=\"lazy\" decoding=\"async\" width=\"200\" height=\"97\" src=\"https:\/\/site.educa.madrid.org\/cp.garcialorca.mostoles\/\/wp-content\/uploads\/cp.garcialorca.mostoles\/2022\/02\/RAICES-1.jpg\" alt=\"\" class=\"wp-image-298\" style=\"width:200px;height:97px\"\/><\/figure>\n<\/div><\/div>\n\n\n\n<div class=\"wp-block-column is-layout-flow wp-block-column-is-layout-flow\"><div class=\"wp-block-image\">\n<figure class=\"aligncenter size-large is-resized\"><img loading=\"lazy\" decoding=\"async\" width=\"200\" height=\"104\" src=\"https:\/\/site.educa.madrid.org\/cp.garcialorca.mostoles\/\/wp-content\/uploads\/cp.garcialorca.mostoles\/2022\/02\/ROBLE-e1620816413993.jpg\" alt=\"\" class=\"wp-image-297\" style=\"width:200px;height:104px\"\/><\/figure>\n<\/div><\/div>\n<\/div>\n<\/div>\n\n\n\n<div class=\"wp-block-column is-layout-flow wp-block-column-is-layout-flow\">\n<h3 class=\"wp-block-heading has-text-align-center has-vivid-cyan-blue-color has-text-color\">MEN\u00da COMEDOR<\/h3>\n\n\n\n<div class=\"wp-block-columns is-layout-flex wp-container-core-columns-is-layout-9d6595d7 wp-block-columns-is-layout-flex\">\n<div class=\"wp-block-column is-layout-flow wp-block-column-is-layout-flow\"><div class=\"wp-block-image\">\n<figure class=\"aligncenter size-large is-resized\"><img loading=\"lazy\" decoding=\"async\" width=\"200\" height=\"97\" src=\"https:\/\/site.educa.madrid.org\/cp.garcialorca.mostoles\/\/wp-content\/uploads\/cp.garcialorca.mostoles\/2022\/02\/comedor-escolar.-iphonepg.jpg\" alt=\"\" class=\"wp-image-299\" style=\"width:200px;height:97px\"\/><\/figure>\n<\/div><\/div>\n\n\n\n<div class=\"wp-block-column is-layout-flow wp-block-column-is-layout-flow\"><div class=\"wp-block-image\">\n<figure class=\"aligncenter size-large is-resized\"><img loading=\"lazy\" decoding=\"async\" width=\"200\" height=\"97\" src=\"https:\/\/site.educa.madrid.org\/cp.garcialorca.mostoles\/\/wp-content\/uploads\/cp.garcialorca.mostoles\/2022\/02\/comedor-escolar.-androidjpg.jpg\" alt=\"\" class=\"wp-image-300\" style=\"width:200px;height:97px\"\/><\/figure>\n<\/div><\/div>\n<\/div>\n\n\n\n<p class=\"has-text-align-center\">(Incluir c\u00f3digo de centro cuando lo pida: 28042)<\/p>\n<\/div>\n<\/div>\n\n\n\n<div style=\"height:50px\" aria-hidden=\"true\" class=\"wp-block-spacer\"><\/div>\n\n\n\n<h2 class=\"wp-block-heading has-text-align-center has-vivid-red-color has-text-color\">INFORMACI\u00d3N INTERESANTE PARA LAS FAMILIAS DE ALUMNOS QUE CAMBIAN DE ETAPA<\/h2>\n\n\n\n<div class=\"wp-block-columns is-layout-flex wp-container-core-columns-is-layout-9d6595d7 wp-block-columns-is-layout-flex\">\n<div class=\"wp-block-column is-layout-flow wp-block-column-is-layout-flow\"><div class=\"wp-block-image\">\n<figure class=\"aligncenter size-large is-resized\"><a href=\"https:\/\/site.educa.madrid.org\/cp.garcialorca.mostoles\/\/wp-content\/uploads\/cp.garcialorca.mostoles\/2022\/02\/Comenzar-Educacion-Infantil.pdf\" target=\"_blank\" rel=\"noopener\"><img loading=\"lazy\" decoding=\"async\" width=\"300\" height=\"260\" src=\"https:\/\/site.educa.madrid.org\/cp.garcialorca.mostoles\/\/wp-content\/uploads\/cp.garcialorca.mostoles\/2022\/02\/Empezamos-Infantil-300x260-1.jpg\" alt=\"\" class=\"wp-image-305\" style=\"width:300px;height:260px\"\/><\/a><\/figure>\n<\/div><\/div>\n\n\n\n<div class=\"wp-block-column is-layout-flow wp-block-column-is-layout-flow\"><div class=\"wp-block-image\">\n<figure class=\"aligncenter size-large is-resized\"><a href=\"https:\/\/site.educa.madrid.org\/cp.garcialorca.mostoles\/\/wp-content\/uploads\/cp.garcialorca.mostoles\/2022\/02\/Comenzar-Educacionn-Primaria.pdf\" target=\"_blank\" rel=\"noopener\"><img loading=\"lazy\" decoding=\"async\" width=\"300\" height=\"260\" src=\"https:\/\/site.educa.madrid.org\/cp.garcialorca.mostoles\/\/wp-content\/uploads\/cp.garcialorca.mostoles\/2022\/02\/Empezamos-Primaria-300x260-1.jpg\" alt=\"\" class=\"wp-image-306\" style=\"width:300px;height:260px\"\/><\/a><\/figure>\n<\/div><\/div>\n\n\n\n<div class=\"wp-block-column is-layout-flow wp-block-column-is-layout-flow\"><div class=\"wp-block-image\">\n<figure class=\"aligncenter size-large is-resized\"><img loading=\"lazy\" decoding=\"async\" width=\"300\" height=\"260\" src=\"https:\/\/site.educa.madrid.org\/cp.garcialorca.mostoles\/\/wp-content\/uploads\/cp.garcialorca.mostoles\/2022\/02\/Nos-vamos-al-instituto-300x260-1.jpg\" alt=\"\" class=\"wp-image-307\" style=\"width:300px;height:260px\"\/><\/figure>\n<\/div><\/div>\n<\/div>\n\n\n\n<div style=\"height:50px\" aria-hidden=\"true\" class=\"wp-block-spacer\"><\/div>\n","protected":false},"excerpt":{"rendered":"<p>BIENVENIDOS AL LORCA Cualquier duda pueden contactar por tel\u00e9fono 91 618 97 36 o al correo del colegio cp.garcialorca.mostoles@educa.madrid.org Pincha en la imagen para escucharnos APLICACIONES PARA DESCARGAR SEGUIMIENTO ESCOLAR MEN\u00da COMEDOR (Incluir c\u00f3digo de centro cuando lo pida: 28042) INFORMACI\u00d3N INTERESANTE PARA LAS FAMILIAS DE ALUMNOS QUE CAMBIAN DE ETAPA<\/p>\n","protected":false},"author":2,"featured_media":0,"parent":0,"menu_order":0,"comment_status":"closed","ping_status":"closed","template":"page-template\/home-custom.php","meta":{"footnotes":""},"folder":[],"class_list":["post-114","page","type-page","status-publish","hentry"],"rttpg_featured_image_url":null,"rttpg_author":{"display_name":"tic.cp.garcialorca.mostoles","author_link":"https:\/\/site.educa.madrid.org\/cp.garcialorca.mostoles\/index.php\/author\/cuenta_tic-cp-garcialorca-mostoles\/"},"rttpg_comment":0,"rttpg_category":false,"rttpg_excerpt":"BIENVENIDOS AL LORCA Cualquier duda pueden contactar por tel\u00e9fono 91 618 97 36 o al correo del colegio cp.garcialorca.mostoles@educa.madrid.org Pincha en la imagen para escucharnos APLICACIONES PARA DESCARGAR SEGUIMIENTO ESCOLAR MEN\u00da COMEDOR (Incluir c\u00f3digo de centro cuando lo pida: 28042) INFORMACI\u00d3N INTERESANTE PARA LAS FAMILIAS DE ALUMNOS QUE CAMBIAN DE ETAPA","post_mailing_queue_ids":[],"_links":{"self":[{"href":"https:\/\/site.educa.madrid.org\/cp.garcialorca.mostoles\/index.php\/wp-json\/wp\/v2\/pages\/114","targetHints":{"allow":["GET"]}}],"collection":[{"href":"https:\/\/site.educa.madrid.org\/cp.garcialorca.mostoles\/index.php\/wp-json\/wp\/v2\/pages"}],"about":[{"href":"https:\/\/site.educa.madrid.org\/cp.garcialorca.mostoles\/index.php\/wp-json\/wp\/v2\/types\/page"}],"author":[{"embeddable":true,"href":"https:\/\/site.educa.madrid.org\/cp.garcialorca.mostoles\/index.php\/wp-json\/wp\/v2\/users\/2"}],"replies":[{"embeddable":true,"href":"https:\/\/site.educa.madrid.org\/cp.garcialorca.mostoles\/index.php\/wp-json\/wp\/v2\/comments?post=114"}],"version-history":[{"count":50,"href":"https:\/\/site.educa.madrid.org\/cp.garcialorca.mostoles\/index.php\/wp-json\/wp\/v2\/pages\/114\/revisions"}],"predecessor-version":[{"id":1299,"href":"https:\/\/site.educa.madrid.org\/cp.garcialorca.mostoles\/index.php\/wp-json\/wp\/v2\/pages\/114\/revisions\/1299"}],"wp:attachment":[{"href":"https:\/\/site.educa.madrid.org\/cp.garcialorca.mostoles\/index.php\/wp-json\/wp\/v2\/media?parent=114"}],"wp:term":[{"taxonomy":"folder","embeddable":true,"href":"https:\/\/site.educa.madrid.org\/cp.garcialorca.mostoles\/index.php\/wp-json\/wp\/v2\/folder?post=114"}],"curies":[{"name":"wp","href":"https:\/\/api.w.org\/{rel}","templated":true}]}}