{"id":1147,"date":"2025-03-19T09:33:05","date_gmt":"2025-03-19T08:33:05","guid":{"rendered":"https:\/\/site.educa.madrid.org\/cp.garcialorca.mostoles\/?page_id=1147"},"modified":"2025-03-19T09:49:35","modified_gmt":"2025-03-19T08:49:35","slug":"plan-regional-contra-las-drogas","status":"publish","type":"page","link":"https:\/\/site.educa.madrid.org\/cp.garcialorca.mostoles\/index.php\/plan-regional-contra-las-drogas\/","title":{"rendered":"Plan Regional contra las Drogas"},"content":{"rendered":"<div class=\"wp-block-image\">\n<figure class=\"aligncenter size-large\"><img loading=\"lazy\" decoding=\"async\" width=\"1024\" height=\"272\" src=\"https:\/\/site.educa.madrid.org\/cp.garcialorca.mostoles\/\/wp-content\/uploads\/cp.garcialorca.mostoles\/2025\/03\/drogas_logo-1024x272.png\" alt=\"\" class=\"wp-image-1144\" srcset=\"https:\/\/site.educa.madrid.org\/cp.garcialorca.mostoles\/\/wp-content\/uploads\/cp.garcialorca.mostoles\/2025\/03\/drogas_logo-1024x272.png 1024w, https:\/\/site.educa.madrid.org\/cp.garcialorca.mostoles\/\/wp-content\/uploads\/cp.garcialorca.mostoles\/2025\/03\/drogas_logo-300x80.png 300w, https:\/\/site.educa.madrid.org\/cp.garcialorca.mostoles\/\/wp-content\/uploads\/cp.garcialorca.mostoles\/2025\/03\/drogas_logo-768x204.png 768w, https:\/\/site.educa.madrid.org\/cp.garcialorca.mostoles\/\/wp-content\/uploads\/cp.garcialorca.mostoles\/2025\/03\/drogas_logo-1536x407.png 1536w, https:\/\/site.educa.madrid.org\/cp.garcialorca.mostoles\/\/wp-content\/uploads\/cp.garcialorca.mostoles\/2025\/03\/drogas_logo.png 1750w\" sizes=\"auto, (max-width: 1024px) 100vw, 1024px\" \/><\/figure>\n<\/div>\n\n\n<p>El consumo de drogas es un grave problema con repercusiones, tanto en la persona que las consume, como en el conjunto de la sociedad. El gobierno regional afronta el desaf\u00edo de realizar una labor de car\u00e1cter social y preventiva, con la finalidad de eliminar o modificar los factores de riesgo y fomentar factores de protecci\u00f3n frente al consumo de drogas. Es por ello que, se ha aprobado el <a href=\"https:\/\/www.educa2.madrid.org\/web\/educamadrid\/principal\/files\/164f47b2-e030-45cb-bcea-09d649a84937\/241104%20PlanDrogas_Relacio%CC%81n%20de%20medidas.pdf?t=1730795466163\" target=\"_blank\" rel=\"noopener\">Plan Regional contra las drogas de la Comunidad de Madrid<\/a> y, desde la Consejer\u00eda competente en materia de Educaci\u00f3n de la Comunidad de Madrid, se han desarrollado actuaciones unificadas y coordinadas para frenar y erradicar actitudes en relaci\u00f3n con el consumo de drogas.<\/p>\n\n\n\n<p>Por ello, para atender cualquier denuncia, el centro dispone de un buz\u00f3n que pueden encontrar en el hall del edificio principal, entre las dos puertas met\u00e1licas, accesible para todo el mundo de forma an\u00f3nima y etiquetado como \u00abbuz\u00f3n de denuncias\u00bb.<\/p>\n\n\n\n<p>Igualmente puede dirigirse al buz\u00f3n de correo electr\u00f3nico:<br><a href=\"mailto:buzonfueradrogas@educa.madrid.org\">buzonfueradrogas@educa.madrid.org<\/a><\/p>\n\n\n\n<p>o tambi\u00e9n al que redirige el c\u00f3digo QR que han visto en la p\u00e1gina principal de la presente web:<br><a href=\"https:\/\/buzonanonimo.educa.madrid.org\">https:\/\/buzonanonimo.educa.madrid.org<\/a><\/p>\n\n\n<div class=\"wp-block-image\">\n<figure class=\"aligncenter size-full is-resized\"><img loading=\"lazy\" decoding=\"async\" width=\"680\" height=\"857\" src=\"https:\/\/site.educa.madrid.org\/cp.garcialorca.mostoles\/\/wp-content\/uploads\/cp.garcialorca.mostoles\/2025\/03\/QR_Buzon.jpg\" alt=\"\" class=\"wp-image-1145\" style=\"width:250px\" srcset=\"https:\/\/site.educa.madrid.org\/cp.garcialorca.mostoles\/\/wp-content\/uploads\/cp.garcialorca.mostoles\/2025\/03\/QR_Buzon.jpg 680w, https:\/\/site.educa.madrid.org\/cp.garcialorca.mostoles\/\/wp-content\/uploads\/cp.garcialorca.mostoles\/2025\/03\/QR_Buzon-238x300.jpg 238w\" sizes=\"auto, (max-width: 680px) 100vw, 680px\" \/><\/figure>\n<\/div>","protected":false},"excerpt":{"rendered":"<p>El consumo de drogas es un grave problema con repercusiones, tanto en la persona que las consume, como en el conjunto de la sociedad. El gobierno regional afronta el desaf\u00edo de realizar una labor de car\u00e1cter social y preventiva, con la finalidad de eliminar o modificar los factores de riesgo y fomentar factores de protecci\u00f3n [&hellip;]<\/p>\n","protected":false},"author":2,"featured_media":0,"parent":0,"menu_order":0,"comment_status":"closed","ping_status":"closed","template":"page-template\/sidebar-right.php","meta":{"footnotes":""},"folder":[],"class_list":["post-1147","page","type-page","status-publish","hentry"],"rttpg_featured_image_url":null,"rttpg_author":{"display_name":"tic.cp.garcialorca.mostoles","author_link":"https:\/\/site.educa.madrid.org\/cp.garcialorca.mostoles\/index.php\/author\/cuenta_tic-cp-garcialorca-mostoles\/"},"rttpg_comment":0,"rttpg_category":false,"rttpg_excerpt":"El consumo de drogas es un grave problema con repercusiones, tanto en la persona que las consume, como en el conjunto de la sociedad. El gobierno regional afronta el desaf\u00edo de realizar una labor de car\u00e1cter social y preventiva, con la finalidad de eliminar o modificar los factores de riesgo y fomentar factores de protecci\u00f3n&hellip;","post_mailing_queue_ids":[],"_links":{"self":[{"href":"https:\/\/site.educa.madrid.org\/cp.garcialorca.mostoles\/index.php\/wp-json\/wp\/v2\/pages\/1147","targetHints":{"allow":["GET"]}}],"collection":[{"href":"https:\/\/site.educa.madrid.org\/cp.garcialorca.mostoles\/index.php\/wp-json\/wp\/v2\/pages"}],"about":[{"href":"https:\/\/site.educa.madrid.org\/cp.garcialorca.mostoles\/index.php\/wp-json\/wp\/v2\/types\/page"}],"author":[{"embeddable":true,"href":"https:\/\/site.educa.madrid.org\/cp.garcialorca.mostoles\/index.php\/wp-json\/wp\/v2\/users\/2"}],"replies":[{"embeddable":true,"href":"https:\/\/site.educa.madrid.org\/cp.garcialorca.mostoles\/index.php\/wp-json\/wp\/v2\/comments?post=1147"}],"version-history":[{"count":4,"href":"https:\/\/site.educa.madrid.org\/cp.garcialorca.mostoles\/index.php\/wp-json\/wp\/v2\/pages\/1147\/revisions"}],"predecessor-version":[{"id":1162,"href":"https:\/\/site.educa.madrid.org\/cp.garcialorca.mostoles\/index.php\/wp-json\/wp\/v2\/pages\/1147\/revisions\/1162"}],"wp:attachment":[{"href":"https:\/\/site.educa.madrid.org\/cp.garcialorca.mostoles\/index.php\/wp-json\/wp\/v2\/media?parent=1147"}],"wp:term":[{"taxonomy":"folder","embeddable":true,"href":"https:\/\/site.educa.madrid.org\/cp.garcialorca.mostoles\/index.php\/wp-json\/wp\/v2\/folder?post=1147"}],"curies":[{"name":"wp","href":"https:\/\/api.w.org\/{rel}","templated":true}]}}