{"id":174,"date":"2022-02-09T12:21:19","date_gmt":"2022-02-09T11:21:19","guid":{"rendered":"https:\/\/site.educa.madrid.org\/cp.garcialorca.mostoles\/?page_id=174"},"modified":"2025-03-10T10:05:21","modified_gmt":"2025-03-10T09:05:21","slug":"aula-caracola-tea","status":"publish","type":"page","link":"https:\/\/site.educa.madrid.org\/cp.garcialorca.mostoles\/index.php\/informacion-general\/aula-caracola-tea\/","title":{"rendered":"Aula Caracola (TEA)"},"content":{"rendered":"\n<p>Una de las principales l\u00edneas educativas de nuestro Centro es la Atenci\u00f3n a la Diversidad y por ello, nuestro colegio, adem\u00e1s de tener en cuenta todas las caracter\u00edsticas y necesidades de cada alumno, decidi\u00f3 acoger desde el curso 2016-17, un aula TEA o TGD para alumnos con Trastorno del Espectro Autista o Trastorno Generalizado del Desarrollo.<\/p>\n\n\n\n<p>Las aulas TEA-TGD son aulas de atenci\u00f3n educativa especializada incluidas en centros de educaci\u00f3n ordinaria. Esta aula, que fue bautizada en sus inicios como \u00abAula Caracola\u00bb, tiene una capacidad de 5 plazas y cuenta con un maestro especialista en Pedagog\u00eda Terap\u00e9utica y un T\u00e9cnico de Integraci\u00f3n Social con dedicaci\u00f3n exclusiva para ellos.<\/p>\n\n\n\n<p>Estos alumnos tienen, adem\u00e1s, su aula de referencia y su tutor de grupo, que ser\u00e1 la que le corresponda dentro del organigrama general del centro y participan junto a sus compa\u00f1eros, en todas las actividades en las que se puede integrar, tanto a nivel social como a nivel acad\u00e9mico.<\/p>\n\n\n\n<p>Su buen funcionamiento requiere no s\u00f3lo de la buena labor de estos profesionales; tambi\u00e9n necesita la implicaci\u00f3n de toda la Comunidad Educativa, destacando el papel de los profesionales que integran el Equipo de Orientaci\u00f3n Educativa y Psicopedag\u00f3gica (EOEP). Las reuniones de coordinaci\u00f3n pedag\u00f3gica entre todos ellos son frecuentes.<\/p>\n\n\n\n<p>El aula TEA-TGD es un aula de apoyo espec\u00edfico y preferente para estos alumnos cuyo fin es que puedan llegar a integrarse totalmente en su grupo de clase. Seg\u00fan vayan evolucionando de manera positiva los alumnos ir\u00e1n aumentado el tiempo lectivo en el aula de referencia y disminuyendo el tiempo en el aula TEA-TGD.<\/p>\n","protected":false},"excerpt":{"rendered":"<p>Una de las principales l\u00edneas educativas de nuestro Centro es la Atenci\u00f3n a la Diversidad y por ello, nuestro colegio, adem\u00e1s de tener en cuenta todas las caracter\u00edsticas y necesidades de cada alumno, decidi\u00f3 acoger desde el curso 2016-17, un aula TEA o TGD para alumnos con Trastorno del Espectro Autista o Trastorno Generalizado del [&hellip;]<\/p>\n","protected":false},"author":2,"featured_media":0,"parent":140,"menu_order":0,"comment_status":"closed","ping_status":"closed","template":"page-template\/sidebar-right.php","meta":{"footnotes":""},"folder":[],"class_list":["post-174","page","type-page","status-publish","hentry"],"rttpg_featured_image_url":null,"rttpg_author":{"display_name":"tic.cp.garcialorca.mostoles","author_link":"https:\/\/site.educa.madrid.org\/cp.garcialorca.mostoles\/index.php\/author\/cuenta_tic-cp-garcialorca-mostoles\/"},"rttpg_comment":0,"rttpg_category":false,"rttpg_excerpt":"Una de las principales l\u00edneas educativas de nuestro Centro es la Atenci\u00f3n a la Diversidad y por ello, nuestro colegio, adem\u00e1s de tener en cuenta todas las caracter\u00edsticas y necesidades de cada alumno, decidi\u00f3 acoger desde el curso 2016-17, un aula TEA o TGD para alumnos con Trastorno del Espectro Autista o Trastorno Generalizado del&hellip;","post_mailing_queue_ids":[],"_links":{"self":[{"href":"https:\/\/site.educa.madrid.org\/cp.garcialorca.mostoles\/index.php\/wp-json\/wp\/v2\/pages\/174","targetHints":{"allow":["GET"]}}],"collection":[{"href":"https:\/\/site.educa.madrid.org\/cp.garcialorca.mostoles\/index.php\/wp-json\/wp\/v2\/pages"}],"about":[{"href":"https:\/\/site.educa.madrid.org\/cp.garcialorca.mostoles\/index.php\/wp-json\/wp\/v2\/types\/page"}],"author":[{"embeddable":true,"href":"https:\/\/site.educa.madrid.org\/cp.garcialorca.mostoles\/index.php\/wp-json\/wp\/v2\/users\/2"}],"replies":[{"embeddable":true,"href":"https:\/\/site.educa.madrid.org\/cp.garcialorca.mostoles\/index.php\/wp-json\/wp\/v2\/comments?post=174"}],"version-history":[{"count":3,"href":"https:\/\/site.educa.madrid.org\/cp.garcialorca.mostoles\/index.php\/wp-json\/wp\/v2\/pages\/174\/revisions"}],"predecessor-version":[{"id":1120,"href":"https:\/\/site.educa.madrid.org\/cp.garcialorca.mostoles\/index.php\/wp-json\/wp\/v2\/pages\/174\/revisions\/1120"}],"up":[{"embeddable":true,"href":"https:\/\/site.educa.madrid.org\/cp.garcialorca.mostoles\/index.php\/wp-json\/wp\/v2\/pages\/140"}],"wp:attachment":[{"href":"https:\/\/site.educa.madrid.org\/cp.garcialorca.mostoles\/index.php\/wp-json\/wp\/v2\/media?parent=174"}],"wp:term":[{"taxonomy":"folder","embeddable":true,"href":"https:\/\/site.educa.madrid.org\/cp.garcialorca.mostoles\/index.php\/wp-json\/wp\/v2\/folder?post=174"}],"curies":[{"name":"wp","href":"https:\/\/api.w.org\/{rel}","templated":true}]}}