{"id":205,"date":"2022-02-09T15:03:20","date_gmt":"2022-02-09T14:03:20","guid":{"rendered":"https:\/\/site.educa.madrid.org\/cp.garcialorca.mostoles\/?page_id=205"},"modified":"2024-05-22T11:16:36","modified_gmt":"2024-05-22T09:16:36","slug":"matriculacion","status":"publish","type":"page","link":"https:\/\/site.educa.madrid.org\/cp.garcialorca.mostoles\/index.php\/secretaria\/matriculacion\/","title":{"rendered":"Matriculaci\u00f3n"},"content":{"rendered":"\n<div class=\"wp-block-file\"><a id=\"wp-block-file--media-6a580b93-5c1c-471c-be19-e1a2813d3594\" href=\"https:\/\/site.educa.madrid.org\/cp.garcialorca.mostoles\/\/wp-content\/uploads\/cp.garcialorca.mostoles\/2023\/06\/Instrucciones-para-matricular.pdf\" target=\"_blank\" rel=\"noreferrer noopener\">Instrucciones para matricular<\/a><a href=\"https:\/\/site.educa.madrid.org\/cp.garcialorca.mostoles\/\/wp-content\/uploads\/cp.garcialorca.mostoles\/2023\/06\/Instrucciones-para-matricular.pdf\" class=\"wp-block-file__button wp-element-button\" download aria-describedby=\"wp-block-file--media-6a580b93-5c1c-471c-be19-e1a2813d3594\">Descarga<\/a><\/div>\n\n\n\n<div style=\"height:20px\" aria-hidden=\"true\" class=\"wp-block-spacer\"><\/div>\n\n\n\n<p>Estos son los documentos que tienen que traer rellenos y firmados para efectuar la matr\u00edcula de un nuevo alumno:<\/p>\n\n\n\n<ul class=\"wp-block-list\">\n<li><a href=\"https:\/\/site.educa.madrid.org\/cp.garcialorca.mostoles\/\/wp-content\/uploads\/cp.garcialorca.mostoles\/2024\/05\/1.-FICHA-DE-RECOGIDA-DE-DATOS.pdf\" data-type=\"URL\" data-id=\"https:\/\/site.educa.madrid.org\/cp.garcialorca.mostoles\/\/wp-content\/uploads\/cp.garcialorca.mostoles\/2023\/06\/1.-FICHA-DE-RECOGIDA-DE-DATOS.pdf\" target=\"_blank\" rel=\"noreferrer noopener\">Ficha de recogida de datos<\/a><\/li>\n\n\n\n<li><a href=\"https:\/\/site.educa.madrid.org\/cp.garcialorca.mostoles\/\/wp-content\/uploads\/cp.garcialorca.mostoles\/2024\/05\/3.-CONSENTIMIENTO-DATOS-CENTRO-DOCENTE-F-G-LORCA.pdf\" data-type=\"URL\" data-id=\"https:\/\/site.educa.madrid.org\/cp.garcialorca.mostoles\/\/wp-content\/uploads\/cp.garcialorca.mostoles\/2023\/06\/1.6.-CONSENTIMIENTO-DATOS-CENTRO-DOCENTE-F-G-LORCA.pdf\" target=\"_blank\" rel=\"noreferrer noopener\">Autorizaci\u00f3n derechos de imagen<\/a><\/li>\n\n\n\n<li><a rel=\"noreferrer noopener\" href=\"https:\/\/site.educa.madrid.org\/cp.garcialorca.mostoles\/\/wp-content\/uploads\/cp.garcialorca.mostoles\/2023\/06\/1.5.-Autorizacion-recogida-alumnos.pdf\" data-type=\"URL\" data-id=\"https:\/\/site.educa.madrid.org\/cp.garcialorca.mostoles\/\/wp-content\/uploads\/cp.garcialorca.mostoles\/2023\/06\/1.5.-Autorizacion-recogida-alumnos.pdf\" target=\"_blank\">Autorizaci\u00f3n recogida de alumnos<\/a><\/li>\n\n\n\n<li><a rel=\"noreferrer noopener\" href=\"https:\/\/site.educa.madrid.org\/cp.garcialorca.mostoles\/\/wp-content\/uploads\/cp.garcialorca.mostoles\/2023\/06\/1.2.-Autorizacion-salidas-localidad.pdf\" data-type=\"URL\" data-id=\"https:\/\/site.educa.madrid.org\/cp.garcialorca.mostoles\/\/wp-content\/uploads\/cp.garcialorca.mostoles\/2023\/06\/1.2.-Autorizacion-salidas-localidad.pdf\" target=\"_blank\">Autorizaci\u00f3n salidas en la localidad<\/a><\/li>\n\n\n\n<li><a rel=\"noreferrer noopener\" href=\"https:\/\/site.educa.madrid.org\/cp.garcialorca.mostoles\/\/wp-content\/uploads\/cp.garcialorca.mostoles\/2023\/06\/1.3.-Autorizacion-cambios-infantil.pdf\" data-type=\"URL\" data-id=\"https:\/\/site.educa.madrid.org\/cp.garcialorca.mostoles\/\/wp-content\/uploads\/cp.garcialorca.mostoles\/2023\/06\/1.3.-Autorizacion-cambios-infantil.pdf\" target=\"_blank\">Autorizaci\u00f3n cambios en educaci\u00f3n infantil<\/a><\/li>\n\n\n\n<li><a rel=\"noreferrer noopener\" href=\"https:\/\/site.educa.madrid.org\/cp.garcialorca.mostoles\/\/wp-content\/uploads\/cp.garcialorca.mostoles\/2023\/06\/1.4..-POLITICA-PRIVACIDAD.pdf\" data-type=\"URL\" data-id=\"https:\/\/site.educa.madrid.org\/cp.garcialorca.mostoles\/\/wp-content\/uploads\/cp.garcialorca.mostoles\/2023\/06\/1.4..-POLITICA-PRIVACIDAD.pdf\" target=\"_blank\">Pol\u00edtica de Privacidad<\/a><\/li>\n\n\n\n<li>Certificado de traslado del centro anterior en el que conste la decisi\u00f3n sobre la promoci\u00f3n: solicitar en colegio anterior.<\/li>\n\n\n\n<li>Tres fotograf\u00edas tama\u00f1o carn\u00e9 con el nombre escrito por detr\u00e1s<\/li>\n<\/ul>\n\n\n\n<p>Adem\u00e1s deber\u00e1n entregar al iniciar el curso en septiembre a su tutor o tutora:<\/p>\n\n\n\n<ul class=\"wp-block-list\">\n<li><a href=\"https:\/\/site.educa.madrid.org\/cp.garcialorca.mostoles\/\/wp-content\/uploads\/cp.garcialorca.mostoles\/2022\/02\/entrevista-familiar.pdf\" data-type=\"URL\" data-id=\"https:\/\/site.educa.madrid.org\/cp.garcialorca.mostoles\/\/wp-content\/uploads\/cp.garcialorca.mostoles\/2022\/02\/entrevista-familiar.pdf\" target=\"_blank\" rel=\"noreferrer noopener\">Entrevista familiar<\/a><\/li>\n\n\n\n<li><a rel=\"noreferrer noopener\" href=\"https:\/\/site.educa.madrid.org\/cp.garcialorca.mostoles\/\/wp-content\/uploads\/cp.garcialorca.mostoles\/2022\/02\/Yo-solito.pdf\" target=\"_blank\">Yo solito<\/a> (esto lo entregar\u00e1n solamente los alumnos que vayan a empezar Educaci\u00f3n Infantil 3 a\u00f1os)<\/li>\n<\/ul>\n\n\n\n<p>Si no lo hubieran entregado junto con la solicitud de plaza tambi\u00e9n deben traer para la matr\u00edcula los siguientes documentos:<\/p>\n\n\n\n<ul class=\"wp-block-list\">\n<li>Fotocopia del libro de familia <em>(pagina del alumno y de sus padres)<\/em>&nbsp;o, si no lo tuvieran, certificaci\u00f3n de nacimiento.<\/li>\n\n\n\n<li>Certificado de empadronamiento<\/li>\n<\/ul>\n\n\n\n<p>Si deseara hacer uso del servicio de comedor y desayuno, debe rellenar y entregar al mismo tiempo los documentos siguientes:<\/p>\n\n\n\n<ul class=\"wp-block-list\">\n<li><a href=\"https:\/\/site.educa.madrid.org\/cp.garcialorca.mostoles\/\/wp-content\/uploads\/cp.garcialorca.mostoles\/2024\/05\/4.-Solicitud-inscripcion-COMEDOR-2024-2025.pdf\" data-type=\"URL\" data-id=\"https:\/\/site.educa.madrid.org\/cp.garcialorca.mostoles\/\/wp-content\/uploads\/cp.garcialorca.mostoles\/2023\/06\/1.7.-Solicitud-inscripcion-COMEDOR-2023-2024.pdf\" target=\"_blank\" rel=\"noreferrer noopener\">Ficha de inscripci\u00f3n en el comedor<\/a><\/li>\n\n\n\n<li>Ficha de alergias y protocolo de actuaci\u00f3n para colegio y empresa de comedor<\/li>\n<\/ul>\n\n\n\n<p>Deben leer detenidamente la siguiente informaci\u00f3n:<\/p>\n\n\n\n<ul class=\"wp-block-list\">\n<li><a href=\"https:\/\/site.educa.madrid.org\/cp.garcialorca.mostoles\/\/wp-content\/uploads\/cp.garcialorca.mostoles\/2022\/02\/2.-Normas-de-funcionamiento.pdf\" target=\"_blank\" rel=\"noreferrer noopener\">Normas de funcionamiento del centro<\/a><\/li>\n\n\n\n<li><a href=\"https:\/\/site.educa.madrid.org\/cp.garcialorca.mostoles\/\/wp-content\/uploads\/cp.garcialorca.mostoles\/2022\/02\/2.1.-Derechos-y-deberes.pdf\" target=\"_blank\" rel=\"noreferrer noopener\">Derechos y deberes de los alumnos&nbsp;<\/a><\/li>\n\n\n\n<li><a rel=\"noreferrer noopener\" href=\"https:\/\/site.educa.madrid.org\/cp.garcialorca.mostoles\/\/wp-content\/uploads\/cp.garcialorca.mostoles\/2022\/05\/Plan-de-Convivencia-2021-2022-Garcia-Lorca-2021-2022.pdf\" target=\"_blank\">P<\/a><a rel=\"noreferrer noopener\" href=\"https:\/\/site.educa.madrid.org\/cp.garcialorca.mostoles\/\/wp-content\/uploads\/cp.garcialorca.mostoles\/2022\/05\/Plan-de-Convivencia-2021-2022-Garcia-Lorca-2021-2022.pdf\" target=\"_blank\">l<\/a><a rel=\"noreferrer noopener\" href=\"https:\/\/site.educa.madrid.org\/cp.garcialorca.mostoles\/\/wp-content\/uploads\/cp.garcialorca.mostoles\/2022\/05\/Plan-de-Convivencia-2021-2022-Garcia-Lorca-2021-2022.pdf\" target=\"_blank\">a<\/a><a rel=\"noreferrer noopener\" href=\"https:\/\/site.educa.madrid.org\/cp.garcialorca.mostoles\/\/wp-content\/uploads\/cp.garcialorca.mostoles\/2022\/05\/Plan-de-Convivencia-2021-2022-Garcia-Lorca-2021-2022.pdf\" target=\"_blank\">n<\/a><a rel=\"noreferrer noopener\" href=\"https:\/\/site.educa.madrid.org\/cp.garcialorca.mostoles\/\/wp-content\/uploads\/cp.garcialorca.mostoles\/2022\/05\/Plan-de-Convivencia-2021-2022-Garcia-Lorca-2021-2022.pdf\" target=\"_blank\"> <\/a><a rel=\"noreferrer noopener\" href=\"https:\/\/site.educa.madrid.org\/cp.garcialorca.mostoles\/\/wp-content\/uploads\/cp.garcialorca.mostoles\/2022\/05\/Plan-de-Convivencia-2021-2022-Garcia-Lorca-2021-2022.pdf\" target=\"_blank\">d<\/a><a rel=\"noreferrer noopener\" href=\"https:\/\/site.educa.madrid.org\/cp.garcialorca.mostoles\/\/wp-content\/uploads\/cp.garcialorca.mostoles\/2022\/05\/Plan-de-Convivencia-2021-2022-Garcia-Lorca-2021-2022.pdf\" target=\"_blank\">e<\/a><a rel=\"noreferrer noopener\" href=\"https:\/\/site.educa.madrid.org\/cp.garcialorca.mostoles\/\/wp-content\/uploads\/cp.garcialorca.mostoles\/2022\/05\/Plan-de-Convivencia-2021-2022-Garcia-Lorca-2021-2022.pdf\" target=\"_blank\"> C<\/a><a rel=\"noreferrer noopener\" href=\"https:\/\/site.educa.madrid.org\/cp.garcialorca.mostoles\/\/wp-content\/uploads\/cp.garcialorca.mostoles\/2022\/05\/Plan-de-Convivencia-2021-2022-Garcia-Lorca-2021-2022.pdf\" target=\"_blank\">o<\/a><a rel=\"noreferrer noopener\" href=\"https:\/\/site.educa.madrid.org\/cp.garcialorca.mostoles\/\/wp-content\/uploads\/cp.garcialorca.mostoles\/2022\/05\/Plan-de-Convivencia-2021-2022-Garcia-Lorca-2021-2022.pdf\" target=\"_blank\">n<\/a><a rel=\"noreferrer noopener\" href=\"https:\/\/site.educa.madrid.org\/cp.garcialorca.mostoles\/\/wp-content\/uploads\/cp.garcialorca.mostoles\/2022\/05\/Plan-de-Convivencia-2021-2022-Garcia-Lorca-2021-2022.pdf\" target=\"_blank\">v<\/a><a rel=\"noreferrer noopener\" href=\"https:\/\/site.educa.madrid.org\/cp.garcialorca.mostoles\/\/wp-content\/uploads\/cp.garcialorca.mostoles\/2022\/05\/Plan-de-Convivencia-2021-2022-Garcia-Lorca-2021-2022.pdf\" target=\"_blank\">i<\/a><a rel=\"noreferrer noopener\" href=\"https:\/\/site.educa.madrid.org\/cp.garcialorca.mostoles\/\/wp-content\/uploads\/cp.garcialorca.mostoles\/2022\/05\/Plan-de-Convivencia-2021-2022-Garcia-Lorca-2021-2022.pdf\" target=\"_blank\">v<\/a><a rel=\"noreferrer noopener\" href=\"https:\/\/site.educa.madrid.org\/cp.garcialorca.mostoles\/\/wp-content\/uploads\/cp.garcialorca.mostoles\/2022\/05\/Plan-de-Convivencia-2021-2022-Garcia-Lorca-2021-2022.pdf\" target=\"_blank\">e<\/a><a rel=\"noreferrer noopener\" href=\"https:\/\/site.educa.madrid.org\/cp.garcialorca.mostoles\/\/wp-content\/uploads\/cp.garcialorca.mostoles\/2022\/05\/Plan-de-Convivencia-2021-2022-Garcia-Lorca-2021-2022.pdf\" target=\"_blank\">n<\/a><a rel=\"noreferrer noopener\" href=\"https:\/\/site.educa.madrid.org\/cp.garcialorca.mostoles\/\/wp-content\/uploads\/cp.garcialorca.mostoles\/2022\/05\/Plan-de-Convivencia-2021-2022-Garcia-Lorca-2021-2022.pdf\" target=\"_blank\">c<\/a><a rel=\"noreferrer noopener\" href=\"https:\/\/site.educa.madrid.org\/cp.garcialorca.mostoles\/\/wp-content\/uploads\/cp.garcialorca.mostoles\/2022\/05\/Plan-de-Convivencia-2021-2022-Garcia-Lorca-2021-2022.pdf\" target=\"_blank\">i<\/a><a rel=\"noreferrer noopener\" href=\"https:\/\/site.educa.madrid.org\/cp.garcialorca.mostoles\/\/wp-content\/uploads\/cp.garcialorca.mostoles\/2022\/05\/Plan-de-Convivencia-2021-2022-Garcia-Lorca-2021-2022.pdf\" target=\"_blank\">a<\/a><\/li>\n<\/ul>\n\n\n\n<p><\/p>\n","protected":false},"excerpt":{"rendered":"<p>Estos son los documentos que tienen que traer rellenos y firmados para efectuar la matr\u00edcula de un nuevo alumno: Adem\u00e1s deber\u00e1n entregar al iniciar el curso en septiembre a su tutor o tutora: Si no lo hubieran entregado junto con la solicitud de plaza tambi\u00e9n deben traer para la matr\u00edcula los siguientes documentos: Si deseara [&hellip;]<\/p>\n","protected":false},"author":2,"featured_media":0,"parent":181,"menu_order":0,"comment_status":"closed","ping_status":"closed","template":"page-template\/sidebar-right.php","meta":{"footnotes":""},"folder":[],"class_list":["post-205","page","type-page","status-publish","hentry"],"rttpg_featured_image_url":null,"rttpg_author":{"display_name":"tic.cp.garcialorca.mostoles","author_link":"https:\/\/site.educa.madrid.org\/cp.garcialorca.mostoles\/index.php\/author\/cuenta_tic-cp-garcialorca-mostoles\/"},"rttpg_comment":0,"rttpg_category":false,"rttpg_excerpt":"Estos son los documentos que tienen que traer rellenos y firmados para efectuar la matr\u00edcula de un nuevo alumno: Adem\u00e1s deber\u00e1n entregar al iniciar el curso en septiembre a su tutor o tutora: Si no lo hubieran entregado junto con la solicitud de plaza tambi\u00e9n deben traer para la matr\u00edcula los siguientes documentos: Si deseara&hellip;","post_mailing_queue_ids":[],"_links":{"self":[{"href":"https:\/\/site.educa.madrid.org\/cp.garcialorca.mostoles\/index.php\/wp-json\/wp\/v2\/pages\/205","targetHints":{"allow":["GET"]}}],"collection":[{"href":"https:\/\/site.educa.madrid.org\/cp.garcialorca.mostoles\/index.php\/wp-json\/wp\/v2\/pages"}],"about":[{"href":"https:\/\/site.educa.madrid.org\/cp.garcialorca.mostoles\/index.php\/wp-json\/wp\/v2\/types\/page"}],"author":[{"embeddable":true,"href":"https:\/\/site.educa.madrid.org\/cp.garcialorca.mostoles\/index.php\/wp-json\/wp\/v2\/users\/2"}],"replies":[{"embeddable":true,"href":"https:\/\/site.educa.madrid.org\/cp.garcialorca.mostoles\/index.php\/wp-json\/wp\/v2\/comments?post=205"}],"version-history":[{"count":15,"href":"https:\/\/site.educa.madrid.org\/cp.garcialorca.mostoles\/index.php\/wp-json\/wp\/v2\/pages\/205\/revisions"}],"predecessor-version":[{"id":987,"href":"https:\/\/site.educa.madrid.org\/cp.garcialorca.mostoles\/index.php\/wp-json\/wp\/v2\/pages\/205\/revisions\/987"}],"up":[{"embeddable":true,"href":"https:\/\/site.educa.madrid.org\/cp.garcialorca.mostoles\/index.php\/wp-json\/wp\/v2\/pages\/181"}],"wp:attachment":[{"href":"https:\/\/site.educa.madrid.org\/cp.garcialorca.mostoles\/index.php\/wp-json\/wp\/v2\/media?parent=205"}],"wp:term":[{"taxonomy":"folder","embeddable":true,"href":"https:\/\/site.educa.madrid.org\/cp.garcialorca.mostoles\/index.php\/wp-json\/wp\/v2\/folder?post=205"}],"curies":[{"name":"wp","href":"https:\/\/api.w.org\/{rel}","templated":true}]}}