{"id":271,"date":"2022-02-10T10:26:44","date_gmt":"2022-02-10T09:26:44","guid":{"rendered":"https:\/\/site.educa.madrid.org\/cp.garcialorca.mostoles\/?page_id=271"},"modified":"2025-03-10T09:41:32","modified_gmt":"2025-03-10T08:41:32","slug":"contacto","status":"publish","type":"page","link":"https:\/\/site.educa.madrid.org\/cp.garcialorca.mostoles\/index.php\/contacto\/","title":{"rendered":"Contacto"},"content":{"rendered":"\n<div class=\"wp-block-columns is-layout-flex wp-container-core-columns-is-layout-9d6595d7 wp-block-columns-is-layout-flex\">\n<div class=\"wp-block-column is-layout-flow wp-block-column-is-layout-flow\">\n<p><strong>Correo electr\u00f3nico:<\/strong> <a href=\"mailto:cp.garcialorca.mostoles@educa.madrid.org\">cp.garcialorca.mostoles@educa.madrid.org<\/a><\/p>\n\n\n\n<p><strong>Tel\u00e9fono:<\/strong> 91 618 97 36<\/p>\n\n\n\n<p><strong>Localizaci\u00f3n:<\/strong> Calle Francisco Javier Sauquillo 26, 28932<\/p>\n\n\n\n<p><strong>C\u00f3digo de Centro:<\/strong> 28023157<\/p>\n\n\n\n<p>Puede llegar a nuestro centro haciendo uso de:<\/p>\n\n\n\n<p><img decoding=\"async\" src=\"https:\/\/site.educa.madrid.org\/cp.garcialorca.mostoles\/\/wp-content\/uploads\/cp.garcialorca.mostoles\/2022\/02\/icon-renfe.gif\" alt=\"RENFE MADRID\" align=\"absmiddle\" width=\"50\"> Linea C5. Estaci\u00f3n M\u00f3stoles    <a href=\"https:\/\/www.redtransporte.com\/img\/transporte\/madrid\/cercanias-renfe\/plano-cercanias-renfe.jpg\" target=\"_blank\" rel=\"noopener\">(plano)<\/a><\/p>\n<p><img decoding=\"async\" src=\"https:\/\/site.educa.madrid.org\/cp.garcialorca.mostoles\/\/wp-content\/uploads\/cp.garcialorca.mostoles\/2022\/02\/icon-metro.png\" alt=\"METRO MADRID\" align=\"absmiddle\" width=\"50\"> Linea 12. Estaci\u00f3n M\u00f3stoles Central   <a href=\"https:\/\/planometromadrid.com.es\/wp-content\/uploads\/plano-metro-madrid.png\" target=\"_blank\" rel=\"noopener\">(plano)<\/a><\/p>\n<p><img decoding=\"async\" src=\"https:\/\/site.educa.madrid.org\/cp.garcialorca.mostoles\/\/wp-content\/uploads\/cp.garcialorca.mostoles\/2022\/02\/icon-bus.jpg\" alt=\"AUTOBUS MADRID\" align=\"absmiddle\" width=\"50\"> Lineas <a href=\"http:\/\/horariosautobuses.org\/horarios-ida-linea-520-alcorcon-mostoles-mostoles.html\" target=\"_blank\" rel=\"noopener\">520<\/a> (M\u00f3stoles \u2013 Alcorc\u00f3n),   <a href=\"http:\/\/horariosautobuses.org\/horarios-ida-linea-521-madrid-principe-pio-mostoles-mostoles.html\" target=\"_blank\" rel=\"noopener\">521<\/a>  (M\u00f3stoles \u2013 Madrid) ,  <a href=\"http:\/\/horariosautobuses.org\/horarios-vuelta-linea-525-fuenlabrada-mostoles-hospital-circular-mostoles.html\" target=\"_blank\" rel=\"noopener\">525<\/a> \u2013 <a href=\"http:\/\/horariosautobuses.org\/horarios-ida-linea-526-fuenlabrada-mostoles-ffcc-circular-mostoles.html\" target=\"_blank\" rel=\"noopener\">526<\/a> (Circular Fuenlabrada \u2013 Madrid)  1 y 4 <a href=\"http:\/\/www.madrid.org\/cs\/Satellite?blobcol=urldata&amp;blobheader=application%2Fpdf&amp;blobheadername1=Content-Disposition&amp;blobheadervalue1=filename%3DURBANAS_MOSTOLES_Plano.pdf&amp;blobkey=id&amp;blobtable=MungoBlobs&amp;blobwhere=1271980895523&amp;ssbinary=true\" target=\"_blank\" rel=\"noopener\">(Internas de M\u00f3stoles)<\/a>    <a href=\"https:\/\/www.madridbuses.com\/madrid\/autobuses-mostoles.html\" target=\"_blank\" rel=\"noopener\">(plano general de autobuses)<\/a><\/p>\n<\/div>\n\n\n\n<div class=\"wp-block-column is-layout-flow wp-block-column-is-layout-flow\">\n<iframe src=\"https:\/\/www.google.com\/maps\/embed?pb=!1m18!1m12!1m3!1d3041.407434654404!2d-3.8587020846066027!3d40.33330687937493!2m3!1f0!2f0!3f0!3m2!1i1024!2i768!4f13.1!3m3!1m2!1s0x0%3A0x289d99b0cc293694!2sColegio%20P%C3%BAblico%20Federico%20Garc%C3%ADa%20Lorca!5e0!3m2!1ses!2ses!4v1644485086763!5m2!1ses!2ses\" width=\"100%\" height=\"450\" style=\"border:0;\" allowfullscreen=\"\" loading=\"lazy\"><\/iframe>\n<\/div>\n<\/div>\n\n\n\n<div style=\"height:20px\" aria-hidden=\"true\" class=\"wp-block-spacer\"><\/div>\n\n\n\n<div style=\"height:20px\" aria-hidden=\"true\" class=\"wp-block-spacer\"><\/div>\n\n\n\n<div class=\"wp-block-columns is-layout-flex wp-container-core-columns-is-layout-9d6595d7 wp-block-columns-is-layout-flex\">\n<div class=\"wp-block-column is-layout-flow wp-block-column-is-layout-flow\">\n<h3 class=\"wp-block-heading\">Contacta con nosotros<\/h3>\n\n\n\n<p>Para cualquier duda sobre el centro, puedes escribirnos mediante nuestro formulario.<\/p>\n<\/div>\n\n\n\n<div class=\"wp-block-column is-layout-flow wp-block-column-is-layout-flow\">\n<div class=\"wpcf7 no-js\" id=\"wpcf7-f287-o1\" lang=\"es-ES\" dir=\"ltr\">\n<div class=\"screen-reader-response\"><p role=\"status\" aria-live=\"polite\" aria-atomic=\"true\"><\/p> <ul><\/ul><\/div>\n<form action=\"\/cp.garcialorca.mostoles\/index.php\/wp-json\/wp\/v2\/pages\/271#wpcf7-f287-o1\" method=\"post\" class=\"wpcf7-form init\" aria-label=\"Formulario de contacto\" novalidate=\"novalidate\" data-status=\"init\">\n<div style=\"display: none;\">\n<input type=\"hidden\" name=\"_wpcf7\" value=\"287\" \/>\n<input type=\"hidden\" name=\"_wpcf7_version\" value=\"5.9.7\" \/>\n<input type=\"hidden\" name=\"_wpcf7_locale\" value=\"es_ES\" \/>\n<input type=\"hidden\" name=\"_wpcf7_unit_tag\" value=\"wpcf7-f287-o1\" \/>\n<input type=\"hidden\" name=\"_wpcf7_container_post\" value=\"0\" \/>\n<input type=\"hidden\" name=\"_wpcf7_posted_data_hash\" value=\"\" \/>\n<\/div>\n<p><label> Tu nombre (requerido)<br \/>\n<span class=\"wpcf7-form-control-wrap\" data-name=\"your-name\"><input size=\"40\" maxlength=\"400\" class=\"wpcf7-form-control wpcf7-text wpcf7-validates-as-required\" aria-required=\"true\" aria-invalid=\"false\" value=\"\" type=\"text\" name=\"your-name\" \/><\/span> <\/label>\n<\/p>\n<p><label> Tu correo electr\u00f3nico (requerido)<br \/>\n<span class=\"wpcf7-form-control-wrap\" data-name=\"your-email\"><input size=\"40\" maxlength=\"400\" class=\"wpcf7-form-control wpcf7-email wpcf7-validates-as-required wpcf7-text wpcf7-validates-as-email\" aria-required=\"true\" aria-invalid=\"false\" value=\"\" type=\"email\" name=\"your-email\" \/><\/span> <\/label>\n<\/p>\n<p><label> Asunto (requerido)<br \/>\n<span class=\"wpcf7-form-control-wrap\" data-name=\"your-subject\"><input size=\"40\" maxlength=\"400\" class=\"wpcf7-form-control wpcf7-text wpcf7-validates-as-required\" aria-required=\"true\" aria-invalid=\"false\" value=\"\" type=\"text\" name=\"your-subject\" \/><\/span> <\/label>\n<\/p>\n<p><label> Tu mensaje (opcional)<br \/>\n<span class=\"wpcf7-form-control-wrap\" data-name=\"your-message\"><textarea cols=\"40\" rows=\"10\" maxlength=\"2000\" class=\"wpcf7-form-control wpcf7-textarea\" aria-invalid=\"false\" name=\"your-message\"><\/textarea><\/span> <\/label>\n<\/p>\n<p class=\"aiowps-captcha hide-when-displaying-tfa-input\"><label for=\"aiowps-captcha-answer\">Por favor, introduce una respuesta en d\u00edgitos:<\/label>\n<\/p>\n<div class=\"aiowps-captcha-equation hide-when-displaying-tfa-input\">\n\t<p><strong>12 &#43; 18 = <input type=\"hidden\" name=\"aiowps-captcha-string-info\" class=\"aiowps-captcha-string-info\" value=\"owhmrl300p\" \/><input type=\"hidden\" name=\"aiowps-captcha-temp-string\" class=\"aiowps-captcha-temp-string\" value=\"1778604115\" \/><input type=\"text\" size=\"2\" class=\"aiowps-captcha-answer\" name=\"aiowps-captcha-answer\" value=\"\" autocomplete=\"off\" \/><\/strong>\n\t<\/p>\n<\/div>\n<p><span class='wpcf7-form-control-wrap' data-name='aiowps-captcha'><\/span><input class=\"wpcf7-form-control wpcf7-submit has-spinner\" type=\"submit\" value=\"Enviar\" \/>\n<\/p><p style=\"display: none !important;\" class=\"akismet-fields-container\" data-prefix=\"_wpcf7_ak_\"><label>&#916;<textarea name=\"_wpcf7_ak_hp_textarea\" cols=\"45\" rows=\"8\" maxlength=\"100\"><\/textarea><\/label><input type=\"hidden\" id=\"ak_js_1\" name=\"_wpcf7_ak_js\" value=\"84\"\/><script>document.getElementById( \"ak_js_1\" ).setAttribute( \"value\", ( new Date() ).getTime() );<\/script><\/p><div class=\"wpcf7-response-output\" aria-hidden=\"true\"><\/div>\n<\/form>\n<\/div>\n\n<\/div>\n<\/div>\n","protected":false},"excerpt":{"rendered":"<p>Correo electr\u00f3nico: cp.garcialorca.mostoles@educa.madrid.org Tel\u00e9fono: 91 618 97 36 Localizaci\u00f3n: Calle Francisco Javier Sauquillo 26, 28932 C\u00f3digo de Centro: 28023157 Puede llegar a nuestro centro haciendo uso de: Linea C5. Estaci\u00f3n M\u00f3stoles (plano) Linea 12. Estaci\u00f3n M\u00f3stoles Central (plano) Lineas 520 (M\u00f3stoles \u2013 Alcorc\u00f3n), 521 (M\u00f3stoles \u2013 Madrid) , 525 \u2013 526 (Circular Fuenlabrada \u2013 Madrid) [&hellip;]<\/p>\n","protected":false},"author":2,"featured_media":0,"parent":0,"menu_order":0,"comment_status":"closed","ping_status":"closed","template":"","meta":{"footnotes":""},"folder":[],"class_list":["post-271","page","type-page","status-publish","hentry"],"rttpg_featured_image_url":null,"rttpg_author":{"display_name":"tic.cp.garcialorca.mostoles","author_link":"https:\/\/site.educa.madrid.org\/cp.garcialorca.mostoles\/index.php\/author\/cuenta_tic-cp-garcialorca-mostoles\/"},"rttpg_comment":0,"rttpg_category":false,"rttpg_excerpt":"Correo electr\u00f3nico: cp.garcialorca.mostoles@educa.madrid.org Tel\u00e9fono: 91 618 97 36 Localizaci\u00f3n: Calle Francisco Javier Sauquillo 26, 28932 C\u00f3digo de Centro: 28023157 Puede llegar a nuestro centro haciendo uso de: Linea C5. Estaci\u00f3n M\u00f3stoles (plano) Linea 12. Estaci\u00f3n M\u00f3stoles Central (plano) Lineas 520 (M\u00f3stoles \u2013 Alcorc\u00f3n), 521 (M\u00f3stoles \u2013 Madrid) , 525 \u2013 526 (Circular Fuenlabrada \u2013 Madrid)&hellip;","post_mailing_queue_ids":[],"_links":{"self":[{"href":"https:\/\/site.educa.madrid.org\/cp.garcialorca.mostoles\/index.php\/wp-json\/wp\/v2\/pages\/271","targetHints":{"allow":["GET"]}}],"collection":[{"href":"https:\/\/site.educa.madrid.org\/cp.garcialorca.mostoles\/index.php\/wp-json\/wp\/v2\/pages"}],"about":[{"href":"https:\/\/site.educa.madrid.org\/cp.garcialorca.mostoles\/index.php\/wp-json\/wp\/v2\/types\/page"}],"author":[{"embeddable":true,"href":"https:\/\/site.educa.madrid.org\/cp.garcialorca.mostoles\/index.php\/wp-json\/wp\/v2\/users\/2"}],"replies":[{"embeddable":true,"href":"https:\/\/site.educa.madrid.org\/cp.garcialorca.mostoles\/index.php\/wp-json\/wp\/v2\/comments?post=271"}],"version-history":[{"count":19,"href":"https:\/\/site.educa.madrid.org\/cp.garcialorca.mostoles\/index.php\/wp-json\/wp\/v2\/pages\/271\/revisions"}],"predecessor-version":[{"id":1103,"href":"https:\/\/site.educa.madrid.org\/cp.garcialorca.mostoles\/index.php\/wp-json\/wp\/v2\/pages\/271\/revisions\/1103"}],"wp:attachment":[{"href":"https:\/\/site.educa.madrid.org\/cp.garcialorca.mostoles\/index.php\/wp-json\/wp\/v2\/media?parent=271"}],"wp:term":[{"taxonomy":"folder","embeddable":true,"href":"https:\/\/site.educa.madrid.org\/cp.garcialorca.mostoles\/index.php\/wp-json\/wp\/v2\/folder?post=271"}],"curies":[{"name":"wp","href":"https:\/\/api.w.org\/{rel}","templated":true}]}}