{"id":336,"date":"2022-02-11T11:39:52","date_gmt":"2022-02-11T10:39:52","guid":{"rendered":"https:\/\/site.educa.madrid.org\/cp.garcialorca.mostoles\/?page_id=336"},"modified":"2024-02-05T10:47:11","modified_gmt":"2024-02-05T09:47:11","slug":"galeria-de-videos-y-fotos","status":"publish","type":"page","link":"https:\/\/site.educa.madrid.org\/cp.garcialorca.mostoles\/index.php\/galeria-de-videos-y-fotos\/","title":{"rendered":"Galer\u00eda de v\u00eddeos y fotos"},"content":{"rendered":"\n<p>En esta secci\u00f3n encontrar\u00e1s los v\u00eddeos e im\u00e1genes de los eventos celebrados en nuestro centro (excursiones, Navidad, Halloween,&#8230;). <\/p>\n\n\n\n<div style=\"height:30px\" aria-hidden=\"true\" class=\"wp-block-spacer\"><\/div>\n\n\n<style type='text\/css' media='all'>#rt-tpg-container-2845001480 .rt-holder .rt-woo-info .price{color:#0367bf;}body .rt-tpg-container .rt-tpg-isotope-buttons .selected,\n\t\t\t\t\t#rt-tpg-container-2845001480 .layout12 .rt-holder:hover .rt-detail,\n\t\t\t\t\t#rt-tpg-container-2845001480 .isotope8 .rt-holder:hover .rt-detail,\n\t\t\t\t\t#rt-tpg-container-2845001480 .carousel8 .rt-holder:hover .rt-detail,\n\t\t\t\t\t#rt-tpg-container-2845001480 .layout13 .rt-holder .overlay .post-info,\n\t\t\t\t\t#rt-tpg-container-2845001480 .isotope9 .rt-holder .overlay .post-info,\n\t\t\t\t\t#rt-tpg-container-2845001480.rt-tpg-container .layout4 .rt-holder .rt-detail,\n\t\t\t\t\t.rt-modal-2845001480 .md-content,\n\t\t\t\t\t.rt-modal-2845001480 .md-content > .rt-md-content-holder .rt-md-content,\n\t\t\t\t\t.rt-popup-wrap-2845001480.rt-popup-wrap .rt-popup-navigation-wrap,\n\t\t\t\t\t#rt-tpg-container-2845001480 .carousel9 .rt-holder .overlay .post-info{background-color:#0367bf;}#rt-tpg-container-2845001480 .layout5 .rt-holder .overlay, #rt-tpg-container-2845001480 .isotope2 .rt-holder .overlay, #rt-tpg-container-2845001480 .carousel2 .rt-holder .overlay,#rt-tpg-container-2845001480 .layout15 .rt-holder h3, #rt-tpg-container-2845001480 .isotope11 .rt-holder h3, #rt-tpg-container-2845001480 .carousel11 .rt-holder h3, #rt-tpg-container-2845001480 .layout16 .rt-holder h3,\n\t\t\t\t\t#rt-tpg-container-2845001480 .isotope12 .rt-holder h3, #rt-tpg-container-2845001480 .carousel12 .rt-holder h3 {background-color:rgba(3,103,191,0.8);}#rt-tpg-container-2845001480 .read-more a{border-radius:px;}#rt-tpg-container-2845001480 .rt-img-holder img.rt-img-responsive,#rt-tpg-container-2845001480 .rt-img-holder,\n\t\t\t\t\t#rt-tpg-container-2845001480 .rt-post-overlay .post-img,\n\t\t\t\t\t#rt-tpg-container-2845001480 .post-sm .post-img,\n\t\t\t\t\t#rt-tpg-container-2845001480 .rt-post-grid .post-img,\n\t\t\t\t\t#rt-tpg-container-2845001480 .post-img img {border-radius:px;}<\/style><div class='rt-container-fluid rt-tpg-container tpg-shortcode-main-wrapper ' id='rt-tpg-container-2845001480'   data-layout='layout1' data-grid-style='even' data-desktop-col='4'  data-tab-col='2'  data-mobile-col='1' data-sc-id='340'><div data-title='Loading ...' class='rt-row rt-content-loader   layout1 tpg-even '><div class=\"rt-col-md-3 rt-col-sm-6 rt-col-xs-12 even-grid-item rt-grid-item\" data-id=\"556\"><div class=\"rt-holder\"><div class=\"rt-img-holder\"><a data-id=\"556\" class=\"\" href=\"https:\/\/site.educa.madrid.org\/cp.garcialorca.mostoles\/index.php\/2022\/04\/25\/el-pirata-barbarroja\/\"><img loading=\"lazy\" decoding=\"async\" width=\"300\" height=\"169\" src=\"https:\/\/site.educa.madrid.org\/cp.garcialorca.mostoles\/\/wp-content\/uploads\/cp.garcialorca.mostoles\/2022\/04\/El-pirata-Barbarroja-300x169.jpg\" class=\"rt-img-responsive \" alt=\"\" \/><\/a><\/div><div class='rt-detail'><h4 class=\"entry-title\"><a data-id=\"556\" class=\"\" href=\"https:\/\/site.educa.madrid.org\/cp.garcialorca.mostoles\/index.php\/2022\/04\/25\/el-pirata-barbarroja\/\">El pirata Barbarroja<\/a><\/h4><div class='post-meta-user  '><span class='date'><i class='far fa-calendar-alt '><\/i>25 abril, 2022<\/span><\/div><div class='tpg-excerpt'>Teatro en colaboraci\u00f3n con la compa\u00f1\u00eda La Nueva Barraca...<\/div><\/div><\/div><\/div><div class=\"rt-col-md-3 rt-col-sm-6 rt-col-xs-12 even-grid-item rt-grid-item\" data-id=\"358\"><div class=\"rt-holder\"><div class=\"rt-img-holder\"><a data-id=\"358\" class=\"\" href=\"https:\/\/site.educa.madrid.org\/cp.garcialorca.mostoles\/index.php\/2021\/12\/23\/reyes-magos-en-el-lorca\/\"><img loading=\"lazy\" decoding=\"async\" width=\"300\" height=\"169\" src=\"https:\/\/site.educa.madrid.org\/cp.garcialorca.mostoles\/\/wp-content\/uploads\/cp.garcialorca.mostoles\/2022\/02\/video-reyes-magos-300x169.jpg\" class=\"rt-img-responsive \" alt=\"\" \/><\/a><\/div><div class='rt-detail'><h4 class=\"entry-title\"><a data-id=\"358\" class=\"\" href=\"https:\/\/site.educa.madrid.org\/cp.garcialorca.mostoles\/index.php\/2021\/12\/23\/reyes-magos-en-el-lorca\/\">Reyes Magos en el Lorca<\/a><\/h4><div class='post-meta-user  '><span class='date'><i class='far fa-calendar-alt '><\/i>23 diciembre, 2021<\/span><\/div><div class='tpg-excerpt'>Nos han vuelto a visitar los Reyes de Oriente...<\/div><\/div><\/div><\/div><div class=\"rt-col-md-3 rt-col-sm-6 rt-col-xs-12 even-grid-item rt-grid-item\" data-id=\"349\"><div class=\"rt-holder\"><div class=\"rt-img-holder\"><a data-id=\"349\" class=\"\" href=\"https:\/\/site.educa.madrid.org\/cp.garcialorca.mostoles\/index.php\/2021\/11\/11\/halloween-en-el-lorca\/\"><img loading=\"lazy\" decoding=\"async\" width=\"300\" height=\"169\" src=\"https:\/\/site.educa.madrid.org\/cp.garcialorca.mostoles\/\/wp-content\/uploads\/cp.garcialorca.mostoles\/2022\/02\/video-halloween-2021-300x169.jpg\" class=\"rt-img-responsive \" alt=\"\" \/><\/a><\/div><div class='rt-detail'><h4 class=\"entry-title\"><a data-id=\"349\" class=\"\" href=\"https:\/\/site.educa.madrid.org\/cp.garcialorca.mostoles\/index.php\/2021\/11\/11\/halloween-en-el-lorca\/\">Halloween en el Lorca<\/a><\/h4><div class='post-meta-user  '><span class='date'><i class='far fa-calendar-alt '><\/i>11 noviembre, 2021<\/span><\/div><div class='tpg-excerpt'>Entretenidas, divertidas, participativas y terror\u00edficas son las fiestas de Halloween en nuestro colegio...<\/div><\/div><\/div><\/div><\/div><\/div>\n","protected":false},"excerpt":{"rendered":"<p>En esta secci\u00f3n encontrar\u00e1s los v\u00eddeos e im\u00e1genes de los eventos celebrados en nuestro centro (excursiones, Navidad, Halloween,&#8230;).<\/p>\n","protected":false},"author":2,"featured_media":0,"parent":0,"menu_order":0,"comment_status":"closed","ping_status":"closed","template":"","meta":{"footnotes":""},"folder":[],"class_list":["post-336","page","type-page","status-publish","hentry"],"rttpg_featured_image_url":null,"rttpg_author":{"display_name":"tic.cp.garcialorca.mostoles","author_link":"https:\/\/site.educa.madrid.org\/cp.garcialorca.mostoles\/index.php\/author\/cuenta_tic-cp-garcialorca-mostoles\/"},"rttpg_comment":0,"rttpg_category":"","rttpg_excerpt":"En esta secci\u00f3n encontrar\u00e1s los v\u00eddeos e im\u00e1genes de los eventos celebrados en nuestro centro (excursiones, Navidad, Halloween,&#8230;).","post_mailing_queue_ids":[],"_links":{"self":[{"href":"https:\/\/site.educa.madrid.org\/cp.garcialorca.mostoles\/index.php\/wp-json\/wp\/v2\/pages\/336","targetHints":{"allow":["GET"]}}],"collection":[{"href":"https:\/\/site.educa.madrid.org\/cp.garcialorca.mostoles\/index.php\/wp-json\/wp\/v2\/pages"}],"about":[{"href":"https:\/\/site.educa.madrid.org\/cp.garcialorca.mostoles\/index.php\/wp-json\/wp\/v2\/types\/page"}],"author":[{"embeddable":true,"href":"https:\/\/site.educa.madrid.org\/cp.garcialorca.mostoles\/index.php\/wp-json\/wp\/v2\/users\/2"}],"replies":[{"embeddable":true,"href":"https:\/\/site.educa.madrid.org\/cp.garcialorca.mostoles\/index.php\/wp-json\/wp\/v2\/comments?post=336"}],"version-history":[{"count":6,"href":"https:\/\/site.educa.madrid.org\/cp.garcialorca.mostoles\/index.php\/wp-json\/wp\/v2\/pages\/336\/revisions"}],"predecessor-version":[{"id":862,"href":"https:\/\/site.educa.madrid.org\/cp.garcialorca.mostoles\/index.php\/wp-json\/wp\/v2\/pages\/336\/revisions\/862"}],"wp:attachment":[{"href":"https:\/\/site.educa.madrid.org\/cp.garcialorca.mostoles\/index.php\/wp-json\/wp\/v2\/media?parent=336"}],"wp:term":[{"taxonomy":"folder","embeddable":true,"href":"https:\/\/site.educa.madrid.org\/cp.garcialorca.mostoles\/index.php\/wp-json\/wp\/v2\/folder?post=336"}],"curies":[{"name":"wp","href":"https:\/\/api.w.org\/{rel}","templated":true}]}}