{"id":1038,"date":"2026-01-15T19:43:36","date_gmt":"2026-01-15T18:43:36","guid":{"rendered":"https:\/\/site.educa.madrid.org\/cp.ginerdelosrios.torrejondeardoz\/?page_id=1038"},"modified":"2026-03-12T15:57:15","modified_gmt":"2026-03-12T14:57:15","slug":"consejo-escolar","status":"publish","type":"page","link":"https:\/\/site.educa.madrid.org\/cp.ginerdelosrios.torrejondeardoz\/index.php\/secretaria\/consejo-escolar\/","title":{"rendered":"Consejo Escolar"},"content":{"rendered":"\n<div class=\"wp-block-columns clean is-layout-flex wp-container-core-columns-is-layout-c26b5618 wp-block-columns-is-layout-flex\" style=\"margin-top:0;margin-bottom:0\">\n<div class=\"wp-block-column is-layout-flow wp-block-column-is-layout-flow\" style=\"flex-basis:66%\">\n<p>El <strong>Consejo Escolar<\/strong> es el \u00f3rgano de participaci\u00f3n democr\u00e1tica de la comunidad educativa en la vida y el gobierno del centro. En \u00e9l est\u00e1n representados todos los sectores del colegio \u2014familias, profesorado, personal no docente, Ayuntamiento y equipo directivo\u2014 y sus decisiones contribuyen a garantizar la transparencia, la corresponsabilidad y el buen funcionamiento del CEIP Giner de los R\u00edos.<\/p>\n\n\n\n<figure class=\"wp-block-image size-large has-custom-border\"><img loading=\"lazy\" decoding=\"async\" width=\"1024\" height=\"572\" src=\"https:\/\/site.educa.madrid.org\/cp.ginerdelosrios.torrejondeardoz\/\/wp-content\/uploads\/cp.ginerdelosrios.torrejondeardoz\/2026\/02\/infografia-consejo-escolar-1024x572.webp\" alt=\"\" class=\"wp-image-1792\" style=\"border-radius:24px\" srcset=\"https:\/\/site.educa.madrid.org\/cp.ginerdelosrios.torrejondeardoz\/\/wp-content\/uploads\/cp.ginerdelosrios.torrejondeardoz\/2026\/02\/infografia-consejo-escolar-1024x572.webp 1024w, https:\/\/site.educa.madrid.org\/cp.ginerdelosrios.torrejondeardoz\/\/wp-content\/uploads\/cp.ginerdelosrios.torrejondeardoz\/2026\/02\/infografia-consejo-escolar-300x167.webp 300w, https:\/\/site.educa.madrid.org\/cp.ginerdelosrios.torrejondeardoz\/\/wp-content\/uploads\/cp.ginerdelosrios.torrejondeardoz\/2026\/02\/infografia-consejo-escolar-768x429.webp 768w, https:\/\/site.educa.madrid.org\/cp.ginerdelosrios.torrejondeardoz\/\/wp-content\/uploads\/cp.ginerdelosrios.torrejondeardoz\/2026\/02\/infografia-consejo-escolar-1536x857.webp 1536w, https:\/\/site.educa.madrid.org\/cp.ginerdelosrios.torrejondeardoz\/\/wp-content\/uploads\/cp.ginerdelosrios.torrejondeardoz\/2026\/02\/infografia-consejo-escolar-2048x1143.webp 2048w\" sizes=\"auto, (max-width: 1024px) 100vw, 1024px\" \/><\/figure>\n\n\n\n<h3 class=\"wp-block-heading\">Funciones principales<\/h3>\n\n\n\n<p>El Consejo Escolar desarrolla funciones esenciales para la organizaci\u00f3n del centro, entre las que destacan:<\/p>\n\n\n\n<ul class=\"wp-block-list\">\n<li><strong>Aprobar y evaluar<\/strong> la Programaci\u00f3n General Anual (PGA), la Memoria Final de curso y las normas de organizaci\u00f3n y funcionamiento del colegio.<br><\/li>\n\n\n\n<li><strong>Supervisar la gesti\u00f3n econ\u00f3mica<\/strong> del centro: presupuesto anual, control del gasto y seguimiento de los servicios complementarios, como el comedor escolar.<br><\/li>\n\n\n\n<li><strong>Participar en el proceso de admisi\u00f3n del alumnado<\/strong> y en aquellos aspectos que afectan a la planificaci\u00f3n general del centro.<br><\/li>\n\n\n\n<li><strong>Impulsar la convivencia y la igualdad<\/strong>, revisando la aplicaci\u00f3n de las normas y proponiendo mejoras.<br><\/li>\n\n\n\n<li><strong>Fomentar la colaboraci\u00f3n con el entorno<\/strong>, apoyando iniciativas con el Ayuntamiento y otras instituciones.<br><\/li>\n<\/ul>\n\n\n\n<p>Estas funciones garantizan que las decisiones relevantes del colegio se adopten desde una perspectiva amplia, participativa y centrada en el bienestar del alumnado.<\/p>\n\n\n\n<h3 class=\"wp-block-heading\">Composici\u00f3n<\/h3>\n\n\n\n<p>El Consejo Escolar del CEIP Giner de los R\u00edos est\u00e1 formado por representantes de los siguientes sectores:<\/p>\n\n\n\n<ul class=\"wp-block-list\">\n<li><strong>Equipo Directivo<\/strong>: direcci\u00f3n, jefatura de estudios y secretar\u00eda (esta \u00faltima con voz pero sin voto).<\/li>\n\n\n\n<li><strong>Profesorado<\/strong>. 5 representantes<\/li>\n\n\n\n<li><strong>Familias<\/strong>, a trav\u00e9s de sus 5 representantes electos.<\/li>\n\n\n\n<li><strong>Personal de Administraci\u00f3n y Servicios (PAS)<\/strong>. 1 representante del centro<\/li>\n\n\n\n<li><strong>Ayuntamiento de Torrej\u00f3n de Ardoz<\/strong>, mediante un\/a representante designado\/a.<\/li>\n<\/ul>\n\n\n\n<p>Esta pluralidad asegura que todas las voces de la comunidad educativa est\u00e9n presentes.<\/p>\n\n\n\n<h3 class=\"wp-block-heading\">Renovaci\u00f3n<\/h3>\n\n\n\n<p>La renovaci\u00f3n <strong>parcial<\/strong> del Consejo Escolar se produce con car\u00e1cter peri\u00f3dico, cada dos cursos, alternando representantes en distintos cursos para garantizar continuidad y participaci\u00f3n estable.<\/p>\n\n\n\n<p>En nuestro centro, <strong>el pr\u00f3ximo proceso de renovaci\u00f3n parcial tendr\u00e1 lugar en el curso 2026\/2027<\/strong>.<\/p>\n<\/div>\n\n\n\n<div class=\"wp-block-column is-layout-flow wp-block-column-is-layout-flow\" style=\"flex-basis:33%\">\t\t<div class=\"rttpg-block-postgrid rttpg-block-wrapper rttpg-block-ddfe86 tpg-wrapper-align-left tpg-filter-type-dropdown section-title-style-style4 img_hover_animation_img_zoom_in title-default title_position_default title_hover_border_enable meta_position_default tpg-is-author-icon-default author-image-visibility-icon tpg-category-position-default readmore-btn-default-style grid-hover-overlay-type-always grid-hover-overlay-height-default hover-overlay-height-default tpg-title-border-default filter-nex-prev-btn-visible tpg-cat-style1 slider-scroll-hide act-label-style-inline\">\n\t\t\t<div class=\"rt-container-fluid rt-tpg-container tpg-el-main-wrapper tpg-gutenberg clearfix list-layout1-main\"\n\t\t\t\t id=\"rt-tpg-container-335533672\"\n\t\t\t\t data-layout=\"list-layout1\"\n\t\t\t\t data-grid-style=\"tpg-even\" data-sc-id=\"elementor\"\n\t\t\t\t data-el-settings=''\n\t\t\t\t data-el-query=''\n\t\t\t\t data-el-path=''>\n\t\t\t\t\t\t\t\t<div class='tpg-header-wrapper '>\n\t\t\t\t\t\n        <div class=\"tpg-widget-heading-wrapper rt-clear heading-style4 \">\n            <span class=\"tpg-widget-heading-line line-left\"><\/span>\n\t\t\t<h2 class='tpg-widget-heading'>\n\t\t\t            <a href=\"#\"  >\n\t\t\t\t\n\t\t\t\t                    <span>\n\t\t\t\t\t\tSecretar\u00eda\t\t\t\t\t<\/span>\n\t\t\t\t\t\n\t\t\t\t            <\/a>\n\n\t\t\t\t\t<\/h2>            <span class=\"tpg-widget-heading-line line-right\"><\/span>\n\n\t\t\t\n        <\/div>\n\n\t\t\n\t\t\t\t\t\t<\/div>\n\t\t\t\t<div class=\"rt-row rt-content-loader gutenberg-inner list-layout1 tpg-even list-behaviour list-layout-wrapper\">\n\t\t\t\t\t\n<div class=\"rt-col-md-12 rt-col-sm-12 rt-col-xs-12 img_zoom_in rt-list-item rt-grid-item\" data-id=\"1955\">\n\t<div class=\"rt-holder tpg-post-holder \">\n\t\t<div class=\"rt-detail rt-el-content-wrapper\">\n\t\t\t\n\t\t\t<div class=\"post-right-content\">\n\n\t\t\t\t<div class=\"entry-title-wrapper\"><h3 class=\"entry-title\"><a data-id=\"1955\" href=\"https:\/\/site.educa.madrid.org\/cp.ginerdelosrios.torrejondeardoz\/index.php\/secretaria\/formularios\/\" class=\"tpg-post-link\" target=\"_self\">Formularios<\/a><\/h3><\/div>\n\t\t\t\t\n\t\t\t\t\n\t\t\t\t\t\t\t<\/div>\n\n\t\t<\/div>\n\t<\/div>\n<\/div>\n<div class=\"rt-col-md-12 rt-col-sm-12 rt-col-xs-12 img_zoom_in rt-list-item rt-grid-item\" data-id=\"1038\">\n\t<div class=\"rt-holder tpg-post-holder \">\n\t\t<div class=\"rt-detail rt-el-content-wrapper\">\n\t\t\t\n\t\t\t<div class=\"post-right-content\">\n\n\t\t\t\t<div class=\"entry-title-wrapper\"><h3 class=\"entry-title\"><a data-id=\"1038\" href=\"https:\/\/site.educa.madrid.org\/cp.ginerdelosrios.torrejondeardoz\/index.php\/secretaria\/consejo-escolar\/\" class=\"tpg-post-link\" target=\"_self\">Consejo Escolar<\/a><\/h3><\/div>\n\t\t\t\t\n\t\t\t\t\n\t\t\t\t\t\t\t<\/div>\n\n\t\t<\/div>\n\t<\/div>\n<\/div>\n<div class=\"rt-col-md-12 rt-col-sm-12 rt-col-xs-12 img_zoom_in rt-list-item rt-grid-item\" data-id=\"184\">\n\t<div class=\"rt-holder tpg-post-holder \">\n\t\t<div class=\"rt-detail rt-el-content-wrapper\">\n\t\t\t\n\t\t\t<div class=\"post-right-content\">\n\n\t\t\t\t<div class=\"entry-title-wrapper\"><h3 class=\"entry-title\"><a data-id=\"184\" href=\"https:\/\/site.educa.madrid.org\/cp.ginerdelosrios.torrejondeardoz\/index.php\/secretaria\/documentos-centro\/\" class=\"tpg-post-link\" target=\"_self\">Documentos del centro<\/a><\/h3><\/div>\n\t\t\t\t\n\t\t\t\t\n\t\t\t\t\t\t\t<\/div>\n\n\t\t<\/div>\n\t<\/div>\n<\/div>\n<div class=\"rt-col-md-12 rt-col-sm-12 rt-col-xs-12 img_zoom_in rt-list-item rt-grid-item\" data-id=\"185\">\n\t<div class=\"rt-holder tpg-post-holder \">\n\t\t<div class=\"rt-detail rt-el-content-wrapper\">\n\t\t\t\n\t\t\t<div class=\"post-right-content\">\n\n\t\t\t\t<div class=\"entry-title-wrapper\"><h3 class=\"entry-title\"><a data-id=\"185\" href=\"https:\/\/site.educa.madrid.org\/cp.ginerdelosrios.torrejondeardoz\/index.php\/secretaria\/curso-actual\/\" class=\"tpg-post-link\" target=\"_self\">Curso actual<\/a><\/h3><\/div>\n\t\t\t\t\n\t\t\t\t\n\t\t\t\t\t\t\t<\/div>\n\n\t\t<\/div>\n\t<\/div>\n<\/div>\n<div class=\"rt-col-md-12 rt-col-sm-12 rt-col-xs-12 img_zoom_in rt-list-item rt-grid-item\" data-id=\"183\">\n\t<div class=\"rt-holder tpg-post-holder \">\n\t\t<div class=\"rt-detail rt-el-content-wrapper\">\n\t\t\t\n\t\t\t<div class=\"post-right-content\">\n\n\t\t\t\t<div class=\"entry-title-wrapper\"><h3 class=\"entry-title\"><a data-id=\"183\" href=\"https:\/\/site.educa.madrid.org\/cp.ginerdelosrios.torrejondeardoz\/index.php\/secretaria\/admision\/\" class=\"tpg-post-link\" target=\"_self\">Admisi\u00f3n<\/a><\/h3><\/div>\n\t\t\t\t\n\t\t\t\t\n\t\t\t\t\t\t\t<\/div>\n\n\t\t<\/div>\n\t<\/div>\n<\/div>\t\t\t\t<\/div>\n\n\t\t\t\t\n\t\t\t<\/div>\n\t\t<\/div>\n\t\t<\/div>\n<\/div>\n","protected":false},"excerpt":{"rendered":"<p>El Consejo Escolar es el \u00f3rgano de participaci\u00f3n democr\u00e1tica de la comunidad educativa en la vida y el gobierno del centro. En \u00e9l est\u00e1n representados todos los sectores del colegio \u2014familias, profesorado, personal no docente, Ayuntamiento y equipo directivo\u2014 y sus decisiones contribuyen a garantizar la transparencia, la corresponsabilidad y el buen funcionamiento del CEIP [&hellip;]<\/p>\n","protected":false},"author":3,"featured_media":0,"parent":181,"menu_order":0,"comment_status":"closed","ping_status":"closed","template":"","meta":{"footnotes":""},"folder":[15],"class_list":["post-1038","page","type-page","status-publish","hentry"],"rttpg_featured_image_url":null,"rttpg_author":{"display_name":"cp.ginerdelosrios.torrejondeardoz","author_link":"https:\/\/site.educa.madrid.org\/cp.ginerdelosrios.torrejondeardoz\/index.php\/author\/cuenta_cp-ginerdelosrios-torrejondeardoz\/"},"rttpg_comment":0,"rttpg_category":" <a href=\"https:\/\/site.educa.madrid.org\/cp.ginerdelosrios.torrejondeardoz\/?taxonomy=folder&#038;term=secretaria\" rel=\"tag\">Secretar\u00eda<\/a>","rttpg_excerpt":"El Consejo Escolar es el \u00f3rgano de participaci\u00f3n democr\u00e1tica de la comunidad educativa en la vida y el gobierno del centro. En \u00e9l est\u00e1n representados todos los sectores del colegio \u2014familias, profesorado, personal no docente, Ayuntamiento y equipo directivo\u2014 y sus decisiones contribuyen a garantizar la transparencia, la corresponsabilidad y el buen funcionamiento del CEIP&hellip;","post_mailing_queue_ids":[],"_links":{"self":[{"href":"https:\/\/site.educa.madrid.org\/cp.ginerdelosrios.torrejondeardoz\/index.php\/wp-json\/wp\/v2\/pages\/1038","targetHints":{"allow":["GET"]}}],"collection":[{"href":"https:\/\/site.educa.madrid.org\/cp.ginerdelosrios.torrejondeardoz\/index.php\/wp-json\/wp\/v2\/pages"}],"about":[{"href":"https:\/\/site.educa.madrid.org\/cp.ginerdelosrios.torrejondeardoz\/index.php\/wp-json\/wp\/v2\/types\/page"}],"author":[{"embeddable":true,"href":"https:\/\/site.educa.madrid.org\/cp.ginerdelosrios.torrejondeardoz\/index.php\/wp-json\/wp\/v2\/users\/3"}],"replies":[{"embeddable":true,"href":"https:\/\/site.educa.madrid.org\/cp.ginerdelosrios.torrejondeardoz\/index.php\/wp-json\/wp\/v2\/comments?post=1038"}],"version-history":[{"count":19,"href":"https:\/\/site.educa.madrid.org\/cp.ginerdelosrios.torrejondeardoz\/index.php\/wp-json\/wp\/v2\/pages\/1038\/revisions"}],"predecessor-version":[{"id":2091,"href":"https:\/\/site.educa.madrid.org\/cp.ginerdelosrios.torrejondeardoz\/index.php\/wp-json\/wp\/v2\/pages\/1038\/revisions\/2091"}],"up":[{"embeddable":true,"href":"https:\/\/site.educa.madrid.org\/cp.ginerdelosrios.torrejondeardoz\/index.php\/wp-json\/wp\/v2\/pages\/181"}],"wp:attachment":[{"href":"https:\/\/site.educa.madrid.org\/cp.ginerdelosrios.torrejondeardoz\/index.php\/wp-json\/wp\/v2\/media?parent=1038"}],"wp:term":[{"taxonomy":"folder","embeddable":true,"href":"https:\/\/site.educa.madrid.org\/cp.ginerdelosrios.torrejondeardoz\/index.php\/wp-json\/wp\/v2\/folder?post=1038"}],"curies":[{"name":"wp","href":"https:\/\/api.w.org\/{rel}","templated":true}]}}