{"id":108,"date":"2022-05-30T16:22:34","date_gmt":"2022-05-30T14:22:34","guid":{"rendered":"https:\/\/site.educa.madrid.org\/cp.ginerdelosrios.torrejondeardoz\/?page_id=108"},"modified":"2026-03-16T17:50:59","modified_gmt":"2026-03-16T16:50:59","slug":"inicio","status":"publish","type":"page","link":"https:\/\/site.educa.madrid.org\/cp.ginerdelosrios.torrejondeardoz\/","title":{"rendered":"Inicio"},"content":{"rendered":"\n<div class=\"wp-block-group cabecera is-layout-constrained wp-block-group-is-layout-constrained\">\n<div class=\"wp-block-cover alignfull is-light\" style=\"padding-top:var(--wp--preset--spacing--30);padding-right:var(--wp--preset--spacing--30);padding-bottom:var(--wp--preset--spacing--30);padding-left:var(--wp--preset--spacing--30);min-height:50px;aspect-ratio:unset;\"><span aria-hidden=\"true\" class=\"wp-block-cover__background has-white-background-color has-background-dim-0 has-background-dim\"><\/span><img loading=\"lazy\" decoding=\"async\" width=\"1421\" height=\"799\" class=\"wp-block-cover__image-background wp-image-1273\" alt=\"\" src=\"https:\/\/site.educa.madrid.org\/cp.ginerdelosrios.torrejondeardoz\/\/wp-content\/uploads\/cp.ginerdelosrios.torrejondeardoz\/2026\/02\/ceip-giner-rios.webp\" data-object-fit=\"cover\" srcset=\"https:\/\/site.educa.madrid.org\/cp.ginerdelosrios.torrejondeardoz\/\/wp-content\/uploads\/cp.ginerdelosrios.torrejondeardoz\/2026\/02\/ceip-giner-rios.webp 1421w, https:\/\/site.educa.madrid.org\/cp.ginerdelosrios.torrejondeardoz\/\/wp-content\/uploads\/cp.ginerdelosrios.torrejondeardoz\/2026\/02\/ceip-giner-rios-300x169.webp 300w, https:\/\/site.educa.madrid.org\/cp.ginerdelosrios.torrejondeardoz\/\/wp-content\/uploads\/cp.ginerdelosrios.torrejondeardoz\/2026\/02\/ceip-giner-rios-1024x576.webp 1024w, https:\/\/site.educa.madrid.org\/cp.ginerdelosrios.torrejondeardoz\/\/wp-content\/uploads\/cp.ginerdelosrios.torrejondeardoz\/2026\/02\/ceip-giner-rios-768x432.webp 768w\" sizes=\"auto, (max-width: 1421px) 100vw, 1421px\" \/><div class=\"wp-block-cover__inner-container is-layout-flow wp-block-cover-is-layout-flow\">\n<div style=\"height:563px\" aria-hidden=\"true\" class=\"wp-block-spacer\"><\/div>\n\n\n\n<div class=\"wp-block-group alignwide has-base-color has-text-color has-link-color has-large-font-size wp-elements-07d4617f51b09efb7324ef7939d03b34 is-vertical is-content-justification-right is-layout-flex wp-container-core-group-is-layout-294f324f wp-block-group-is-layout-flex\" style=\"margin-top:0;margin-bottom:0;padding-top:var(--wp--preset--spacing--50);padding-right:var(--wp--preset--spacing--50);padding-bottom:var(--wp--preset--spacing--50);padding-left:var(--wp--preset--spacing--50)\">\n<p><strong>\u201cPara educar a un ni\u00f1o\/a, hace falta toda la tribu.\u201d<\/strong><\/p>\n\n\n\n<p class=\"has-medium-font-size\">\u2014 <em>Proverbio africano<\/em><\/p>\n<\/div>\n<\/div><\/div>\n<\/div>\n\n\n\n<div class=\"wp-block-columns are-vertically-aligned-center is-layout-flex wp-container-core-columns-is-layout-eae17e81 wp-block-columns-is-layout-flex\" style=\"margin-top:var(--wp--preset--spacing--70);margin-bottom:var(--wp--preset--spacing--70)\">\n<div class=\"wp-block-column is-vertically-aligned-center is-layout-flow wp-block-column-is-layout-flow\" style=\"flex-basis:66%\">\n<figure class=\"wp-block-image size-full is-resized\"><img loading=\"lazy\" decoding=\"async\" width=\"1024\" height=\"284\" src=\"https:\/\/site.educa.madrid.org\/cp.ginerdelosrios.torrejondeardoz\/\/wp-content\/uploads\/cp.ginerdelosrios.torrejondeardoz\/2026\/02\/LOGO-CON-NOMBRE.jpeg\" alt=\"\" class=\"wp-image-1846\" style=\"width:400px\" srcset=\"https:\/\/site.educa.madrid.org\/cp.ginerdelosrios.torrejondeardoz\/\/wp-content\/uploads\/cp.ginerdelosrios.torrejondeardoz\/2026\/02\/LOGO-CON-NOMBRE.jpeg 1024w, https:\/\/site.educa.madrid.org\/cp.ginerdelosrios.torrejondeardoz\/\/wp-content\/uploads\/cp.ginerdelosrios.torrejondeardoz\/2026\/02\/LOGO-CON-NOMBRE-300x83.jpeg 300w, https:\/\/site.educa.madrid.org\/cp.ginerdelosrios.torrejondeardoz\/\/wp-content\/uploads\/cp.ginerdelosrios.torrejondeardoz\/2026\/02\/LOGO-CON-NOMBRE-768x213.jpeg 768w\" sizes=\"auto, (max-width: 1024px) 100vw, 1024px\" \/><\/figure>\n\n\n\n<h1 class=\"wp-block-heading has-small-font-size\">CEIP Giner de los R\u00edos<\/h1>\n\n\n\n<p>En el <strong>CEIP Giner de los R\u00edos<\/strong> creemos firmemente que la educaci\u00f3n es un camino compartido.<br>Cada d\u00eda construimos, junto a nuestras familias y alumnado, una comunidad educativa donde aprender, convivir y crecer van de la mano.<br>Porque educar no es tarea de uno solo\u2026 sino de toda la tribu. \ud83e\udd1d\ud83c\udf3f<\/p>\n<\/div>\n\n\n\n<div class=\"wp-block-column is-vertically-aligned-center is-layout-flow wp-block-column-is-layout-flow\" style=\"flex-basis:33%\">\n<div class=\"wp-block-group btn has-background is-layout-constrained wp-block-group-is-layout-constrained\" style=\"background-color:#2d6e1a\">\n<p class=\"has-text-align-center has-white-color has-text-color has-link-color wp-elements-8098b75dee05784c33dc9cb803b48d7a\"><a href=\"https:\/\/site.educa.madrid.org\/cp.ginerdelosrios.torrejondeardoz\/index.php\/informacion-a-familias-2\/\" data-type=\"page\" data-id=\"878\">Informaci\u00f3n a las familias<\/a><\/p>\n<\/div>\n\n\n\n<div class=\"wp-block-group btn has-background is-layout-constrained wp-block-group-is-layout-constrained\" style=\"background-color:#2d6e1a\">\n<p class=\"has-text-align-center has-white-color has-text-color has-link-color wp-elements-b32a5998aea531b7bb8ec893cb1b359b\"><a href=\"https:\/\/site.educa.madrid.org\/cp.ginerdelosrios.torrejondeardoz\/index.php\/quienes-somos\/\" data-type=\"page\" data-id=\"112\">Qui\u00e9nes somos<\/a><\/p>\n<\/div>\n\n\n\n<div class=\"wp-block-group btn has-background is-layout-constrained wp-block-group-is-layout-constrained\" style=\"background-color:#2d6e1a\">\n<p class=\"has-text-align-center has-white-color has-text-color has-link-color wp-elements-f06de61f356ece95827c5e4e0cca54c8\"><a href=\"https:\/\/site.educa.madrid.org\/cp.ginerdelosrios.torrejondeardoz\/index.php\/secretaria\/admision\/\" data-type=\"page\" data-id=\"183\">Admisi\u00f3n<\/a><\/p>\n<\/div>\n<\/div>\n<\/div>\n\n\n\n<div class=\"wp-block-columns are-vertically-aligned-center is-layout-flex wp-container-core-columns-is-layout-eae17e81 wp-block-columns-is-layout-flex\" style=\"margin-top:var(--wp--preset--spacing--70);margin-bottom:var(--wp--preset--spacing--70)\">\n<div class=\"wp-block-column is-vertically-aligned-center is-layout-flow wp-block-column-is-layout-flow\">\n<div class=\"wp-block-group btn has-background is-layout-constrained wp-block-group-is-layout-constrained\" style=\"background-color:#2d6e1a\">\n<p class=\"has-text-align-center has-white-color has-text-color has-link-color wp-elements-1f753f0cc1f6deef0f09b8cc5e368232\"><a href=\"https:\/\/site.educa.madrid.org\/cp.ginerdelosrios.torrejondeardoz\/index.php\/servicios-y-actividades\/comedor\/\" data-type=\"page\" data-id=\"1653\">Comedor escolar<\/a><\/p>\n<\/div>\n<\/div>\n\n\n\n<div class=\"wp-block-column is-vertically-aligned-center is-layout-flow wp-block-column-is-layout-flow\">\n<div class=\"wp-block-group btn has-background is-layout-constrained wp-block-group-is-layout-constrained\" style=\"background-color:#2d6e1a\">\n<p class=\"has-text-align-center has-white-color has-text-color has-link-color wp-elements-774b2048b2424563fe1f8fff631bf6d1\"><a href=\"https:\/\/menuo.ausolan.com\" data-type=\"page\" data-id=\"1653\" target=\"_blank\" rel=\"noreferrer noopener nofollow\">Men\u00fa escolar<\/a><\/p>\n<\/div>\n<\/div>\n\n\n\n<div class=\"wp-block-column is-vertically-aligned-center is-layout-flow wp-block-column-is-layout-flow\">\n<div class=\"wp-block-group btn has-background is-layout-constrained wp-block-group-is-layout-constrained\" style=\"background-color:#2d6e1a\">\n<p class=\"has-text-align-center has-white-color has-text-color has-link-color wp-elements-6d41825b809c45aa3486c9e11a57fbe2\"><a href=\"https:\/\/site.educa.madrid.org\/cp.ginerdelosrios.torrejondeardoz\/index.php\/informacion-a-familias-2\/nuestro-horario\/\" data-type=\"page\" data-id=\"1996\">Nuestro horario<\/a><\/p>\n<\/div>\n<\/div>\n\n\n\n<div class=\"wp-block-column is-layout-flow wp-block-column-is-layout-flow\">\n<div class=\"wp-block-group btn has-background is-layout-constrained wp-block-group-is-layout-constrained\" style=\"background-color:#2d6e1a\">\n<p class=\"has-text-align-center has-white-color has-text-color has-link-color wp-elements-61d5acab5c9d084f281718ad5424d069\"><a href=\"https:\/\/www.educa2.madrid.org\/web\/educamadrid\/principal\/files\/504c1bf5-007a-45bf-a07d-fe4e6d721bd3\/Calendario%20escolar_25-26.pdf?t=1759132473313\" target=\"_blank\" rel=\"noreferrer noopener nofollow\">Calendario escolar<\/a><\/p>\n<\/div>\n<\/div>\n<\/div>\n\n\n        <div class=\"rttpg-block-postgrid rttpg-block-wrapper rttpg-block-14f9cb tpg-filter-type-dropdown section-title-style-style1 img_hover_animation_default title-default title_position_default title_hover_border_default meta_position_default tpg-is-author-icon-default author-image-visibility-icon tpg-category-position-default readmore-btn-default-style grid-hover-overlay-type-always grid-hover-overlay-height-default hover-overlay-height-default tpg-title-border-default filter-nex-prev-btn-visible tpg-cat-style1 slider-scroll-hide act-label-style-inline\">\n            <div class=\"rt-container-fluid rt-tpg-container tpg-el-main-wrapper tpg-gutenberg clearfix grid-layout1-main\"\n                 id=\"rt-tpg-container-1487105419\"\n                 data-layout=\"grid-layout1\"\n                 data-grid-style=\"tpg-even\" data-sc-id=\"elementor\"\n                 data-el-settings=''\n                 data-el-query=''\n                 data-el-path=''>\n\t\t\t\t                <div class='tpg-header-wrapper '>\n\t\t\t\t\t\n        <div class=\"tpg-widget-heading-wrapper rt-clear heading-style1 \">\n            <span class=\"tpg-widget-heading-line line-left\"><\/span>\n\t\t\t<h2 class='tpg-widget-heading'>\n\t\t\t            <a href=\"#\"  >\n\t\t\t\t\n\t\t\t\t                    <span>\n\t\t\t\t\t\tTabl\u00f3n de anuncios\t\t\t\t\t<\/span>\n\t\t\t\t\t\n\t\t\t\t            <\/a>\n\n\t\t\t\t\t<\/h2>            <span class=\"tpg-widget-heading-line line-right\"><\/span>\n\n\t\t\t\n        <\/div>\n\n\t\t\n\t\t                <\/div>\n\n                <div class=\"rt-row rt-content-loader gutenberg-inner grid-layout1 grid-behaviour tpg-even grid_layout_wrapper\">\n\t\t\t\t\t\n<div class=\"rt-col-md-4 rt-col-sm-6 rt-col-xs-12 default rt-grid-item post-2211 post type-post status-publish format-standard hentry category-sin-categoria\"        data-id=\"2211\">\n    <div class=\"rt-holder tpg-post-holder \">\n        <div class=\"rt-detail rt-el-content-wrapper\">\n\t\t\t\n\t\t\t<div class=\"entry-title-wrapper\"><h3 class=\"entry-title\"><a data-id=\"2211\" href=\"https:\/\/site.educa.madrid.org\/cp.ginerdelosrios.torrejondeardoz\/index.php\/2026\/03\/16\/video-institucional-de-admision\/\" class=\"tpg-post-link\" target=\"_self\">Video institucional de admisi\u00f3n<\/a><\/h3><\/div>\n\t\t\t\n\t\t\t                <div class=\"tpg-excerpt tpg-el-excerpt\">\n\t\t\t\t\t                        <div class=\"tpg-excerpt-inner\">\n\t\t\t\t\t\t\tAdmisi\u00f3n de alumnos. Solicita tu plaza del 11 al 25 de marzo&#8230;                        <\/div>\n\t\t\t\t\t\t\t\t\t\t                <\/div>\n\t\t\t        <div class=\"post-footer\">\n            <div class=\"post-footer\">\n                <div class=\"read-more\">\n\t\t\t\t\t<a data-id=\"2211\" href=\"https:\/\/site.educa.madrid.org\/cp.ginerdelosrios.torrejondeardoz\/index.php\/2026\/03\/16\/video-institucional-de-admision\/\" class=\"tpg-post-link\" target=\"_self\">Leer m\u00e1s<\/a>                <\/div>\n            <\/div>\n        <\/div>\n\t\t        <\/div>\n    <\/div>\n<\/div>\n<div class=\"rt-col-md-4 rt-col-sm-6 rt-col-xs-12 default rt-grid-item post-152 post type-post status-publish format-standard hentry category-sin-categoria\"        data-id=\"152\">\n    <div class=\"rt-holder tpg-post-holder \">\n        <div class=\"rt-detail rt-el-content-wrapper\">\n\t\t\t\n\t\t\t<div class=\"entry-title-wrapper\"><h3 class=\"entry-title\"><a data-id=\"152\" href=\"https:\/\/site.educa.madrid.org\/cp.ginerdelosrios.torrejondeardoz\/index.php\/2022\/05\/26\/jornada-puertas-abiertas-2026\/\" class=\"tpg-post-link\" target=\"_self\">Jornada de puertas abiertas 2026<\/a><\/h3><\/div>\n\t\t\t\n\t\t\t                <div class=\"tpg-excerpt tpg-el-excerpt\">\n\t\t\t\t\t                        <div class=\"tpg-excerpt-inner\">\n\t\t\t\t\t\t\tMartes 3 de marzo a las 16:00 (Completo)&#8230;                        <\/div>\n\t\t\t\t\t\t\t\t\t\t                <\/div>\n\t\t\t        <div class=\"post-footer\">\n            <div class=\"post-footer\">\n                <div class=\"read-more\">\n\t\t\t\t\t<a data-id=\"152\" href=\"https:\/\/site.educa.madrid.org\/cp.ginerdelosrios.torrejondeardoz\/index.php\/2022\/05\/26\/jornada-puertas-abiertas-2026\/\" class=\"tpg-post-link\" target=\"_self\">Leer m\u00e1s<\/a>                <\/div>\n            <\/div>\n        <\/div>\n\t\t        <\/div>\n    <\/div>\n<\/div>                <\/div>\n\n\t\t\t\t\n            <\/div>\n        <\/div>\n\t\t\n\n\n<div class=\"wp-block-group is-layout-grid wp-container-core-group-is-layout-d1ee3bbe wp-block-group-is-layout-grid\" style=\"margin-top:var(--wp--preset--spacing--50);margin-bottom:var(--wp--preset--spacing--50)\">\n<div class=\"wp-block-group has-border-color is-layout-constrained wp-container-core-group-is-layout-52009084 wp-block-group-is-layout-constrained\" style=\"border-color:#abb8c3;border-width:1px;border-radius:24px;padding-top:var(--wp--preset--spacing--40);padding-right:var(--wp--preset--spacing--40);padding-bottom:var(--wp--preset--spacing--40);padding-left:var(--wp--preset--spacing--40)\">\n<p class=\"has-text-align-center\"><strong>AULA VIRTUAL<\/strong><\/p>\n\n\n\n<figure class=\"wp-block-image size-full\"><a href=\"https:\/\/aulavirtual34.educa.madrid.org\/cp.ginerdelosrios.torrejondeardoz\/\" target=\"_blank\" rel=\" noreferrer noopener\"><img loading=\"lazy\" decoding=\"async\" width=\"512\" height=\"512\" src=\"https:\/\/site.educa.madrid.org\/cp.ginerdelosrios.torrejondeardoz\/\/wp-content\/uploads\/cp.ginerdelosrios.torrejondeardoz\/2026\/02\/cropped-CEIP-Giner-de-los-Rios-Logo.webp\" alt=\"\" class=\"wp-image-1284\" title=\"AULA VIRTUAL\" srcset=\"https:\/\/site.educa.madrid.org\/cp.ginerdelosrios.torrejondeardoz\/\/wp-content\/uploads\/cp.ginerdelosrios.torrejondeardoz\/2026\/02\/cropped-CEIP-Giner-de-los-Rios-Logo.webp 512w, https:\/\/site.educa.madrid.org\/cp.ginerdelosrios.torrejondeardoz\/\/wp-content\/uploads\/cp.ginerdelosrios.torrejondeardoz\/2026\/02\/cropped-CEIP-Giner-de-los-Rios-Logo-300x300.webp 300w, https:\/\/site.educa.madrid.org\/cp.ginerdelosrios.torrejondeardoz\/\/wp-content\/uploads\/cp.ginerdelosrios.torrejondeardoz\/2026\/02\/cropped-CEIP-Giner-de-los-Rios-Logo-150x150.webp 150w, https:\/\/site.educa.madrid.org\/cp.ginerdelosrios.torrejondeardoz\/\/wp-content\/uploads\/cp.ginerdelosrios.torrejondeardoz\/2026\/02\/cropped-CEIP-Giner-de-los-Rios-Logo-500x500.webp 500w, https:\/\/site.educa.madrid.org\/cp.ginerdelosrios.torrejondeardoz\/\/wp-content\/uploads\/cp.ginerdelosrios.torrejondeardoz\/2026\/02\/cropped-CEIP-Giner-de-los-Rios-Logo-400x400.webp 400w, https:\/\/site.educa.madrid.org\/cp.ginerdelosrios.torrejondeardoz\/\/wp-content\/uploads\/cp.ginerdelosrios.torrejondeardoz\/2026\/02\/cropped-CEIP-Giner-de-los-Rios-Logo-100x100.webp 100w, https:\/\/site.educa.madrid.org\/cp.ginerdelosrios.torrejondeardoz\/\/wp-content\/uploads\/cp.ginerdelosrios.torrejondeardoz\/2026\/02\/cropped-CEIP-Giner-de-los-Rios-Logo-270x270.webp 270w, https:\/\/site.educa.madrid.org\/cp.ginerdelosrios.torrejondeardoz\/\/wp-content\/uploads\/cp.ginerdelosrios.torrejondeardoz\/2026\/02\/cropped-CEIP-Giner-de-los-Rios-Logo-192x192.webp 192w, https:\/\/site.educa.madrid.org\/cp.ginerdelosrios.torrejondeardoz\/\/wp-content\/uploads\/cp.ginerdelosrios.torrejondeardoz\/2026\/02\/cropped-CEIP-Giner-de-los-Rios-Logo-180x180.webp 180w, https:\/\/site.educa.madrid.org\/cp.ginerdelosrios.torrejondeardoz\/\/wp-content\/uploads\/cp.ginerdelosrios.torrejondeardoz\/2026\/02\/cropped-CEIP-Giner-de-los-Rios-Logo-32x32.webp 32w\" sizes=\"auto, (max-width: 512px) 100vw, 512px\" \/><\/a><\/figure>\n<\/div>\n\n\n\n<div class=\"wp-block-group has-border-color is-layout-constrained wp-container-core-group-is-layout-52009084 wp-block-group-is-layout-constrained\" style=\"border-color:#abb8c3;border-width:1px;border-radius:24px;padding-top:var(--wp--preset--spacing--40);padding-right:var(--wp--preset--spacing--40);padding-bottom:var(--wp--preset--spacing--40);padding-left:var(--wp--preset--spacing--40)\">\n<p class=\"has-text-align-center\"><strong>ROBLE<\/strong><\/p>\n\n\n\n<figure class=\"wp-block-image\"><a href=\"https:\/\/www.educa2.madrid.org\/web\/roble\" target=\"_blank\" rel=\" noreferrer noopener\"><img decoding=\"async\" src=\"https:\/\/www.educa2.madrid.org\/web\/educamadrid\/principal\/files\/a7cc2235-7522-44ba-9c46-2c8e693dffc6\/Captura%20de%20Pantalla%202022-10-09%20a%20las%2021.32.38.png?t=1665343995705&amp;largeSize=true\" alt=\"ROBLE WEB\"\/><\/a><\/figure>\n<\/div>\n\n\n\n<div class=\"wp-block-group has-border-color has-cyan-bluish-gray-border-color is-layout-constrained wp-container-core-group-is-layout-d84cda17 wp-block-group-is-layout-constrained\" style=\"border-width:1px;border-radius:24px;padding-top:var(--wp--preset--spacing--40);padding-right:var(--wp--preset--spacing--40);padding-bottom:var(--wp--preset--spacing--40);padding-left:var(--wp--preset--spacing--40)\">\n<p class=\"has-text-align-center\"><strong>PROTECCI\u00d3N DE DATOS<\/strong><\/p>\n\n\n\n<figure class=\"wp-block-image\"><a href=\"https:\/\/dpd.educa2.madrid.org\/preguntas-frecuentes\" target=\"_blank\" rel=\" noreferrer noopener\"><img decoding=\"async\" src=\"https:\/\/www.educa2.madrid.org\/web\/educamadrid\/principal\/files\/b64d5ca9-550d-4c6f-b7d8-73ef5564832f\/images.png?t=1699973570534&amp;largeSize=true\" alt=\"\" title=\"DELEGACION PROTECCION DE DATOS\"\/><\/a><\/figure>\n\n\n\n<p class=\"has-small-font-size\"><a href=\"https:\/\/site.educa.madrid.org\/ies.canadareal.galapagar\/\/wp-content\/uploads\/ies.canadareal.galapagar\/2023\/11\/INFOGRAFIA-DECALOGO-DE-PROTECCION-DE-DATOS-PARA-EL-AMBITO-EDUCATIVO.pdf\">DEC\u00c1LOGO DE PROTECCI\u00d3N DE DATOS EN EL \u00c1MBITO EDUCATIVO<\/a><\/p>\n<\/div>\n\n\n\n<div class=\"wp-block-group has-border-color is-layout-constrained wp-container-core-group-is-layout-52009084 wp-block-group-is-layout-constrained\" style=\"border-color:#abb8c3;border-width:1px;border-radius:24px;padding-top:var(--wp--preset--spacing--40);padding-right:var(--wp--preset--spacing--40);padding-bottom:var(--wp--preset--spacing--40);padding-left:var(--wp--preset--spacing--40)\">\n<p class=\"has-text-align-center\"><strong>EDUCAMADRID<\/strong><\/p>\n\n\n\n<figure class=\"wp-block-image\"><a href=\"https:\/\/correoweb.educa.madrid.org\/\" target=\"_blank\" rel=\" noreferrer noopener\"><img decoding=\"async\" src=\"https:\/\/www.educa2.madrid.org\/web\/educamadrid\/principal\/files\/6060cdae-bd14-4b96-8a3a-65daf643d10d\/Captura%20de%20Pantalla%202022-10-09%20a%20las%2021.42.15.png?t=1665344560807&amp;largeSize=true\" alt=\"\" title=\"correo educamadrid\"\/><\/a><\/figure>\n\n\n\n<figure class=\"wp-block-image\"><a href=\"https:\/\/www.educa2.madrid.org\/educamadrid\/\" target=\"_blank\" rel=\" noreferrer noopener\"><img decoding=\"async\" src=\"https:\/\/www.educa2.madrid.org\/web\/educamadrid\/principal\/files\/6060cdae-bd14-4b96-8a3a-65daf643d10d\/Captura%20de%20Pantalla%202022-10-09%20a%20las%2021.39.36.png?t=1665344423428&amp;largeSize=true\" alt=\"\" title=\"EDUCAMADRID\"\/><\/a><\/figure>\n<\/div>\n\n\n\n<div class=\"wp-block-group has-border-color is-layout-constrained wp-container-core-group-is-layout-ad990dd2 wp-block-group-is-layout-constrained\" style=\"border-color:#abb8c3;border-width:1px;border-radius:24px;padding-top:var(--wp--preset--spacing--40);padding-right:var(--wp--preset--spacing--40);padding-bottom:var(--wp--preset--spacing--40);padding-left:var(--wp--preset--spacing--40)\">\n<p class=\"has-text-align-center\"><strong>\u00a1S\u00cdGUENOS EN INSTAGRAM!<\/strong><\/p>\n\n\n\n<figure class=\"wp-block-image size-full\"><img loading=\"lazy\" decoding=\"async\" width=\"250\" height=\"248\" src=\"https:\/\/site.educa.madrid.org\/cp.ginerdelosrios.torrejondeardoz\/\/wp-content\/uploads\/cp.ginerdelosrios.torrejondeardoz\/2026\/02\/qr-ig.webp\" alt=\"\" class=\"wp-image-1338\" title=\"IG siguenos\" srcset=\"https:\/\/site.educa.madrid.org\/cp.ginerdelosrios.torrejondeardoz\/\/wp-content\/uploads\/cp.ginerdelosrios.torrejondeardoz\/2026\/02\/qr-ig.webp 250w, https:\/\/site.educa.madrid.org\/cp.ginerdelosrios.torrejondeardoz\/\/wp-content\/uploads\/cp.ginerdelosrios.torrejondeardoz\/2026\/02\/qr-ig-150x150.webp 150w, https:\/\/site.educa.madrid.org\/cp.ginerdelosrios.torrejondeardoz\/\/wp-content\/uploads\/cp.ginerdelosrios.torrejondeardoz\/2026\/02\/qr-ig-100x100.webp 100w\" sizes=\"auto, (max-width: 250px) 100vw, 250px\" \/><\/figure>\n<\/div>\n<\/div>\n","protected":false},"excerpt":{"rendered":"<p>CEIP Giner de los R\u00edos En el CEIP Giner de los R\u00edos creemos firmemente que la educaci\u00f3n es un camino compartido.Cada d\u00eda construimos, junto a nuestras familias y alumnado, una comunidad educativa donde aprender, convivir y crecer van de la mano.Porque educar no es tarea de uno solo\u2026 sino de toda la tribu. \ud83e\udd1d\ud83c\udf3f Informaci\u00f3n [&hellip;]<\/p>\n","protected":false},"author":6,"featured_media":0,"parent":0,"menu_order":0,"comment_status":"closed","ping_status":"closed","template":"templates\/page-builder-template.php","meta":{"footnotes":""},"folder":[],"class_list":["post-108","page","type-page","status-publish","hentry"],"rttpg_featured_image_url":null,"rttpg_author":{"display_name":"Cuenta Admin-educamadrid","author_link":"https:\/\/site.educa.madrid.org\/cp.ginerdelosrios.torrejondeardoz\/index.php\/author\/cuenta_admin-educamadrid\/"},"rttpg_comment":0,"rttpg_category":false,"rttpg_excerpt":"CEIP Giner de los R\u00edos En el CEIP Giner de los R\u00edos creemos firmemente que la educaci\u00f3n es un camino compartido.Cada d\u00eda construimos, junto a nuestras familias y alumnado, una comunidad educativa donde aprender, convivir y crecer van de la mano.Porque educar no es tarea de uno solo\u2026 sino de toda la tribu. \ud83e\udd1d\ud83c\udf3f Informaci\u00f3n&hellip;","post_mailing_queue_ids":[],"_links":{"self":[{"href":"https:\/\/site.educa.madrid.org\/cp.ginerdelosrios.torrejondeardoz\/index.php\/wp-json\/wp\/v2\/pages\/108","targetHints":{"allow":["GET"]}}],"collection":[{"href":"https:\/\/site.educa.madrid.org\/cp.ginerdelosrios.torrejondeardoz\/index.php\/wp-json\/wp\/v2\/pages"}],"about":[{"href":"https:\/\/site.educa.madrid.org\/cp.ginerdelosrios.torrejondeardoz\/index.php\/wp-json\/wp\/v2\/types\/page"}],"author":[{"embeddable":true,"href":"https:\/\/site.educa.madrid.org\/cp.ginerdelosrios.torrejondeardoz\/index.php\/wp-json\/wp\/v2\/users\/6"}],"replies":[{"embeddable":true,"href":"https:\/\/site.educa.madrid.org\/cp.ginerdelosrios.torrejondeardoz\/index.php\/wp-json\/wp\/v2\/comments?post=108"}],"version-history":[{"count":49,"href":"https:\/\/site.educa.madrid.org\/cp.ginerdelosrios.torrejondeardoz\/index.php\/wp-json\/wp\/v2\/pages\/108\/revisions"}],"predecessor-version":[{"id":2117,"href":"https:\/\/site.educa.madrid.org\/cp.ginerdelosrios.torrejondeardoz\/index.php\/wp-json\/wp\/v2\/pages\/108\/revisions\/2117"}],"wp:attachment":[{"href":"https:\/\/site.educa.madrid.org\/cp.ginerdelosrios.torrejondeardoz\/index.php\/wp-json\/wp\/v2\/media?parent=108"}],"wp:term":[{"taxonomy":"folder","embeddable":true,"href":"https:\/\/site.educa.madrid.org\/cp.ginerdelosrios.torrejondeardoz\/index.php\/wp-json\/wp\/v2\/folder?post=108"}],"curies":[{"name":"wp","href":"https:\/\/api.w.org\/{rel}","templated":true}]}}