{"id":114,"date":"2025-11-05T12:10:35","date_gmt":"2025-11-05T11:10:35","guid":{"rendered":"https:\/\/site.educa.madrid.org\/cp.ginerdelosrios.torrejondeardoz\/?page_id=114"},"modified":"2026-03-25T11:29:04","modified_gmt":"2026-03-25T10:29:04","slug":"alumnos","status":"publish","type":"page","link":"https:\/\/site.educa.madrid.org\/cp.ginerdelosrios.torrejondeardoz\/index.php\/quienes-somos\/alumnos\/","title":{"rendered":"Nuestro alumnado"},"content":{"rendered":"\n<div class=\"wp-block-columns is-layout-flex wp-container-core-columns-is-layout-28f84493 wp-block-columns-is-layout-flex\">\n<div class=\"wp-block-column is-layout-flow wp-block-column-is-layout-flow\" style=\"flex-basis:100%\">\n<p>En el <strong>CEIP Giner de los R\u00edos<\/strong> tenemos la suerte de contar con una comunidad de alrededor de <strong>450 alumnos y alumnas<\/strong> llenos de curiosidad, energ\u00eda y ganas de aprender.<br>Son el coraz\u00f3n del colegio, la raz\u00f3n de cada proyecto, cada ilusi\u00f3n y cada logro compartido.<\/p>\n<\/div>\n<\/div>\n\n\n\n<div class=\"wp-block-columns are-vertically-aligned-center seccion is-layout-flex wp-container-core-columns-is-layout-28f84493 wp-block-columns-is-layout-flex\">\n<div class=\"wp-block-column is-vertically-aligned-center box-text is-layout-flow wp-block-column-is-layout-flow\" style=\"flex-basis:50%\">\n<h2 class=\"wp-block-heading\">Distribuci\u00f3n del alumnado<\/h2>\n\n\n\n<p>Nuestro alumnado tiene edades comprendidas entre los <strong>3 y los 12 a\u00f1os<\/strong>, abarcando desde <strong>Educaci\u00f3n Infantil hasta 6.\u00ba de Primaria<\/strong>.<br>El centro cuenta con <strong>dos grupos por nivel<\/strong>, excepto en <strong>Infantil de 3 a\u00f1os<\/strong>, donde este curso tenemos <strong>tres aulas<\/strong> debido a la alta demanda de nuevas matr\u00edculas.<\/p>\n\n\n\n<p class=\"card\">En la organizaci\u00f3n de los grupos se procura mantener un <strong>equilibrio entre ni\u00f1os y ni\u00f1as<\/strong> y atender a la <strong>diversidad del alumnado<\/strong>, favoreciendo un entorno inclusivo, participativo y de aprendizaje cooperativo.<\/p>\n<\/div>\n\n\n\n<div class=\"wp-block-column is-vertically-aligned-center is-layout-flow wp-block-column-is-layout-flow\" style=\"flex-basis:50%\">\n<figure class=\"wp-block-image size-large img-full\"><img loading=\"lazy\" decoding=\"async\" width=\"1024\" height=\"678\" src=\"https:\/\/site.educa.madrid.org\/cp.ginerdelosrios.torrejondeardoz\/\/wp-content\/uploads\/cp.ginerdelosrios.torrejondeardoz\/2022\/05\/taylor-wilcox-4nKOEAQaTgA-unsplash-1024x678.jpg\" alt=\"portada sitio: alumno mirando pizarra\" class=\"wp-image-308\" srcset=\"https:\/\/site.educa.madrid.org\/cp.ginerdelosrios.torrejondeardoz\/\/wp-content\/uploads\/cp.ginerdelosrios.torrejondeardoz\/2022\/05\/taylor-wilcox-4nKOEAQaTgA-unsplash-1024x678.jpg 1024w, https:\/\/site.educa.madrid.org\/cp.ginerdelosrios.torrejondeardoz\/\/wp-content\/uploads\/cp.ginerdelosrios.torrejondeardoz\/2022\/05\/taylor-wilcox-4nKOEAQaTgA-unsplash-300x199.jpg 300w, https:\/\/site.educa.madrid.org\/cp.ginerdelosrios.torrejondeardoz\/\/wp-content\/uploads\/cp.ginerdelosrios.torrejondeardoz\/2022\/05\/taylor-wilcox-4nKOEAQaTgA-unsplash-768x509.jpg 768w, https:\/\/site.educa.madrid.org\/cp.ginerdelosrios.torrejondeardoz\/\/wp-content\/uploads\/cp.ginerdelosrios.torrejondeardoz\/2022\/05\/taylor-wilcox-4nKOEAQaTgA-unsplash-391x260.jpg 391w, https:\/\/site.educa.madrid.org\/cp.ginerdelosrios.torrejondeardoz\/\/wp-content\/uploads\/cp.ginerdelosrios.torrejondeardoz\/2022\/05\/taylor-wilcox-4nKOEAQaTgA-unsplash-1536x1018.jpg 1536w, https:\/\/site.educa.madrid.org\/cp.ginerdelosrios.torrejondeardoz\/\/wp-content\/uploads\/cp.ginerdelosrios.torrejondeardoz\/2022\/05\/taylor-wilcox-4nKOEAQaTgA-unsplash.jpg 1920w\" sizes=\"auto, (max-width: 1024px) 100vw, 1024px\" \/><\/figure>\n<\/div>\n<\/div>\n\n\n\n<div class=\"wp-block-columns are-vertically-aligned-center is-layout-flex wp-container-core-columns-is-layout-28f84493 wp-block-columns-is-layout-flex\">\n<div class=\"wp-block-column is-vertically-aligned-center is-layout-flow wp-block-column-is-layout-flow\" style=\"flex-basis:50%\">\n<figure class=\"wp-block-image size-large img-full\"><img loading=\"lazy\" decoding=\"async\" width=\"1024\" height=\"678\" src=\"https:\/\/site.educa.madrid.org\/cp.ginerdelosrios.torrejondeardoz\/\/wp-content\/uploads\/cp.ginerdelosrios.torrejondeardoz\/2022\/05\/taylor-wilcox-4nKOEAQaTgA-unsplash-1024x678.jpg\" alt=\"portada sitio: alumno mirando pizarra\" class=\"wp-image-308\" srcset=\"https:\/\/site.educa.madrid.org\/cp.ginerdelosrios.torrejondeardoz\/\/wp-content\/uploads\/cp.ginerdelosrios.torrejondeardoz\/2022\/05\/taylor-wilcox-4nKOEAQaTgA-unsplash-1024x678.jpg 1024w, https:\/\/site.educa.madrid.org\/cp.ginerdelosrios.torrejondeardoz\/\/wp-content\/uploads\/cp.ginerdelosrios.torrejondeardoz\/2022\/05\/taylor-wilcox-4nKOEAQaTgA-unsplash-300x199.jpg 300w, https:\/\/site.educa.madrid.org\/cp.ginerdelosrios.torrejondeardoz\/\/wp-content\/uploads\/cp.ginerdelosrios.torrejondeardoz\/2022\/05\/taylor-wilcox-4nKOEAQaTgA-unsplash-768x509.jpg 768w, https:\/\/site.educa.madrid.org\/cp.ginerdelosrios.torrejondeardoz\/\/wp-content\/uploads\/cp.ginerdelosrios.torrejondeardoz\/2022\/05\/taylor-wilcox-4nKOEAQaTgA-unsplash-391x260.jpg 391w, https:\/\/site.educa.madrid.org\/cp.ginerdelosrios.torrejondeardoz\/\/wp-content\/uploads\/cp.ginerdelosrios.torrejondeardoz\/2022\/05\/taylor-wilcox-4nKOEAQaTgA-unsplash-1536x1018.jpg 1536w, https:\/\/site.educa.madrid.org\/cp.ginerdelosrios.torrejondeardoz\/\/wp-content\/uploads\/cp.ginerdelosrios.torrejondeardoz\/2022\/05\/taylor-wilcox-4nKOEAQaTgA-unsplash.jpg 1920w\" sizes=\"auto, (max-width: 1024px) 100vw, 1024px\" \/><\/figure>\n<\/div>\n\n\n\n<div class=\"wp-block-column is-vertically-aligned-center box-text is-layout-flow wp-block-column-is-layout-flow\" style=\"flex-basis:50%\">\n<h2 class=\"wp-block-heading\">Crecer y convivir<\/h2>\n\n\n\n<p>Nuestro alumnado es diverso, activo y participativo.<br>Cada d\u00eda demuestra que aprender tambi\u00e9n significa <strong>compartir, respetar, ayudar y convivir<\/strong>.<\/p>\n\n\n\n<p>Desde las aulas hasta los patios, los proyectos o las celebraciones, se promueve la <strong>igualdad, la colaboraci\u00f3n y el respeto mutuo<\/strong> como base de la vida escolar.<\/p>\n<\/div>\n<\/div>\n\n\n\n<h3 class=\"wp-block-heading\">Centro Preferente para alumnado con Trastornos del Espectro del Autismo (TEA)<\/h3>\n\n\n\n<p>Desde el curso <strong>2019\/2020<\/strong>, el CEIP Giner de los R\u00edos es <strong>Centro Preferente para alumnado con Trastornos del Espectro del Autismo (TEA)<\/strong>, con un aula espec\u00edfica \u2014<strong>Aula TGD \u201cEstrellas\u201d<\/strong>\u2014 que favorece la inclusi\u00f3n y la participaci\u00f3n activa de todo el alumnado en la vida del centro.<\/p>\n\n\n\n<p>Esta aula, atendida por <strong>una maestra de Pedagog\u00eda Terap\u00e9utica y una T\u00e9cnico Superior en Integraci\u00f3n Social<\/strong>, permite ofrecer apoyos personalizados y actividades adaptadas, fomentando siempre la convivencia y la integraci\u00f3n.<\/p>\n\n\n\n<p>En el <strong>CEIP Giner de los R\u00edos<\/strong> fomentamos una <strong>convivencia positiva<\/strong>, basada en el respeto, la empat\u00eda y la responsabilidad compartida.<br>Porque creemos que <strong>educar es acompa\u00f1ar a cada ni\u00f1o y ni\u00f1a a descubrir qui\u00e9n es, qu\u00e9 puede hacer y cu\u00e1nto puede aportar a los dem\u00e1s.<\/strong> \ud83d\udc9b<\/p>\n","protected":false},"excerpt":{"rendered":"<p>En el CEIP Giner de los R\u00edos tenemos la suerte de contar con una comunidad de alrededor de 450 alumnos y alumnas llenos de curiosidad, energ\u00eda y ganas de aprender.Son el coraz\u00f3n del colegio, la raz\u00f3n de cada proyecto, cada ilusi\u00f3n y cada logro compartido. Distribuci\u00f3n del alumnado Nuestro alumnado tiene edades comprendidas entre los [&hellip;]<\/p>\n","protected":false},"author":9,"featured_media":1182,"parent":112,"menu_order":0,"comment_status":"closed","ping_status":"closed","template":"","meta":{"footnotes":""},"folder":[],"class_list":["post-114","page","type-page","status-publish","has-post-thumbnail","hentry"],"rttpg_featured_image_url":{"full":["https:\/\/site.educa.madrid.org\/cp.ginerdelosrios.torrejondeardoz\/\/wp-content\/uploads\/cp.ginerdelosrios.torrejondeardoz\/2026\/02\/alumnado.webp",1024,542,false],"landscape":["https:\/\/site.educa.madrid.org\/cp.ginerdelosrios.torrejondeardoz\/\/wp-content\/uploads\/cp.ginerdelosrios.torrejondeardoz\/2026\/02\/alumnado.webp",1024,542,false],"portraits":["https:\/\/site.educa.madrid.org\/cp.ginerdelosrios.torrejondeardoz\/\/wp-content\/uploads\/cp.ginerdelosrios.torrejondeardoz\/2026\/02\/alumnado.webp",1024,542,false],"thumbnail":["https:\/\/site.educa.madrid.org\/cp.ginerdelosrios.torrejondeardoz\/\/wp-content\/uploads\/cp.ginerdelosrios.torrejondeardoz\/2026\/02\/alumnado-150x150.webp",150,150,true],"medium":["https:\/\/site.educa.madrid.org\/cp.ginerdelosrios.torrejondeardoz\/\/wp-content\/uploads\/cp.ginerdelosrios.torrejondeardoz\/2026\/02\/alumnado-300x159.webp",300,159,true],"large":["https:\/\/site.educa.madrid.org\/cp.ginerdelosrios.torrejondeardoz\/\/wp-content\/uploads\/cp.ginerdelosrios.torrejondeardoz\/2026\/02\/alumnado.webp",640,339,false],"thumblist":["https:\/\/site.educa.madrid.org\/cp.ginerdelosrios.torrejondeardoz\/\/wp-content\/uploads\/cp.ginerdelosrios.torrejondeardoz\/2026\/02\/alumnado-300x300.webp",300,300,true],"thumbrelated":["https:\/\/site.educa.madrid.org\/cp.ginerdelosrios.torrejondeardoz\/\/wp-content\/uploads\/cp.ginerdelosrios.torrejondeardoz\/2026\/02\/alumnado-500x500.webp",500,500,true],"meccarouselthumb":["https:\/\/site.educa.madrid.org\/cp.ginerdelosrios.torrejondeardoz\/\/wp-content\/uploads\/cp.ginerdelosrios.torrejondeardoz\/2026\/02\/alumnado-474x324.webp",474,324,true],"gridsquare":["https:\/\/site.educa.madrid.org\/cp.ginerdelosrios.torrejondeardoz\/\/wp-content\/uploads\/cp.ginerdelosrios.torrejondeardoz\/2026\/02\/alumnado-391x260.webp",391,260,true],"tileview":["https:\/\/site.educa.madrid.org\/cp.ginerdelosrios.torrejondeardoz\/\/wp-content\/uploads\/cp.ginerdelosrios.torrejondeardoz\/2026\/02\/alumnado-300x400.webp",300,400,true],"1536x1536":["https:\/\/site.educa.madrid.org\/cp.ginerdelosrios.torrejondeardoz\/\/wp-content\/uploads\/cp.ginerdelosrios.torrejondeardoz\/2026\/02\/alumnado.webp",1024,542,false],"2048x2048":["https:\/\/site.educa.madrid.org\/cp.ginerdelosrios.torrejondeardoz\/\/wp-content\/uploads\/cp.ginerdelosrios.torrejondeardoz\/2026\/02\/alumnado.webp",1024,542,false],"total-portfolio-thumb":["https:\/\/site.educa.madrid.org\/cp.ginerdelosrios.torrejondeardoz\/\/wp-content\/uploads\/cp.ginerdelosrios.torrejondeardoz\/2026\/02\/alumnado-400x400.webp",400,400,true],"total-team-thumb":["https:\/\/site.educa.madrid.org\/cp.ginerdelosrios.torrejondeardoz\/\/wp-content\/uploads\/cp.ginerdelosrios.torrejondeardoz\/2026\/02\/alumnado-350x420.webp",350,420,true],"total-blog-thumb":["https:\/\/site.educa.madrid.org\/cp.ginerdelosrios.torrejondeardoz\/\/wp-content\/uploads\/cp.ginerdelosrios.torrejondeardoz\/2026\/02\/alumnado-400x280.webp",400,280,true],"total-thumb":["https:\/\/site.educa.madrid.org\/cp.ginerdelosrios.torrejondeardoz\/\/wp-content\/uploads\/cp.ginerdelosrios.torrejondeardoz\/2026\/02\/alumnado-100x100.webp",100,100,true],"total-blog-header":["https:\/\/site.educa.madrid.org\/cp.ginerdelosrios.torrejondeardoz\/\/wp-content\/uploads\/cp.ginerdelosrios.torrejondeardoz\/2026\/02\/alumnado-720x360.webp",720,360,true],"sow-carousel-default":["https:\/\/site.educa.madrid.org\/cp.ginerdelosrios.torrejondeardoz\/\/wp-content\/uploads\/cp.ginerdelosrios.torrejondeardoz\/2026\/02\/alumnado-272x182.webp",272,182,true],"sow-post-carousel-overlay-theme":["https:\/\/site.educa.madrid.org\/cp.ginerdelosrios.torrejondeardoz\/\/wp-content\/uploads\/cp.ginerdelosrios.torrejondeardoz\/2026\/02\/alumnado-360x476.webp",360,476,true],"sow-post-carousel-cards-theme":["https:\/\/site.educa.madrid.org\/cp.ginerdelosrios.torrejondeardoz\/\/wp-content\/uploads\/cp.ginerdelosrios.torrejondeardoz\/2026\/02\/alumnado-360x240.webp",360,240,true],"rt_custom":["https:\/\/site.educa.madrid.org\/cp.ginerdelosrios.torrejondeardoz\/\/wp-content\/uploads\/cp.ginerdelosrios.torrejondeardoz\/2026\/02\/alumnado.webp",1024,542,false]},"rttpg_author":{"display_name":"Cuenta Compdigedu cp ginerdelosrios torrejondeardoz","author_link":"https:\/\/site.educa.madrid.org\/cp.ginerdelosrios.torrejondeardoz\/index.php\/author\/cuenta_compdigedu-cp-ginerdelosrios-torrejondeardo\/"},"rttpg_comment":0,"rttpg_category":false,"rttpg_excerpt":"En el CEIP Giner de los R\u00edos tenemos la suerte de contar con una comunidad de alrededor de 450 alumnos y alumnas llenos de curiosidad, energ\u00eda y ganas de aprender.Son el coraz\u00f3n del colegio, la raz\u00f3n de cada proyecto, cada ilusi\u00f3n y cada logro compartido. Distribuci\u00f3n del alumnado Nuestro alumnado tiene edades comprendidas entre los&hellip;","post_mailing_queue_ids":[],"_links":{"self":[{"href":"https:\/\/site.educa.madrid.org\/cp.ginerdelosrios.torrejondeardoz\/index.php\/wp-json\/wp\/v2\/pages\/114","targetHints":{"allow":["GET"]}}],"collection":[{"href":"https:\/\/site.educa.madrid.org\/cp.ginerdelosrios.torrejondeardoz\/index.php\/wp-json\/wp\/v2\/pages"}],"about":[{"href":"https:\/\/site.educa.madrid.org\/cp.ginerdelosrios.torrejondeardoz\/index.php\/wp-json\/wp\/v2\/types\/page"}],"author":[{"embeddable":true,"href":"https:\/\/site.educa.madrid.org\/cp.ginerdelosrios.torrejondeardoz\/index.php\/wp-json\/wp\/v2\/users\/9"}],"replies":[{"embeddable":true,"href":"https:\/\/site.educa.madrid.org\/cp.ginerdelosrios.torrejondeardoz\/index.php\/wp-json\/wp\/v2\/comments?post=114"}],"version-history":[{"count":50,"href":"https:\/\/site.educa.madrid.org\/cp.ginerdelosrios.torrejondeardoz\/index.php\/wp-json\/wp\/v2\/pages\/114\/revisions"}],"predecessor-version":[{"id":2340,"href":"https:\/\/site.educa.madrid.org\/cp.ginerdelosrios.torrejondeardoz\/index.php\/wp-json\/wp\/v2\/pages\/114\/revisions\/2340"}],"up":[{"embeddable":true,"href":"https:\/\/site.educa.madrid.org\/cp.ginerdelosrios.torrejondeardoz\/index.php\/wp-json\/wp\/v2\/pages\/112"}],"wp:featuredmedia":[{"embeddable":true,"href":"https:\/\/site.educa.madrid.org\/cp.ginerdelosrios.torrejondeardoz\/index.php\/wp-json\/wp\/v2\/media\/1182"}],"wp:attachment":[{"href":"https:\/\/site.educa.madrid.org\/cp.ginerdelosrios.torrejondeardoz\/index.php\/wp-json\/wp\/v2\/media?parent=114"}],"wp:term":[{"taxonomy":"folder","embeddable":true,"href":"https:\/\/site.educa.madrid.org\/cp.ginerdelosrios.torrejondeardoz\/index.php\/wp-json\/wp\/v2\/folder?post=114"}],"curies":[{"name":"wp","href":"https:\/\/api.w.org\/{rel}","templated":true}]}}