{"id":1584,"date":"2026-02-23T23:41:49","date_gmt":"2026-02-23T22:41:49","guid":{"rendered":"https:\/\/site.educa.madrid.org\/cp.ginerdelosrios.torrejondeardoz\/?page_id=1584"},"modified":"2026-02-24T16:55:32","modified_gmt":"2026-02-24T15:55:32","slug":"proyecto-etwinning-2024-25","status":"publish","type":"page","link":"https:\/\/site.educa.madrid.org\/cp.ginerdelosrios.torrejondeardoz\/index.php\/nuestros-proyectos\/proyectos-internacionales\/proyecto-etwinning-2024-25\/","title":{"rendered":"Proyecto eTwinning 2024-25"},"content":{"rendered":"\n<div class=\"wp-block-columns is-layout-flex wp-container-core-columns-is-layout-f5a44f5b wp-block-columns-is-layout-flex\">\n<div class=\"wp-block-column is-layout-flow wp-block-column-is-layout-flow\" style=\"flex-basis:66%\">\n<h2 class=\"wp-block-heading wp-embed-aspect-16-9 wp-has-aspect-ratio\">Green Action for a Blue Planet&nbsp;<\/h2>\n\n\n\n<p class=\"wp-embed-aspect-16-9 wp-has-aspect-ratio\"><span style=\"font-weight: 400;\">El proyecto <\/span><b>\u201cGreen Action for a Blue Planet\u201d<\/b><span style=\"font-weight: 400;\"> naci\u00f3 en el curso 2024\/2025 como una iniciativa conjunta con centros escolares de <\/span><b>Turqu\u00eda y Lituania<\/b><span style=\"font-weight: 400;\">, dentro del programa europeo <\/span><b>eTwinning<\/b><span style=\"font-weight: 400;\">.<\/span><\/p>\n\n\n\n<p class=\"wp-embed-aspect-16-9 wp-has-aspect-ratio\"><span style=\"font-weight: 400;\">Su objetivo es <\/span><b>concienciar a los ni\u00f1os y ni\u00f1as de Educaci\u00f3n Infantil y Primaria sobre la importancia de cuidar el medio ambiente<\/b><span style=\"font-weight: 400;\"> y promover una aut\u00e9ntica cultura de sostenibilidad global.<\/span><\/p>\n\n\n\n<p class=\"wp-embed-aspect-16-9 wp-has-aspect-ratio\"><span style=\"font-weight: 400;\">A lo largo del curso pasado, nuestro alumnado investig\u00f3, comparti\u00f3 experiencias y particip\u00f3 en distintas acciones relacionadas con la protecci\u00f3n del planeta. Las actividades se centraron especialmente en el <\/span><b>cuidado de los oc\u00e9anos y la biodiversidad<\/b><span style=\"font-weight: 400;\">, pilares fundamentales para construir un futuro m\u00e1s sostenible.<\/span><\/p>\n\n\n\n<p class=\"wp-embed-aspect-16-9 wp-has-aspect-ratio\"><span style=\"font-weight: 400;\">Durante el proceso, los docentes actuaron como <\/span><b>facilitadores del aprendizaje<\/b><span style=\"font-weight: 400;\">, guiando a los estudiantes en la creaci\u00f3n de proyectos art\u00edsticos, campa\u00f1as de reciclaje, plantaciones de \u00e1rboles y otras actividades cooperativas desarrolladas junto a sus compa\u00f1eros europeos.<\/span><\/p>\n\n\n\n<div class=\"wp-block-columns is-layout-flex wp-container-core-columns-is-layout-f5a44f5b wp-block-columns-is-layout-flex\">\n<div class=\"wp-block-column card is-layout-flow wp-block-column-is-layout-flow\" style=\"flex-basis:50%\">\n<h2 class=\"wp-block-heading wp-embed-aspect-16-9 wp-has-aspect-ratio\"><span style=\"font-weight: 400;\">Reciclando papel<\/span><\/h2>\n\n\n\n<p class=\"wp-embed-aspect-16-9 wp-has-aspect-ratio\"><span style=\"font-weight: 400;\">Los alumnos de 2\u00ba trabajaron la importancia del reciclaje del papel y el cart\u00f3n, hicieron p\u00f3sters y les dieron una charla a los alumnos de Infantil que os dejamos resumida en este audio.<\/span><\/p>\n\n\n\n<p class=\"wp-embed-aspect-16-9 wp-has-aspect-ratio\"><span style=\"font-weight: 400;\">\u00a1Recicla papel, cuidemos el planeta!<\/span><\/p>\n\n\n\n<iframe loading=\"lazy\" \n  src=\"https:\/\/mediateca.educa.madrid.org\/audio\/o9fbspytyc2cemur\/embed\" \n  width=\"100%\" \n  height=\"150\" \n  frameborder=\"0\" \n  scrolling=\"no\" \n  style=\"border:0;\" \n  allowfullscreen>\n<\/iframe>\n<\/div>\n\n\n\n<div class=\"wp-block-column card is-layout-flow wp-block-column-is-layout-flow\" style=\"flex-basis:50%\">\n<h2 class=\"wp-block-heading wp-embed-aspect-16-9 wp-has-aspect-ratio\"><span style=\"font-weight: 400;\">Mercadillo de intercambio de libros (Infantil)<\/span><\/h2>\n\n\n\n<iframe loading=\"lazy\" \n  src=\"https:\/\/mediateca.educa.madrid.org\/audio\/zvruvh3zt2igsygx\/embed\" \n  width=\"100%\" \n  height=\"150\" \n  frameborder=\"0\" \n  scrolling=\"no\" \n  style=\"border:0;\" \n  allowfullscreen>\n<\/iframe>\n<\/div>\n<\/div>\n\n\n\n<h2 class=\"wp-block-heading wp-embed-aspect-16-9 wp-has-aspect-ratio\">Pintamos la valla del colegio<\/h2>\n\n\n\n<figure class=\"wp-block-gallery has-nested-images columns-default is-cropped wp-block-gallery-1 is-layout-flex wp-block-gallery-is-layout-flex\">\n<figure class=\"wp-block-image size-large\"><img loading=\"lazy\" decoding=\"async\" width=\"1024\" height=\"576\" data-id=\"1608\" src=\"https:\/\/site.educa.madrid.org\/cp.ginerdelosrios.torrejondeardoz\/\/wp-content\/uploads\/cp.ginerdelosrios.torrejondeardoz\/2026\/02\/IMG_20250526_110555-1024x576.jpg\" alt=\"\" class=\"wp-image-1608\" srcset=\"https:\/\/site.educa.madrid.org\/cp.ginerdelosrios.torrejondeardoz\/\/wp-content\/uploads\/cp.ginerdelosrios.torrejondeardoz\/2026\/02\/IMG_20250526_110555-1024x576.jpg 1024w, https:\/\/site.educa.madrid.org\/cp.ginerdelosrios.torrejondeardoz\/\/wp-content\/uploads\/cp.ginerdelosrios.torrejondeardoz\/2026\/02\/IMG_20250526_110555-300x169.jpg 300w, https:\/\/site.educa.madrid.org\/cp.ginerdelosrios.torrejondeardoz\/\/wp-content\/uploads\/cp.ginerdelosrios.torrejondeardoz\/2026\/02\/IMG_20250526_110555-768x432.jpg 768w, https:\/\/site.educa.madrid.org\/cp.ginerdelosrios.torrejondeardoz\/\/wp-content\/uploads\/cp.ginerdelosrios.torrejondeardoz\/2026\/02\/IMG_20250526_110555-1536x864.jpg 1536w, https:\/\/site.educa.madrid.org\/cp.ginerdelosrios.torrejondeardoz\/\/wp-content\/uploads\/cp.ginerdelosrios.torrejondeardoz\/2026\/02\/IMG_20250526_110555-2048x1153.jpg 2048w\" sizes=\"auto, (max-width: 1024px) 100vw, 1024px\" \/><\/figure>\n\n\n\n<figure class=\"wp-block-image size-large\"><img loading=\"lazy\" decoding=\"async\" width=\"1024\" height=\"576\" data-id=\"1610\" src=\"https:\/\/site.educa.madrid.org\/cp.ginerdelosrios.torrejondeardoz\/\/wp-content\/uploads\/cp.ginerdelosrios.torrejondeardoz\/2026\/02\/IMG_20250526_102023-1024x576.jpg\" alt=\"\" class=\"wp-image-1610\" srcset=\"https:\/\/site.educa.madrid.org\/cp.ginerdelosrios.torrejondeardoz\/\/wp-content\/uploads\/cp.ginerdelosrios.torrejondeardoz\/2026\/02\/IMG_20250526_102023-1024x576.jpg 1024w, https:\/\/site.educa.madrid.org\/cp.ginerdelosrios.torrejondeardoz\/\/wp-content\/uploads\/cp.ginerdelosrios.torrejondeardoz\/2026\/02\/IMG_20250526_102023-300x169.jpg 300w, https:\/\/site.educa.madrid.org\/cp.ginerdelosrios.torrejondeardoz\/\/wp-content\/uploads\/cp.ginerdelosrios.torrejondeardoz\/2026\/02\/IMG_20250526_102023-768x432.jpg 768w, https:\/\/site.educa.madrid.org\/cp.ginerdelosrios.torrejondeardoz\/\/wp-content\/uploads\/cp.ginerdelosrios.torrejondeardoz\/2026\/02\/IMG_20250526_102023-1536x864.jpg 1536w, https:\/\/site.educa.madrid.org\/cp.ginerdelosrios.torrejondeardoz\/\/wp-content\/uploads\/cp.ginerdelosrios.torrejondeardoz\/2026\/02\/IMG_20250526_102023-2048x1153.jpg 2048w\" sizes=\"auto, (max-width: 1024px) 100vw, 1024px\" \/><\/figure>\n<\/figure>\n\n\n\n<p class=\"wp-embed-aspect-16-9 wp-has-aspect-ratio\">&nbsp;<\/p>\n<\/div>\n\n\n\n<div class=\"wp-block-column is-layout-flow wp-block-column-is-layout-flow\" style=\"flex-basis:33%\">\n<figure class=\"wp-block-image size-full\"><img loading=\"lazy\" decoding=\"async\" width=\"600\" height=\"337\" src=\"https:\/\/site.educa.madrid.org\/cp.ginerdelosrios.torrejondeardoz\/\/wp-content\/uploads\/cp.ginerdelosrios.torrejondeardoz\/2026\/02\/etwinning.png\" alt=\"\" class=\"wp-image-1886\" srcset=\"https:\/\/site.educa.madrid.org\/cp.ginerdelosrios.torrejondeardoz\/\/wp-content\/uploads\/cp.ginerdelosrios.torrejondeardoz\/2026\/02\/etwinning.png 600w, https:\/\/site.educa.madrid.org\/cp.ginerdelosrios.torrejondeardoz\/\/wp-content\/uploads\/cp.ginerdelosrios.torrejondeardoz\/2026\/02\/etwinning-300x169.png 300w\" sizes=\"auto, (max-width: 600px) 100vw, 600px\" \/><\/figure>\n\n\n\t\t<div class=\"rttpg-block-postgrid rttpg-block-wrapper rttpg-block-6082e8 tpg-wrapper-align-left tpg-filter-type-dropdown section-title-style-style4 img_hover_animation_default title-default title_position_default title_hover_border_enable meta_position_default tpg-is-author-icon-default author-image-visibility-icon tpg-category-position-default readmore-btn-default-style grid-hover-overlay-type-always grid-hover-overlay-height-default hover-overlay-height-default tpg-title-border-default filter-nex-prev-btn-visible tpg-cat-style1 slider-scroll-hide act-label-style-inline\">\n\t\t\t<div class=\"rt-container-fluid rt-tpg-container tpg-el-main-wrapper tpg-gutenberg clearfix list-layout1-main\"\n\t\t\t\t id=\"rt-tpg-container-2060680059\"\n\t\t\t\t data-layout=\"list-layout1\"\n\t\t\t\t data-grid-style=\"tpg-even\" data-sc-id=\"elementor\"\n\t\t\t\t data-el-settings=''\n\t\t\t\t data-el-query=''\n\t\t\t\t data-el-path=''>\n\t\t\t\t\t\t\t\t<div class='tpg-header-wrapper '>\n\t\t\t\t\t\n        <div class=\"tpg-widget-heading-wrapper rt-clear heading-style4 \">\n            <span class=\"tpg-widget-heading-line line-left\"><\/span>\n\t\t\t<h2 class='tpg-widget-heading'>\n\t\t\t            <a href=\"#\"  >\n\t\t\t\t\n\t\t\t\t                    <span>\n\t\t\t\t\t\tProyectos internacionales\t\t\t\t\t<\/span>\n\t\t\t\t\t\n\t\t\t\t            <\/a>\n\n\t\t\t\t\t<\/h2>            <span class=\"tpg-widget-heading-line line-right\"><\/span>\n\n\t\t\t\n        <\/div>\n\n\t\t\n\t\t\t\t\t\t<\/div>\n\t\t\t\t<div class=\"rt-row rt-content-loader gutenberg-inner list-layout1 tpg-even list-behaviour list-layout-wrapper\">\n\t\t\t\t\t\n<div class=\"rt-col-md-12 rt-col-sm-12 rt-col-xs-12 default rt-list-item rt-grid-item\" data-id=\"1612\">\n\t<div class=\"rt-holder tpg-post-holder \">\n\t\t<div class=\"rt-detail rt-el-content-wrapper\">\n\t\t\t\n\t\t\t<div class=\"post-right-content\">\n\n\t\t\t\t<div class=\"entry-title-wrapper\"><h3 class=\"entry-title\"><a data-id=\"1612\" href=\"https:\/\/site.educa.madrid.org\/cp.ginerdelosrios.torrejondeardoz\/index.php\/nuestros-proyectos\/proyectos-internacionales\/proyecto-etwinning-2025-26\/\" class=\"tpg-post-link\" target=\"_self\">Proyecto eTwinning 2025-26<\/a><\/h3><\/div>\n\t\t\t\t\n\t\t\t\t\n\t\t\t\t\t\t\t<\/div>\n\n\t\t<\/div>\n\t<\/div>\n<\/div>\n<div class=\"rt-col-md-12 rt-col-sm-12 rt-col-xs-12 default rt-list-item rt-grid-item\" data-id=\"1584\">\n\t<div class=\"rt-holder tpg-post-holder \">\n\t\t<div class=\"rt-detail rt-el-content-wrapper\">\n\t\t\t\n\t\t\t<div class=\"post-right-content\">\n\n\t\t\t\t<div class=\"entry-title-wrapper\"><h3 class=\"entry-title\"><a data-id=\"1584\" href=\"https:\/\/site.educa.madrid.org\/cp.ginerdelosrios.torrejondeardoz\/index.php\/nuestros-proyectos\/proyectos-internacionales\/proyecto-etwinning-2024-25\/\" class=\"tpg-post-link\" target=\"_self\">Proyecto eTwinning 2024-25<\/a><\/h3><\/div>\n\t\t\t\t\n\t\t\t\t\n\t\t\t\t\t\t\t<\/div>\n\n\t\t<\/div>\n\t<\/div>\n<\/div>\t\t\t\t<\/div>\n\n\t\t\t\t\n\t\t\t<\/div>\n\t\t<\/div>\n\t\t\n\n\n<video width=\"100%\" height=\"auto\" controls poster=\"LINK_DE_UNA_IMAGEN_DE_PORTADA\" style=\"border-radius: 10px;\">\n  <source src=\"https:\/\/site.educa.madrid.org\/cp.ginerdelosrios.torrejondeardoz\/\/wp-content\/uploads\/cp.ginerdelosrios.torrejondeardoz\/2026\/02\/Green-Action-1.mp4\" type=\"video\/mp4\">\n  Tu navegador no soporta la reproducci\u00f3n de v\u00eddeos.\n<\/video>\n<\/div>\n<\/div>\n","protected":false},"excerpt":{"rendered":"<p>Green Action for a Blue Planet&nbsp; El proyecto \u201cGreen Action for a Blue Planet\u201d naci\u00f3 en el curso 2024\/2025 como una iniciativa conjunta con centros escolares de Turqu\u00eda y Lituania, dentro del programa europeo eTwinning. Su objetivo es concienciar a los ni\u00f1os y ni\u00f1as de Educaci\u00f3n Infantil y Primaria sobre la importancia de cuidar el [&hellip;]<\/p>\n","protected":false},"author":9,"featured_media":1886,"parent":794,"menu_order":0,"comment_status":"closed","ping_status":"closed","template":"","meta":{"footnotes":""},"folder":[11],"class_list":["post-1584","page","type-page","status-publish","has-post-thumbnail","hentry"],"rttpg_featured_image_url":{"full":["https:\/\/site.educa.madrid.org\/cp.ginerdelosrios.torrejondeardoz\/\/wp-content\/uploads\/cp.ginerdelosrios.torrejondeardoz\/2026\/02\/etwinning.png",600,337,false],"landscape":["https:\/\/site.educa.madrid.org\/cp.ginerdelosrios.torrejondeardoz\/\/wp-content\/uploads\/cp.ginerdelosrios.torrejondeardoz\/2026\/02\/etwinning.png",600,337,false],"portraits":["https:\/\/site.educa.madrid.org\/cp.ginerdelosrios.torrejondeardoz\/\/wp-content\/uploads\/cp.ginerdelosrios.torrejondeardoz\/2026\/02\/etwinning.png",600,337,false],"thumbnail":["https:\/\/site.educa.madrid.org\/cp.ginerdelosrios.torrejondeardoz\/\/wp-content\/uploads\/cp.ginerdelosrios.torrejondeardoz\/2026\/02\/etwinning-150x150.png",150,150,true],"medium":["https:\/\/site.educa.madrid.org\/cp.ginerdelosrios.torrejondeardoz\/\/wp-content\/uploads\/cp.ginerdelosrios.torrejondeardoz\/2026\/02\/etwinning-300x169.png",300,169,true],"large":["https:\/\/site.educa.madrid.org\/cp.ginerdelosrios.torrejondeardoz\/\/wp-content\/uploads\/cp.ginerdelosrios.torrejondeardoz\/2026\/02\/etwinning.png",600,337,false],"thumblist":["https:\/\/site.educa.madrid.org\/cp.ginerdelosrios.torrejondeardoz\/\/wp-content\/uploads\/cp.ginerdelosrios.torrejondeardoz\/2026\/02\/etwinning-300x300.png",300,300,true],"thumbrelated":["https:\/\/site.educa.madrid.org\/cp.ginerdelosrios.torrejondeardoz\/\/wp-content\/uploads\/cp.ginerdelosrios.torrejondeardoz\/2026\/02\/etwinning-500x337.png",500,337,true],"meccarouselthumb":["https:\/\/site.educa.madrid.org\/cp.ginerdelosrios.torrejondeardoz\/\/wp-content\/uploads\/cp.ginerdelosrios.torrejondeardoz\/2026\/02\/etwinning-474x324.png",474,324,true],"gridsquare":["https:\/\/site.educa.madrid.org\/cp.ginerdelosrios.torrejondeardoz\/\/wp-content\/uploads\/cp.ginerdelosrios.torrejondeardoz\/2026\/02\/etwinning-391x260.png",391,260,true],"tileview":["https:\/\/site.educa.madrid.org\/cp.ginerdelosrios.torrejondeardoz\/\/wp-content\/uploads\/cp.ginerdelosrios.torrejondeardoz\/2026\/02\/etwinning-300x337.png",300,337,true],"1536x1536":["https:\/\/site.educa.madrid.org\/cp.ginerdelosrios.torrejondeardoz\/\/wp-content\/uploads\/cp.ginerdelosrios.torrejondeardoz\/2026\/02\/etwinning.png",600,337,false],"2048x2048":["https:\/\/site.educa.madrid.org\/cp.ginerdelosrios.torrejondeardoz\/\/wp-content\/uploads\/cp.ginerdelosrios.torrejondeardoz\/2026\/02\/etwinning.png",600,337,false],"total-portfolio-thumb":["https:\/\/site.educa.madrid.org\/cp.ginerdelosrios.torrejondeardoz\/\/wp-content\/uploads\/cp.ginerdelosrios.torrejondeardoz\/2026\/02\/etwinning-400x337.png",400,337,true],"total-team-thumb":["https:\/\/site.educa.madrid.org\/cp.ginerdelosrios.torrejondeardoz\/\/wp-content\/uploads\/cp.ginerdelosrios.torrejondeardoz\/2026\/02\/etwinning-350x337.png",350,337,true],"total-blog-thumb":["https:\/\/site.educa.madrid.org\/cp.ginerdelosrios.torrejondeardoz\/\/wp-content\/uploads\/cp.ginerdelosrios.torrejondeardoz\/2026\/02\/etwinning-400x280.png",400,280,true],"total-thumb":["https:\/\/site.educa.madrid.org\/cp.ginerdelosrios.torrejondeardoz\/\/wp-content\/uploads\/cp.ginerdelosrios.torrejondeardoz\/2026\/02\/etwinning-100x100.png",100,100,true],"total-blog-header":["https:\/\/site.educa.madrid.org\/cp.ginerdelosrios.torrejondeardoz\/\/wp-content\/uploads\/cp.ginerdelosrios.torrejondeardoz\/2026\/02\/etwinning.png",600,337,false],"sow-carousel-default":["https:\/\/site.educa.madrid.org\/cp.ginerdelosrios.torrejondeardoz\/\/wp-content\/uploads\/cp.ginerdelosrios.torrejondeardoz\/2026\/02\/etwinning-272x182.png",272,182,true],"sow-post-carousel-overlay-theme":["https:\/\/site.educa.madrid.org\/cp.ginerdelosrios.torrejondeardoz\/\/wp-content\/uploads\/cp.ginerdelosrios.torrejondeardoz\/2026\/02\/etwinning-360x337.png",360,337,true],"sow-post-carousel-cards-theme":["https:\/\/site.educa.madrid.org\/cp.ginerdelosrios.torrejondeardoz\/\/wp-content\/uploads\/cp.ginerdelosrios.torrejondeardoz\/2026\/02\/etwinning-360x240.png",360,240,true],"rt_custom":["https:\/\/site.educa.madrid.org\/cp.ginerdelosrios.torrejondeardoz\/\/wp-content\/uploads\/cp.ginerdelosrios.torrejondeardoz\/2026\/02\/etwinning.png",600,337,false]},"rttpg_author":{"display_name":"Cuenta Compdigedu cp ginerdelosrios torrejondeardoz","author_link":"https:\/\/site.educa.madrid.org\/cp.ginerdelosrios.torrejondeardoz\/index.php\/author\/cuenta_compdigedu-cp-ginerdelosrios-torrejondeardo\/"},"rttpg_comment":0,"rttpg_category":" <a href=\"https:\/\/site.educa.madrid.org\/cp.ginerdelosrios.torrejondeardoz\/?taxonomy=folder&#038;term=proyectos-internacionales\" rel=\"tag\">Proyectos internacionales<\/a>","rttpg_excerpt":"Green Action for a Blue Planet&nbsp; El proyecto \u201cGreen Action for a Blue Planet\u201d naci\u00f3 en el curso 2024\/2025 como una iniciativa conjunta con centros escolares de Turqu\u00eda y Lituania, dentro del programa europeo eTwinning. Su objetivo es concienciar a los ni\u00f1os y ni\u00f1as de Educaci\u00f3n Infantil y Primaria sobre la importancia de cuidar el&hellip;","post_mailing_queue_ids":[],"_links":{"self":[{"href":"https:\/\/site.educa.madrid.org\/cp.ginerdelosrios.torrejondeardoz\/index.php\/wp-json\/wp\/v2\/pages\/1584","targetHints":{"allow":["GET"]}}],"collection":[{"href":"https:\/\/site.educa.madrid.org\/cp.ginerdelosrios.torrejondeardoz\/index.php\/wp-json\/wp\/v2\/pages"}],"about":[{"href":"https:\/\/site.educa.madrid.org\/cp.ginerdelosrios.torrejondeardoz\/index.php\/wp-json\/wp\/v2\/types\/page"}],"author":[{"embeddable":true,"href":"https:\/\/site.educa.madrid.org\/cp.ginerdelosrios.torrejondeardoz\/index.php\/wp-json\/wp\/v2\/users\/9"}],"replies":[{"embeddable":true,"href":"https:\/\/site.educa.madrid.org\/cp.ginerdelosrios.torrejondeardoz\/index.php\/wp-json\/wp\/v2\/comments?post=1584"}],"version-history":[{"count":14,"href":"https:\/\/site.educa.madrid.org\/cp.ginerdelosrios.torrejondeardoz\/index.php\/wp-json\/wp\/v2\/pages\/1584\/revisions"}],"predecessor-version":[{"id":1889,"href":"https:\/\/site.educa.madrid.org\/cp.ginerdelosrios.torrejondeardoz\/index.php\/wp-json\/wp\/v2\/pages\/1584\/revisions\/1889"}],"up":[{"embeddable":true,"href":"https:\/\/site.educa.madrid.org\/cp.ginerdelosrios.torrejondeardoz\/index.php\/wp-json\/wp\/v2\/pages\/794"}],"wp:featuredmedia":[{"embeddable":true,"href":"https:\/\/site.educa.madrid.org\/cp.ginerdelosrios.torrejondeardoz\/index.php\/wp-json\/wp\/v2\/media\/1886"}],"wp:attachment":[{"href":"https:\/\/site.educa.madrid.org\/cp.ginerdelosrios.torrejondeardoz\/index.php\/wp-json\/wp\/v2\/media?parent=1584"}],"wp:term":[{"taxonomy":"folder","embeddable":true,"href":"https:\/\/site.educa.madrid.org\/cp.ginerdelosrios.torrejondeardoz\/index.php\/wp-json\/wp\/v2\/folder?post=1584"}],"curies":[{"name":"wp","href":"https:\/\/api.w.org\/{rel}","templated":true}]}}