{"id":1632,"date":"2026-02-24T00:29:02","date_gmt":"2026-02-23T23:29:02","guid":{"rendered":"https:\/\/site.educa.madrid.org\/cp.ginerdelosrios.torrejondeardoz\/?page_id=1632"},"modified":"2026-02-24T00:31:55","modified_gmt":"2026-02-23T23:31:55","slug":"plan-regional-contra-las-drogas","status":"publish","type":"page","link":"https:\/\/site.educa.madrid.org\/cp.ginerdelosrios.torrejondeardoz\/index.php\/nuestros-proyectos\/programas-cam\/plan-regional-contra-las-drogas\/","title":{"rendered":"Plan Regional Contra las Drogas"},"content":{"rendered":"\n<div class=\"wp-block-columns is-layout-flex wp-container-core-columns-is-layout-f5a44f5b wp-block-columns-is-layout-flex\">\n<div class=\"wp-block-column is-layout-flow wp-block-column-is-layout-flow\" style=\"flex-basis:66%\">\n<h2 class=\"wp-block-heading\">Actuaciones del plan en centros p\u00fablicos educativos<\/h2>\n\n\n\n<p>El consumo de drogas es un grave problema con repercusiones, tanto en la persona que las consume, como en el conjunto de la sociedad. El gobierno regional afronta el desaf\u00edo de realizar una labor de car\u00e1cter social y preventiva, con la finalidad de eliminar o modificar los factores de riesgo y fomentar factores de protecci\u00f3n frente al consumo de drogas. Es por ello que, se ha aprobado el <a href=\"https:\/\/www.educa2.madrid.org\/web\/educamadrid\/principal\/files\/164f47b2-e030-45cb-bcea-09d649a84937\/241104%20PlanDrogas_Relacio%CC%81n%20de%20medidas.pdf?t=1730795466163\"><strong>Plan Regional contra las drogas de la Comunidad de Madrid<\/strong> <\/a>y, desde la Consejer\u00eda competente en materia de Educaci\u00f3n de la Comunidad de Madrid, se han desarrollado actuaciones unificadas y coordinadas para frenar y erradicar actitudes en relaci\u00f3n con el consumo de drogas. Los materiales se pueden descargar y consultar en la Web de Convivencia, <a href=\"https:\/\/www.educa2.madrid.org\/web\/convivencia\/material-adicciones-con-sustancias\">aqu\u00ed<\/a>.<\/p>\n\n\n\n<p>A continuaci\u00f3n, se facilita un <strong>NUEVO BUZ\u00d3N DENUNCIAS<\/strong>, que contar\u00e1 con tres v\u00edas distintas a trav\u00e9s de las que, todos los miembros de la comunidad educativa, podr\u00e1n comunicar una situaci\u00f3n de posible riesgo, sospecha, o evidencia de consumo de drogas.<\/p>\n\n\n\n<p>Este buz\u00f3n de denuncias garantizar\u00e1 el anonimato, as\u00ed como las actuaciones derivadas de las mismas bajo el principio de confidencialidad y sigilo en la toma de decisiones.<\/p>\n\n\n\n<p><strong>Buz\u00f3n de denuncias a trav\u00e9s de c\u00f3digo QR<\/strong>: al que podr\u00e9is acceder escaneando el c\u00f3digo QR que veis al lado de esta publicaci\u00f3n. Se trata de un Buz\u00f3n an\u00f3nimo gestionado por la Unidad de convivencia y contra el acoso escolar a trav\u00e9s de la plataforma EducaMadrid. El QR llevar\u00e1 a un formulario WEB an\u00f3nimo que ser\u00e1 enviado a la Unidad de Convivencia de la Comunidad de Madrid.<\/p>\n\n\n\n<p><strong>Buz\u00f3n f\u00edsico de denuncias:<\/strong> situado junto a las puertas de entrada del edificio principal<\/p>\n\n\n\n<p><strong>Buz\u00f3n de denuncias por correo electr\u00f3nico<\/strong>: Tambi\u00e9n se puede enviar una denuncia por correo electr\u00f3nico a buzonfueradrogas@educa.madrid.org. El responsable de este buz\u00f3n de denuncias es la Unidad de Convivencia y contra el acoso escolar que proceder\u00e1 de manera inmediata y seg\u00fan corresponda.<br><\/p>\n<\/div>\n\n\n\n<div class=\"wp-block-column is-layout-flow wp-block-column-is-layout-flow\" style=\"flex-basis:33%\">\t\t<div class=\"rttpg-block-postgrid rttpg-block-wrapper rttpg-block-af889b tpg-wrapper-align-left tpg-filter-type-dropdown section-title-style-style4 img_hover_animation_default title-default title_position_default title_hover_border_enable meta_position_default tpg-is-author-icon-default author-image-visibility-icon tpg-category-position-default readmore-btn-default-style grid-hover-overlay-type-always grid-hover-overlay-height-default hover-overlay-height-default tpg-title-border-default filter-nex-prev-btn-visible tpg-cat-style1 slider-scroll-hide act-label-style-inline\">\n\t\t\t<div class=\"rt-container-fluid rt-tpg-container tpg-el-main-wrapper tpg-gutenberg clearfix list-layout1-main\"\n\t\t\t\t id=\"rt-tpg-container-3128360433\"\n\t\t\t\t data-layout=\"list-layout1\"\n\t\t\t\t data-grid-style=\"tpg-even\" data-sc-id=\"elementor\"\n\t\t\t\t data-el-settings=''\n\t\t\t\t data-el-query=''\n\t\t\t\t data-el-path=''>\n\t\t\t\t\t\t\t\t<div class='tpg-header-wrapper '>\n\t\t\t\t\t\n        <div class=\"tpg-widget-heading-wrapper rt-clear heading-style4 \">\n            <span class=\"tpg-widget-heading-line line-left\"><\/span>\n\t\t\t<h2 class='tpg-widget-heading'>\n\t\t\t            <a href=\"#\"  >\n\t\t\t\t\n\t\t\t\t                    <span>\n\t\t\t\t\t\tProyectos Comunidad de Madrid\t\t\t\t\t<\/span>\n\t\t\t\t\t\n\t\t\t\t            <\/a>\n\n\t\t\t\t\t<\/h2>            <span class=\"tpg-widget-heading-line line-right\"><\/span>\n\n\t\t\t\n        <\/div>\n\n\t\t\n\t\t\t\t\t\t<\/div>\n\t\t\t\t<div class=\"rt-row rt-content-loader gutenberg-inner list-layout1 tpg-even list-behaviour list-layout-wrapper\">\n\t\t\t\t\t\n<div class=\"rt-col-md-12 rt-col-sm-12 rt-col-xs-12 default rt-list-item rt-grid-item\" data-id=\"1644\">\n\t<div class=\"rt-holder tpg-post-holder \">\n\t\t<div class=\"rt-detail rt-el-content-wrapper\">\n\t\t\t\n\t\t\t<div class=\"post-right-content\">\n\n\t\t\t\t<div class=\"entry-title-wrapper\"><h3 class=\"entry-title\"><a data-id=\"1644\" href=\"https:\/\/site.educa.madrid.org\/cp.ginerdelosrios.torrejondeardoz\/index.php\/nuestros-proyectos\/programas-cam\/seguridad-en-internet-y-uso-responsable-de-las-tecnologias\/\" class=\"tpg-post-link\" target=\"_self\">Seguridad en Internet y uso responsable de las tecnolog\u00edas<\/a><\/h3><\/div>\n\t\t\t\t\n\t\t\t\t\n\t\t\t\t\t\t\t<\/div>\n\n\t\t<\/div>\n\t<\/div>\n<\/div>\n<div class=\"rt-col-md-12 rt-col-sm-12 rt-col-xs-12 default rt-list-item rt-grid-item\" data-id=\"1639\">\n\t<div class=\"rt-holder tpg-post-holder \">\n\t\t<div class=\"rt-detail rt-el-content-wrapper\">\n\t\t\t\n\t\t\t<div class=\"post-right-content\">\n\n\t\t\t\t<div class=\"entry-title-wrapper\"><h3 class=\"entry-title\"><a data-id=\"1639\" href=\"https:\/\/site.educa.madrid.org\/cp.ginerdelosrios.torrejondeardoz\/index.php\/nuestros-proyectos\/programas-cam\/prevencion-del-suicidio-y-promocion-del-bienestar-emocional\/\" class=\"tpg-post-link\" target=\"_self\">Prevenci\u00f3n del suicidio y promoci\u00f3n del bienestar emocional<\/a><\/h3><\/div>\n\t\t\t\t\n\t\t\t\t\n\t\t\t\t\t\t\t<\/div>\n\n\t\t<\/div>\n\t<\/div>\n<\/div>\n<div class=\"rt-col-md-12 rt-col-sm-12 rt-col-xs-12 default rt-list-item rt-grid-item\" data-id=\"1632\">\n\t<div class=\"rt-holder tpg-post-holder \">\n\t\t<div class=\"rt-detail rt-el-content-wrapper\">\n\t\t\t\n\t\t\t<div class=\"post-right-content\">\n\n\t\t\t\t<div class=\"entry-title-wrapper\"><h3 class=\"entry-title\"><a data-id=\"1632\" href=\"https:\/\/site.educa.madrid.org\/cp.ginerdelosrios.torrejondeardoz\/index.php\/nuestros-proyectos\/programas-cam\/plan-regional-contra-las-drogas\/\" class=\"tpg-post-link\" target=\"_self\">Plan Regional Contra las Drogas<\/a><\/h3><\/div>\n\t\t\t\t\n\t\t\t\t\n\t\t\t\t\t\t\t<\/div>\n\n\t\t<\/div>\n\t<\/div>\n<\/div>\n<div class=\"rt-col-md-12 rt-col-sm-12 rt-col-xs-12 default rt-list-item rt-grid-item\" data-id=\"1620\">\n\t<div class=\"rt-holder tpg-post-holder \">\n\t\t<div class=\"rt-detail rt-el-content-wrapper\">\n\t\t\t\n\t\t\t<div class=\"post-right-content\">\n\n\t\t\t\t<div class=\"entry-title-wrapper\"><h3 class=\"entry-title\"><a data-id=\"1620\" href=\"https:\/\/site.educa.madrid.org\/cp.ginerdelosrios.torrejondeardoz\/index.php\/nuestros-proyectos\/programas-cam\/prevencion-del-acoso-escolar\/\" class=\"tpg-post-link\" target=\"_self\">Prevenci\u00f3n del acoso escolar<\/a><\/h3><\/div>\n\t\t\t\t\n\t\t\t\t\n\t\t\t\t\t\t\t<\/div>\n\n\t\t<\/div>\n\t<\/div>\n<\/div>\t\t\t\t<\/div>\n\n\t\t\t\t\n\t\t\t<\/div>\n\t\t<\/div>\n\t\t\n\n\n<figure class=\"wp-block-image size-full\"><img loading=\"lazy\" decoding=\"async\" width=\"436\" height=\"550\" src=\"https:\/\/site.educa.madrid.org\/cp.ginerdelosrios.torrejondeardoz\/\/wp-content\/uploads\/cp.ginerdelosrios.torrejondeardoz\/2026\/02\/QR_Buzon-drogas.jpg\" alt=\"\" class=\"wp-image-1635\" srcset=\"https:\/\/site.educa.madrid.org\/cp.ginerdelosrios.torrejondeardoz\/\/wp-content\/uploads\/cp.ginerdelosrios.torrejondeardoz\/2026\/02\/QR_Buzon-drogas.jpg 436w, https:\/\/site.educa.madrid.org\/cp.ginerdelosrios.torrejondeardoz\/\/wp-content\/uploads\/cp.ginerdelosrios.torrejondeardoz\/2026\/02\/QR_Buzon-drogas-238x300.jpg 238w\" sizes=\"auto, (max-width: 436px) 100vw, 436px\" \/><\/figure>\n<\/div>\n<\/div>\n","protected":false},"excerpt":{"rendered":"<p>Actuaciones del plan en centros p\u00fablicos educativos El consumo de drogas es un grave problema con repercusiones, tanto en la persona que las consume, como en el conjunto de la sociedad. El gobierno regional afronta el desaf\u00edo de realizar una labor de car\u00e1cter social y preventiva, con la finalidad de eliminar o modificar los factores [&hellip;]<\/p>\n","protected":false},"author":9,"featured_media":0,"parent":840,"menu_order":0,"comment_status":"closed","ping_status":"closed","template":"","meta":{"footnotes":""},"folder":[12],"class_list":["post-1632","page","type-page","status-publish","hentry"],"rttpg_featured_image_url":null,"rttpg_author":{"display_name":"Cuenta Compdigedu cp ginerdelosrios torrejondeardoz","author_link":"https:\/\/site.educa.madrid.org\/cp.ginerdelosrios.torrejondeardoz\/index.php\/author\/cuenta_compdigedu-cp-ginerdelosrios-torrejondeardo\/"},"rttpg_comment":0,"rttpg_category":" <a href=\"https:\/\/site.educa.madrid.org\/cp.ginerdelosrios.torrejondeardoz\/?taxonomy=folder&#038;term=proyectos-cam\" rel=\"tag\">Programas CM<\/a>","rttpg_excerpt":"Actuaciones del plan en centros p\u00fablicos educativos El consumo de drogas es un grave problema con repercusiones, tanto en la persona que las consume, como en el conjunto de la sociedad. El gobierno regional afronta el desaf\u00edo de realizar una labor de car\u00e1cter social y preventiva, con la finalidad de eliminar o modificar los factores&hellip;","post_mailing_queue_ids":[],"_links":{"self":[{"href":"https:\/\/site.educa.madrid.org\/cp.ginerdelosrios.torrejondeardoz\/index.php\/wp-json\/wp\/v2\/pages\/1632","targetHints":{"allow":["GET"]}}],"collection":[{"href":"https:\/\/site.educa.madrid.org\/cp.ginerdelosrios.torrejondeardoz\/index.php\/wp-json\/wp\/v2\/pages"}],"about":[{"href":"https:\/\/site.educa.madrid.org\/cp.ginerdelosrios.torrejondeardoz\/index.php\/wp-json\/wp\/v2\/types\/page"}],"author":[{"embeddable":true,"href":"https:\/\/site.educa.madrid.org\/cp.ginerdelosrios.torrejondeardoz\/index.php\/wp-json\/wp\/v2\/users\/9"}],"replies":[{"embeddable":true,"href":"https:\/\/site.educa.madrid.org\/cp.ginerdelosrios.torrejondeardoz\/index.php\/wp-json\/wp\/v2\/comments?post=1632"}],"version-history":[{"count":3,"href":"https:\/\/site.educa.madrid.org\/cp.ginerdelosrios.torrejondeardoz\/index.php\/wp-json\/wp\/v2\/pages\/1632\/revisions"}],"predecessor-version":[{"id":1637,"href":"https:\/\/site.educa.madrid.org\/cp.ginerdelosrios.torrejondeardoz\/index.php\/wp-json\/wp\/v2\/pages\/1632\/revisions\/1637"}],"up":[{"embeddable":true,"href":"https:\/\/site.educa.madrid.org\/cp.ginerdelosrios.torrejondeardoz\/index.php\/wp-json\/wp\/v2\/pages\/840"}],"wp:attachment":[{"href":"https:\/\/site.educa.madrid.org\/cp.ginerdelosrios.torrejondeardoz\/index.php\/wp-json\/wp\/v2\/media?parent=1632"}],"wp:term":[{"taxonomy":"folder","embeddable":true,"href":"https:\/\/site.educa.madrid.org\/cp.ginerdelosrios.torrejondeardoz\/index.php\/wp-json\/wp\/v2\/folder?post=1632"}],"curies":[{"name":"wp","href":"https:\/\/api.w.org\/{rel}","templated":true}]}}