{"id":178,"date":"2022-05-31T11:04:12","date_gmt":"2022-05-31T09:04:12","guid":{"rendered":"https:\/\/site.educa.madrid.org\/cp.ginerdelosrios.torrejondeardoz\/?page_id=178"},"modified":"2026-03-25T12:21:11","modified_gmt":"2026-03-25T11:21:11","slug":"actividades-complementarias","status":"publish","type":"page","link":"https:\/\/site.educa.madrid.org\/cp.ginerdelosrios.torrejondeardoz\/index.php\/servicios-y-actividades\/actividades-complementarias\/","title":{"rendered":"Actividades complementarias"},"content":{"rendered":"\n<p>Las actividades complementarias son actuaciones educativas que se desarrollan <strong>dentro del horario lectivo<\/strong> y forman parte de la programaci\u00f3n del centro. Est\u00e1n vinculadas al curr\u00edculo y permiten enriquecer y contextualizar los aprendizajes mediante experiencias culturales, sociales y educativas.<\/p>\n\n\n\n<p>Estas actividades se planifican anualmente y se recogen en el <strong>Plan de Actividades Complementarias<\/strong>, integrado en la Programaci\u00f3n General Anual del centro.<\/p>\n\n\n\n<div class=\"wp-block-group is-layout-grid wp-container-core-group-is-layout-478b6e6b wp-block-group-is-layout-grid\">\n<div class=\"wp-block-group card wp-container-content-f67f277b is-layout-constrained wp-block-group-is-layout-constrained\">\n<figure class=\"wp-block-image size-medium is-resized has-custom-border\"><a href=\"https:\/\/cloud.educa.madrid.org\/s\/bcKaYxAWciZrCo4\" target=\"_blank\" rel=\" noreferrer noopener\"><img loading=\"lazy\" decoding=\"async\" width=\"224\" height=\"300\" src=\"https:\/\/site.educa.madrid.org\/cp.ginerdelosrios.torrejondeardoz\/\/wp-content\/uploads\/cp.ginerdelosrios.torrejondeardoz\/2026\/03\/PAC-25-26-224x300.webp\" alt=\"\" class=\"wp-image-2195\" style=\"border-radius:8px;width:189px;height:auto\" srcset=\"https:\/\/site.educa.madrid.org\/cp.ginerdelosrios.torrejondeardoz\/\/wp-content\/uploads\/cp.ginerdelosrios.torrejondeardoz\/2026\/03\/PAC-25-26-224x300.webp 224w, https:\/\/site.educa.madrid.org\/cp.ginerdelosrios.torrejondeardoz\/\/wp-content\/uploads\/cp.ginerdelosrios.torrejondeardoz\/2026\/03\/PAC-25-26-765x1024.webp 765w, https:\/\/site.educa.madrid.org\/cp.ginerdelosrios.torrejondeardoz\/\/wp-content\/uploads\/cp.ginerdelosrios.torrejondeardoz\/2026\/03\/PAC-25-26-768x1028.webp 768w, https:\/\/site.educa.madrid.org\/cp.ginerdelosrios.torrejondeardoz\/\/wp-content\/uploads\/cp.ginerdelosrios.torrejondeardoz\/2026\/03\/PAC-25-26-300x400.webp 300w, https:\/\/site.educa.madrid.org\/cp.ginerdelosrios.torrejondeardoz\/\/wp-content\/uploads\/cp.ginerdelosrios.torrejondeardoz\/2026\/03\/PAC-25-26.webp 1122w\" sizes=\"auto, (max-width: 224px) 100vw, 224px\" \/><\/a><\/figure>\n\n\n\n<p>Plan de Actividades Complementarias <\/p>\n<\/div>\n\n\n\n<div class=\"wp-block-group card is-layout-constrained wp-block-group-is-layout-constrained\">\n<figure class=\"wp-block-image size-medium is-resized has-custom-border\"><a href=\"https:\/\/cloud.educa.madrid.org\/s\/XZYkjkcaRLaJWoj\" target=\"_blank\" rel=\" noreferrer noopener\"><img loading=\"lazy\" decoding=\"async\" width=\"209\" height=\"300\" src=\"https:\/\/site.educa.madrid.org\/cp.ginerdelosrios.torrejondeardoz\/\/wp-content\/uploads\/cp.ginerdelosrios.torrejondeardoz\/2026\/03\/Excursiones-Cover-209x300.webp\" alt=\"\" class=\"wp-image-2361\" style=\"border-radius:8px;width:189px\" srcset=\"https:\/\/site.educa.madrid.org\/cp.ginerdelosrios.torrejondeardoz\/\/wp-content\/uploads\/cp.ginerdelosrios.torrejondeardoz\/2026\/03\/Excursiones-Cover-209x300.webp 209w, https:\/\/site.educa.madrid.org\/cp.ginerdelosrios.torrejondeardoz\/\/wp-content\/uploads\/cp.ginerdelosrios.torrejondeardoz\/2026\/03\/Excursiones-Cover.webp 554w\" sizes=\"auto, (max-width: 209px) 100vw, 209px\" \/><\/a><\/figure>\n\n\n\n<p>Actividades complementarias fuera del centro 24-25<\/p>\n<\/div>\n<\/div>\n\n\n\n<div style=\"height:30px\" aria-hidden=\"true\" class=\"wp-block-spacer\"><\/div>\n","protected":false},"excerpt":{"rendered":"<p>Propuestas que forman parte del proyecto educativo y se desarrollan dentro del horario escolar.<\/p>\n","protected":false},"author":6,"featured_media":0,"parent":300,"menu_order":0,"comment_status":"closed","ping_status":"closed","template":"","meta":{"footnotes":""},"folder":[13],"class_list":["post-178","page","type-page","status-publish","hentry"],"rttpg_featured_image_url":null,"rttpg_author":{"display_name":"Cuenta Admin-educamadrid","author_link":"https:\/\/site.educa.madrid.org\/cp.ginerdelosrios.torrejondeardoz\/index.php\/author\/cuenta_admin-educamadrid\/"},"rttpg_comment":0,"rttpg_category":" <a href=\"https:\/\/site.educa.madrid.org\/cp.ginerdelosrios.torrejondeardoz\/?taxonomy=folder&#038;term=actividades\" rel=\"tag\">Actividades<\/a>","rttpg_excerpt":"Propuestas que forman parte del proyecto educativo y se desarrollan dentro del horario escolar.","post_mailing_queue_ids":[],"_links":{"self":[{"href":"https:\/\/site.educa.madrid.org\/cp.ginerdelosrios.torrejondeardoz\/index.php\/wp-json\/wp\/v2\/pages\/178","targetHints":{"allow":["GET"]}}],"collection":[{"href":"https:\/\/site.educa.madrid.org\/cp.ginerdelosrios.torrejondeardoz\/index.php\/wp-json\/wp\/v2\/pages"}],"about":[{"href":"https:\/\/site.educa.madrid.org\/cp.ginerdelosrios.torrejondeardoz\/index.php\/wp-json\/wp\/v2\/types\/page"}],"author":[{"embeddable":true,"href":"https:\/\/site.educa.madrid.org\/cp.ginerdelosrios.torrejondeardoz\/index.php\/wp-json\/wp\/v2\/users\/6"}],"replies":[{"embeddable":true,"href":"https:\/\/site.educa.madrid.org\/cp.ginerdelosrios.torrejondeardoz\/index.php\/wp-json\/wp\/v2\/comments?post=178"}],"version-history":[{"count":24,"href":"https:\/\/site.educa.madrid.org\/cp.ginerdelosrios.torrejondeardoz\/index.php\/wp-json\/wp\/v2\/pages\/178\/revisions"}],"predecessor-version":[{"id":2362,"href":"https:\/\/site.educa.madrid.org\/cp.ginerdelosrios.torrejondeardoz\/index.php\/wp-json\/wp\/v2\/pages\/178\/revisions\/2362"}],"up":[{"embeddable":true,"href":"https:\/\/site.educa.madrid.org\/cp.ginerdelosrios.torrejondeardoz\/index.php\/wp-json\/wp\/v2\/pages\/300"}],"wp:attachment":[{"href":"https:\/\/site.educa.madrid.org\/cp.ginerdelosrios.torrejondeardoz\/index.php\/wp-json\/wp\/v2\/media?parent=178"}],"wp:term":[{"taxonomy":"folder","embeddable":true,"href":"https:\/\/site.educa.madrid.org\/cp.ginerdelosrios.torrejondeardoz\/index.php\/wp-json\/wp\/v2\/folder?post=178"}],"curies":[{"name":"wp","href":"https:\/\/api.w.org\/{rel}","templated":true}]}}