{"id":184,"date":"2022-05-31T11:04:12","date_gmt":"2022-05-31T09:04:12","guid":{"rendered":"https:\/\/site.educa.madrid.org\/cp.ginerdelosrios.torrejondeardoz\/?page_id=184"},"modified":"2026-03-18T20:05:53","modified_gmt":"2026-03-18T19:05:53","slug":"documentos-centro","status":"publish","type":"page","link":"https:\/\/site.educa.madrid.org\/cp.ginerdelosrios.torrejondeardoz\/index.php\/secretaria\/documentos-centro\/","title":{"rendered":"Documentos del centro"},"content":{"rendered":"\n<div class=\"wp-block-columns clean is-layout-flex wp-container-core-columns-is-layout-c26b5618 wp-block-columns-is-layout-flex\" style=\"margin-top:0;margin-bottom:0\">\n<div class=\"wp-block-column is-layout-flow wp-block-column-is-layout-flow\" style=\"flex-basis:66%\">\n<p>Consulta en los siguientes enlaces los documentos de centro:<\/p>\n\n\n\n<div class=\"wp-block-group is-layout-grid wp-container-core-group-is-layout-478b6e6b wp-block-group-is-layout-grid\">\n<div class=\"wp-block-group card is-layout-constrained wp-block-group-is-layout-constrained\">\n<figure class=\"wp-block-image size-medium has-custom-border\"><a href=\"https:\/\/cloud.educa.madrid.org\/s\/mMZsXpdTAz7szHq\" target=\"_blank\" rel=\" noreferrer noopener\"><img loading=\"lazy\" decoding=\"async\" width=\"213\" height=\"300\" src=\"https:\/\/site.educa.madrid.org\/cp.ginerdelosrios.torrejondeardoz\/\/wp-content\/uploads\/cp.ginerdelosrios.torrejondeardoz\/2026\/02\/PGA-25-26-213x300.webp\" alt=\"\" class=\"wp-image-1859\" style=\"border-radius:8px\" srcset=\"https:\/\/site.educa.madrid.org\/cp.ginerdelosrios.torrejondeardoz\/\/wp-content\/uploads\/cp.ginerdelosrios.torrejondeardoz\/2026\/02\/PGA-25-26-213x300.webp 213w, https:\/\/site.educa.madrid.org\/cp.ginerdelosrios.torrejondeardoz\/\/wp-content\/uploads\/cp.ginerdelosrios.torrejondeardoz\/2026\/02\/PGA-25-26-726x1024.webp 726w, https:\/\/site.educa.madrid.org\/cp.ginerdelosrios.torrejondeardoz\/\/wp-content\/uploads\/cp.ginerdelosrios.torrejondeardoz\/2026\/02\/PGA-25-26-768x1083.webp 768w, https:\/\/site.educa.madrid.org\/cp.ginerdelosrios.torrejondeardoz\/\/wp-content\/uploads\/cp.ginerdelosrios.torrejondeardoz\/2026\/02\/PGA-25-26.webp 1018w\" sizes=\"auto, (max-width: 213px) 100vw, 213px\" \/><\/a><\/figure>\n\n\n\n<p class=\"has-text-align-center has-small-font-size\">PGA<br>Curso actual<\/p>\n<\/div>\n\n\n\n<div class=\"wp-block-group card is-layout-constrained wp-block-group-is-layout-constrained\">\n<figure class=\"wp-block-image size-medium has-custom-border\"><a href=\"https:\/\/cloud.educa.madrid.org\/s\/mGi9attkrxgeeLM\" target=\"_blank\" rel=\" noreferrer noopener\"><img loading=\"lazy\" decoding=\"async\" width=\"211\" height=\"300\" src=\"https:\/\/site.educa.madrid.org\/cp.ginerdelosrios.torrejondeardoz\/\/wp-content\/uploads\/cp.ginerdelosrios.torrejondeardoz\/2026\/02\/Memoria-24-25-211x300.webp\" alt=\"\" class=\"wp-image-1857\" style=\"border-radius:8px\" srcset=\"https:\/\/site.educa.madrid.org\/cp.ginerdelosrios.torrejondeardoz\/\/wp-content\/uploads\/cp.ginerdelosrios.torrejondeardoz\/2026\/02\/Memoria-24-25-211x300.webp 211w, https:\/\/site.educa.madrid.org\/cp.ginerdelosrios.torrejondeardoz\/\/wp-content\/uploads\/cp.ginerdelosrios.torrejondeardoz\/2026\/02\/Memoria-24-25-721x1024.webp 721w, https:\/\/site.educa.madrid.org\/cp.ginerdelosrios.torrejondeardoz\/\/wp-content\/uploads\/cp.ginerdelosrios.torrejondeardoz\/2026\/02\/Memoria-24-25-768x1091.webp 768w, https:\/\/site.educa.madrid.org\/cp.ginerdelosrios.torrejondeardoz\/\/wp-content\/uploads\/cp.ginerdelosrios.torrejondeardoz\/2026\/02\/Memoria-24-25-1082x1536.webp 1082w, https:\/\/site.educa.madrid.org\/cp.ginerdelosrios.torrejondeardoz\/\/wp-content\/uploads\/cp.ginerdelosrios.torrejondeardoz\/2026\/02\/Memoria-24-25.webp 1090w\" sizes=\"auto, (max-width: 211px) 100vw, 211px\" \/><\/a><\/figure>\n\n\n\n<p class=\"has-text-align-center has-small-font-size\">MEMORIA ANUAL<br>(Curso anterior)<\/p>\n<\/div>\n\n\n\n<div class=\"wp-block-group card is-layout-constrained wp-block-group-is-layout-constrained\">\n<figure class=\"wp-block-image size-medium has-custom-border\"><a href=\"https:\/\/cloud.educa.madrid.org\/s\/egTPyfKWJaNDw8c\" target=\"_blank\" rel=\" noreferrer noopener\"><img loading=\"lazy\" decoding=\"async\" width=\"211\" height=\"300\" src=\"https:\/\/site.educa.madrid.org\/cp.ginerdelosrios.torrejondeardoz\/\/wp-content\/uploads\/cp.ginerdelosrios.torrejondeardoz\/2026\/02\/Plan-comedor-25-26-211x300.webp\" alt=\"\" class=\"wp-image-1856\" style=\"border-radius:8px\" srcset=\"https:\/\/site.educa.madrid.org\/cp.ginerdelosrios.torrejondeardoz\/\/wp-content\/uploads\/cp.ginerdelosrios.torrejondeardoz\/2026\/02\/Plan-comedor-25-26-211x300.webp 211w, https:\/\/site.educa.madrid.org\/cp.ginerdelosrios.torrejondeardoz\/\/wp-content\/uploads\/cp.ginerdelosrios.torrejondeardoz\/2026\/02\/Plan-comedor-25-26-721x1024.webp 721w, https:\/\/site.educa.madrid.org\/cp.ginerdelosrios.torrejondeardoz\/\/wp-content\/uploads\/cp.ginerdelosrios.torrejondeardoz\/2026\/02\/Plan-comedor-25-26-768x1091.webp 768w, https:\/\/site.educa.madrid.org\/cp.ginerdelosrios.torrejondeardoz\/\/wp-content\/uploads\/cp.ginerdelosrios.torrejondeardoz\/2026\/02\/Plan-comedor-25-26-1082x1536.webp 1082w, https:\/\/site.educa.madrid.org\/cp.ginerdelosrios.torrejondeardoz\/\/wp-content\/uploads\/cp.ginerdelosrios.torrejondeardoz\/2026\/02\/Plan-comedor-25-26.webp 1200w\" sizes=\"auto, (max-width: 211px) 100vw, 211px\" \/><\/a><\/figure>\n\n\n\n<p class=\"has-text-align-center has-small-font-size\">Plan de Comedor<br><br><\/p>\n<\/div>\n\n\n\n<div class=\"wp-block-group card is-layout-constrained wp-block-group-is-layout-constrained\">\n<figure class=\"wp-block-image size-medium has-custom-border\"><a href=\"https:\/\/cloud.educa.madrid.org\/s\/bGQioqn4MG6bpsN\" target=\"_blank\" rel=\" noreferrer noopener\"><img loading=\"lazy\" decoding=\"async\" width=\"212\" height=\"300\" src=\"https:\/\/site.educa.madrid.org\/cp.ginerdelosrios.torrejondeardoz\/\/wp-content\/uploads\/cp.ginerdelosrios.torrejondeardoz\/2026\/03\/normas-comedor-212x300.webp\" alt=\"\" class=\"wp-image-2329\" style=\"border-radius:8px\" srcset=\"https:\/\/site.educa.madrid.org\/cp.ginerdelosrios.torrejondeardoz\/\/wp-content\/uploads\/cp.ginerdelosrios.torrejondeardoz\/2026\/03\/normas-comedor-212x300.webp 212w, https:\/\/site.educa.madrid.org\/cp.ginerdelosrios.torrejondeardoz\/\/wp-content\/uploads\/cp.ginerdelosrios.torrejondeardoz\/2026\/03\/normas-comedor.webp 600w\" sizes=\"auto, (max-width: 212px) 100vw, 212px\" \/><\/a><\/figure>\n\n\n\n<p class=\"has-text-align-center has-small-font-size\">Normas de Comedor<br><br><\/p>\n<\/div>\n\n\n\n<div class=\"wp-block-group card is-layout-constrained wp-block-group-is-layout-constrained\">\n<figure class=\"wp-block-image size-medium has-custom-border\"><a href=\"https:\/\/cloud.educa.madrid.org\/s\/jPHpRzPKqqTjYB7\" target=\"_blank\" rel=\" noreferrer noopener\"><img loading=\"lazy\" decoding=\"async\" width=\"211\" height=\"300\" src=\"https:\/\/site.educa.madrid.org\/cp.ginerdelosrios.torrejondeardoz\/\/wp-content\/uploads\/cp.ginerdelosrios.torrejondeardoz\/2026\/02\/Plan-accion-tutorial-211x300.webp\" alt=\"\" class=\"wp-image-1855\" style=\"border-radius:8px\" srcset=\"https:\/\/site.educa.madrid.org\/cp.ginerdelosrios.torrejondeardoz\/\/wp-content\/uploads\/cp.ginerdelosrios.torrejondeardoz\/2026\/02\/Plan-accion-tutorial-211x300.webp 211w, https:\/\/site.educa.madrid.org\/cp.ginerdelosrios.torrejondeardoz\/\/wp-content\/uploads\/cp.ginerdelosrios.torrejondeardoz\/2026\/02\/Plan-accion-tutorial-719x1024.webp 719w, https:\/\/site.educa.madrid.org\/cp.ginerdelosrios.torrejondeardoz\/\/wp-content\/uploads\/cp.ginerdelosrios.torrejondeardoz\/2026\/02\/Plan-accion-tutorial-768x1094.webp 768w, https:\/\/site.educa.madrid.org\/cp.ginerdelosrios.torrejondeardoz\/\/wp-content\/uploads\/cp.ginerdelosrios.torrejondeardoz\/2026\/02\/Plan-accion-tutorial-1078x1536.webp 1078w, https:\/\/site.educa.madrid.org\/cp.ginerdelosrios.torrejondeardoz\/\/wp-content\/uploads\/cp.ginerdelosrios.torrejondeardoz\/2026\/02\/Plan-accion-tutorial.webp 1178w\" sizes=\"auto, (max-width: 211px) 100vw, 211px\" \/><\/a><\/figure>\n\n\n\n<p class=\"has-text-align-center has-small-font-size\">Plan de acci\u00f3n tutorial<br><br><\/p>\n<\/div>\n\n\n\n<div class=\"wp-block-group card is-layout-constrained wp-block-group-is-layout-constrained\">\n<figure class=\"wp-block-image size-medium has-custom-border\"><a href=\"https:\/\/cloud.educa.madrid.org\/s\/4jfijFsQdL9wBSy\" target=\"_blank\" rel=\" noreferrer noopener\"><img loading=\"lazy\" decoding=\"async\" width=\"212\" height=\"300\" src=\"https:\/\/site.educa.madrid.org\/cp.ginerdelosrios.torrejondeardoz\/\/wp-content\/uploads\/cp.ginerdelosrios.torrejondeardoz\/2026\/02\/Plan-fomento-lectura-212x300.webp\" alt=\"\" class=\"wp-image-1858\" style=\"border-radius:8px\" srcset=\"https:\/\/site.educa.madrid.org\/cp.ginerdelosrios.torrejondeardoz\/\/wp-content\/uploads\/cp.ginerdelosrios.torrejondeardoz\/2026\/02\/Plan-fomento-lectura-212x300.webp 212w, https:\/\/site.educa.madrid.org\/cp.ginerdelosrios.torrejondeardoz\/\/wp-content\/uploads\/cp.ginerdelosrios.torrejondeardoz\/2026\/02\/Plan-fomento-lectura-722x1024.webp 722w, https:\/\/site.educa.madrid.org\/cp.ginerdelosrios.torrejondeardoz\/\/wp-content\/uploads\/cp.ginerdelosrios.torrejondeardoz\/2026\/02\/Plan-fomento-lectura-768x1089.webp 768w, https:\/\/site.educa.madrid.org\/cp.ginerdelosrios.torrejondeardoz\/\/wp-content\/uploads\/cp.ginerdelosrios.torrejondeardoz\/2026\/02\/Plan-fomento-lectura-1083x1536.webp 1083w, https:\/\/site.educa.madrid.org\/cp.ginerdelosrios.torrejondeardoz\/\/wp-content\/uploads\/cp.ginerdelosrios.torrejondeardoz\/2026\/02\/Plan-fomento-lectura.webp 1186w\" sizes=\"auto, (max-width: 212px) 100vw, 212px\" \/><\/a><\/figure>\n\n\n\n<p class=\"has-text-align-center has-small-font-size\">Plan de fomento a la lectura<br><\/p>\n<\/div>\n\n\n\n<div class=\"wp-block-group card is-layout-constrained wp-block-group-is-layout-constrained\">\n<figure class=\"wp-block-image size-medium has-custom-border\"><a href=\"https:\/\/cloud.educa.madrid.org\/s\/SyYpx7JbKGCTLkd\" target=\"_blank\" rel=\" noreferrer noopener\"><img loading=\"lazy\" decoding=\"async\" width=\"211\" height=\"300\" src=\"https:\/\/site.educa.madrid.org\/cp.ginerdelosrios.torrejondeardoz\/\/wp-content\/uploads\/cp.ginerdelosrios.torrejondeardoz\/2026\/03\/Normas-Organizacion-Funcionamiento-211x300.webp\" alt=\"\" class=\"wp-image-1969\" style=\"border-radius:8px\" srcset=\"https:\/\/site.educa.madrid.org\/cp.ginerdelosrios.torrejondeardoz\/\/wp-content\/uploads\/cp.ginerdelosrios.torrejondeardoz\/2026\/03\/Normas-Organizacion-Funcionamiento-211x300.webp 211w, https:\/\/site.educa.madrid.org\/cp.ginerdelosrios.torrejondeardoz\/\/wp-content\/uploads\/cp.ginerdelosrios.torrejondeardoz\/2026\/03\/Normas-Organizacion-Funcionamiento-721x1024.webp 721w, https:\/\/site.educa.madrid.org\/cp.ginerdelosrios.torrejondeardoz\/\/wp-content\/uploads\/cp.ginerdelosrios.torrejondeardoz\/2026\/03\/Normas-Organizacion-Funcionamiento-768x1091.webp 768w, https:\/\/site.educa.madrid.org\/cp.ginerdelosrios.torrejondeardoz\/\/wp-content\/uploads\/cp.ginerdelosrios.torrejondeardoz\/2026\/03\/Normas-Organizacion-Funcionamiento-1081x1536.webp 1081w, https:\/\/site.educa.madrid.org\/cp.ginerdelosrios.torrejondeardoz\/\/wp-content\/uploads\/cp.ginerdelosrios.torrejondeardoz\/2026\/03\/Normas-Organizacion-Funcionamiento.webp 1154w\" sizes=\"auto, (max-width: 211px) 100vw, 211px\" \/><\/a><\/figure>\n\n\n\n<p class=\"has-text-align-center has-small-font-size\">Normas de organizaci\u00f3n y funcionamiento<\/p>\n<\/div>\n\n\n\n<div class=\"wp-block-group card is-layout-constrained wp-block-group-is-layout-constrained\">\n<figure class=\"wp-block-image size-medium has-custom-border\"><a href=\"https:\/\/cloud.educa.madrid.org\/s\/bB83ZFx9FsKXJxM\" target=\"_blank\" rel=\" noreferrer noopener\"><img loading=\"lazy\" decoding=\"async\" width=\"212\" height=\"300\" src=\"https:\/\/site.educa.madrid.org\/cp.ginerdelosrios.torrejondeardoz\/\/wp-content\/uploads\/cp.ginerdelosrios.torrejondeardoz\/2026\/02\/Plan-TIC-25-26-212x300.webp\" alt=\"\" class=\"wp-image-1875\" style=\"border-radius:8px\" srcset=\"https:\/\/site.educa.madrid.org\/cp.ginerdelosrios.torrejondeardoz\/\/wp-content\/uploads\/cp.ginerdelosrios.torrejondeardoz\/2026\/02\/Plan-TIC-25-26-212x300.webp 212w, https:\/\/site.educa.madrid.org\/cp.ginerdelosrios.torrejondeardoz\/\/wp-content\/uploads\/cp.ginerdelosrios.torrejondeardoz\/2026\/02\/Plan-TIC-25-26-723x1024.webp 723w, https:\/\/site.educa.madrid.org\/cp.ginerdelosrios.torrejondeardoz\/\/wp-content\/uploads\/cp.ginerdelosrios.torrejondeardoz\/2026\/02\/Plan-TIC-25-26-768x1087.webp 768w, https:\/\/site.educa.madrid.org\/cp.ginerdelosrios.torrejondeardoz\/\/wp-content\/uploads\/cp.ginerdelosrios.torrejondeardoz\/2026\/02\/Plan-TIC-25-26-1085x1536.webp 1085w, https:\/\/site.educa.madrid.org\/cp.ginerdelosrios.torrejondeardoz\/\/wp-content\/uploads\/cp.ginerdelosrios.torrejondeardoz\/2026\/02\/Plan-TIC-25-26.webp 1236w\" sizes=\"auto, (max-width: 212px) 100vw, 212px\" \/><\/a><\/figure>\n\n\n\n<p class=\"has-text-align-center has-small-font-size\">Plan TICs<br><br><\/p>\n<\/div>\n\n\n\n<div class=\"wp-block-group card is-layout-constrained wp-block-group-is-layout-constrained\">\n<figure class=\"wp-block-image size-medium has-custom-border\"><a href=\"https:\/\/cloud.educa.madrid.org\/s\/XqQyDnnype3LKge\" target=\"_blank\" rel=\" noreferrer noopener\"><img loading=\"lazy\" decoding=\"async\" width=\"212\" height=\"300\" src=\"https:\/\/site.educa.madrid.org\/cp.ginerdelosrios.torrejondeardoz\/\/wp-content\/uploads\/cp.ginerdelosrios.torrejondeardoz\/2026\/02\/Plan-digital-25-26-212x300.webp\" alt=\"\" class=\"wp-image-1874\" style=\"border-radius:8px\" srcset=\"https:\/\/site.educa.madrid.org\/cp.ginerdelosrios.torrejondeardoz\/\/wp-content\/uploads\/cp.ginerdelosrios.torrejondeardoz\/2026\/02\/Plan-digital-25-26-212x300.webp 212w, https:\/\/site.educa.madrid.org\/cp.ginerdelosrios.torrejondeardoz\/\/wp-content\/uploads\/cp.ginerdelosrios.torrejondeardoz\/2026\/02\/Plan-digital-25-26-723x1024.webp 723w, https:\/\/site.educa.madrid.org\/cp.ginerdelosrios.torrejondeardoz\/\/wp-content\/uploads\/cp.ginerdelosrios.torrejondeardoz\/2026\/02\/Plan-digital-25-26-768x1087.webp 768w, https:\/\/site.educa.madrid.org\/cp.ginerdelosrios.torrejondeardoz\/\/wp-content\/uploads\/cp.ginerdelosrios.torrejondeardoz\/2026\/02\/Plan-digital-25-26-1085x1536.webp 1085w, https:\/\/site.educa.madrid.org\/cp.ginerdelosrios.torrejondeardoz\/\/wp-content\/uploads\/cp.ginerdelosrios.torrejondeardoz\/2026\/02\/Plan-digital-25-26.webp 1140w\" sizes=\"auto, (max-width: 212px) 100vw, 212px\" \/><\/a><\/figure>\n\n\n\n<p class=\"has-text-align-center has-small-font-size\">Plan digital de Centro<br><\/p>\n<\/div>\n\n\n\n<div class=\"wp-block-group card is-layout-constrained wp-block-group-is-layout-constrained\">\n<figure class=\"wp-block-image size-medium has-custom-border\"><a href=\"https:\/\/cloud.educa.madrid.org\/s\/2zoDSmxyapmsnLC\" target=\"_blank\" rel=\" noreferrer noopener\"><img loading=\"lazy\" decoding=\"async\" width=\"211\" height=\"300\" src=\"https:\/\/site.educa.madrid.org\/cp.ginerdelosrios.torrejondeardoz\/\/wp-content\/uploads\/cp.ginerdelosrios.torrejondeardoz\/2026\/02\/Proyecto-matematicas-singapur-211x300.webp\" alt=\"\" class=\"wp-image-1873\" style=\"border-radius:8px\" srcset=\"https:\/\/site.educa.madrid.org\/cp.ginerdelosrios.torrejondeardoz\/\/wp-content\/uploads\/cp.ginerdelosrios.torrejondeardoz\/2026\/02\/Proyecto-matematicas-singapur-211x300.webp 211w, https:\/\/site.educa.madrid.org\/cp.ginerdelosrios.torrejondeardoz\/\/wp-content\/uploads\/cp.ginerdelosrios.torrejondeardoz\/2026\/02\/Proyecto-matematicas-singapur-721x1024.webp 721w, https:\/\/site.educa.madrid.org\/cp.ginerdelosrios.torrejondeardoz\/\/wp-content\/uploads\/cp.ginerdelosrios.torrejondeardoz\/2026\/02\/Proyecto-matematicas-singapur-768x1092.webp 768w, https:\/\/site.educa.madrid.org\/cp.ginerdelosrios.torrejondeardoz\/\/wp-content\/uploads\/cp.ginerdelosrios.torrejondeardoz\/2026\/02\/Proyecto-matematicas-singapur-1081x1536.webp 1081w, https:\/\/site.educa.madrid.org\/cp.ginerdelosrios.torrejondeardoz\/\/wp-content\/uploads\/cp.ginerdelosrios.torrejondeardoz\/2026\/02\/Proyecto-matematicas-singapur.webp 1168w\" sizes=\"auto, (max-width: 211px) 100vw, 211px\" \/><\/a><\/figure>\n\n\n\n<p class=\"has-text-align-center has-small-font-size\">Proyecto Matem\u00e1ticas Singapur<\/p>\n<\/div>\n\n\n\n<div class=\"wp-block-group card is-layout-constrained wp-block-group-is-layout-constrained\">\n<figure class=\"wp-block-image size-medium has-custom-border\"><a href=\"https:\/\/cloud.educa.madrid.org\/s\/SZY6zkWwQ2AWxcn\" target=\"_blank\" rel=\" noreferrer noopener\"><img loading=\"lazy\" decoding=\"async\" width=\"211\" height=\"300\" src=\"https:\/\/site.educa.madrid.org\/cp.ginerdelosrios.torrejondeardoz\/\/wp-content\/uploads\/cp.ginerdelosrios.torrejondeardoz\/2026\/02\/Plan-convivencia-211x300.webp\" alt=\"\" class=\"wp-image-1872\" style=\"border-radius:8px\" srcset=\"https:\/\/site.educa.madrid.org\/cp.ginerdelosrios.torrejondeardoz\/\/wp-content\/uploads\/cp.ginerdelosrios.torrejondeardoz\/2026\/02\/Plan-convivencia-211x300.webp 211w, https:\/\/site.educa.madrid.org\/cp.ginerdelosrios.torrejondeardoz\/\/wp-content\/uploads\/cp.ginerdelosrios.torrejondeardoz\/2026\/02\/Plan-convivencia-721x1024.webp 721w, https:\/\/site.educa.madrid.org\/cp.ginerdelosrios.torrejondeardoz\/\/wp-content\/uploads\/cp.ginerdelosrios.torrejondeardoz\/2026\/02\/Plan-convivencia-768x1091.webp 768w, https:\/\/site.educa.madrid.org\/cp.ginerdelosrios.torrejondeardoz\/\/wp-content\/uploads\/cp.ginerdelosrios.torrejondeardoz\/2026\/02\/Plan-convivencia-1081x1536.webp 1081w, https:\/\/site.educa.madrid.org\/cp.ginerdelosrios.torrejondeardoz\/\/wp-content\/uploads\/cp.ginerdelosrios.torrejondeardoz\/2026\/02\/Plan-convivencia.webp 1232w\" sizes=\"auto, (max-width: 211px) 100vw, 211px\" \/><\/a><\/figure>\n\n\n\n<p class=\"has-text-align-center has-small-font-size\">Plan de convivencia<br><\/p>\n<\/div>\n<\/div>\n<\/div>\n\n\n\n<div class=\"wp-block-column is-layout-flow wp-block-column-is-layout-flow\" style=\"flex-basis:33%\">\t\t<div class=\"rttpg-block-postgrid rttpg-block-wrapper rttpg-block-27641c tpg-wrapper-align-left tpg-filter-type-dropdown section-title-style-style4 img_hover_animation_img_zoom_in title-default title_position_default title_hover_border_enable meta_position_default tpg-is-author-icon-default author-image-visibility-icon tpg-category-position-default readmore-btn-default-style grid-hover-overlay-type-always grid-hover-overlay-height-default hover-overlay-height-default tpg-title-border-default filter-nex-prev-btn-visible tpg-cat-style1 slider-scroll-hide act-label-style-inline\">\n\t\t\t<div class=\"rt-container-fluid rt-tpg-container tpg-el-main-wrapper tpg-gutenberg clearfix list-layout1-main\"\n\t\t\t\t id=\"rt-tpg-container-337239564\"\n\t\t\t\t data-layout=\"list-layout1\"\n\t\t\t\t data-grid-style=\"tpg-even\" data-sc-id=\"elementor\"\n\t\t\t\t data-el-settings=''\n\t\t\t\t data-el-query=''\n\t\t\t\t data-el-path=''>\n\t\t\t\t\t\t\t\t<div class='tpg-header-wrapper '>\n\t\t\t\t\t\n        <div class=\"tpg-widget-heading-wrapper rt-clear heading-style4 \">\n            <span class=\"tpg-widget-heading-line line-left\"><\/span>\n\t\t\t<h2 class='tpg-widget-heading'>\n\t\t\t            <a href=\"#\"  >\n\t\t\t\t\n\t\t\t\t                    <span>\n\t\t\t\t\t\tSecretar\u00eda\t\t\t\t\t<\/span>\n\t\t\t\t\t\n\t\t\t\t            <\/a>\n\n\t\t\t\t\t<\/h2>            <span class=\"tpg-widget-heading-line line-right\"><\/span>\n\n\t\t\t\n        <\/div>\n\n\t\t\n\t\t\t\t\t\t<\/div>\n\t\t\t\t<div class=\"rt-row rt-content-loader gutenberg-inner list-layout1 tpg-even list-behaviour list-layout-wrapper\">\n\t\t\t\t\t\n<div class=\"rt-col-md-12 rt-col-sm-12 rt-col-xs-12 img_zoom_in rt-list-item rt-grid-item\" data-id=\"1955\">\n\t<div class=\"rt-holder tpg-post-holder \">\n\t\t<div class=\"rt-detail rt-el-content-wrapper\">\n\t\t\t\n\t\t\t<div class=\"post-right-content\">\n\n\t\t\t\t<div class=\"entry-title-wrapper\"><h3 class=\"entry-title\"><a data-id=\"1955\" href=\"https:\/\/site.educa.madrid.org\/cp.ginerdelosrios.torrejondeardoz\/index.php\/secretaria\/formularios\/\" class=\"tpg-post-link\" target=\"_self\">Formularios<\/a><\/h3><\/div>\n\t\t\t\t\n\t\t\t\t\n\t\t\t\t\t\t\t<\/div>\n\n\t\t<\/div>\n\t<\/div>\n<\/div>\n<div class=\"rt-col-md-12 rt-col-sm-12 rt-col-xs-12 img_zoom_in rt-list-item rt-grid-item\" data-id=\"1038\">\n\t<div class=\"rt-holder tpg-post-holder \">\n\t\t<div class=\"rt-detail rt-el-content-wrapper\">\n\t\t\t\n\t\t\t<div class=\"post-right-content\">\n\n\t\t\t\t<div class=\"entry-title-wrapper\"><h3 class=\"entry-title\"><a data-id=\"1038\" href=\"https:\/\/site.educa.madrid.org\/cp.ginerdelosrios.torrejondeardoz\/index.php\/secretaria\/consejo-escolar\/\" class=\"tpg-post-link\" target=\"_self\">Consejo Escolar<\/a><\/h3><\/div>\n\t\t\t\t\n\t\t\t\t\n\t\t\t\t\t\t\t<\/div>\n\n\t\t<\/div>\n\t<\/div>\n<\/div>\n<div class=\"rt-col-md-12 rt-col-sm-12 rt-col-xs-12 img_zoom_in rt-list-item rt-grid-item\" data-id=\"183\">\n\t<div class=\"rt-holder tpg-post-holder \">\n\t\t<div class=\"rt-detail rt-el-content-wrapper\">\n\t\t\t\n\t\t\t<div class=\"post-right-content\">\n\n\t\t\t\t<div class=\"entry-title-wrapper\"><h3 class=\"entry-title\"><a data-id=\"183\" href=\"https:\/\/site.educa.madrid.org\/cp.ginerdelosrios.torrejondeardoz\/index.php\/secretaria\/admision\/\" class=\"tpg-post-link\" target=\"_self\">Admisi\u00f3n<\/a><\/h3><\/div>\n\t\t\t\t\n\t\t\t\t\n\t\t\t\t\t\t\t<\/div>\n\n\t\t<\/div>\n\t<\/div>\n<\/div>\n<div class=\"rt-col-md-12 rt-col-sm-12 rt-col-xs-12 img_zoom_in rt-list-item rt-grid-item\" data-id=\"184\">\n\t<div class=\"rt-holder tpg-post-holder \">\n\t\t<div class=\"rt-detail rt-el-content-wrapper\">\n\t\t\t\n\t\t\t<div class=\"post-right-content\">\n\n\t\t\t\t<div class=\"entry-title-wrapper\"><h3 class=\"entry-title\"><a data-id=\"184\" href=\"https:\/\/site.educa.madrid.org\/cp.ginerdelosrios.torrejondeardoz\/index.php\/secretaria\/documentos-centro\/\" class=\"tpg-post-link\" target=\"_self\">Documentos del centro<\/a><\/h3><\/div>\n\t\t\t\t\n\t\t\t\t\n\t\t\t\t\t\t\t<\/div>\n\n\t\t<\/div>\n\t<\/div>\n<\/div>\n<div class=\"rt-col-md-12 rt-col-sm-12 rt-col-xs-12 img_zoom_in rt-list-item rt-grid-item\" data-id=\"185\">\n\t<div class=\"rt-holder tpg-post-holder \">\n\t\t<div class=\"rt-detail rt-el-content-wrapper\">\n\t\t\t\n\t\t\t<div class=\"post-right-content\">\n\n\t\t\t\t<div class=\"entry-title-wrapper\"><h3 class=\"entry-title\"><a data-id=\"185\" href=\"https:\/\/site.educa.madrid.org\/cp.ginerdelosrios.torrejondeardoz\/index.php\/secretaria\/curso-actual\/\" class=\"tpg-post-link\" target=\"_self\">Curso actual<\/a><\/h3><\/div>\n\t\t\t\t\n\t\t\t\t\n\t\t\t\t\t\t\t<\/div>\n\n\t\t<\/div>\n\t<\/div>\n<\/div>\t\t\t\t<\/div>\n\n\t\t\t\t\n\t\t\t<\/div>\n\t\t<\/div>\n\t\t<\/div>\n<\/div>\n\n\n\n<p><\/p>\n","protected":false},"excerpt":{"rendered":"<p>Consulta en los siguientes enlaces los documentos de centro: PGACurso actual MEMORIA ANUAL(Curso anterior) Plan de Comedor Normas de Comedor Plan de acci\u00f3n tutorial Plan de fomento a la lectura Normas de organizaci\u00f3n y funcionamiento Plan TICs Plan digital de Centro Proyecto Matem\u00e1ticas Singapur Plan de convivencia<\/p>\n","protected":false},"author":3,"featured_media":0,"parent":181,"menu_order":0,"comment_status":"closed","ping_status":"closed","template":"","meta":{"footnotes":""},"folder":[15],"class_list":["post-184","page","type-page","status-publish","hentry"],"rttpg_featured_image_url":null,"rttpg_author":{"display_name":"cp.ginerdelosrios.torrejondeardoz","author_link":"https:\/\/site.educa.madrid.org\/cp.ginerdelosrios.torrejondeardoz\/index.php\/author\/cuenta_cp-ginerdelosrios-torrejondeardoz\/"},"rttpg_comment":0,"rttpg_category":" <a href=\"https:\/\/site.educa.madrid.org\/cp.ginerdelosrios.torrejondeardoz\/?taxonomy=folder&#038;term=secretaria\" rel=\"tag\">Secretar\u00eda<\/a>","rttpg_excerpt":"Consulta en los siguientes enlaces los documentos de centro: PGACurso actual MEMORIA ANUAL(Curso anterior) Plan de Comedor Normas de Comedor Plan de acci\u00f3n tutorial Plan de fomento a la lectura Normas de organizaci\u00f3n y funcionamiento Plan TICs Plan digital de Centro Proyecto Matem\u00e1ticas Singapur Plan de convivencia","post_mailing_queue_ids":[],"_links":{"self":[{"href":"https:\/\/site.educa.madrid.org\/cp.ginerdelosrios.torrejondeardoz\/index.php\/wp-json\/wp\/v2\/pages\/184","targetHints":{"allow":["GET"]}}],"collection":[{"href":"https:\/\/site.educa.madrid.org\/cp.ginerdelosrios.torrejondeardoz\/index.php\/wp-json\/wp\/v2\/pages"}],"about":[{"href":"https:\/\/site.educa.madrid.org\/cp.ginerdelosrios.torrejondeardoz\/index.php\/wp-json\/wp\/v2\/types\/page"}],"author":[{"embeddable":true,"href":"https:\/\/site.educa.madrid.org\/cp.ginerdelosrios.torrejondeardoz\/index.php\/wp-json\/wp\/v2\/users\/3"}],"replies":[{"embeddable":true,"href":"https:\/\/site.educa.madrid.org\/cp.ginerdelosrios.torrejondeardoz\/index.php\/wp-json\/wp\/v2\/comments?post=184"}],"version-history":[{"count":21,"href":"https:\/\/site.educa.madrid.org\/cp.ginerdelosrios.torrejondeardoz\/index.php\/wp-json\/wp\/v2\/pages\/184\/revisions"}],"predecessor-version":[{"id":2330,"href":"https:\/\/site.educa.madrid.org\/cp.ginerdelosrios.torrejondeardoz\/index.php\/wp-json\/wp\/v2\/pages\/184\/revisions\/2330"}],"up":[{"embeddable":true,"href":"https:\/\/site.educa.madrid.org\/cp.ginerdelosrios.torrejondeardoz\/index.php\/wp-json\/wp\/v2\/pages\/181"}],"wp:attachment":[{"href":"https:\/\/site.educa.madrid.org\/cp.ginerdelosrios.torrejondeardoz\/index.php\/wp-json\/wp\/v2\/media?parent=184"}],"wp:term":[{"taxonomy":"folder","embeddable":true,"href":"https:\/\/site.educa.madrid.org\/cp.ginerdelosrios.torrejondeardoz\/index.php\/wp-json\/wp\/v2\/folder?post=184"}],"curies":[{"name":"wp","href":"https:\/\/api.w.org\/{rel}","templated":true}]}}