{"id":191,"date":"2022-05-31T11:04:12","date_gmt":"2022-05-31T09:04:12","guid":{"rendered":"https:\/\/site.educa.madrid.org\/cp.ginerdelosrios.torrejondeardoz\/?page_id=191"},"modified":"2026-03-16T20:58:56","modified_gmt":"2026-03-16T19:58:56","slug":"plan-digital-centro","status":"publish","type":"page","link":"https:\/\/site.educa.madrid.org\/cp.ginerdelosrios.torrejondeardoz\/index.php\/nuestros-proyectos\/proyectos-propios\/plan-digital-centro\/","title":{"rendered":"Plan Digital de Centro"},"content":{"rendered":"\n<div class=\"wp-block-columns is-layout-flex wp-container-core-columns-is-layout-f5a44f5b wp-block-columns-is-layout-flex\">\n<div class=\"wp-block-column is-layout-flow wp-block-column-is-layout-flow\" style=\"flex-basis:66%\">\n<p>En los \u00faltimos a\u00f1os, el CEIP <strong>Giner de los R\u00edos<\/strong> ha avanzado de forma decidida en la <strong>integraci\u00f3n de las nuevas tecnolog\u00edas<\/strong> en la vida del centro y en la incorporaci\u00f3n de <strong>metodolog\u00edas activas<\/strong> en las aulas.<\/p>\n\n\n\n<p>El compromiso del claustro con la innovaci\u00f3n y la formaci\u00f3n docente ha permitido que el uso de recursos digitales se haya convertido en una herramienta habitual para aprender, crear y comunicar.<\/p>\n\n\n\n<p>La sociedad actual exige que nuestros alumnos y alumnas desarrollen una <strong>competencia digital s\u00f3lida, segura y responsable<\/strong>. Por eso, nuestro Plan Digital de Centro marca la hoja de ruta para garantizar que el alumnado adquiera las destrezas necesarias para desenvolverse en un entorno digital cambiante, utilizando la tecnolog\u00eda con sentido cr\u00edtico, respeto y autonom\u00eda.<\/p>\n\n\n\n<hr class=\"wp-block-separator has-alpha-channel-opacity\"\/>\n\n\n\n<h3 class=\"wp-block-heading\">Una educaci\u00f3n digital, \u00e9tica y segura<\/h3>\n\n\n\n<p>Nuestro objetivo no es solo incorporar dispositivos o herramientas tecnol\u00f3gicas, sino <strong>ense\u00f1ar a utilizarlas con criterio y responsabilidad<\/strong>, respetando la dignidad humana, los valores constitucionales y los derechos fundamentales, tal y como establece la <strong>LOMLOE<\/strong>.<\/p>\n\n\n\n<p>El Plan Digital tambi\u00e9n impulsa la mejora continua de los <strong>procesos de ense\u00f1anza y aprendizaje<\/strong>, promoviendo la innovaci\u00f3n pedag\u00f3gica y la cooperaci\u00f3n entre docentes. A trav\u00e9s de la tecnolog\u00eda, queremos facilitar la inclusi\u00f3n, la creatividad y la personalizaci\u00f3n del aprendizaje, para que cada alumno y alumna del Giner de los R\u00edos pueda desarrollarse plenamente en la sociedad digital del siglo XXI.<\/p>\n<\/div>\n\n\n\n<div class=\"wp-block-column is-layout-flow wp-block-column-is-layout-flow\" style=\"flex-basis:33%\">\n<figure class=\"wp-block-image size-medium shadow\"><a href=\"https:\/\/cloud.educa.madrid.org\/s\/XqQyDnnype3LKge\" target=\"_blank\" rel=\" noreferrer noopener\"><img loading=\"lazy\" decoding=\"async\" width=\"212\" height=\"300\" src=\"https:\/\/site.educa.madrid.org\/cp.ginerdelosrios.torrejondeardoz\/\/wp-content\/uploads\/cp.ginerdelosrios.torrejondeardoz\/2026\/02\/Plan-digital-25-26-212x300.webp\" alt=\"\" class=\"wp-image-1874\" srcset=\"https:\/\/site.educa.madrid.org\/cp.ginerdelosrios.torrejondeardoz\/\/wp-content\/uploads\/cp.ginerdelosrios.torrejondeardoz\/2026\/02\/Plan-digital-25-26-212x300.webp 212w, https:\/\/site.educa.madrid.org\/cp.ginerdelosrios.torrejondeardoz\/\/wp-content\/uploads\/cp.ginerdelosrios.torrejondeardoz\/2026\/02\/Plan-digital-25-26-723x1024.webp 723w, https:\/\/site.educa.madrid.org\/cp.ginerdelosrios.torrejondeardoz\/\/wp-content\/uploads\/cp.ginerdelosrios.torrejondeardoz\/2026\/02\/Plan-digital-25-26-768x1087.webp 768w, https:\/\/site.educa.madrid.org\/cp.ginerdelosrios.torrejondeardoz\/\/wp-content\/uploads\/cp.ginerdelosrios.torrejondeardoz\/2026\/02\/Plan-digital-25-26-1085x1536.webp 1085w, https:\/\/site.educa.madrid.org\/cp.ginerdelosrios.torrejondeardoz\/\/wp-content\/uploads\/cp.ginerdelosrios.torrejondeardoz\/2026\/02\/Plan-digital-25-26.webp 1140w\" sizes=\"auto, (max-width: 212px) 100vw, 212px\" \/><\/a><\/figure>\n\n\n\t\t<div class=\"rttpg-block-postgrid rttpg-block-wrapper rttpg-block-eae682 tpg-wrapper-align-left tpg-filter-type-dropdown section-title-style-style4 img_hover_animation_img_zoom_in title-default title_position_default title_hover_border_enable meta_position_default tpg-is-author-icon-default author-image-visibility-icon tpg-category-position-default readmore-btn-default-style grid-hover-overlay-type-always grid-hover-overlay-height-default hover-overlay-height-default tpg-title-border-default filter-nex-prev-btn-visible tpg-cat-style1 slider-scroll-hide act-label-style-inline\">\n\t\t\t<div class=\"rt-container-fluid rt-tpg-container tpg-el-main-wrapper tpg-gutenberg clearfix list-layout1-main\"\n\t\t\t\t id=\"rt-tpg-container-797588710\"\n\t\t\t\t data-layout=\"list-layout1\"\n\t\t\t\t data-grid-style=\"tpg-even\" data-sc-id=\"elementor\"\n\t\t\t\t data-el-settings=''\n\t\t\t\t data-el-query=''\n\t\t\t\t data-el-path=''>\n\t\t\t\t\t\t\t\t<div class='tpg-header-wrapper '>\n\t\t\t\t\t\n        <div class=\"tpg-widget-heading-wrapper rt-clear heading-style4 \">\n            <span class=\"tpg-widget-heading-line line-left\"><\/span>\n\t\t\t<h2 class='tpg-widget-heading'>\n\t\t\t            <a href=\"#\"  >\n\t\t\t\t\n\t\t\t\t                    <span>\n\t\t\t\t\t\tProyectos propios\t\t\t\t\t<\/span>\n\t\t\t\t\t\n\t\t\t\t            <\/a>\n\n\t\t\t\t\t<\/h2>            <span class=\"tpg-widget-heading-line line-right\"><\/span>\n\n\t\t\t\n        <\/div>\n\n\t\t\n\t\t\t\t\t\t<\/div>\n\t\t\t\t<div class=\"rt-row rt-content-loader gutenberg-inner list-layout1 tpg-even list-behaviour list-layout-wrapper\">\n\t\t\t\t\t\n<div class=\"rt-col-md-12 rt-col-sm-12 rt-col-xs-12 img_zoom_in rt-list-item rt-grid-item\" data-id=\"1407\">\n\t<div class=\"rt-holder tpg-post-holder \">\n\t\t<div class=\"rt-detail rt-el-content-wrapper\">\n\t\t\t\n\t\t\t<div class=\"post-right-content\">\n\n\t\t\t\t<div class=\"entry-title-wrapper\"><h3 class=\"entry-title\"><a data-id=\"1407\" href=\"https:\/\/site.educa.madrid.org\/cp.ginerdelosrios.torrejondeardoz\/index.php\/nuestros-proyectos\/proyectos-propios\/matematicas-singapur\/\" class=\"tpg-post-link\" target=\"_self\">Matem\u00e1ticas Singapur<\/a><\/h3><\/div>\n\t\t\t\t\n\t\t\t\t\n\t\t\t\t\t\t\t<\/div>\n\n\t\t<\/div>\n\t<\/div>\n<\/div>\n<div class=\"rt-col-md-12 rt-col-sm-12 rt-col-xs-12 img_zoom_in rt-list-item rt-grid-item\" data-id=\"1550\">\n\t<div class=\"rt-holder tpg-post-holder \">\n\t\t<div class=\"rt-detail rt-el-content-wrapper\">\n\t\t\t\n\t\t\t<div class=\"post-right-content\">\n\n\t\t\t\t<div class=\"entry-title-wrapper\"><h3 class=\"entry-title\"><a data-id=\"1550\" href=\"https:\/\/site.educa.madrid.org\/cp.ginerdelosrios.torrejondeardoz\/index.php\/nuestros-proyectos\/proyectos-propios\/proyecto-singbot\/\" class=\"tpg-post-link\" target=\"_self\">Proyecto Sing@Bot<\/a><\/h3><\/div>\n\t\t\t\t\n\t\t\t\t\n\t\t\t\t\t\t\t<\/div>\n\n\t\t<\/div>\n\t<\/div>\n<\/div>\n<div class=\"rt-col-md-12 rt-col-sm-12 rt-col-xs-12 img_zoom_in rt-list-item rt-grid-item\" data-id=\"188\">\n\t<div class=\"rt-holder tpg-post-holder \">\n\t\t<div class=\"rt-detail rt-el-content-wrapper\">\n\t\t\t\n\t\t\t<div class=\"post-right-content\">\n\n\t\t\t\t<div class=\"entry-title-wrapper\"><h3 class=\"entry-title\"><a data-id=\"188\" href=\"https:\/\/site.educa.madrid.org\/cp.ginerdelosrios.torrejondeardoz\/index.php\/nuestros-proyectos\/proyectos-propios\/proyecyo-biligue\/\" class=\"tpg-post-link\" target=\"_self\">Proyecto biling\u00fce<\/a><\/h3><\/div>\n\t\t\t\t\n\t\t\t\t\n\t\t\t\t\t\t\t<\/div>\n\n\t\t<\/div>\n\t<\/div>\n<\/div>\n<div class=\"rt-col-md-12 rt-col-sm-12 rt-col-xs-12 img_zoom_in rt-list-item rt-grid-item\" data-id=\"1759\">\n\t<div class=\"rt-holder tpg-post-holder \">\n\t\t<div class=\"rt-detail rt-el-content-wrapper\">\n\t\t\t\n\t\t\t<div class=\"post-right-content\">\n\n\t\t\t\t<div class=\"entry-title-wrapper\"><h3 class=\"entry-title\"><a data-id=\"1759\" href=\"https:\/\/site.educa.madrid.org\/cp.ginerdelosrios.torrejondeardoz\/index.php\/nuestros-proyectos\/proyectos-propios\/aula-tgd-aula-estrellas\/\" class=\"tpg-post-link\" target=\"_self\">Aula TGD \u2013 Aula Estrellas<\/a><\/h3><\/div>\n\t\t\t\t\n\t\t\t\t\n\t\t\t\t\t\t\t<\/div>\n\n\t\t<\/div>\n\t<\/div>\n<\/div>\n<div class=\"rt-col-md-12 rt-col-sm-12 rt-col-xs-12 img_zoom_in rt-list-item rt-grid-item\" data-id=\"1737\">\n\t<div class=\"rt-holder tpg-post-holder \">\n\t\t<div class=\"rt-detail rt-el-content-wrapper\">\n\t\t\t\n\t\t\t<div class=\"post-right-content\">\n\n\t\t\t\t<div class=\"entry-title-wrapper\"><h3 class=\"entry-title\"><a data-id=\"1737\" href=\"https:\/\/site.educa.madrid.org\/cp.ginerdelosrios.torrejondeardoz\/index.php\/nuestros-proyectos\/proyectos-propios\/plan-incluyo\/\" class=\"tpg-post-link\" target=\"_self\">Plan IncluYo<\/a><\/h3><\/div>\n\t\t\t\t\n\t\t\t\t\n\t\t\t\t\t\t\t<\/div>\n\n\t\t<\/div>\n\t<\/div>\n<\/div>\n<div class=\"rt-col-md-12 rt-col-sm-12 rt-col-xs-12 img_zoom_in rt-list-item rt-grid-item\" data-id=\"189\">\n\t<div class=\"rt-holder tpg-post-holder \">\n\t\t<div class=\"rt-detail rt-el-content-wrapper\">\n\t\t\t\n\t\t\t<div class=\"post-right-content\">\n\n\t\t\t\t<div class=\"entry-title-wrapper\"><h3 class=\"entry-title\"><a data-id=\"189\" href=\"https:\/\/site.educa.madrid.org\/cp.ginerdelosrios.torrejondeardoz\/index.php\/nuestros-proyectos\/proyectos-propios\/proyecto-radio\/\" class=\"tpg-post-link\" target=\"_self\">Proyecto de radio<\/a><\/h3><\/div>\n\t\t\t\t\n\t\t\t\t\n\t\t\t\t\t\t\t<\/div>\n\n\t\t<\/div>\n\t<\/div>\n<\/div>\n<div class=\"rt-col-md-12 rt-col-sm-12 rt-col-xs-12 img_zoom_in rt-list-item rt-grid-item\" data-id=\"1562\">\n\t<div class=\"rt-holder tpg-post-holder \">\n\t\t<div class=\"rt-detail rt-el-content-wrapper\">\n\t\t\t\n\t\t\t<div class=\"post-right-content\">\n\n\t\t\t\t<div class=\"entry-title-wrapper\"><h3 class=\"entry-title\"><a data-id=\"1562\" href=\"https:\/\/site.educa.madrid.org\/cp.ginerdelosrios.torrejondeardoz\/index.php\/nuestros-proyectos\/proyectos-propios\/proyecto-de-coro\/\" class=\"tpg-post-link\" target=\"_self\">Proyecto de Coro<\/a><\/h3><\/div>\n\t\t\t\t\n\t\t\t\t\n\t\t\t\t\t\t\t<\/div>\n\n\t\t<\/div>\n\t<\/div>\n<\/div>\n<div class=\"rt-col-md-12 rt-col-sm-12 rt-col-xs-12 img_zoom_in rt-list-item rt-grid-item\" data-id=\"1405\">\n\t<div class=\"rt-holder tpg-post-holder \">\n\t\t<div class=\"rt-detail rt-el-content-wrapper\">\n\t\t\t\n\t\t\t<div class=\"post-right-content\">\n\n\t\t\t\t<div class=\"entry-title-wrapper\"><h3 class=\"entry-title\"><a data-id=\"1405\" href=\"https:\/\/site.educa.madrid.org\/cp.ginerdelosrios.torrejondeardoz\/index.php\/nuestros-proyectos\/proyectos-propios\/proyecto-deportivo\/\" class=\"tpg-post-link\" target=\"_self\">Proyecto Deportivo y de H\u00e1bitos Saludables<\/a><\/h3><\/div>\n\t\t\t\t\n\t\t\t\t\n\t\t\t\t\t\t\t<\/div>\n\n\t\t<\/div>\n\t<\/div>\n<\/div>\n<div class=\"rt-col-md-12 rt-col-sm-12 rt-col-xs-12 img_zoom_in rt-list-item rt-grid-item\" data-id=\"1402\">\n\t<div class=\"rt-holder tpg-post-holder \">\n\t\t<div class=\"rt-detail rt-el-content-wrapper\">\n\t\t\t\n\t\t\t<div class=\"post-right-content\">\n\n\t\t\t\t<div class=\"entry-title-wrapper\"><h3 class=\"entry-title\"><a data-id=\"1402\" href=\"https:\/\/site.educa.madrid.org\/cp.ginerdelosrios.torrejondeardoz\/index.php\/nuestros-proyectos\/proyectos-propios\/proyecto-juegos-de-patio\/\" class=\"tpg-post-link\" target=\"_self\">Proyecto juegos de patio<\/a><\/h3><\/div>\n\t\t\t\t\n\t\t\t\t\n\t\t\t\t\t\t\t<\/div>\n\n\t\t<\/div>\n\t<\/div>\n<\/div>\n<div class=\"rt-col-md-12 rt-col-sm-12 rt-col-xs-12 img_zoom_in rt-list-item rt-grid-item\" data-id=\"1400\">\n\t<div class=\"rt-holder tpg-post-holder \">\n\t\t<div class=\"rt-detail rt-el-content-wrapper\">\n\t\t\t\n\t\t\t<div class=\"post-right-content\">\n\n\t\t\t\t<div class=\"entry-title-wrapper\"><h3 class=\"entry-title\"><a data-id=\"1400\" href=\"https:\/\/site.educa.madrid.org\/cp.ginerdelosrios.torrejondeardoz\/index.php\/nuestros-proyectos\/proyectos-propios\/plan-de-fomento-a-la-lectura-2\/\" class=\"tpg-post-link\" target=\"_self\">Plan de fomento a la lectura<\/a><\/h3><\/div>\n\t\t\t\t\n\t\t\t\t\n\t\t\t\t\t\t\t<\/div>\n\n\t\t<\/div>\n\t<\/div>\n<\/div>\n<div class=\"rt-col-md-12 rt-col-sm-12 rt-col-xs-12 img_zoom_in rt-list-item rt-grid-item\" data-id=\"1397\">\n\t<div class=\"rt-holder tpg-post-holder \">\n\t\t<div class=\"rt-detail rt-el-content-wrapper\">\n\t\t\t\n\t\t\t<div class=\"post-right-content\">\n\n\t\t\t\t<div class=\"entry-title-wrapper\"><h3 class=\"entry-title\"><a data-id=\"1397\" href=\"https:\/\/site.educa.madrid.org\/cp.ginerdelosrios.torrejondeardoz\/index.php\/nuestros-proyectos\/proyectos-propios\/biblioteca-escolar\/\" class=\"tpg-post-link\" target=\"_self\">Biblioteca escolar<\/a><\/h3><\/div>\n\t\t\t\t\n\t\t\t\t\n\t\t\t\t\t\t\t<\/div>\n\n\t\t<\/div>\n\t<\/div>\n<\/div>\n<div class=\"rt-col-md-12 rt-col-sm-12 rt-col-xs-12 img_zoom_in rt-list-item rt-grid-item\" data-id=\"1765\">\n\t<div class=\"rt-holder tpg-post-holder \">\n\t\t<div class=\"rt-detail rt-el-content-wrapper\">\n\t\t\t\n\t\t\t<div class=\"post-right-content\">\n\n\t\t\t\t<div class=\"entry-title-wrapper\"><h3 class=\"entry-title\"><a data-id=\"1765\" href=\"https:\/\/site.educa.madrid.org\/cp.ginerdelosrios.torrejondeardoz\/index.php\/nuestros-proyectos\/proyectos-propios\/proyecto-think-equal-educacion-infantil\/\" class=\"tpg-post-link\" target=\"_self\">Proyecto Think Equal (Educaci\u00f3n Infantil)<\/a><\/h3><\/div>\n\t\t\t\t\n\t\t\t\t\n\t\t\t\t\t\t\t<\/div>\n\n\t\t<\/div>\n\t<\/div>\n<\/div>\n<div class=\"rt-col-md-12 rt-col-sm-12 rt-col-xs-12 img_zoom_in rt-list-item rt-grid-item\" data-id=\"191\">\n\t<div class=\"rt-holder tpg-post-holder \">\n\t\t<div class=\"rt-detail rt-el-content-wrapper\">\n\t\t\t\n\t\t\t<div class=\"post-right-content\">\n\n\t\t\t\t<div class=\"entry-title-wrapper\"><h3 class=\"entry-title\"><a data-id=\"191\" href=\"https:\/\/site.educa.madrid.org\/cp.ginerdelosrios.torrejondeardoz\/index.php\/nuestros-proyectos\/proyectos-propios\/plan-digital-centro\/\" class=\"tpg-post-link\" target=\"_self\">Plan Digital de Centro<\/a><\/h3><\/div>\n\t\t\t\t\n\t\t\t\t\n\t\t\t\t\t\t\t<\/div>\n\n\t\t<\/div>\n\t<\/div>\n<\/div>\t\t\t\t<\/div>\n\n\t\t\t\t\n\t\t\t<\/div>\n\t\t<\/div>\n\t\t<\/div>\n<\/div>\n\n\n\n<p><\/p>\n","protected":false},"excerpt":{"rendered":"<p>En los \u00faltimos a\u00f1os, el CEIP Giner de los R\u00edos ha avanzado de forma decidida en la integraci\u00f3n de las nuevas tecnolog\u00edas en la vida del centro y en la incorporaci\u00f3n de metodolog\u00edas activas en las aulas. El compromiso del claustro con la innovaci\u00f3n y la formaci\u00f3n docente ha permitido que el uso de recursos [&hellip;]<\/p>\n","protected":false},"author":6,"featured_media":1542,"parent":797,"menu_order":12,"comment_status":"closed","ping_status":"closed","template":"","meta":{"footnotes":""},"folder":[10],"class_list":["post-191","page","type-page","status-publish","has-post-thumbnail","hentry"],"rttpg_featured_image_url":{"full":["https:\/\/site.educa.madrid.org\/cp.ginerdelosrios.torrejondeardoz\/\/wp-content\/uploads\/cp.ginerdelosrios.torrejondeardoz\/2026\/02\/proyecto-plan-digital-cover.webp",1024,715,false],"landscape":["https:\/\/site.educa.madrid.org\/cp.ginerdelosrios.torrejondeardoz\/\/wp-content\/uploads\/cp.ginerdelosrios.torrejondeardoz\/2026\/02\/proyecto-plan-digital-cover.webp",1024,715,false],"portraits":["https:\/\/site.educa.madrid.org\/cp.ginerdelosrios.torrejondeardoz\/\/wp-content\/uploads\/cp.ginerdelosrios.torrejondeardoz\/2026\/02\/proyecto-plan-digital-cover.webp",1024,715,false],"thumbnail":["https:\/\/site.educa.madrid.org\/cp.ginerdelosrios.torrejondeardoz\/\/wp-content\/uploads\/cp.ginerdelosrios.torrejondeardoz\/2026\/02\/proyecto-plan-digital-cover-150x150.webp",150,150,true],"medium":["https:\/\/site.educa.madrid.org\/cp.ginerdelosrios.torrejondeardoz\/\/wp-content\/uploads\/cp.ginerdelosrios.torrejondeardoz\/2026\/02\/proyecto-plan-digital-cover-300x209.webp",300,209,true],"large":["https:\/\/site.educa.madrid.org\/cp.ginerdelosrios.torrejondeardoz\/\/wp-content\/uploads\/cp.ginerdelosrios.torrejondeardoz\/2026\/02\/proyecto-plan-digital-cover.webp",640,447,false],"thumblist":["https:\/\/site.educa.madrid.org\/cp.ginerdelosrios.torrejondeardoz\/\/wp-content\/uploads\/cp.ginerdelosrios.torrejondeardoz\/2026\/02\/proyecto-plan-digital-cover-300x300.webp",300,300,true],"thumbrelated":["https:\/\/site.educa.madrid.org\/cp.ginerdelosrios.torrejondeardoz\/\/wp-content\/uploads\/cp.ginerdelosrios.torrejondeardoz\/2026\/02\/proyecto-plan-digital-cover-500x500.webp",500,500,true],"meccarouselthumb":["https:\/\/site.educa.madrid.org\/cp.ginerdelosrios.torrejondeardoz\/\/wp-content\/uploads\/cp.ginerdelosrios.torrejondeardoz\/2026\/02\/proyecto-plan-digital-cover-474x324.webp",474,324,true],"gridsquare":["https:\/\/site.educa.madrid.org\/cp.ginerdelosrios.torrejondeardoz\/\/wp-content\/uploads\/cp.ginerdelosrios.torrejondeardoz\/2026\/02\/proyecto-plan-digital-cover-391x260.webp",391,260,true],"tileview":["https:\/\/site.educa.madrid.org\/cp.ginerdelosrios.torrejondeardoz\/\/wp-content\/uploads\/cp.ginerdelosrios.torrejondeardoz\/2026\/02\/proyecto-plan-digital-cover-300x400.webp",300,400,true],"1536x1536":["https:\/\/site.educa.madrid.org\/cp.ginerdelosrios.torrejondeardoz\/\/wp-content\/uploads\/cp.ginerdelosrios.torrejondeardoz\/2026\/02\/proyecto-plan-digital-cover.webp",1024,715,false],"2048x2048":["https:\/\/site.educa.madrid.org\/cp.ginerdelosrios.torrejondeardoz\/\/wp-content\/uploads\/cp.ginerdelosrios.torrejondeardoz\/2026\/02\/proyecto-plan-digital-cover.webp",1024,715,false],"total-portfolio-thumb":["https:\/\/site.educa.madrid.org\/cp.ginerdelosrios.torrejondeardoz\/\/wp-content\/uploads\/cp.ginerdelosrios.torrejondeardoz\/2026\/02\/proyecto-plan-digital-cover-400x400.webp",400,400,true],"total-team-thumb":["https:\/\/site.educa.madrid.org\/cp.ginerdelosrios.torrejondeardoz\/\/wp-content\/uploads\/cp.ginerdelosrios.torrejondeardoz\/2026\/02\/proyecto-plan-digital-cover-350x420.webp",350,420,true],"total-blog-thumb":["https:\/\/site.educa.madrid.org\/cp.ginerdelosrios.torrejondeardoz\/\/wp-content\/uploads\/cp.ginerdelosrios.torrejondeardoz\/2026\/02\/proyecto-plan-digital-cover-400x280.webp",400,280,true],"total-thumb":["https:\/\/site.educa.madrid.org\/cp.ginerdelosrios.torrejondeardoz\/\/wp-content\/uploads\/cp.ginerdelosrios.torrejondeardoz\/2026\/02\/proyecto-plan-digital-cover-100x100.webp",100,100,true],"total-blog-header":["https:\/\/site.educa.madrid.org\/cp.ginerdelosrios.torrejondeardoz\/\/wp-content\/uploads\/cp.ginerdelosrios.torrejondeardoz\/2026\/02\/proyecto-plan-digital-cover-720x360.webp",720,360,true],"sow-carousel-default":["https:\/\/site.educa.madrid.org\/cp.ginerdelosrios.torrejondeardoz\/\/wp-content\/uploads\/cp.ginerdelosrios.torrejondeardoz\/2026\/02\/proyecto-plan-digital-cover-272x182.webp",272,182,true],"sow-post-carousel-overlay-theme":["https:\/\/site.educa.madrid.org\/cp.ginerdelosrios.torrejondeardoz\/\/wp-content\/uploads\/cp.ginerdelosrios.torrejondeardoz\/2026\/02\/proyecto-plan-digital-cover-360x476.webp",360,476,true],"sow-post-carousel-cards-theme":["https:\/\/site.educa.madrid.org\/cp.ginerdelosrios.torrejondeardoz\/\/wp-content\/uploads\/cp.ginerdelosrios.torrejondeardoz\/2026\/02\/proyecto-plan-digital-cover-360x240.webp",360,240,true],"rt_custom":["https:\/\/site.educa.madrid.org\/cp.ginerdelosrios.torrejondeardoz\/\/wp-content\/uploads\/cp.ginerdelosrios.torrejondeardoz\/2026\/02\/proyecto-plan-digital-cover.webp",1024,715,false]},"rttpg_author":{"display_name":"Cuenta Admin-educamadrid","author_link":"https:\/\/site.educa.madrid.org\/cp.ginerdelosrios.torrejondeardoz\/index.php\/author\/cuenta_admin-educamadrid\/"},"rttpg_comment":0,"rttpg_category":" <a href=\"https:\/\/site.educa.madrid.org\/cp.ginerdelosrios.torrejondeardoz\/?taxonomy=folder&#038;term=proyectos-propios-1771848474-9\" rel=\"tag\">Proyectos propios<\/a>","rttpg_excerpt":"En los \u00faltimos a\u00f1os, el CEIP Giner de los R\u00edos ha avanzado de forma decidida en la integraci\u00f3n de las nuevas tecnolog\u00edas en la vida del centro y en la incorporaci\u00f3n de metodolog\u00edas activas en las aulas. El compromiso del claustro con la innovaci\u00f3n y la formaci\u00f3n docente ha permitido que el uso de recursos&hellip;","post_mailing_queue_ids":[],"_links":{"self":[{"href":"https:\/\/site.educa.madrid.org\/cp.ginerdelosrios.torrejondeardoz\/index.php\/wp-json\/wp\/v2\/pages\/191","targetHints":{"allow":["GET"]}}],"collection":[{"href":"https:\/\/site.educa.madrid.org\/cp.ginerdelosrios.torrejondeardoz\/index.php\/wp-json\/wp\/v2\/pages"}],"about":[{"href":"https:\/\/site.educa.madrid.org\/cp.ginerdelosrios.torrejondeardoz\/index.php\/wp-json\/wp\/v2\/types\/page"}],"author":[{"embeddable":true,"href":"https:\/\/site.educa.madrid.org\/cp.ginerdelosrios.torrejondeardoz\/index.php\/wp-json\/wp\/v2\/users\/6"}],"replies":[{"embeddable":true,"href":"https:\/\/site.educa.madrid.org\/cp.ginerdelosrios.torrejondeardoz\/index.php\/wp-json\/wp\/v2\/comments?post=191"}],"version-history":[{"count":11,"href":"https:\/\/site.educa.madrid.org\/cp.ginerdelosrios.torrejondeardoz\/index.php\/wp-json\/wp\/v2\/pages\/191\/revisions"}],"predecessor-version":[{"id":2167,"href":"https:\/\/site.educa.madrid.org\/cp.ginerdelosrios.torrejondeardoz\/index.php\/wp-json\/wp\/v2\/pages\/191\/revisions\/2167"}],"up":[{"embeddable":true,"href":"https:\/\/site.educa.madrid.org\/cp.ginerdelosrios.torrejondeardoz\/index.php\/wp-json\/wp\/v2\/pages\/797"}],"wp:featuredmedia":[{"embeddable":true,"href":"https:\/\/site.educa.madrid.org\/cp.ginerdelosrios.torrejondeardoz\/index.php\/wp-json\/wp\/v2\/media\/1542"}],"wp:attachment":[{"href":"https:\/\/site.educa.madrid.org\/cp.ginerdelosrios.torrejondeardoz\/index.php\/wp-json\/wp\/v2\/media?parent=191"}],"wp:term":[{"taxonomy":"folder","embeddable":true,"href":"https:\/\/site.educa.madrid.org\/cp.ginerdelosrios.torrejondeardoz\/index.php\/wp-json\/wp\/v2\/folder?post=191"}],"curies":[{"name":"wp","href":"https:\/\/api.w.org\/{rel}","templated":true}]}}