{"id":1937,"date":"2026-03-04T19:49:26","date_gmt":"2026-03-04T18:49:26","guid":{"rendered":"https:\/\/site.educa.madrid.org\/cp.ginerdelosrios.torrejondeardoz\/?page_id=1937"},"modified":"2026-03-06T10:32:54","modified_gmt":"2026-03-06T09:32:54","slug":"localizacion-y-contacto","status":"publish","type":"page","link":"https:\/\/site.educa.madrid.org\/cp.ginerdelosrios.torrejondeardoz\/index.php\/informacion-a-familias-2\/localizacion-y-contacto\/","title":{"rendered":"Localizaci\u00f3n y contacto"},"content":{"rendered":"\n<div class=\"wp-block-group clean has-border-color has-cyan-bluish-gray-border-color is-layout-constrained wp-container-core-group-is-layout-db32e940 wp-block-group-is-layout-constrained\" style=\"border-width:1px;border-radius:24px;padding-top:var(--wp--preset--spacing--60);padding-right:var(--wp--preset--spacing--60);padding-bottom:var(--wp--preset--spacing--60);padding-left:var(--wp--preset--spacing--60)\">\n<p>LOCALIZACI\u00d3N Y CONTACTO<\/p>\n\n\n\n<h2 class=\"wp-block-heading has-large-font-size\">La atenci\u00f3n a las familias se realizar\u00e1 preferentemente por correo electr\u00f3nico o por tel\u00e9fono.<\/h2>\n\n\n\n<div class=\"wp-block-group card is-layout-constrained wp-container-core-group-is-layout-e0082cf6 wp-block-group-is-layout-constrained\">\n<p><strong>Correos electr\u00f3nicos:<\/strong><\/p>\n\n\n\n<p class=\"has-small-font-size\"><a href=\"mailto:cp.ginerdelosrios.torrejondeardoz@educa.madrid.org\">cp.ginerdelosrios.torrejondeardoz@educa.madrid.org<\/a><\/p>\n\n\n\n<p class=\"has-small-font-size\"><a href=\"mailto:secretaria.cp.ginerdelosrios.torrejondeardoz@educa.madrid.org\">secretaria.cp.ginerdelosrios.torrejondeardoz@educa.madrid.org<\/a><\/p>\n<\/div>\n\n\n\n<div class=\"wp-block-group card is-layout-constrained wp-container-core-group-is-layout-e0082cf6 wp-block-group-is-layout-constrained\">\n<p><strong>Horario de atenci\u00f3n:<\/strong><\/p>\n\n\n\n<p class=\"has-small-font-size\"><strong>Secretar\u00eda:<\/strong> de Lunes a viernes de 9:00 a 10:00&nbsp;<br><strong>Jefatura de Estudios y Direcci\u00f3n<\/strong>:&nbsp;Previa concertaci\u00f3n de cita<\/p>\n<\/div>\n\n\n\n<div class=\"wp-block-columns is-layout-flex wp-container-core-columns-is-layout-28f84493 wp-block-columns-is-layout-flex\">\n<div class=\"wp-block-column is-layout-flow wp-block-column-is-layout-flow\">\n<div class=\"wp-block-group card is-layout-constrained wp-container-core-group-is-layout-e0082cf6 wp-block-group-is-layout-constrained\">\n<p><strong>Localizaci\u00f3n<\/strong><\/p>\n\n\n\n<p class=\"has-small-font-size\">C\/ Alamo 6,&nbsp;<br>28850 Torrej\u00f3n de Ardoz&nbsp;<br>Madrid&nbsp;<\/p>\n<\/div>\n<\/div>\n\n\n\n<div class=\"wp-block-column is-layout-flow wp-block-column-is-layout-flow\">\n<div class=\"wp-block-group card is-layout-constrained wp-container-core-group-is-layout-e0082cf6 wp-block-group-is-layout-constrained\">\n<p><strong>Tel\u00e9fono:&nbsp;<\/strong>916 564952<\/p>\n\n\n\n<p><\/p>\n<\/div>\n<\/div>\n<\/div>\n<\/div>\n","protected":false},"excerpt":{"rendered":"","protected":false},"author":9,"featured_media":0,"parent":878,"menu_order":0,"comment_status":"closed","ping_status":"closed","template":"","meta":{"footnotes":""},"folder":[17],"class_list":["post-1937","page","type-page","status-publish","hentry"],"rttpg_featured_image_url":null,"rttpg_author":{"display_name":"Cuenta Compdigedu cp ginerdelosrios torrejondeardoz","author_link":"https:\/\/site.educa.madrid.org\/cp.ginerdelosrios.torrejondeardoz\/index.php\/author\/cuenta_compdigedu-cp-ginerdelosrios-torrejondeardo\/"},"rttpg_comment":0,"rttpg_category":" <a href=\"https:\/\/site.educa.madrid.org\/cp.ginerdelosrios.torrejondeardoz\/?taxonomy=folder&#038;term=info-familias-1772649145-9\" rel=\"tag\">Info Familias<\/a>","rttpg_excerpt":null,"post_mailing_queue_ids":[],"_links":{"self":[{"href":"https:\/\/site.educa.madrid.org\/cp.ginerdelosrios.torrejondeardoz\/index.php\/wp-json\/wp\/v2\/pages\/1937","targetHints":{"allow":["GET"]}}],"collection":[{"href":"https:\/\/site.educa.madrid.org\/cp.ginerdelosrios.torrejondeardoz\/index.php\/wp-json\/wp\/v2\/pages"}],"about":[{"href":"https:\/\/site.educa.madrid.org\/cp.ginerdelosrios.torrejondeardoz\/index.php\/wp-json\/wp\/v2\/types\/page"}],"author":[{"embeddable":true,"href":"https:\/\/site.educa.madrid.org\/cp.ginerdelosrios.torrejondeardoz\/index.php\/wp-json\/wp\/v2\/users\/9"}],"replies":[{"embeddable":true,"href":"https:\/\/site.educa.madrid.org\/cp.ginerdelosrios.torrejondeardoz\/index.php\/wp-json\/wp\/v2\/comments?post=1937"}],"version-history":[{"count":2,"href":"https:\/\/site.educa.madrid.org\/cp.ginerdelosrios.torrejondeardoz\/index.php\/wp-json\/wp\/v2\/pages\/1937\/revisions"}],"predecessor-version":[{"id":1939,"href":"https:\/\/site.educa.madrid.org\/cp.ginerdelosrios.torrejondeardoz\/index.php\/wp-json\/wp\/v2\/pages\/1937\/revisions\/1939"}],"up":[{"embeddable":true,"href":"https:\/\/site.educa.madrid.org\/cp.ginerdelosrios.torrejondeardoz\/index.php\/wp-json\/wp\/v2\/pages\/878"}],"wp:attachment":[{"href":"https:\/\/site.educa.madrid.org\/cp.ginerdelosrios.torrejondeardoz\/index.php\/wp-json\/wp\/v2\/media?parent=1937"}],"wp:term":[{"taxonomy":"folder","embeddable":true,"href":"https:\/\/site.educa.madrid.org\/cp.ginerdelosrios.torrejondeardoz\/index.php\/wp-json\/wp\/v2\/folder?post=1937"}],"curies":[{"name":"wp","href":"https:\/\/api.w.org\/{rel}","templated":true}]}}