{"id":1946,"date":"2026-03-04T20:02:50","date_gmt":"2026-03-04T19:02:50","guid":{"rendered":"https:\/\/site.educa.madrid.org\/cp.ginerdelosrios.torrejondeardoz\/?page_id=1946"},"modified":"2026-03-12T14:10:36","modified_gmt":"2026-03-12T13:10:36","slug":"religion-medidas-de-atencion-educativa","status":"publish","type":"page","link":"https:\/\/site.educa.madrid.org\/cp.ginerdelosrios.torrejondeardoz\/index.php\/informacion-a-familias-2\/religion-medidas-de-atencion-educativa\/","title":{"rendered":"Cambio de opci\u00f3n: Religi\u00f3n &#8211; M.A.E."},"content":{"rendered":"\n<div class=\"wp-block-group card is-layout-constrained wp-block-group-is-layout-constrained\" style=\"margin-top:var(--wp--preset--spacing--60);margin-bottom:var(--wp--preset--spacing--60)\">\n<h2 class=\"wp-block-heading has-large-font-size\">CURSO 2026\/2027: CAMBIO DE OPCI\u00d3N DEL 01\/06 AL 15\/06<\/h2>\n\n\n\n<p>En cumplimiento de lo establecido en las <strong>Instrucciones de inicio de curso de la Comunidad de Madrid<\/strong>, las familias deber\u00e1n manifestar su elecci\u00f3n respecto a que su hijo o hija curse <strong>Religi\u00f3n o Medidas de Atenci\u00f3n Educativa (MAE)<\/strong> antes del inicio del curso escolar.<\/p>\n\n\n\n<p>En el <strong>CEIP Giner de los R\u00edos<\/strong>, con el fin de facilitar la organizaci\u00f3n acad\u00e9mica del pr\u00f3ximo curso, las solicitudes de <strong>cambio de opci\u00f3n entre Religi\u00f3n y MAE<\/strong> deber\u00e1n presentarse <strong>entre el 1 y el 15 de junio<\/strong> en la secretar\u00eda del centro, mediante el modelo de solicitud correspondiente..\u00a0<\/p>\n\n\n\n<p>El cambio s\u00f3lo podr\u00e1 solicitarse UNA vez.&nbsp;<\/p>\n\n\n\n<p>Os dejamos el enlace al formulario (que si lo descarg\u00e1is, podr\u00e9is rellenar directamente).<\/p>\n\n\n\n<div class=\"wp-block-buttons is-layout-flex wp-block-buttons-is-layout-flex\">\n<div class=\"wp-block-button is-style-outline is-style-outline--1\"><a class=\"wp-block-button__link wp-element-button\" href=\"https:\/\/drive.google.com\/file\/d\/1dsH1rRcoWPYISYhSji1UZ0ZJYvg1GEcx\/view?usp=sharing\" target=\"_blank\" rel=\" noreferrer noopener nofollow\">Cambio Religi\u00f3n \/ M.A.E.<\/a><\/div>\n<\/div>\n<\/div>\n\n\n\n<p><\/p>\n","protected":false},"excerpt":{"rendered":"<p>CURSO 2026\/2027: CAMBIO DE OPCI\u00d3N DEL 01\/06 AL 15\/06 En cumplimiento de lo establecido en las Instrucciones de inicio de curso de la Comunidad de Madrid, las familias deber\u00e1n manifestar su elecci\u00f3n respecto a que su hijo o hija curse Religi\u00f3n o Medidas de Atenci\u00f3n Educativa (MAE) antes del inicio del curso escolar. En el [&hellip;]<\/p>\n","protected":false},"author":9,"featured_media":0,"parent":878,"menu_order":0,"comment_status":"closed","ping_status":"closed","template":"","meta":{"footnotes":""},"folder":[17],"class_list":["post-1946","page","type-page","status-publish","hentry"],"rttpg_featured_image_url":null,"rttpg_author":{"display_name":"Cuenta Compdigedu cp ginerdelosrios torrejondeardoz","author_link":"https:\/\/site.educa.madrid.org\/cp.ginerdelosrios.torrejondeardoz\/index.php\/author\/cuenta_compdigedu-cp-ginerdelosrios-torrejondeardo\/"},"rttpg_comment":0,"rttpg_category":" <a href=\"https:\/\/site.educa.madrid.org\/cp.ginerdelosrios.torrejondeardoz\/?taxonomy=folder&#038;term=info-familias-1772649145-9\" rel=\"tag\">Info Familias<\/a>","rttpg_excerpt":"CURSO 2026\/2027: CAMBIO DE OPCI\u00d3N DEL 01\/06 AL 15\/06 En cumplimiento de lo establecido en las Instrucciones de inicio de curso de la Comunidad de Madrid, las familias deber\u00e1n manifestar su elecci\u00f3n respecto a que su hijo o hija curse Religi\u00f3n o Medidas de Atenci\u00f3n Educativa (MAE) antes del inicio del curso escolar. En el&hellip;","post_mailing_queue_ids":[],"_links":{"self":[{"href":"https:\/\/site.educa.madrid.org\/cp.ginerdelosrios.torrejondeardoz\/index.php\/wp-json\/wp\/v2\/pages\/1946","targetHints":{"allow":["GET"]}}],"collection":[{"href":"https:\/\/site.educa.madrid.org\/cp.ginerdelosrios.torrejondeardoz\/index.php\/wp-json\/wp\/v2\/pages"}],"about":[{"href":"https:\/\/site.educa.madrid.org\/cp.ginerdelosrios.torrejondeardoz\/index.php\/wp-json\/wp\/v2\/types\/page"}],"author":[{"embeddable":true,"href":"https:\/\/site.educa.madrid.org\/cp.ginerdelosrios.torrejondeardoz\/index.php\/wp-json\/wp\/v2\/users\/9"}],"replies":[{"embeddable":true,"href":"https:\/\/site.educa.madrid.org\/cp.ginerdelosrios.torrejondeardoz\/index.php\/wp-json\/wp\/v2\/comments?post=1946"}],"version-history":[{"count":4,"href":"https:\/\/site.educa.madrid.org\/cp.ginerdelosrios.torrejondeardoz\/index.php\/wp-json\/wp\/v2\/pages\/1946\/revisions"}],"predecessor-version":[{"id":2074,"href":"https:\/\/site.educa.madrid.org\/cp.ginerdelosrios.torrejondeardoz\/index.php\/wp-json\/wp\/v2\/pages\/1946\/revisions\/2074"}],"up":[{"embeddable":true,"href":"https:\/\/site.educa.madrid.org\/cp.ginerdelosrios.torrejondeardoz\/index.php\/wp-json\/wp\/v2\/pages\/878"}],"wp:attachment":[{"href":"https:\/\/site.educa.madrid.org\/cp.ginerdelosrios.torrejondeardoz\/index.php\/wp-json\/wp\/v2\/media?parent=1946"}],"wp:term":[{"taxonomy":"folder","embeddable":true,"href":"https:\/\/site.educa.madrid.org\/cp.ginerdelosrios.torrejondeardoz\/index.php\/wp-json\/wp\/v2\/folder?post=1946"}],"curies":[{"name":"wp","href":"https:\/\/api.w.org\/{rel}","templated":true}]}}