{"id":1996,"date":"2026-03-06T10:55:28","date_gmt":"2026-03-06T09:55:28","guid":{"rendered":"https:\/\/site.educa.madrid.org\/cp.ginerdelosrios.torrejondeardoz\/?page_id=1996"},"modified":"2026-03-06T10:56:08","modified_gmt":"2026-03-06T09:56:08","slug":"nuestro-horario","status":"publish","type":"page","link":"https:\/\/site.educa.madrid.org\/cp.ginerdelosrios.torrejondeardoz\/index.php\/informacion-a-familias-2\/nuestro-horario\/","title":{"rendered":"Nuestro horario"},"content":{"rendered":"\n<div class=\"wp-block-group clean has-background is-layout-constrained wp-container-core-group-is-layout-db32e940 wp-block-group-is-layout-constrained\" style=\"border-radius:24px;background-color:#f0f0f0;padding-top:var(--wp--preset--spacing--60);padding-right:var(--wp--preset--spacing--60);padding-bottom:var(--wp--preset--spacing--60);padding-left:var(--wp--preset--spacing--60)\">\n<h2 class=\"wp-block-heading has-large-font-size\">Nuestro horario:<\/h2>\n\n\n\n<ul class=\"wp-block-list\">\n<li>Del&nbsp;<strong>1 de octubre al 31 de mayo<\/strong>: de&nbsp;<strong>9:00 a 14:00<\/strong><\/li>\n\n\n\n<li>Los meses de septiembre y junio: de 9:00 a 13:00<\/li>\n<\/ul>\n\n\n\n<p>Si nos necestit\u00e1is antes os ofrecemos:<\/p>\n\n\n\n<ul class=\"wp-block-list\">\n<li><strong>Primeros del Cole y Desayunos desde las 7:00<\/strong><br>(interesados contactad con el&nbsp;<a href=\"https:\/\/ampaginerdelosriostorrejon.blogspot.com\/\" target=\"_blank\" rel=\"noreferrer noopener\">AMPA<\/a>).<\/li>\n<\/ul>\n\n\n\n<p>Si nos necesit\u00e1is despu\u00e9s:<\/p>\n\n\n\n<ul class=\"wp-block-list\">\n<li><strong>COMEDOR<\/strong>&nbsp;de&nbsp;<strong>14:00 a 16:00, de octubre a mayo<\/strong>, y de 13:00 a 15:00, en septiembre y junio.<\/li>\n\n\n\n<li><strong>EXTRAESCOLARES<\/strong>&nbsp;de&nbsp;<strong>lunes a jueves de 16:00 a 17:00<\/strong>.<br>(interesados contactad con el&nbsp;<a href=\"https:\/\/ampaginerdelosriostorrejon.blogspot.com\/\" target=\"_blank\" rel=\"noreferrer noopener\">AMPA<\/a>).<\/li>\n<\/ul>\n<\/div>\n","protected":false},"excerpt":{"rendered":"<p>Nuestro horario: Si nos necestit\u00e1is antes os ofrecemos: Si nos necesit\u00e1is despu\u00e9s:<\/p>\n","protected":false},"author":9,"featured_media":0,"parent":878,"menu_order":0,"comment_status":"closed","ping_status":"closed","template":"","meta":{"footnotes":""},"folder":[17],"class_list":["post-1996","page","type-page","status-publish","hentry"],"rttpg_featured_image_url":null,"rttpg_author":{"display_name":"Cuenta Compdigedu cp ginerdelosrios torrejondeardoz","author_link":"https:\/\/site.educa.madrid.org\/cp.ginerdelosrios.torrejondeardoz\/index.php\/author\/cuenta_compdigedu-cp-ginerdelosrios-torrejondeardo\/"},"rttpg_comment":0,"rttpg_category":" <a href=\"https:\/\/site.educa.madrid.org\/cp.ginerdelosrios.torrejondeardoz\/?taxonomy=folder&#038;term=info-familias-1772649145-9\" rel=\"tag\">Info Familias<\/a>","rttpg_excerpt":"Nuestro horario: Si nos necestit\u00e1is antes os ofrecemos: Si nos necesit\u00e1is despu\u00e9s:","post_mailing_queue_ids":[],"_links":{"self":[{"href":"https:\/\/site.educa.madrid.org\/cp.ginerdelosrios.torrejondeardoz\/index.php\/wp-json\/wp\/v2\/pages\/1996","targetHints":{"allow":["GET"]}}],"collection":[{"href":"https:\/\/site.educa.madrid.org\/cp.ginerdelosrios.torrejondeardoz\/index.php\/wp-json\/wp\/v2\/pages"}],"about":[{"href":"https:\/\/site.educa.madrid.org\/cp.ginerdelosrios.torrejondeardoz\/index.php\/wp-json\/wp\/v2\/types\/page"}],"author":[{"embeddable":true,"href":"https:\/\/site.educa.madrid.org\/cp.ginerdelosrios.torrejondeardoz\/index.php\/wp-json\/wp\/v2\/users\/9"}],"replies":[{"embeddable":true,"href":"https:\/\/site.educa.madrid.org\/cp.ginerdelosrios.torrejondeardoz\/index.php\/wp-json\/wp\/v2\/comments?post=1996"}],"version-history":[{"count":2,"href":"https:\/\/site.educa.madrid.org\/cp.ginerdelosrios.torrejondeardoz\/index.php\/wp-json\/wp\/v2\/pages\/1996\/revisions"}],"predecessor-version":[{"id":1998,"href":"https:\/\/site.educa.madrid.org\/cp.ginerdelosrios.torrejondeardoz\/index.php\/wp-json\/wp\/v2\/pages\/1996\/revisions\/1998"}],"up":[{"embeddable":true,"href":"https:\/\/site.educa.madrid.org\/cp.ginerdelosrios.torrejondeardoz\/index.php\/wp-json\/wp\/v2\/pages\/878"}],"wp:attachment":[{"href":"https:\/\/site.educa.madrid.org\/cp.ginerdelosrios.torrejondeardoz\/index.php\/wp-json\/wp\/v2\/media?parent=1996"}],"wp:term":[{"taxonomy":"folder","embeddable":true,"href":"https:\/\/site.educa.madrid.org\/cp.ginerdelosrios.torrejondeardoz\/index.php\/wp-json\/wp\/v2\/folder?post=1996"}],"curies":[{"name":"wp","href":"https:\/\/api.w.org\/{rel}","templated":true}]}}