{"id":2197,"date":"2026-03-16T22:25:21","date_gmt":"2026-03-16T21:25:21","guid":{"rendered":"https:\/\/site.educa.madrid.org\/cp.ginerdelosrios.torrejondeardoz\/?page_id=2197"},"modified":"2026-03-16T22:50:11","modified_gmt":"2026-03-16T21:50:11","slug":"convivencia-y-bienestar-en-el-ceip-giner-de-los-rios","status":"publish","type":"page","link":"https:\/\/site.educa.madrid.org\/cp.ginerdelosrios.torrejondeardoz\/index.php\/convivencia-y-bienestar-en-el-ceip-giner-de-los-rios\/","title":{"rendered":"Convivencia y Bienestar en el CEIP Giner de los R\u00edos"},"content":{"rendered":"\n<p>En el CEIP Giner de los R\u00edos entendemos la convivencia como la base del aprendizaje y del bienestar de nuestro alumnado. Nuestro objetivo es ofrecer un entorno escolar seguro, respetuoso y acogedor, en el que cada ni\u00f1o y cada ni\u00f1a se sienta escuchado, valorado y acompa\u00f1ado.<\/p>\n\n\n\n<figure class=\"wp-block-image alignleft size-thumbnail\"><img loading=\"lazy\" decoding=\"async\" width=\"150\" height=\"150\" src=\"https:\/\/site.educa.madrid.org\/cp.ginerdelosrios.torrejondeardoz\/\/wp-content\/uploads\/cp.ginerdelosrios.torrejondeardoz\/2026\/03\/convivencia-01-150x150.webp\" alt=\"\" class=\"wp-image-2205\" srcset=\"https:\/\/site.educa.madrid.org\/cp.ginerdelosrios.torrejondeardoz\/\/wp-content\/uploads\/cp.ginerdelosrios.torrejondeardoz\/2026\/03\/convivencia-01-150x150.webp 150w, https:\/\/site.educa.madrid.org\/cp.ginerdelosrios.torrejondeardoz\/\/wp-content\/uploads\/cp.ginerdelosrios.torrejondeardoz\/2026\/03\/convivencia-01-300x300.webp 300w, https:\/\/site.educa.madrid.org\/cp.ginerdelosrios.torrejondeardoz\/\/wp-content\/uploads\/cp.ginerdelosrios.torrejondeardoz\/2026\/03\/convivencia-01-500x500.webp 500w, https:\/\/site.educa.madrid.org\/cp.ginerdelosrios.torrejondeardoz\/\/wp-content\/uploads\/cp.ginerdelosrios.torrejondeardoz\/2026\/03\/convivencia-01-400x400.webp 400w, https:\/\/site.educa.madrid.org\/cp.ginerdelosrios.torrejondeardoz\/\/wp-content\/uploads\/cp.ginerdelosrios.torrejondeardoz\/2026\/03\/convivencia-01-100x100.webp 100w\" sizes=\"auto, (max-width: 150px) 100vw, 150px\" \/><\/figure>\n\n\n\n<p>La convivencia en nuestro centro se trabaja desde un enfoque <strong>preventivo, educativo y compartido<\/strong>, fomentando valores como el respeto, la empat\u00eda, el di\u00e1logo y la responsabilidad. Apostamos por la educaci\u00f3n emocional, la resoluci\u00f3n pac\u00edfica de conflictos y la participaci\u00f3n activa del alumnado en la vida del centro.<\/p>\n\n\n\n<figure class=\"wp-block-image alignright size-thumbnail\"><img loading=\"lazy\" decoding=\"async\" width=\"150\" height=\"150\" src=\"https:\/\/site.educa.madrid.org\/cp.ginerdelosrios.torrejondeardoz\/\/wp-content\/uploads\/cp.ginerdelosrios.torrejondeardoz\/2026\/03\/convivencia-02-150x150.webp\" alt=\"\" class=\"wp-image-2207\" srcset=\"https:\/\/site.educa.madrid.org\/cp.ginerdelosrios.torrejondeardoz\/\/wp-content\/uploads\/cp.ginerdelosrios.torrejondeardoz\/2026\/03\/convivencia-02-150x150.webp 150w, https:\/\/site.educa.madrid.org\/cp.ginerdelosrios.torrejondeardoz\/\/wp-content\/uploads\/cp.ginerdelosrios.torrejondeardoz\/2026\/03\/convivencia-02-300x300.webp 300w, https:\/\/site.educa.madrid.org\/cp.ginerdelosrios.torrejondeardoz\/\/wp-content\/uploads\/cp.ginerdelosrios.torrejondeardoz\/2026\/03\/convivencia-02-500x500.webp 500w, https:\/\/site.educa.madrid.org\/cp.ginerdelosrios.torrejondeardoz\/\/wp-content\/uploads\/cp.ginerdelosrios.torrejondeardoz\/2026\/03\/convivencia-02-400x400.webp 400w, https:\/\/site.educa.madrid.org\/cp.ginerdelosrios.torrejondeardoz\/\/wp-content\/uploads\/cp.ginerdelosrios.torrejondeardoz\/2026\/03\/convivencia-02-100x100.webp 100w\" sizes=\"auto, (max-width: 150px) 100vw, 150px\" \/><\/figure>\n\n\n\n<p>Contamos con un <strong>Plan de Convivencia<\/strong> que gu\u00eda todas nuestras actuaciones, coordinado con el <strong>Plan de Acci\u00f3n Tutorial<\/strong> y el trabajo de la <strong>Coordinaci\u00f3n de Bienestar y Protecci\u00f3n<\/strong>, en colaboraci\u00f3n estrecha con el profesorado, el equipo de orientaci\u00f3n y las familias. Este plan incluye medidas de prevenci\u00f3n, protocolos de actuaci\u00f3n ante posibles conflictos y acciones de sensibilizaci\u00f3n y formaci\u00f3n dirigidas a toda la comunidad educativa.<\/p>\n\n\n\n<p>Creemos firmemente que una buena convivencia se construye d\u00eda a d\u00eda, desde las aulas, los patios, el comedor y todos los espacios compartidos, y que es responsabilidad de todos cuidarla y fortalecerla.<\/p>\n\n\n\n<p>Tienes m\u00e1s informaci\u00f3n de la convivencia en nuestro colegio en los siguientes enlaces:<\/p>\n\n\n\n<div class=\"wp-block-group is-layout-grid wp-container-core-group-is-layout-cf40137a wp-block-group-is-layout-grid\" style=\"margin-top:var(--wp--preset--spacing--70);margin-bottom:var(--wp--preset--spacing--70)\">\n<div class=\"wp-block-group card is-layout-constrained wp-block-group-is-layout-constrained\">\n<figure class=\"wp-block-image size-medium has-custom-border\"><a href=\"https:\/\/cloud.educa.madrid.org\/s\/SZY6zkWwQ2AWxcn\" target=\"_blank\" rel=\" noreferrer noopener\"><img loading=\"lazy\" decoding=\"async\" width=\"211\" height=\"300\" src=\"https:\/\/site.educa.madrid.org\/cp.ginerdelosrios.torrejondeardoz\/\/wp-content\/uploads\/cp.ginerdelosrios.torrejondeardoz\/2026\/02\/Plan-convivencia-211x300.webp\" alt=\"\" class=\"wp-image-1872\" style=\"border-radius:8px\" srcset=\"https:\/\/site.educa.madrid.org\/cp.ginerdelosrios.torrejondeardoz\/\/wp-content\/uploads\/cp.ginerdelosrios.torrejondeardoz\/2026\/02\/Plan-convivencia-211x300.webp 211w, https:\/\/site.educa.madrid.org\/cp.ginerdelosrios.torrejondeardoz\/\/wp-content\/uploads\/cp.ginerdelosrios.torrejondeardoz\/2026\/02\/Plan-convivencia-721x1024.webp 721w, https:\/\/site.educa.madrid.org\/cp.ginerdelosrios.torrejondeardoz\/\/wp-content\/uploads\/cp.ginerdelosrios.torrejondeardoz\/2026\/02\/Plan-convivencia-768x1091.webp 768w, https:\/\/site.educa.madrid.org\/cp.ginerdelosrios.torrejondeardoz\/\/wp-content\/uploads\/cp.ginerdelosrios.torrejondeardoz\/2026\/02\/Plan-convivencia-1081x1536.webp 1081w, https:\/\/site.educa.madrid.org\/cp.ginerdelosrios.torrejondeardoz\/\/wp-content\/uploads\/cp.ginerdelosrios.torrejondeardoz\/2026\/02\/Plan-convivencia.webp 1232w\" sizes=\"auto, (max-width: 211px) 100vw, 211px\" \/><\/a><\/figure>\n\n\n\n<p class=\"has-text-align-center has-small-font-size\">Plan de convivencia<br><\/p>\n<\/div>\n\n\n\n<div class=\"wp-block-group card is-layout-constrained wp-block-group-is-layout-constrained\">\n<figure class=\"wp-block-image size-medium has-custom-border\"><a href=\"https:\/\/cloud.educa.madrid.org\/s\/SyYpx7JbKGCTLkd\" target=\"_blank\" rel=\" noreferrer noopener\"><img loading=\"lazy\" decoding=\"async\" width=\"211\" height=\"300\" src=\"https:\/\/site.educa.madrid.org\/cp.ginerdelosrios.torrejondeardoz\/\/wp-content\/uploads\/cp.ginerdelosrios.torrejondeardoz\/2026\/03\/Normas-Organizacion-Funcionamiento-211x300.webp\" alt=\"\" class=\"wp-image-1969\" style=\"border-radius:8px\" srcset=\"https:\/\/site.educa.madrid.org\/cp.ginerdelosrios.torrejondeardoz\/\/wp-content\/uploads\/cp.ginerdelosrios.torrejondeardoz\/2026\/03\/Normas-Organizacion-Funcionamiento-211x300.webp 211w, https:\/\/site.educa.madrid.org\/cp.ginerdelosrios.torrejondeardoz\/\/wp-content\/uploads\/cp.ginerdelosrios.torrejondeardoz\/2026\/03\/Normas-Organizacion-Funcionamiento-721x1024.webp 721w, https:\/\/site.educa.madrid.org\/cp.ginerdelosrios.torrejondeardoz\/\/wp-content\/uploads\/cp.ginerdelosrios.torrejondeardoz\/2026\/03\/Normas-Organizacion-Funcionamiento-768x1091.webp 768w, https:\/\/site.educa.madrid.org\/cp.ginerdelosrios.torrejondeardoz\/\/wp-content\/uploads\/cp.ginerdelosrios.torrejondeardoz\/2026\/03\/Normas-Organizacion-Funcionamiento-1081x1536.webp 1081w, https:\/\/site.educa.madrid.org\/cp.ginerdelosrios.torrejondeardoz\/\/wp-content\/uploads\/cp.ginerdelosrios.torrejondeardoz\/2026\/03\/Normas-Organizacion-Funcionamiento.webp 1154w\" sizes=\"auto, (max-width: 211px) 100vw, 211px\" \/><\/a><\/figure>\n\n\n\n<p class=\"has-text-align-center has-small-font-size\">Normas de organizaci\u00f3n y funcionamiento<\/p>\n<\/div>\n\n\n\n<div class=\"wp-block-group card wp-container-content-69bc4bdf is-layout-constrained wp-block-group-is-layout-constrained\">\n<figure class=\"wp-block-image size-medium has-custom-border\"><a href=\"https:\/\/cloud.educa.madrid.org\/s\/jPHpRzPKqqTjYB7\" target=\"_blank\" rel=\" noreferrer noopener\"><img loading=\"lazy\" decoding=\"async\" width=\"211\" height=\"300\" src=\"https:\/\/site.educa.madrid.org\/cp.ginerdelosrios.torrejondeardoz\/\/wp-content\/uploads\/cp.ginerdelosrios.torrejondeardoz\/2026\/02\/Plan-accion-tutorial-211x300.webp\" alt=\"\" class=\"wp-image-1855\" style=\"border-radius:8px\" srcset=\"https:\/\/site.educa.madrid.org\/cp.ginerdelosrios.torrejondeardoz\/\/wp-content\/uploads\/cp.ginerdelosrios.torrejondeardoz\/2026\/02\/Plan-accion-tutorial-211x300.webp 211w, https:\/\/site.educa.madrid.org\/cp.ginerdelosrios.torrejondeardoz\/\/wp-content\/uploads\/cp.ginerdelosrios.torrejondeardoz\/2026\/02\/Plan-accion-tutorial-719x1024.webp 719w, https:\/\/site.educa.madrid.org\/cp.ginerdelosrios.torrejondeardoz\/\/wp-content\/uploads\/cp.ginerdelosrios.torrejondeardoz\/2026\/02\/Plan-accion-tutorial-768x1094.webp 768w, https:\/\/site.educa.madrid.org\/cp.ginerdelosrios.torrejondeardoz\/\/wp-content\/uploads\/cp.ginerdelosrios.torrejondeardoz\/2026\/02\/Plan-accion-tutorial-1078x1536.webp 1078w, https:\/\/site.educa.madrid.org\/cp.ginerdelosrios.torrejondeardoz\/\/wp-content\/uploads\/cp.ginerdelosrios.torrejondeardoz\/2026\/02\/Plan-accion-tutorial.webp 1178w\" sizes=\"auto, (max-width: 211px) 100vw, 211px\" \/><\/a><\/figure>\n\n\n\n<p class=\"has-text-align-center has-small-font-size\">Plan de acci\u00f3n tutorial<br><br><\/p>\n<\/div>\n<\/div>\n\n\n        <div class=\"rttpg-block-postgrid rttpg-block-wrapper rttpg-block-97db85 tpg-filter-type-dropdown meta-visibility-show section-title-style-style1 img_hover_animation_default title-default title_position_default title_hover_border_default meta_position_default tpg-is-author-icon-default author-image-visibility-icon tpg-category-position-default readmore-btn-default-style grid-hover-overlay-type-always grid-hover-overlay-height-default hover-overlay-height-default tpg-title-border-default filter-nex-prev-btn-visible tpg-cat-style1 slider-scroll-hide act-label-style-inline\">\n            <div class=\"rt-container-fluid rt-tpg-container tpg-el-main-wrapper tpg-gutenberg clearfix grid-layout1-main\"\n                 id=\"rt-tpg-container-200655918\"\n                 data-layout=\"grid-layout1\"\n                 data-grid-style=\"tpg-full-height\" data-sc-id=\"elementor\"\n                 data-el-settings=''\n                 data-el-query=''\n                 data-el-path=''>\n\t\t\t\t                <div class='tpg-header-wrapper '>\n\t\t\t\t\t                <\/div>\n\n                <div class=\"rt-row rt-content-loader gutenberg-inner grid-layout1 grid-behaviour tpg-full-height grid_layout_wrapper\">\n\t\t\t\t\t\n<div class=\"rt-col-md-4 rt-col-sm-6 rt-col-xs-12 default rt-grid-item post-1765 page type-page status-publish has-post-thumbnail hentry\"        data-id=\"1765\">\n    <div class=\"rt-holder tpg-post-holder \">\n        <div class=\"rt-detail rt-el-content-wrapper\">\n\t\t\t                <div class=\"rt-img-holder tpg-el-image-wrap has-thumbnail\">\n\t\t\t\t\t<a data-id=\"1765\" href=\"https:\/\/site.educa.madrid.org\/cp.ginerdelosrios.torrejondeardoz\/index.php\/nuestros-proyectos\/proyectos-propios\/proyecto-think-equal-educacion-infantil\/\" class=\"tpg-post-link\" target=\"_self\">                        <img loading=\"lazy\" decoding=\"async\" src=\"https:\/\/site.educa.madrid.org\/cp.ginerdelosrios.torrejondeardoz\/\/wp-content\/uploads\/cp.ginerdelosrios.torrejondeardoz\/2026\/02\/think-equal-cover-768x527.webp\"\n                             class=\"rt-img-responsive\"\n                             width=\"640\"\n                             height=\"439\"\n                             alt=\"Proyecto Think Equal (Educaci\u00f3n Infantil)\">\n\t\t\t\t\t\t\n\t\t\t\t\t\t\t\n\t\t<\/a>\n\t\t        <div class=\"overlay grid-hover-content\"><\/div>\n\t\t                <\/div>\n\t\t\t\n\t\t\t<div class=\"entry-title-wrapper\"><h3 class=\"entry-title\"><a data-id=\"1765\" href=\"https:\/\/site.educa.madrid.org\/cp.ginerdelosrios.torrejondeardoz\/index.php\/nuestros-proyectos\/proyectos-propios\/proyecto-think-equal-educacion-infantil\/\" class=\"tpg-post-link\" target=\"_self\">Proyecto Think Equal (Educaci\u00f3n Infantil)<\/a><\/h3><\/div>\n\t\t\t                <div class=\"post-meta-tags rt-el-post-meta\">\n\t\t\t\t\t                <\/div>\n\t\t\t\n\t\t\t                <div class=\"tpg-excerpt tpg-el-excerpt\">\n\t\t\t\t\t                        <div class=\"tpg-excerpt-inner\">\n\t\t\t\t\t\t\tEn el CEIP Giner de los R\u00edos entendemos que la educaci\u00f3n emocional es tan importante como aprender a&#8230;                        <\/div>\n\t\t\t\t\t\t\t\t\t\t                <\/div>\n\t\t\t        <\/div>\n    <\/div>\n<\/div>\n<div class=\"rt-col-md-4 rt-col-sm-6 rt-col-xs-12 default rt-grid-item post-900 page type-page status-publish has-post-thumbnail hentry\"        data-id=\"900\">\n    <div class=\"rt-holder tpg-post-holder \">\n        <div class=\"rt-detail rt-el-content-wrapper\">\n\t\t\t                <div class=\"rt-img-holder tpg-el-image-wrap has-thumbnail\">\n\t\t\t\t\t<a data-id=\"900\" href=\"https:\/\/site.educa.madrid.org\/cp.ginerdelosrios.torrejondeardoz\/index.php\/quienes-somos\/coordinador-de-bienestar-y-proteccion\/\" class=\"tpg-post-link\" target=\"_self\">                        <img loading=\"lazy\" decoding=\"async\" src=\"https:\/\/site.educa.madrid.org\/cp.ginerdelosrios.torrejondeardoz\/\/wp-content\/uploads\/cp.ginerdelosrios.torrejondeardoz\/2026\/02\/coordinador-bienestar-cover-768x492.webp\"\n                             class=\"rt-img-responsive\"\n                             width=\"640\"\n                             height=\"410\"\n                             alt=\"Coordinador de bienestar y protecci\u00f3n\">\n\t\t\t\t\t\t\n\t\t\t\t\t\t\t\n\t\t<\/a>\n\t\t        <div class=\"overlay grid-hover-content\"><\/div>\n\t\t                <\/div>\n\t\t\t\n\t\t\t<div class=\"entry-title-wrapper\"><h3 class=\"entry-title\"><a data-id=\"900\" href=\"https:\/\/site.educa.madrid.org\/cp.ginerdelosrios.torrejondeardoz\/index.php\/quienes-somos\/coordinador-de-bienestar-y-proteccion\/\" class=\"tpg-post-link\" target=\"_self\">Coordinador de bienestar y protecci\u00f3n<\/a><\/h3><\/div>\n\t\t\t                <div class=\"post-meta-tags rt-el-post-meta\">\n\t\t\t\t\t                <\/div>\n\t\t\t\n\t\t\t                <div class=\"tpg-excerpt tpg-el-excerpt\">\n\t\t\t\t\t                        <div class=\"tpg-excerpt-inner\">\n\t\t\t\t\t\t\tEl Coordinador de Bienestar y Protecci\u00f3n es una figura esencial en nuestro colegio.\nSu misi\u00f3n es&#8230;                        <\/div>\n\t\t\t\t\t\t\t\t\t\t                <\/div>\n\t\t\t        <\/div>\n    <\/div>\n<\/div>                <\/div>\n\n\t\t\t\t\n            <\/div>\n        <\/div>\n\t\t","protected":false},"excerpt":{"rendered":"<p>En el CEIP Giner de los R\u00edos entendemos la convivencia como la base del aprendizaje y del bienestar de nuestro alumnado. Nuestro objetivo es ofrecer un entorno escolar seguro, respetuoso y acogedor, en el que cada ni\u00f1o y cada ni\u00f1a se sienta escuchado, valorado y acompa\u00f1ado. La convivencia en nuestro centro se trabaja desde un [&hellip;]<\/p>\n","protected":false},"author":9,"featured_media":0,"parent":0,"menu_order":0,"comment_status":"closed","ping_status":"closed","template":"","meta":{"footnotes":""},"folder":[],"class_list":["post-2197","page","type-page","status-publish","hentry"],"rttpg_featured_image_url":null,"rttpg_author":{"display_name":"Cuenta Compdigedu cp ginerdelosrios torrejondeardoz","author_link":"https:\/\/site.educa.madrid.org\/cp.ginerdelosrios.torrejondeardoz\/index.php\/author\/cuenta_compdigedu-cp-ginerdelosrios-torrejondeardo\/"},"rttpg_comment":0,"rttpg_category":false,"rttpg_excerpt":"En el CEIP Giner de los R\u00edos entendemos la convivencia como la base del aprendizaje y del bienestar de nuestro alumnado. Nuestro objetivo es ofrecer un entorno escolar seguro, respetuoso y acogedor, en el que cada ni\u00f1o y cada ni\u00f1a se sienta escuchado, valorado y acompa\u00f1ado. La convivencia en nuestro centro se trabaja desde un&hellip;","post_mailing_queue_ids":[],"_links":{"self":[{"href":"https:\/\/site.educa.madrid.org\/cp.ginerdelosrios.torrejondeardoz\/index.php\/wp-json\/wp\/v2\/pages\/2197","targetHints":{"allow":["GET"]}}],"collection":[{"href":"https:\/\/site.educa.madrid.org\/cp.ginerdelosrios.torrejondeardoz\/index.php\/wp-json\/wp\/v2\/pages"}],"about":[{"href":"https:\/\/site.educa.madrid.org\/cp.ginerdelosrios.torrejondeardoz\/index.php\/wp-json\/wp\/v2\/types\/page"}],"author":[{"embeddable":true,"href":"https:\/\/site.educa.madrid.org\/cp.ginerdelosrios.torrejondeardoz\/index.php\/wp-json\/wp\/v2\/users\/9"}],"replies":[{"embeddable":true,"href":"https:\/\/site.educa.madrid.org\/cp.ginerdelosrios.torrejondeardoz\/index.php\/wp-json\/wp\/v2\/comments?post=2197"}],"version-history":[{"count":6,"href":"https:\/\/site.educa.madrid.org\/cp.ginerdelosrios.torrejondeardoz\/index.php\/wp-json\/wp\/v2\/pages\/2197\/revisions"}],"predecessor-version":[{"id":2209,"href":"https:\/\/site.educa.madrid.org\/cp.ginerdelosrios.torrejondeardoz\/index.php\/wp-json\/wp\/v2\/pages\/2197\/revisions\/2209"}],"wp:attachment":[{"href":"https:\/\/site.educa.madrid.org\/cp.ginerdelosrios.torrejondeardoz\/index.php\/wp-json\/wp\/v2\/media?parent=2197"}],"wp:term":[{"taxonomy":"folder","embeddable":true,"href":"https:\/\/site.educa.madrid.org\/cp.ginerdelosrios.torrejondeardoz\/index.php\/wp-json\/wp\/v2\/folder?post=2197"}],"curies":[{"name":"wp","href":"https:\/\/api.w.org\/{rel}","templated":true}]}}