{"id":300,"date":"2022-05-31T12:11:15","date_gmt":"2022-05-31T10:11:15","guid":{"rendered":"https:\/\/site.educa.madrid.org\/cp.ginerdelosrios.torrejondeardoz\/?page_id=300"},"modified":"2026-02-24T01:11:40","modified_gmt":"2026-02-24T00:11:40","slug":"servicios-y-actividades","status":"publish","type":"page","link":"https:\/\/site.educa.madrid.org\/cp.ginerdelosrios.torrejondeardoz\/index.php\/servicios-y-actividades\/","title":{"rendered":"Servicios y Actividades del CEIP Giner de los R\u00edos"},"content":{"rendered":"\n<p>En nuestro colegio ofrecemos diferentes servicios y actividades que complementan la jornada escolar y ayudan a conciliar la vida familiar, al mismo tiempo que enriquecen la experiencia educativa de nuestro alumnado. Todas ellas est\u00e1n dise\u00f1adas para favorecer el bienestar, el aprendizaje y la participaci\u00f3n de ni\u00f1os y ni\u00f1as desde un enfoque inclusivo y de calidad.<\/p>\n\n\n\n<p>A trav\u00e9s de esta secci\u00f3n podr\u00e1s acceder a la informaci\u00f3n detallada sobre:<\/p>\n\n\n        <div class=\"rttpg-block-postgrid rttpg-block-wrapper rttpg-block-9017ea tpg-filter-type-dropdown section-title-style-style1 img_hover_animation_default title-default title_position_default title_hover_border_default meta_position_default tpg-is-author-icon-default author-image-visibility-icon tpg-category-position-default readmore-btn-default-style grid-hover-overlay-type-always grid-hover-overlay-height-default hover-overlay-height-default tpg-title-border-default filter-nex-prev-btn-visible tpg-cat-style1 slider-scroll-hide act-label-style-inline\">\n            <div class=\"rt-container-fluid rt-tpg-container tpg-el-main-wrapper tpg-gutenberg clearfix grid-layout1-main\"\n                 id=\"rt-tpg-container-3085200801\"\n                 data-layout=\"grid-layout1\"\n                 data-grid-style=\"tpg-full-height\" data-sc-id=\"elementor\"\n                 data-el-settings=''\n                 data-el-query=''\n                 data-el-path=''>\n\t\t\t\t                <div class='tpg-header-wrapper '>\n\t\t\t\t\t                <\/div>\n\n                <div class=\"rt-row rt-content-loader gutenberg-inner grid-layout1 grid-behaviour tpg-full-height grid_layout_wrapper\">\n\t\t\t\t\t\n<div class=\"rt-col-md-3 rt-col-sm-6 rt-col-xs-12 default rt-grid-item post-1671 page type-page status-publish hentry\"        data-id=\"1671\">\n    <div class=\"rt-holder tpg-post-holder \">\n        <div class=\"rt-detail rt-el-content-wrapper\">\n\t\t\t                <div class=\"rt-img-holder tpg-el-image-wrap has-no-thumbnail\">\n\t\t\t\t\t<a data-id=\"1671\" href=\"https:\/\/site.educa.madrid.org\/cp.ginerdelosrios.torrejondeardoz\/index.php\/servicios-y-actividades\/programa-accede\/\" class=\"tpg-post-link\" target=\"_self\">\t\t\n\t\t<\/a>\n\t\t        <div class=\"overlay grid-hover-content\"><\/div>\n\t\t                <\/div>\n\t\t\t\n\t\t\t<div class=\"entry-title-wrapper\"><h3 class=\"entry-title\"><a data-id=\"1671\" href=\"https:\/\/site.educa.madrid.org\/cp.ginerdelosrios.torrejondeardoz\/index.php\/servicios-y-actividades\/programa-accede\/\" class=\"tpg-post-link\" target=\"_self\">Programa ACCEDE<\/a><\/h3><\/div>\n\t\t\t\n\t\t\t                <div class=\"tpg-excerpt tpg-el-excerpt\">\n\t\t\t\t\t                        <div class=\"tpg-excerpt-inner\">\n\t\t\t\t\t\t\tEl sistema de pr\u00e9stamo de libros de texto de la Comunidad de Madrid&#8230;                        <\/div>\n\t\t\t\t\t\t\t\t\t\t                <\/div>\n\t\t\t        <\/div>\n    <\/div>\n<\/div>\n<div class=\"rt-col-md-3 rt-col-sm-6 rt-col-xs-12 default rt-grid-item post-1653 page type-page status-publish hentry\"        data-id=\"1653\">\n    <div class=\"rt-holder tpg-post-holder \">\n        <div class=\"rt-detail rt-el-content-wrapper\">\n\t\t\t                <div class=\"rt-img-holder tpg-el-image-wrap has-no-thumbnail\">\n\t\t\t\t\t<a data-id=\"1653\" href=\"https:\/\/site.educa.madrid.org\/cp.ginerdelosrios.torrejondeardoz\/index.php\/servicios-y-actividades\/comedor\/\" class=\"tpg-post-link\" target=\"_self\">\t\t\n\t\t<\/a>\n\t\t        <div class=\"overlay grid-hover-content\"><\/div>\n\t\t                <\/div>\n\t\t\t\n\t\t\t<div class=\"entry-title-wrapper\"><h3 class=\"entry-title\"><a data-id=\"1653\" href=\"https:\/\/site.educa.madrid.org\/cp.ginerdelosrios.torrejondeardoz\/index.php\/servicios-y-actividades\/comedor\/\" class=\"tpg-post-link\" target=\"_self\">Servicio de Comedor Escolar<\/a><\/h3><\/div>\n\t\t\t\n\t\t\t                <div class=\"tpg-excerpt tpg-el-excerpt\">\n\t\t\t\t\t                        <div class=\"tpg-excerpt-inner\">\n\t\t\t\t\t\t\tUn espacio educativo que garantiza una alimentaci\u00f3n equilibrada y h\u00e1bitos saludables&#8230;                        <\/div>\n\t\t\t\t\t\t\t\t\t\t                <\/div>\n\t\t\t        <\/div>\n    <\/div>\n<\/div>\n<div class=\"rt-col-md-3 rt-col-sm-6 rt-col-xs-12 default rt-grid-item post-178 page type-page status-publish hentry\"        data-id=\"178\">\n    <div class=\"rt-holder tpg-post-holder \">\n        <div class=\"rt-detail rt-el-content-wrapper\">\n\t\t\t                <div class=\"rt-img-holder tpg-el-image-wrap has-no-thumbnail\">\n\t\t\t\t\t<a data-id=\"178\" href=\"https:\/\/site.educa.madrid.org\/cp.ginerdelosrios.torrejondeardoz\/index.php\/servicios-y-actividades\/actividades-complementarias\/\" class=\"tpg-post-link\" target=\"_self\">\t\t\n\t\t<\/a>\n\t\t        <div class=\"overlay grid-hover-content\"><\/div>\n\t\t                <\/div>\n\t\t\t\n\t\t\t<div class=\"entry-title-wrapper\"><h3 class=\"entry-title\"><a data-id=\"178\" href=\"https:\/\/site.educa.madrid.org\/cp.ginerdelosrios.torrejondeardoz\/index.php\/servicios-y-actividades\/actividades-complementarias\/\" class=\"tpg-post-link\" target=\"_self\">Actividades complementarias<\/a><\/h3><\/div>\n\t\t\t\n\t\t\t                <div class=\"tpg-excerpt tpg-el-excerpt\">\n\t\t\t\t\t                        <div class=\"tpg-excerpt-inner\">\n\t\t\t\t\t\t\tPropuestas que forman parte del proyecto educativo y se desarrollan dentro del horario escolar&#8230;                        <\/div>\n\t\t\t\t\t\t\t\t\t\t                <\/div>\n\t\t\t        <\/div>\n    <\/div>\n<\/div>\n<div class=\"rt-col-md-3 rt-col-sm-6 rt-col-xs-12 default rt-grid-item post-179 page type-page status-publish hentry\"        data-id=\"179\">\n    <div class=\"rt-holder tpg-post-holder \">\n        <div class=\"rt-detail rt-el-content-wrapper\">\n\t\t\t                <div class=\"rt-img-holder tpg-el-image-wrap has-no-thumbnail\">\n\t\t\t\t\t<a data-id=\"179\" href=\"https:\/\/site.educa.madrid.org\/cp.ginerdelosrios.torrejondeardoz\/index.php\/servicios-y-actividades\/actividades-extraescolares\/\" class=\"tpg-post-link\" target=\"_self\">\t\t\n\t\t<\/a>\n\t\t        <div class=\"overlay grid-hover-content\"><\/div>\n\t\t                <\/div>\n\t\t\t\n\t\t\t<div class=\"entry-title-wrapper\"><h3 class=\"entry-title\"><a data-id=\"179\" href=\"https:\/\/site.educa.madrid.org\/cp.ginerdelosrios.torrejondeardoz\/index.php\/servicios-y-actividades\/actividades-extraescolares\/\" class=\"tpg-post-link\" target=\"_self\">Actividades extraescolares<\/a><\/h3><\/div>\n\t\t\t\n\t\t\t                <div class=\"tpg-excerpt tpg-el-excerpt\">\n\t\t\t\t\t                        <div class=\"tpg-excerpt-inner\">\n\t\t\t\t\t\t\tOrganizadas en horario no lectivo para ampliar intereses y favorecer la conciliaci\u00f3n&#8230;                        <\/div>\n\t\t\t\t\t\t\t\t\t\t                <\/div>\n\t\t\t        <\/div>\n    <\/div>\n<\/div>                <\/div>\n\n\t\t\t\t\n            <\/div>\n        <\/div>\n\t\t\n\n\n<p>Selecciona cualquiera de los apartados para conocer en profundidad c\u00f3mo funcionan y qu\u00e9 ofrecen a nuestras familias.<\/p>\n","protected":false},"excerpt":{"rendered":"<p>En nuestro colegio ofrecemos diferentes servicios y actividades que complementan la jornada escolar y ayudan a conciliar la vida familiar, al mismo tiempo que enriquecen la experiencia educativa de nuestro alumnado. Todas ellas est\u00e1n dise\u00f1adas para favorecer el bienestar, el aprendizaje y la participaci\u00f3n de ni\u00f1os y ni\u00f1as desde un enfoque inclusivo y de calidad. [&hellip;]<\/p>\n","protected":false},"author":6,"featured_media":0,"parent":0,"menu_order":0,"comment_status":"closed","ping_status":"closed","template":"","meta":{"footnotes":""},"folder":[],"class_list":["post-300","page","type-page","status-publish","hentry"],"rttpg_featured_image_url":null,"rttpg_author":{"display_name":"Cuenta Admin-educamadrid","author_link":"https:\/\/site.educa.madrid.org\/cp.ginerdelosrios.torrejondeardoz\/index.php\/author\/cuenta_admin-educamadrid\/"},"rttpg_comment":0,"rttpg_category":false,"rttpg_excerpt":"En nuestro colegio ofrecemos diferentes servicios y actividades que complementan la jornada escolar y ayudan a conciliar la vida familiar, al mismo tiempo que enriquecen la experiencia educativa de nuestro alumnado. Todas ellas est\u00e1n dise\u00f1adas para favorecer el bienestar, el aprendizaje y la participaci\u00f3n de ni\u00f1os y ni\u00f1as desde un enfoque inclusivo y de calidad.&hellip;","post_mailing_queue_ids":[],"_links":{"self":[{"href":"https:\/\/site.educa.madrid.org\/cp.ginerdelosrios.torrejondeardoz\/index.php\/wp-json\/wp\/v2\/pages\/300","targetHints":{"allow":["GET"]}}],"collection":[{"href":"https:\/\/site.educa.madrid.org\/cp.ginerdelosrios.torrejondeardoz\/index.php\/wp-json\/wp\/v2\/pages"}],"about":[{"href":"https:\/\/site.educa.madrid.org\/cp.ginerdelosrios.torrejondeardoz\/index.php\/wp-json\/wp\/v2\/types\/page"}],"author":[{"embeddable":true,"href":"https:\/\/site.educa.madrid.org\/cp.ginerdelosrios.torrejondeardoz\/index.php\/wp-json\/wp\/v2\/users\/6"}],"replies":[{"embeddable":true,"href":"https:\/\/site.educa.madrid.org\/cp.ginerdelosrios.torrejondeardoz\/index.php\/wp-json\/wp\/v2\/comments?post=300"}],"version-history":[{"count":21,"href":"https:\/\/site.educa.madrid.org\/cp.ginerdelosrios.torrejondeardoz\/index.php\/wp-json\/wp\/v2\/pages\/300\/revisions"}],"predecessor-version":[{"id":2200,"href":"https:\/\/site.educa.madrid.org\/cp.ginerdelosrios.torrejondeardoz\/index.php\/wp-json\/wp\/v2\/pages\/300\/revisions\/2200"}],"wp:attachment":[{"href":"https:\/\/site.educa.madrid.org\/cp.ginerdelosrios.torrejondeardoz\/index.php\/wp-json\/wp\/v2\/media?parent=300"}],"wp:term":[{"taxonomy":"folder","embeddable":true,"href":"https:\/\/site.educa.madrid.org\/cp.ginerdelosrios.torrejondeardoz\/index.php\/wp-json\/wp\/v2\/folder?post=300"}],"curies":[{"name":"wp","href":"https:\/\/api.w.org\/{rel}","templated":true}]}}