{"id":900,"date":"2025-11-05T12:16:58","date_gmt":"2025-11-05T11:16:58","guid":{"rendered":"https:\/\/site.educa.madrid.org\/cp.ginerdelosrios.torrejondeardoz\/?page_id=900"},"modified":"2026-03-12T18:27:54","modified_gmt":"2026-03-12T17:27:54","slug":"coordinador-de-bienestar-y-proteccion","status":"publish","type":"page","link":"https:\/\/site.educa.madrid.org\/cp.ginerdelosrios.torrejondeardoz\/index.php\/quienes-somos\/coordinador-de-bienestar-y-proteccion\/","title":{"rendered":"Coordinador de bienestar y protecci\u00f3n"},"content":{"rendered":"\n<div class=\"wp-block-group is-layout-constrained wp-block-group-is-layout-constrained\">\n<div class=\"wp-block-columns is-layout-flex wp-container-core-columns-is-layout-28f84493 wp-block-columns-is-layout-flex\">\n<div class=\"wp-block-column is-layout-flow wp-block-column-is-layout-flow\" style=\"flex-basis:50%\">\n<figure class=\"wp-block-image aligncenter size-medium is-resized\"><img loading=\"lazy\" decoding=\"async\" width=\"204\" height=\"300\" src=\"https:\/\/site.educa.madrid.org\/cp.ginerdelosrios.torrejondeardoz\/\/wp-content\/uploads\/cp.ginerdelosrios.torrejondeardoz\/2026\/02\/coordinador-bienestar-01-204x300.webp\" alt=\"\" class=\"wp-image-1137\" style=\"width:200px\" srcset=\"https:\/\/site.educa.madrid.org\/cp.ginerdelosrios.torrejondeardoz\/\/wp-content\/uploads\/cp.ginerdelosrios.torrejondeardoz\/2026\/02\/coordinador-bienestar-01-204x300.webp 204w, https:\/\/site.educa.madrid.org\/cp.ginerdelosrios.torrejondeardoz\/\/wp-content\/uploads\/cp.ginerdelosrios.torrejondeardoz\/2026\/02\/coordinador-bienestar-01-698x1024.webp 698w, https:\/\/site.educa.madrid.org\/cp.ginerdelosrios.torrejondeardoz\/\/wp-content\/uploads\/cp.ginerdelosrios.torrejondeardoz\/2026\/02\/coordinador-bienestar-01-768x1127.webp 768w, https:\/\/site.educa.madrid.org\/cp.ginerdelosrios.torrejondeardoz\/\/wp-content\/uploads\/cp.ginerdelosrios.torrejondeardoz\/2026\/02\/coordinador-bienestar-01.webp 1023w\" sizes=\"auto, (max-width: 204px) 100vw, 204px\" \/><\/figure>\n<\/div>\n\n\n\n<div class=\"wp-block-column is-layout-flow wp-block-column-is-layout-flow\" style=\"flex-basis:50%\">\n<p>El <strong>Coordinador de Bienestar y Protecci\u00f3n<\/strong> es una figura esencial en nuestro colegio.<br>Su misi\u00f3n es <strong>garantizar el bienestar f\u00edsico, emocional y social<\/strong> de todo el alumnado, creando un entorno seguro, respetuoso y libre de cualquier forma de violencia.<\/p>\n\n\n\n<p>En el <strong>CEIP Giner de los R\u00edos<\/strong>, esta funci\u00f3n la desempe\u00f1a <strong>Miguel Bernab\u00e9 Almendros<\/strong>, quien trabaja codo con codo con el profesorado, el equipo directivo y las familias para cuidar de lo m\u00e1s importante: <strong>nuestros ni\u00f1os y ni\u00f1as<\/strong>.<\/p>\n\n\n\n<hr class=\"wp-block-separator has-alpha-channel-opacity\"\/>\n\n\n\n<p>\ud83d\udce7 Puedes ponerte en contacto con \u00e9l a trav\u00e9s del correo electr\u00f3nico:<\/p>\n\n\n\n<div class=\"wp-block-buttons is-layout-flex wp-block-buttons-is-layout-flex\">\n<div class=\"wp-block-button is-style-outline is-style-outline--1\"><a class=\"wp-block-button__link wp-element-button\" href=\"mailto:miguel.bernabe@educa.madrid.org\">miguel.bernabe@educa.madrid.org<\/a><\/div>\n<\/div>\n<\/div>\n<\/div>\n\n\n\n<h2 class=\"wp-block-heading\">\ud83c\udf3f \u00bfPor qu\u00e9 existe esta figura?<\/h2>\n\n\n\n<p>La creaci\u00f3n del Coordinador de Bienestar se enmarca en el compromiso legal y \u00e9tico de proteger a la infancia y la adolescencia frente a cualquier forma de violencia.<\/p>\n\n\n\n<p>Se apoya en dos normas fundamentales:<\/p>\n\n\n\n<div class=\"wp-block-columns is-layout-flex wp-container-core-columns-is-layout-b0bab6eb wp-block-columns-is-layout-flex\" style=\"margin-top:var(--wp--preset--spacing--40);margin-bottom:var(--wp--preset--spacing--40)\">\n<div class=\"wp-block-column card is-layout-flow wp-block-column-is-layout-flow\" style=\"flex-basis:50%\">\n<p><strong>LOPIVI<\/strong> (Ley Org\u00e1nica 8\/2021, de 4 de junio, de Protecci\u00f3n Integral a la Infancia y la Adolescencia frente a la Violencia).<\/p>\n<\/div>\n\n\n\n<div class=\"wp-block-column card is-layout-flow wp-block-column-is-layout-flow\" style=\"flex-basis:50%\">\n<p><strong>LOMLOE<\/strong>, que incorpora la obligaci\u00f3n de que todos los centros educativos cuenten con esta figura y desarrollen protocolos espec\u00edficos para la prevenci\u00f3n, detecci\u00f3n y actuaci\u00f3n ante posibles situaciones de acoso o maltrato.<\/p>\n<\/div>\n<\/div>\n\n\n\n<p>Ambas leyes garantizan el derecho de todos los menores a un entorno educativo seguro, que fomente su desarrollo integral y su bienestar emocional.<\/p>\n<\/div>\n\n\n\n<div class=\"wp-block-group card is-layout-flow wp-block-group-is-layout-flow\" style=\"margin-top:var(--wp--preset--spacing--40);margin-bottom:var(--wp--preset--spacing--40)\">\n<h2 class=\"wp-block-heading\">\ud83d\udcac \u00bfQu\u00e9 hace el Coordinador de Bienestar?<\/h2>\n\n\n\n<figure class=\"wp-block-image alignright size-medium is-resized\"><img loading=\"lazy\" decoding=\"async\" width=\"204\" height=\"300\" src=\"https:\/\/site.educa.madrid.org\/cp.ginerdelosrios.torrejondeardoz\/\/wp-content\/uploads\/cp.ginerdelosrios.torrejondeardoz\/2026\/02\/coordinador-bienestar-02-204x300.webp\" alt=\"\" class=\"wp-image-1141\" style=\"width:200px\" srcset=\"https:\/\/site.educa.madrid.org\/cp.ginerdelosrios.torrejondeardoz\/\/wp-content\/uploads\/cp.ginerdelosrios.torrejondeardoz\/2026\/02\/coordinador-bienestar-02-204x300.webp 204w, https:\/\/site.educa.madrid.org\/cp.ginerdelosrios.torrejondeardoz\/\/wp-content\/uploads\/cp.ginerdelosrios.torrejondeardoz\/2026\/02\/coordinador-bienestar-02-696x1024.webp 696w, https:\/\/site.educa.madrid.org\/cp.ginerdelosrios.torrejondeardoz\/\/wp-content\/uploads\/cp.ginerdelosrios.torrejondeardoz\/2026\/02\/coordinador-bienestar-02-768x1130.webp 768w, https:\/\/site.educa.madrid.org\/cp.ginerdelosrios.torrejondeardoz\/\/wp-content\/uploads\/cp.ginerdelosrios.torrejondeardoz\/2026\/02\/coordinador-bienestar-02.webp 1024w\" sizes=\"auto, (max-width: 204px) 100vw, 204px\" \/><\/figure>\n\n\n\n<p>El Coordinador de Bienestar tiene un papel activo en la vida del centro. Entre sus principales funciones est\u00e1n:<\/p>\n\n\n\n<p>\ud83d\udcda <strong>Informar y asesorar<\/strong> a profesorado y familias sobre protocolos de prevenci\u00f3n y actuaci\u00f3n.<\/p>\n\n\n\n<p>\ud83d\udc65 <strong>Ser referente para toda la comunidad educativa<\/strong> en temas de convivencia, respeto y protecci\u00f3n.<\/p>\n\n\n\n<p>\ud83c\udf08 <strong>Promover el buen trato, la igualdad y la inclusi\u00f3n<\/strong>, fomentando la resoluci\u00f3n pac\u00edfica de conflictos y el respeto a la diversidad.<\/p>\n\n\n\n<p>\ud83e\udde9 <strong>Coordinar el Plan de Convivencia<\/strong> del colegio y velar por su cumplimiento.<\/p>\n\n\n\n<p>\ud83d\udd4a\ufe0f <strong>Impulsar programas de formaci\u00f3n y sensibilizaci\u00f3n<\/strong> sobre bienestar emocional, uso responsable de la tecnolog\u00eda y h\u00e1bitos saludables.<\/p>\n\n\n\n<p>\ud83d\udcac <strong>Colaborar con servicios sociales, cuerpos de seguridad y otras instituciones<\/strong> cuando es necesario intervenir ante situaciones de riesgo.<\/p>\n\n\n\n<p>\ud83e\udde0 <strong>Detectar y prevenir<\/strong> posibles casos de acoso escolar, ciberacoso o cualquier forma de violencia.<\/p>\n<\/div>\n\n\n\n<div class=\"wp-block-group is-layout-constrained wp-block-group-is-layout-constrained\">\n<blockquote class=\"wp-block-quote is-layout-flow wp-block-quote-is-layout-flow\">\n<p>En el&nbsp;<strong>CEIP Giner de los R\u00edos<\/strong>&nbsp;creemos que&nbsp;<strong>educar tambi\u00e9n es cuidar<\/strong>.<br>Por eso trabajamos cada d\u00eda para que nuestro colegio sea un espacio donde todos&nbsp;los ni\u00f1os y ni\u00f1as&nbsp;se sientan&nbsp;<strong>seguros, escuchados y felices<\/strong>.&nbsp;\ud83c\udf3c<\/p>\n<\/blockquote>\n<\/div>\n","protected":false},"excerpt":{"rendered":"<p>El Coordinador de Bienestar y Protecci\u00f3n es una figura esencial en nuestro colegio.<br \/>\nSu misi\u00f3n es garantizar el bienestar f\u00edsico, emocional y social de todo el alumnado, creando un entorno seguro, respetuoso y libre de cualquier forma de violencia.<\/p>\n","protected":false},"author":9,"featured_media":1145,"parent":112,"menu_order":0,"comment_status":"closed","ping_status":"closed","template":"","meta":{"footnotes":""},"folder":[],"class_list":["post-900","page","type-page","status-publish","has-post-thumbnail","hentry"],"rttpg_featured_image_url":{"full":["https:\/\/site.educa.madrid.org\/cp.ginerdelosrios.torrejondeardoz\/\/wp-content\/uploads\/cp.ginerdelosrios.torrejondeardoz\/2026\/02\/coordinador-bienestar-cover.webp",1023,656,false],"landscape":["https:\/\/site.educa.madrid.org\/cp.ginerdelosrios.torrejondeardoz\/\/wp-content\/uploads\/cp.ginerdelosrios.torrejondeardoz\/2026\/02\/coordinador-bienestar-cover.webp",1023,656,false],"portraits":["https:\/\/site.educa.madrid.org\/cp.ginerdelosrios.torrejondeardoz\/\/wp-content\/uploads\/cp.ginerdelosrios.torrejondeardoz\/2026\/02\/coordinador-bienestar-cover.webp",1023,656,false],"thumbnail":["https:\/\/site.educa.madrid.org\/cp.ginerdelosrios.torrejondeardoz\/\/wp-content\/uploads\/cp.ginerdelosrios.torrejondeardoz\/2026\/02\/coordinador-bienestar-cover-150x150.webp",150,150,true],"medium":["https:\/\/site.educa.madrid.org\/cp.ginerdelosrios.torrejondeardoz\/\/wp-content\/uploads\/cp.ginerdelosrios.torrejondeardoz\/2026\/02\/coordinador-bienestar-cover-300x192.webp",300,192,true],"large":["https:\/\/site.educa.madrid.org\/cp.ginerdelosrios.torrejondeardoz\/\/wp-content\/uploads\/cp.ginerdelosrios.torrejondeardoz\/2026\/02\/coordinador-bienestar-cover.webp",640,410,false],"thumblist":["https:\/\/site.educa.madrid.org\/cp.ginerdelosrios.torrejondeardoz\/\/wp-content\/uploads\/cp.ginerdelosrios.torrejondeardoz\/2026\/02\/coordinador-bienestar-cover-300x300.webp",300,300,true],"thumbrelated":["https:\/\/site.educa.madrid.org\/cp.ginerdelosrios.torrejondeardoz\/\/wp-content\/uploads\/cp.ginerdelosrios.torrejondeardoz\/2026\/02\/coordinador-bienestar-cover-500x500.webp",500,500,true],"meccarouselthumb":["https:\/\/site.educa.madrid.org\/cp.ginerdelosrios.torrejondeardoz\/\/wp-content\/uploads\/cp.ginerdelosrios.torrejondeardoz\/2026\/02\/coordinador-bienestar-cover-474x324.webp",474,324,true],"gridsquare":["https:\/\/site.educa.madrid.org\/cp.ginerdelosrios.torrejondeardoz\/\/wp-content\/uploads\/cp.ginerdelosrios.torrejondeardoz\/2026\/02\/coordinador-bienestar-cover-391x260.webp",391,260,true],"tileview":["https:\/\/site.educa.madrid.org\/cp.ginerdelosrios.torrejondeardoz\/\/wp-content\/uploads\/cp.ginerdelosrios.torrejondeardoz\/2026\/02\/coordinador-bienestar-cover-300x400.webp",300,400,true],"1536x1536":["https:\/\/site.educa.madrid.org\/cp.ginerdelosrios.torrejondeardoz\/\/wp-content\/uploads\/cp.ginerdelosrios.torrejondeardoz\/2026\/02\/coordinador-bienestar-cover.webp",1023,656,false],"2048x2048":["https:\/\/site.educa.madrid.org\/cp.ginerdelosrios.torrejondeardoz\/\/wp-content\/uploads\/cp.ginerdelosrios.torrejondeardoz\/2026\/02\/coordinador-bienestar-cover.webp",1023,656,false],"total-portfolio-thumb":["https:\/\/site.educa.madrid.org\/cp.ginerdelosrios.torrejondeardoz\/\/wp-content\/uploads\/cp.ginerdelosrios.torrejondeardoz\/2026\/02\/coordinador-bienestar-cover-400x400.webp",400,400,true],"total-team-thumb":["https:\/\/site.educa.madrid.org\/cp.ginerdelosrios.torrejondeardoz\/\/wp-content\/uploads\/cp.ginerdelosrios.torrejondeardoz\/2026\/02\/coordinador-bienestar-cover-350x420.webp",350,420,true],"total-blog-thumb":["https:\/\/site.educa.madrid.org\/cp.ginerdelosrios.torrejondeardoz\/\/wp-content\/uploads\/cp.ginerdelosrios.torrejondeardoz\/2026\/02\/coordinador-bienestar-cover-400x280.webp",400,280,true],"total-thumb":["https:\/\/site.educa.madrid.org\/cp.ginerdelosrios.torrejondeardoz\/\/wp-content\/uploads\/cp.ginerdelosrios.torrejondeardoz\/2026\/02\/coordinador-bienestar-cover-100x100.webp",100,100,true],"total-blog-header":["https:\/\/site.educa.madrid.org\/cp.ginerdelosrios.torrejondeardoz\/\/wp-content\/uploads\/cp.ginerdelosrios.torrejondeardoz\/2026\/02\/coordinador-bienestar-cover-720x360.webp",720,360,true],"sow-carousel-default":["https:\/\/site.educa.madrid.org\/cp.ginerdelosrios.torrejondeardoz\/\/wp-content\/uploads\/cp.ginerdelosrios.torrejondeardoz\/2026\/02\/coordinador-bienestar-cover-272x182.webp",272,182,true],"sow-post-carousel-overlay-theme":["https:\/\/site.educa.madrid.org\/cp.ginerdelosrios.torrejondeardoz\/\/wp-content\/uploads\/cp.ginerdelosrios.torrejondeardoz\/2026\/02\/coordinador-bienestar-cover-360x476.webp",360,476,true],"sow-post-carousel-cards-theme":["https:\/\/site.educa.madrid.org\/cp.ginerdelosrios.torrejondeardoz\/\/wp-content\/uploads\/cp.ginerdelosrios.torrejondeardoz\/2026\/02\/coordinador-bienestar-cover-360x240.webp",360,240,true],"rt_custom":["https:\/\/site.educa.madrid.org\/cp.ginerdelosrios.torrejondeardoz\/\/wp-content\/uploads\/cp.ginerdelosrios.torrejondeardoz\/2026\/02\/coordinador-bienestar-cover.webp",1023,656,false]},"rttpg_author":{"display_name":"Cuenta Compdigedu cp ginerdelosrios torrejondeardoz","author_link":"https:\/\/site.educa.madrid.org\/cp.ginerdelosrios.torrejondeardoz\/index.php\/author\/cuenta_compdigedu-cp-ginerdelosrios-torrejondeardo\/"},"rttpg_comment":0,"rttpg_category":false,"rttpg_excerpt":"El Coordinador de Bienestar y Protecci\u00f3n es una figura esencial en nuestro colegio. Su misi\u00f3n es garantizar el bienestar f\u00edsico, emocional y social de todo el alumnado, creando un entorno seguro, respetuoso y libre de cualquier forma de violencia.","post_mailing_queue_ids":[],"_links":{"self":[{"href":"https:\/\/site.educa.madrid.org\/cp.ginerdelosrios.torrejondeardoz\/index.php\/wp-json\/wp\/v2\/pages\/900","targetHints":{"allow":["GET"]}}],"collection":[{"href":"https:\/\/site.educa.madrid.org\/cp.ginerdelosrios.torrejondeardoz\/index.php\/wp-json\/wp\/v2\/pages"}],"about":[{"href":"https:\/\/site.educa.madrid.org\/cp.ginerdelosrios.torrejondeardoz\/index.php\/wp-json\/wp\/v2\/types\/page"}],"author":[{"embeddable":true,"href":"https:\/\/site.educa.madrid.org\/cp.ginerdelosrios.torrejondeardoz\/index.php\/wp-json\/wp\/v2\/users\/9"}],"replies":[{"embeddable":true,"href":"https:\/\/site.educa.madrid.org\/cp.ginerdelosrios.torrejondeardoz\/index.php\/wp-json\/wp\/v2\/comments?post=900"}],"version-history":[{"count":17,"href":"https:\/\/site.educa.madrid.org\/cp.ginerdelosrios.torrejondeardoz\/index.php\/wp-json\/wp\/v2\/pages\/900\/revisions"}],"predecessor-version":[{"id":1904,"href":"https:\/\/site.educa.madrid.org\/cp.ginerdelosrios.torrejondeardoz\/index.php\/wp-json\/wp\/v2\/pages\/900\/revisions\/1904"}],"up":[{"embeddable":true,"href":"https:\/\/site.educa.madrid.org\/cp.ginerdelosrios.torrejondeardoz\/index.php\/wp-json\/wp\/v2\/pages\/112"}],"wp:featuredmedia":[{"embeddable":true,"href":"https:\/\/site.educa.madrid.org\/cp.ginerdelosrios.torrejondeardoz\/index.php\/wp-json\/wp\/v2\/media\/1145"}],"wp:attachment":[{"href":"https:\/\/site.educa.madrid.org\/cp.ginerdelosrios.torrejondeardoz\/index.php\/wp-json\/wp\/v2\/media?parent=900"}],"wp:term":[{"taxonomy":"folder","embeddable":true,"href":"https:\/\/site.educa.madrid.org\/cp.ginerdelosrios.torrejondeardoz\/index.php\/wp-json\/wp\/v2\/folder?post=900"}],"curies":[{"name":"wp","href":"https:\/\/api.w.org\/{rel}","templated":true}]}}