{"id":2446,"date":"2023-03-23T10:24:23","date_gmt":"2023-03-23T09:24:23","guid":{"rendered":"https:\/\/site.educa.madrid.org\/cp.gloriafuertes.meco\/?page_id=2446"},"modified":"2025-08-11T11:30:45","modified_gmt":"2025-08-11T09:30:45","slug":"otros-proyectos","status":"publish","type":"page","link":"https:\/\/site.educa.madrid.org\/cp.gloriafuertes.meco\/index.php\/otros-proyectos\/","title":{"rendered":"Otros Proyectos"},"content":{"rendered":"\n<p class=\"has-medium-font-size\"><strong><mark style=\"background-color:rgba(0, 0, 0, 0)\" class=\"has-inline-color has-vivid-green-cyan-color\">Podcast<\/mark>:<\/strong> programa realizado por los alumnos de 6\u00ba semanalmente.<\/p>\n\n\n\n<p class=\"has-medium-font-size\"><strong><mark style=\"background-color:rgba(0, 0, 0, 0)\" class=\"has-inline-color has-vivid-cyan-blue-color\">Mesa redonda: <\/mark><\/strong>sesiones de debate con representantes de primaria y el equipo directivo para mejorar el centro y la convivencia en \u00e9l.<\/p>\n\n\n\n<p class=\"has-medium-font-size\"><strong><mark style=\"background-color:rgba(0, 0, 0, 0)\" class=\"has-inline-color has-vivid-red-color\">Carrera San Silvestre:<\/mark><\/strong> tradicional carrera para fomentar la actividad f\u00edsica y el deporte, el \u00faltimo d\u00eda antes de Navidad.<\/p>\n\n\n\n<p class=\"has-medium-font-size\"><strong><mark style=\"background-color:rgba(0, 0, 0, 0)\" class=\"has-inline-color has-vivid-cyan-blue-color\">Fiestas y actividades solidarias:<\/mark> <\/strong>en colaboraci\u00f3n con distintas ONGDs o entidades de ayuda social, el colegio realiza actividades l\u00fadicas para recaudar fondos y fomentar el esp\u00edritu solidario (mercadillos, ferias de libros, fiesta de verano&#8230;)<\/p>\n\n\n\n<p class=\"has-medium-font-size\"><strong><mark style=\"background-color:rgba(0, 0, 0, 0)\" class=\"has-inline-color has-vivid-purple-color\">Actividades intergeneracionales<\/mark><\/strong>: en colaboraci\u00f3n con padres, abuelos&#8230; del centro, para favorecer la integraci\u00f3n de las familias.<\/p>\n\n\n\n<p class=\"has-medium-font-size\"><strong><mark style=\"background-color:rgba(0, 0, 0, 0)\" class=\"has-inline-color has-luminous-vivid-amber-color\">Graduaciones de fin de curso<\/mark><\/strong>: para el alumnado de 5 a\u00f1os y 6\u00ba curso.<\/p>\n\n\n\n<p class=\"has-medium-font-size\"><strong><mark style=\"background-color:rgba(0, 0, 0, 0)\" class=\"has-inline-color has-luminous-vivid-orange-color\">D\u00edas especiales: <\/mark><\/strong>jornadas de educaci\u00f3n vial, talleres de RCP, alimentaci\u00f3n saludable, higiene bucal, teatro de familias, actividades de sensibilizaci\u00f3n que favorecen la integraci\u00f3n y la inclusi\u00f3n (jornada de la ceguera, d\u00eda del autismo, d\u00eda de la discapacidad&#8230;)<\/p>\n\n\n\n<p class=\"has-medium-font-size\"><strong><mark style=\"background-color:rgba(0, 0, 0, 0)\" class=\"has-inline-color has-vivid-green-cyan-color\">Jornada de convivencia<\/mark><\/strong>: salimos al campo a pasar una ma\u00f1ana entre amigos, jugar, disfrutar&#8230; <\/p>\n\n\n\n<p><\/p>\n","protected":false},"excerpt":{"rendered":"<p>Podcast: programa realizado por los alumnos de 6\u00ba semanalmente. Mesa redonda: sesiones de debate con representantes de primaria y el equipo directivo [&hellip;]<\/p>\n","protected":false},"author":3,"featured_media":0,"parent":0,"menu_order":0,"comment_status":"closed","ping_status":"closed","template":"","meta":{"footnotes":""},"folder":[],"class_list":["post-2446","page","type-page","status-publish","hentry"],"rttpg_featured_image_url":null,"rttpg_author":{"display_name":"cp.gloriafuertes.meco","author_link":"https:\/\/site.educa.madrid.org\/cp.gloriafuertes.meco\/index.php\/author\/cuenta_cp-gloriafuertes-meco\/"},"rttpg_comment":0,"rttpg_category":false,"rttpg_excerpt":"Podcast: programa realizado por los alumnos de 6\u00ba semanalmente. Mesa redonda: sesiones de debate con representantes de primaria y el equipo directivo [&hellip;]","post_mailing_queue_ids":[],"_links":{"self":[{"href":"https:\/\/site.educa.madrid.org\/cp.gloriafuertes.meco\/index.php\/wp-json\/wp\/v2\/pages\/2446","targetHints":{"allow":["GET"]}}],"collection":[{"href":"https:\/\/site.educa.madrid.org\/cp.gloriafuertes.meco\/index.php\/wp-json\/wp\/v2\/pages"}],"about":[{"href":"https:\/\/site.educa.madrid.org\/cp.gloriafuertes.meco\/index.php\/wp-json\/wp\/v2\/types\/page"}],"author":[{"embeddable":true,"href":"https:\/\/site.educa.madrid.org\/cp.gloriafuertes.meco\/index.php\/wp-json\/wp\/v2\/users\/3"}],"replies":[{"embeddable":true,"href":"https:\/\/site.educa.madrid.org\/cp.gloriafuertes.meco\/index.php\/wp-json\/wp\/v2\/comments?post=2446"}],"version-history":[{"count":4,"href":"https:\/\/site.educa.madrid.org\/cp.gloriafuertes.meco\/index.php\/wp-json\/wp\/v2\/pages\/2446\/revisions"}],"predecessor-version":[{"id":3959,"href":"https:\/\/site.educa.madrid.org\/cp.gloriafuertes.meco\/index.php\/wp-json\/wp\/v2\/pages\/2446\/revisions\/3959"}],"wp:attachment":[{"href":"https:\/\/site.educa.madrid.org\/cp.gloriafuertes.meco\/index.php\/wp-json\/wp\/v2\/media?parent=2446"}],"wp:term":[{"taxonomy":"folder","embeddable":true,"href":"https:\/\/site.educa.madrid.org\/cp.gloriafuertes.meco\/index.php\/wp-json\/wp\/v2\/folder?post=2446"}],"curies":[{"name":"wp","href":"https:\/\/api.w.org\/{rel}","templated":true}]}}