{"id":3986,"date":"2025-08-11T12:33:05","date_gmt":"2025-08-11T10:33:05","guid":{"rendered":"https:\/\/site.educa.madrid.org\/cp.gloriafuertes.meco\/?page_id=3986"},"modified":"2025-10-22T10:48:06","modified_gmt":"2025-10-22T08:48:06","slug":"oferta-educativa","status":"publish","type":"page","link":"https:\/\/site.educa.madrid.org\/cp.gloriafuertes.meco\/index.php\/oferta-educativa\/","title":{"rendered":"Oferta educativa"},"content":{"rendered":"\n<h3 class=\"wp-block-heading\"><strong>2\u00ba CICLO DE EDUCACI\u00d3N INFANTIL (3-6 A\u00d1OS)<\/strong><\/h3>\n\n\n\n<ul class=\"wp-block-list\">\n<li>3 A\u00d1OS<\/li>\n\n\n\n<li>4 A\u00d1OS<\/li>\n\n\n\n<li>5 A\u00d1OS<\/li>\n<\/ul>\n\n\n\n<h3 class=\"wp-block-heading\"><strong>EDUCACI\u00d3N PRIMARIA (6-12 A\u00d1OS)<\/strong><\/h3>\n\n\n\n<ul class=\"wp-block-list\">\n<li>1\u00ba CICLO (1\u00ba Y 2\u00ba)&nbsp; 6-8 a\u00f1os aproximadamente<\/li>\n\n\n\n<li>2\u00ba CICLO (3\u00ba Y 4\u00ba) 8-10 a\u00f1os aproximadamente<\/li>\n\n\n\n<li>3\u00ba CICLO (5\u00ba Y 6\u00ba) 10-12 a\u00f1os aproximadamente<\/li>\n<\/ul>\n\n\n\n<h3 class=\"wp-block-heading\"><strong>MATERIAS QUE SE IMPARTEN:<\/strong><\/h3>\n\n\n\n<ul class=\"wp-block-list\">\n<li><strong>EDUCACI\u00d3N INFANTIL: <\/strong>Las recogidas en el Decreto 36\/2022 de la CAM<\/li>\n\n\n\n<li><strong>EDUCACI\u00d3N PRIMARIA: <\/strong>Adem\u00e1s de las recogidas en el Decreto 61\/2022 de la CAM, el centro imparte Rob\u00f3tica en 6\u00ba de Primaria.<\/li>\n\n\n\n<li>Conforme a nuestro <strong>PLAN DE AUTONOM\u00cdA<\/strong>, el CEIP Gloria Fuertes imparte una sesi\u00f3n diaria de Lengua Extranjera: ingl\u00e9s, en todos los niveles.<\/li>\n<\/ul>\n","protected":false},"excerpt":{"rendered":"<p>2\u00ba CICLO DE EDUCACI\u00d3N INFANTIL (3-6 A\u00d1OS) EDUCACI\u00d3N PRIMARIA (6-12 A\u00d1OS) MATERIAS QUE SE IMPARTEN:<\/p>\n","protected":false},"author":3,"featured_media":0,"parent":0,"menu_order":0,"comment_status":"closed","ping_status":"closed","template":"","meta":{"footnotes":""},"folder":[],"class_list":["post-3986","page","type-page","status-publish","hentry"],"rttpg_featured_image_url":null,"rttpg_author":{"display_name":"cp.gloriafuertes.meco","author_link":"https:\/\/site.educa.madrid.org\/cp.gloriafuertes.meco\/index.php\/author\/cuenta_cp-gloriafuertes-meco\/"},"rttpg_comment":0,"rttpg_category":false,"rttpg_excerpt":"2\u00ba CICLO DE EDUCACI\u00d3N INFANTIL (3-6 A\u00d1OS) EDUCACI\u00d3N PRIMARIA (6-12 A\u00d1OS) MATERIAS QUE SE IMPARTEN:","post_mailing_queue_ids":[],"_links":{"self":[{"href":"https:\/\/site.educa.madrid.org\/cp.gloriafuertes.meco\/index.php\/wp-json\/wp\/v2\/pages\/3986","targetHints":{"allow":["GET"]}}],"collection":[{"href":"https:\/\/site.educa.madrid.org\/cp.gloriafuertes.meco\/index.php\/wp-json\/wp\/v2\/pages"}],"about":[{"href":"https:\/\/site.educa.madrid.org\/cp.gloriafuertes.meco\/index.php\/wp-json\/wp\/v2\/types\/page"}],"author":[{"embeddable":true,"href":"https:\/\/site.educa.madrid.org\/cp.gloriafuertes.meco\/index.php\/wp-json\/wp\/v2\/users\/3"}],"replies":[{"embeddable":true,"href":"https:\/\/site.educa.madrid.org\/cp.gloriafuertes.meco\/index.php\/wp-json\/wp\/v2\/comments?post=3986"}],"version-history":[{"count":11,"href":"https:\/\/site.educa.madrid.org\/cp.gloriafuertes.meco\/index.php\/wp-json\/wp\/v2\/pages\/3986\/revisions"}],"predecessor-version":[{"id":4531,"href":"https:\/\/site.educa.madrid.org\/cp.gloriafuertes.meco\/index.php\/wp-json\/wp\/v2\/pages\/3986\/revisions\/4531"}],"wp:attachment":[{"href":"https:\/\/site.educa.madrid.org\/cp.gloriafuertes.meco\/index.php\/wp-json\/wp\/v2\/media?parent=3986"}],"wp:term":[{"taxonomy":"folder","embeddable":true,"href":"https:\/\/site.educa.madrid.org\/cp.gloriafuertes.meco\/index.php\/wp-json\/wp\/v2\/folder?post=3986"}],"curies":[{"name":"wp","href":"https:\/\/api.w.org\/{rel}","templated":true}]}}