{"id":4127,"date":"2025-09-14T11:46:11","date_gmt":"2025-09-14T09:46:11","guid":{"rendered":"https:\/\/site.educa.madrid.org\/cp.gloriafuertes.meco\/?page_id=4127"},"modified":"2025-10-22T10:01:39","modified_gmt":"2025-10-22T08:01:39","slug":"enfermeria","status":"publish","type":"page","link":"https:\/\/site.educa.madrid.org\/cp.gloriafuertes.meco\/index.php\/enfermeria\/","title":{"rendered":"Enfermer\u00eda"},"content":{"rendered":"\n<p>Estimadas familias:<\/p>\n\n\n\n<p>Me gustar\u00eda presentarme, soy M\u00f3nica la nueva enfermera que empieza el nuevo curso escolar en el C.E.I.P Gloria Fuertes.<\/p>\n\n\n\n<p>En el colegio se podr\u00e1 administrar medicaci\u00f3n, a los alumnos, en aquellos casos que sea estrictamente necesario. Siempre que sea posible, se ha de ajustar los horarios de las dosis fuera del horario escolar, pero si no es posible, para ello estamos los profesionales de enfermer\u00eda, para ayudar en la conciliaci\u00f3n laboral.<\/p>\n\n\n\n<p>Para poder administrar la medicaci\u00f3n a un alumno es <strong>obligatorio<\/strong> que la familia entregue la <strong>prescripci\u00f3n del m\u00e9dico<\/strong> en la que marca la pauta, el <strong>consentimiento informado firmado<\/strong> por ambos padres o tutores legales del alumno (se puede descargar el modelo en la p\u00e1gina web del colegio, en el apartado de Secretar\u00eda, impresos y autorizaciones) y la <strong>medicaci\u00f3n<\/strong> dentro de su envase original (no se aceptar\u00e1 medicaci\u00f3n suelta ni bl\u00edster sin su caja).<\/p>\n\n\n\n<p><strong>No se administrar\u00e1 ning\u00fan tipo de medicaci\u00f3n si no se cumplen estos criterios.<\/strong><\/p>\n\n\n\n<p>Se recuerda a todas las familias que desde el servicio de enfermer\u00eda NUNCA se da un medicamento a ning\u00fan alumno sin contar con los documentos anteriormente mencionados (no se aceptan \u00f3rdenes telef\u00f3nicas, ni verbales, ni se administra sin presentar una prescripci\u00f3n m\u00e9dica aunque aporten la medicaci\u00f3n y el consentimiento informado).<\/p>\n\n\n\n<p>Cada nuevo curso escolar, es importante contar con informes m\u00e9dicos actualizados de aquellos ni\u00f1os que tienen alguna patolog\u00eda cr\u00f3nica o aguda, ruego me los hagan llegar.<\/p>\n\n\n\n<p>Recordar tambi\u00e9n que es preferible que los alumnos no tengan ning\u00fan f\u00e1rmaco en el aula, evitando as\u00ed posibles accidentes (sobredosis, ingesta accidental de otro alumno, p\u00e9rdida\u2026).<\/p>\n\n\n\n<p>Quedo a vuestra disposici\u00f3n para cualquier tema que quer\u00e1is tratar. Si desean concertar una cita para reunirnos o tienen que comentarme algo respecto a la salud de sus hijos\/as, ruego lo hagan utilizando el correo: <strong>monica.carvalho@educa.madrid.org<\/strong><\/p>\n\n\n\n<p>Un saludo y bienvenidos a este nuevo curso 2025\/2026.<\/p>\n\n\n\n<p>M\u00f3nica Carvalho.<\/p>\n\n\n\n<p>Enfermera C.E.I.P Gloria Fuertes (Meco).<\/p>\n\n\n\n<figure class=\"wp-block-image size-large is-resized\"><img loading=\"lazy\" decoding=\"async\" width=\"1024\" height=\"1024\" src=\"https:\/\/site.educa.madrid.org\/cp.gloriafuertes.meco\/\/wp-content\/uploads\/cp.gloriafuertes.meco\/2025\/10\/2411629_536-1024x1024.jpg\" alt=\"\" class=\"wp-image-4490\" style=\"width:425px;height:auto\" srcset=\"https:\/\/site.educa.madrid.org\/cp.gloriafuertes.meco\/\/wp-content\/uploads\/cp.gloriafuertes.meco\/2025\/10\/2411629_536-1024x1024.jpg 1024w, https:\/\/site.educa.madrid.org\/cp.gloriafuertes.meco\/\/wp-content\/uploads\/cp.gloriafuertes.meco\/2025\/10\/2411629_536-300x300.jpg 300w, https:\/\/site.educa.madrid.org\/cp.gloriafuertes.meco\/\/wp-content\/uploads\/cp.gloriafuertes.meco\/2025\/10\/2411629_536-150x150.jpg 150w, https:\/\/site.educa.madrid.org\/cp.gloriafuertes.meco\/\/wp-content\/uploads\/cp.gloriafuertes.meco\/2025\/10\/2411629_536-768x768.jpg 768w, https:\/\/site.educa.madrid.org\/cp.gloriafuertes.meco\/\/wp-content\/uploads\/cp.gloriafuertes.meco\/2025\/10\/2411629_536-500x500.jpg 500w, https:\/\/site.educa.madrid.org\/cp.gloriafuertes.meco\/\/wp-content\/uploads\/cp.gloriafuertes.meco\/2025\/10\/2411629_536-1000x1000.jpg 1000w, https:\/\/site.educa.madrid.org\/cp.gloriafuertes.meco\/\/wp-content\/uploads\/cp.gloriafuertes.meco\/2025\/10\/2411629_536-230x230.jpg 230w, https:\/\/site.educa.madrid.org\/cp.gloriafuertes.meco\/\/wp-content\/uploads\/cp.gloriafuertes.meco\/2025\/10\/2411629_536-350x350.jpg 350w, https:\/\/site.educa.madrid.org\/cp.gloriafuertes.meco\/\/wp-content\/uploads\/cp.gloriafuertes.meco\/2025\/10\/2411629_536-480x480.jpg 480w, https:\/\/site.educa.madrid.org\/cp.gloriafuertes.meco\/\/wp-content\/uploads\/cp.gloriafuertes.meco\/2025\/10\/2411629_536.jpg 1500w\" sizes=\"auto, (max-width: 1024px) 100vw, 1024px\" \/><\/figure>\n","protected":false},"excerpt":{"rendered":"<p>Estimadas familias: Me gustar\u00eda presentarme, soy M\u00f3nica la nueva enfermera que empieza el nuevo curso escolar en el C.E.I.P Gloria Fuertes. En [&hellip;]<\/p>\n","protected":false},"author":3,"featured_media":0,"parent":0,"menu_order":0,"comment_status":"closed","ping_status":"closed","template":"","meta":{"footnotes":""},"folder":[],"class_list":["post-4127","page","type-page","status-publish","hentry"],"rttpg_featured_image_url":null,"rttpg_author":{"display_name":"cp.gloriafuertes.meco","author_link":"https:\/\/site.educa.madrid.org\/cp.gloriafuertes.meco\/index.php\/author\/cuenta_cp-gloriafuertes-meco\/"},"rttpg_comment":0,"rttpg_category":false,"rttpg_excerpt":"Estimadas familias: Me gustar\u00eda presentarme, soy M\u00f3nica la nueva enfermera que empieza el nuevo curso escolar en el C.E.I.P Gloria Fuertes. En [&hellip;]","post_mailing_queue_ids":[],"_links":{"self":[{"href":"https:\/\/site.educa.madrid.org\/cp.gloriafuertes.meco\/index.php\/wp-json\/wp\/v2\/pages\/4127","targetHints":{"allow":["GET"]}}],"collection":[{"href":"https:\/\/site.educa.madrid.org\/cp.gloriafuertes.meco\/index.php\/wp-json\/wp\/v2\/pages"}],"about":[{"href":"https:\/\/site.educa.madrid.org\/cp.gloriafuertes.meco\/index.php\/wp-json\/wp\/v2\/types\/page"}],"author":[{"embeddable":true,"href":"https:\/\/site.educa.madrid.org\/cp.gloriafuertes.meco\/index.php\/wp-json\/wp\/v2\/users\/3"}],"replies":[{"embeddable":true,"href":"https:\/\/site.educa.madrid.org\/cp.gloriafuertes.meco\/index.php\/wp-json\/wp\/v2\/comments?post=4127"}],"version-history":[{"count":7,"href":"https:\/\/site.educa.madrid.org\/cp.gloriafuertes.meco\/index.php\/wp-json\/wp\/v2\/pages\/4127\/revisions"}],"predecessor-version":[{"id":4491,"href":"https:\/\/site.educa.madrid.org\/cp.gloriafuertes.meco\/index.php\/wp-json\/wp\/v2\/pages\/4127\/revisions\/4491"}],"wp:attachment":[{"href":"https:\/\/site.educa.madrid.org\/cp.gloriafuertes.meco\/index.php\/wp-json\/wp\/v2\/media?parent=4127"}],"wp:term":[{"taxonomy":"folder","embeddable":true,"href":"https:\/\/site.educa.madrid.org\/cp.gloriafuertes.meco\/index.php\/wp-json\/wp\/v2\/folder?post=4127"}],"curies":[{"name":"wp","href":"https:\/\/api.w.org\/{rel}","templated":true}]}}