{"id":4152,"date":"2025-09-17T11:23:48","date_gmt":"2025-09-17T09:23:48","guid":{"rendered":"https:\/\/site.educa.madrid.org\/cp.gloriafuertes.meco\/?page_id=4152"},"modified":"2025-10-22T10:57:04","modified_gmt":"2025-10-22T08:57:04","slug":"aula-tea","status":"publish","type":"page","link":"https:\/\/site.educa.madrid.org\/cp.gloriafuertes.meco\/index.php\/aula-tea\/","title":{"rendered":"AULA TEA"},"content":{"rendered":"\n<p><strong>MAESTRO P.T. DEL AULA<\/strong>: Beatriz Rueda. <strong>Correo electr\u00f3nico<\/strong>: bruedagullo@duca.madrid.org<\/p>\n\n\n\n<p><strong>T\u00c9CNICO INTEGRADOR SOCIAL<\/strong>: Ester Carmona. <strong>Correo electr\u00f3nico<\/strong>: ester.carmona@educa.madrid.org<\/p>\n\n\n\n<hr class=\"wp-block-separator has-text-color has-white-color has-alpha-channel-opacity has-white-background-color has-background\"\/>\n\n\n\n<div class=\"wp-block-buttons is-layout-flex wp-block-buttons-is-layout-flex\">\n<div class=\"wp-block-button is-style-fill\"><a class=\"wp-block-button__link has-white-color has-vivid-cyan-blue-background-color has-text-color has-background has-link-color wp-element-button\" href=\"https:\/\/autismomadrid.es\/articulo-especializado\/que-es-un-aula-tea\/\">AULAS TEA COMUNIDAD DE MADRID<\/a><\/div>\n<\/div>\n\n\n\n<p><\/p>\n","protected":false},"excerpt":{"rendered":"<p>MAESTRO P.T. DEL AULA: Beatriz Rueda. Correo electr\u00f3nico: bruedagullo@duca.madrid.org T\u00c9CNICO INTEGRADOR SOCIAL: Ester Carmona. Correo electr\u00f3nico: ester.carmona@educa.madrid.org<\/p>\n","protected":false},"author":2,"featured_media":0,"parent":0,"menu_order":0,"comment_status":"closed","ping_status":"closed","template":"","meta":{"footnotes":""},"folder":[],"class_list":["post-4152","page","type-page","status-publish","hentry"],"rttpg_featured_image_url":null,"rttpg_author":{"display_name":"tic.cp.gloriafuertes.meco","author_link":"https:\/\/site.educa.madrid.org\/cp.gloriafuertes.meco\/index.php\/author\/cuenta_tic-cp-gloriafuertes-meco\/"},"rttpg_comment":0,"rttpg_category":false,"rttpg_excerpt":"MAESTRO P.T. DEL AULA: Beatriz Rueda. Correo electr\u00f3nico: bruedagullo@duca.madrid.org T\u00c9CNICO INTEGRADOR SOCIAL: Ester Carmona. Correo electr\u00f3nico: ester.carmona@educa.madrid.org","post_mailing_queue_ids":[],"_links":{"self":[{"href":"https:\/\/site.educa.madrid.org\/cp.gloriafuertes.meco\/index.php\/wp-json\/wp\/v2\/pages\/4152","targetHints":{"allow":["GET"]}}],"collection":[{"href":"https:\/\/site.educa.madrid.org\/cp.gloriafuertes.meco\/index.php\/wp-json\/wp\/v2\/pages"}],"about":[{"href":"https:\/\/site.educa.madrid.org\/cp.gloriafuertes.meco\/index.php\/wp-json\/wp\/v2\/types\/page"}],"author":[{"embeddable":true,"href":"https:\/\/site.educa.madrid.org\/cp.gloriafuertes.meco\/index.php\/wp-json\/wp\/v2\/users\/2"}],"replies":[{"embeddable":true,"href":"https:\/\/site.educa.madrid.org\/cp.gloriafuertes.meco\/index.php\/wp-json\/wp\/v2\/comments?post=4152"}],"version-history":[{"count":4,"href":"https:\/\/site.educa.madrid.org\/cp.gloriafuertes.meco\/index.php\/wp-json\/wp\/v2\/pages\/4152\/revisions"}],"predecessor-version":[{"id":4542,"href":"https:\/\/site.educa.madrid.org\/cp.gloriafuertes.meco\/index.php\/wp-json\/wp\/v2\/pages\/4152\/revisions\/4542"}],"wp:attachment":[{"href":"https:\/\/site.educa.madrid.org\/cp.gloriafuertes.meco\/index.php\/wp-json\/wp\/v2\/media?parent=4152"}],"wp:term":[{"taxonomy":"folder","embeddable":true,"href":"https:\/\/site.educa.madrid.org\/cp.gloriafuertes.meco\/index.php\/wp-json\/wp\/v2\/folder?post=4152"}],"curies":[{"name":"wp","href":"https:\/\/api.w.org\/{rel}","templated":true}]}}