{"id":433,"date":"2021-07-15T07:40:53","date_gmt":"2021-07-15T07:40:53","guid":{"rendered":"https:\/\/site.educa.madrid.org\/cp.gloriafuertes.meco\/?page_id=433"},"modified":"2025-10-16T12:46:30","modified_gmt":"2025-10-16T10:46:30","slug":"comedor","status":"publish","type":"page","link":"https:\/\/site.educa.madrid.org\/cp.gloriafuertes.meco\/index.php\/comedor\/","title":{"rendered":"Comedor"},"content":{"rendered":"\n<p class=\"has-grey-color has-text-color\"><span style=\"color: #000000;\">El comedor es un servicio educativo que se ofrece durante dos horas a continuaci\u00f3n de las clases: de 14:00 a 16:00 h en los meses de octubre a mayo y de 13:00 a 15:00 h en Septiembre y Junio. <\/span> El uso del comedor puede ser eventual o fijo (consultar normativa del comedor para ver condiciones y precios). Los precios del servicio fijo son los indicados en el BOCM cada curso. El uso del servicio implica la aceptaci\u00f3n y cumplimiento de las normas que lo regulan (consultar m\u00e1s abajo).<\/p>\n\n\n\n<p><span style=\"color: #000000;\">Los men\u00fas se dan a conocer a trav\u00e9s de la p\u00e1gina web (lo encontrar\u00e1s m\u00e1s abajo)<\/span>.<br>Les informamos que, a partir del 2 de noviembre de 2023, el servicio de comedor ser\u00e1 realizado por una nueva empresa Cocinas Centrales. <\/p>\n\n\n\n<div class=\"wp-block-columns is-layout-flex wp-container-core-columns-is-layout-829b1d53 wp-block-columns-is-layout-flex\" style=\"margin-bottom:0\">\n<div class=\"wp-block-column featured has-text-color has-background has-link-color wp-elements-f27e56ad9cbd942e7c3b5d00e2048ae2 is-layout-flow wp-block-column-is-layout-flow\" style=\"color:#000000;background-color:#ff2a28;padding-top:2em;padding-right:2em;padding-bottom:2em;padding-left:2em\"><div id=\"pl-gb433-6a03558e518ce\"  class=\"panel-layout panel-layout\" ><div id=\"pg-gb433-6a03558e518ce-0\"  class=\"panel-grid panel-has-style\"  data-style=\"{&quot;padding&quot;:&quot;0px&quot;,&quot;background_image_size&quot;:&quot;full&quot;,&quot;background_image_opacity&quot;:&quot;100&quot;,&quot;border_thickness&quot;:&quot;1px&quot;,&quot;full_height&quot;:&quot;&quot;,&quot;bottom_margin&quot;:&quot;0px&quot;,&quot;gutter&quot;:&quot;0px&quot;,&quot;row_stretch&quot;:&quot;full&quot;,&quot;cell_alignment&quot;:&quot;flex-start&quot;,&quot;link_overlay_new_window&quot;:&quot;&quot;,&quot;align&quot;:&quot;&quot;,&quot;background_image&quot;:false,&quot;overlay&quot;:&quot;&quot;,&quot;overlay_color&quot;:&quot;#000000&quot;}\" ><div class=\"siteorigin-panels-stretch panel-row-style panel-row-style-for-gb433-6a03558e518ce-0\" style=\"padding: 0px 0; \" data-stretch-type=\"full\" data-overlay=\"true\" data-overlay-color=\"#000000\" ><div id=\"pgc-gb433-6a03558e518ce-0-0\"  class=\"panel-grid-cell\"  data-weight=\"1\" ><div id=\"panel-gb433-6a03558e518ce-0-0-0\" class=\"so-panel widget widget_sow-icon panel-first-child panel-last-child\" data-index=\"0\" data-style=\"{&quot;background_image_attachment&quot;:false,&quot;background_display&quot;:&quot;tile&quot;,&quot;background_image_size&quot;:&quot;full&quot;,&quot;background_image_opacity&quot;:&quot;100&quot;,&quot;border_thickness&quot;:&quot;1px&quot;,&quot;link_overlay_new_window&quot;:&quot;&quot;,&quot;content_alignment&quot;:&quot;left&quot;,&quot;title_color&quot;:&quot;#443f3f&quot;,&quot;headings_color&quot;:&quot;#443f3f&quot;}\" ><div style=\"text-align: left;\" data-title-color=\"#443f3f\" data-headings-color=\"#443f3f\" class=\"panel-widget-style panel-widget-style-for-gb433-6a03558e518ce-0-0-0\" ><div\n\t\t\t\n\t\t\tclass=\"so-widget-sow-icon so-widget-sow-icon-default-4f133d3a5b58\"\n\t\t\t\n\t\t>\n<div class=\"sow-icon-container sow-icon\">\n\t\t\t<span class=\"sow-icon-elegantline\" data-sow-icon=\"&#xe00b;\"\n\t\t \n\t\taria-hidden=\"true\"><\/span>\t<\/div>\n<\/div><\/div><\/div><\/div><\/div><\/div><\/div>\n\n\n<h2 class=\"wp-block-heading has-text-align-center has-white-color has-text-color has-link-color wp-elements-bb7ef697f252e0b7094f89034e9baa6c\" id=\"family\" style=\"font-size:22px\"><strong><strong>D\u00edptico de Bienvenida<\/strong><\/strong><\/h2>\n\n\n\n<hr class=\"wp-block-separator has-text-color has-white-color has-alpha-channel-opacity has-white-background-color has-background is-style-wide\"\/>\n\n\n\n<div style=\"height:22px\" aria-hidden=\"true\" class=\"wp-block-spacer\"><\/div>\n\n\n\n<div class=\"wp-block-buttons is-content-justification-center is-layout-flex wp-container-core-buttons-is-layout-16018d1d wp-block-buttons-is-layout-flex\">\n<div class=\"wp-block-button\"><a class=\"wp-block-button__link has-white-background-color has-text-color has-background has-link-color wp-element-button\" href=\"https:\/\/site.educa.madrid.org\/cp.gloriafuertes.meco\/\/wp-content\/uploads\/cp.gloriafuertes.meco\/2023\/11\/DIPTICO-PRESENTACION-CEIP-GLORIA-FUERTES.pdf\" style=\"color:#204c9f\">acceder<\/a><\/div>\n<\/div>\n<\/div>\n\n\n\n<div class=\"wp-block-column featured has-vivid-cyan-blue-background-color has-text-color has-background has-link-color wp-elements-be6b1360c63cf5d0703cf7af4ea426f7 is-layout-flow wp-block-column-is-layout-flow\" style=\"color:#000000;padding-top:2em;padding-right:2em;padding-bottom:2em;padding-left:2em\"><div id=\"pl-gb433-6a03558e54511\"  class=\"panel-layout panel-layout\" ><div id=\"pg-gb433-6a03558e54511-0\"  class=\"panel-grid panel-has-style\"  data-style=\"{&quot;padding&quot;:&quot;0px&quot;,&quot;background_image_size&quot;:&quot;full&quot;,&quot;background_image_opacity&quot;:&quot;100&quot;,&quot;border_thickness&quot;:&quot;1px&quot;,&quot;full_height&quot;:&quot;&quot;,&quot;bottom_margin&quot;:&quot;0px&quot;,&quot;gutter&quot;:&quot;0px&quot;,&quot;row_stretch&quot;:&quot;full&quot;,&quot;cell_alignment&quot;:&quot;flex-start&quot;,&quot;link_overlay_new_window&quot;:&quot;&quot;,&quot;align&quot;:&quot;&quot;,&quot;background_image&quot;:false,&quot;overlay&quot;:&quot;&quot;,&quot;overlay_color&quot;:&quot;#000000&quot;}\" ><div class=\"siteorigin-panels-stretch panel-row-style panel-row-style-for-gb433-6a03558e54511-0\" style=\"padding: 0px 0; \" data-stretch-type=\"full\" data-overlay=\"true\" data-overlay-color=\"#000000\" ><div id=\"pgc-gb433-6a03558e54511-0-0\"  class=\"panel-grid-cell\"  data-weight=\"1\" ><div id=\"panel-gb433-6a03558e54511-0-0-0\" class=\"so-panel widget widget_sow-icon panel-first-child panel-last-child\" data-index=\"0\" data-style=\"{&quot;background_image_attachment&quot;:false,&quot;background_display&quot;:&quot;tile&quot;,&quot;background_image_size&quot;:&quot;full&quot;,&quot;background_image_opacity&quot;:&quot;100&quot;,&quot;border_thickness&quot;:&quot;1px&quot;,&quot;link_overlay_new_window&quot;:&quot;&quot;,&quot;content_alignment&quot;:&quot;left&quot;,&quot;title_color&quot;:&quot;#443f3f&quot;,&quot;headings_color&quot;:&quot;#443f3f&quot;}\" ><div style=\"text-align: left;\" data-title-color=\"#443f3f\" data-headings-color=\"#443f3f\" class=\"panel-widget-style panel-widget-style-for-gb433-6a03558e54511-0-0-0\" ><div\n\t\t\t\n\t\t\tclass=\"so-widget-sow-icon so-widget-sow-icon-default-4f133d3a5b58\"\n\t\t\t\n\t\t>\n<div class=\"sow-icon-container sow-icon\">\n\t\t\t<span class=\"sow-icon-elegantline\" data-sow-icon=\"&#xe02d;\"\n\t\t \n\t\taria-hidden=\"true\"><\/span>\t<\/div>\n<\/div><\/div><\/div><\/div><\/div><\/div><\/div>\n\n\n<h3 class=\"wp-block-heading has-text-align-center has-white-color has-text-color has-link-color wp-elements-47a0ad28f4574c2688ab6c031548473b\" id=\"single\" style=\"font-size:22px\"><strong>Enlace para Men\u00fas (C\u00d3D. 9295)<\/strong><\/h3>\n\n\n\n<hr class=\"wp-block-separator has-text-color has-white-color has-alpha-channel-opacity has-white-background-color has-background is-style-wide\"\/>\n\n\n\n<div style=\"height:29px\" aria-hidden=\"true\" class=\"wp-block-spacer\"><\/div>\n\n\n\n<div class=\"wp-block-buttons is-content-justification-center is-layout-flex wp-container-core-buttons-is-layout-16018d1d wp-block-buttons-is-layout-flex\">\n<div class=\"wp-block-button\"><a class=\"wp-block-button__link has-white-background-color has-text-color has-background has-link-color wp-element-button\" href=\"https:\/\/menuo.ausolan.com\/\" style=\"color:#204c9f\">acceder<\/a><\/div>\n<\/div>\n<\/div>\n\n\n\n<div class=\"wp-block-column featured has-text-color has-background has-link-color wp-elements-f27c3467b76255ff42d073c6c3340f2d is-layout-flow wp-block-column-is-layout-flow\" style=\"color:#000000;background-color:#00b029;padding-top:2em;padding-right:2em;padding-bottom:2em;padding-left:2em\"><div id=\"pl-gb433-6a03558e553d0\"  class=\"panel-layout panel-layout\" ><div id=\"pg-gb433-6a03558e553d0-0\"  class=\"panel-grid panel-has-style\"  data-style=\"{&quot;padding&quot;:&quot;0px&quot;,&quot;background_image_size&quot;:&quot;full&quot;,&quot;background_image_opacity&quot;:&quot;100&quot;,&quot;border_thickness&quot;:&quot;1px&quot;,&quot;full_height&quot;:&quot;&quot;,&quot;bottom_margin&quot;:&quot;0px&quot;,&quot;gutter&quot;:&quot;0px&quot;,&quot;row_stretch&quot;:&quot;full&quot;,&quot;cell_alignment&quot;:&quot;flex-start&quot;,&quot;link_overlay_new_window&quot;:&quot;&quot;,&quot;align&quot;:&quot;&quot;,&quot;background_image&quot;:false,&quot;overlay&quot;:&quot;&quot;,&quot;overlay_color&quot;:&quot;#000000&quot;}\" ><div class=\"siteorigin-panels-stretch panel-row-style panel-row-style-for-gb433-6a03558e553d0-0\" style=\"padding: 0px 0; \" data-stretch-type=\"full\" data-overlay=\"true\" data-overlay-color=\"#000000\" ><div id=\"pgc-gb433-6a03558e553d0-0-0\"  class=\"panel-grid-cell\"  data-weight=\"1\" ><div id=\"panel-gb433-6a03558e553d0-0-0-0\" class=\"so-panel widget widget_sow-icon panel-first-child panel-last-child\" data-index=\"0\" data-style=\"{&quot;background_image_attachment&quot;:false,&quot;background_display&quot;:&quot;tile&quot;,&quot;background_image_size&quot;:&quot;full&quot;,&quot;background_image_opacity&quot;:&quot;100&quot;,&quot;border_thickness&quot;:&quot;1px&quot;,&quot;link_overlay_new_window&quot;:&quot;&quot;,&quot;content_alignment&quot;:&quot;left&quot;,&quot;title_color&quot;:&quot;#443f3f&quot;,&quot;headings_color&quot;:&quot;#443f3f&quot;}\" ><div style=\"text-align: left;\" data-title-color=\"#443f3f\" data-headings-color=\"#443f3f\" class=\"panel-widget-style panel-widget-style-for-gb433-6a03558e553d0-0-0-0\" ><div\n\t\t\t\n\t\t\tclass=\"so-widget-sow-icon so-widget-sow-icon-default-4f133d3a5b58\"\n\t\t\t\n\t\t>\n<div class=\"sow-icon-container sow-icon\">\n\t\t\t<span class=\"sow-icon-elegantline\" data-sow-icon=\"&#xe037;\"\n\t\t \n\t\taria-hidden=\"true\"><\/span>\t<\/div>\n<\/div><\/div><\/div><\/div><\/div><\/div><\/div>\n\n\n<h2 class=\"wp-block-heading has-text-align-center has-white-color has-text-color has-link-color wp-elements-93170a3e38bb0d4796aa6a3d31cf32ed\" id=\"family\" style=\"font-size:22px\">Pasos para ver el men\u00fa de comedor<\/h2>\n\n\n\n<hr class=\"wp-block-separator has-text-color has-white-color has-alpha-channel-opacity has-white-background-color has-background is-style-wide\"\/>\n\n\n\n<div style=\"height:22px\" aria-hidden=\"true\" class=\"wp-block-spacer\"><\/div>\n\n\n\n<div class=\"wp-block-buttons is-content-justification-center is-layout-flex wp-container-core-buttons-is-layout-16018d1d wp-block-buttons-is-layout-flex\">\n<div class=\"wp-block-button\"><a class=\"wp-block-button__link has-white-background-color has-text-color has-background has-link-color wp-element-button\" href=\"https:\/\/site.educa.madrid.org\/cp.gloriafuertes.meco\/\/wp-content\/uploads\/cp.gloriafuertes.meco\/2025\/03\/Manual-MENUO-CEIP-GLORIA-FUERTES.pdf\" style=\"color:#204c9f\">acceder<\/a><\/div>\n<\/div>\n<\/div>\n<\/div>\n\n\n\n<div style=\"height:28px\" aria-hidden=\"true\" class=\"wp-block-spacer\"><\/div>\n\n\n\n<h3 class=\"wp-block-heading\">DOCUMENTOS DE COMEDOR<\/h3>\n\n\n\n<div class=\"wp-block-columns is-layout-flex wp-container-core-columns-is-layout-9d6595d7 wp-block-columns-is-layout-flex\">\n<div class=\"wp-block-column is-layout-flow wp-block-column-is-layout-flow\">\n<ul class=\"wp-block-list\">\n<li><a href=\"https:\/\/site.educa.madrid.org\/cp.gloriafuertes.meco\/\/wp-content\/uploads\/cp.gloriafuertes.meco\/2025\/09\/CONTRATO-COMEDOR-RENOVACION-ENERO-25-AUTORRELLENABLE.pdf\"><img loading=\"lazy\" decoding=\"async\" width=\"64\" height=\"64\" class=\"wp-image-497\" style=\"width: 64px;\" src=\"https:\/\/site.educa.madrid.org\/cp.gloriafuertes.meco\/\/wp-content\/uploads\/cp.gloriafuertes.meco\/2021\/07\/pdf.png\" alt=\"\"><mark style=\"background-color:rgba(0, 0, 0, 0)\" class=\"has-inline-color has-black-color\">CONTRATO DE COMEDOR<\/mark><\/a><\/li>\n\n\n\n<li><a href=\"https:\/\/site.educa.madrid.org\/cp.gloriafuertes.meco\/\/wp-content\/uploads\/cp.gloriafuertes.meco\/2025\/09\/DOMICILIACION-BANCARIA-AUTORRELLENABLE-1.pdf\"><img loading=\"lazy\" decoding=\"async\" width=\"64\" height=\"64\" class=\"wp-image-497\" style=\"width: 64px;\" src=\"https:\/\/site.educa.madrid.org\/cp.gloriafuertes.meco\/\/wp-content\/uploads\/cp.gloriafuertes.meco\/2021\/07\/pdf.png\" alt=\"\"><mark style=\"background-color:rgba(0, 0, 0, 0)\" class=\"has-inline-color has-black-color\">DOMICILIACI\u00d3N BANCARIA<\/mark><\/a><\/li>\n<\/ul>\n\n\n\n<ul class=\"wp-block-list\">\n<li><a href=\"https:\/\/site.educa.madrid.org\/cp.gloriafuertes.meco\/\/wp-content\/uploads\/cp.gloriafuertes.meco\/2025\/09\/NORMATIVA-COMEDOR-ESCOLAR-CEIP-GLORIA-FUERTES-1.pdf\"><img loading=\"lazy\" decoding=\"async\" width=\"64\" height=\"64\" class=\"wp-image-497\" style=\"width: 64px;\" src=\"https:\/\/site.educa.madrid.org\/cp.gloriafuertes.meco\/\/wp-content\/uploads\/cp.gloriafuertes.meco\/2021\/07\/pdf.png\" alt=\"\"><mark style=\"background-color:rgba(0, 0, 0, 0)\" class=\"has-inline-color has-black-color\">NORMAS DE COMEDOR<\/mark><\/a><\/li>\n\n\n\n<li><img loading=\"lazy\" decoding=\"async\" width=\"64\" height=\"64\" class=\"wp-image-497\" style=\"width: 64px;\" src=\"https:\/\/site.educa.madrid.org\/cp.gloriafuertes.meco\/\/wp-content\/uploads\/cp.gloriafuertes.meco\/2021\/07\/pdf.png\" alt=\"\"><a href=\"https:\/\/site.educa.madrid.org\/cp.gloriafuertes.meco\/\/wp-content\/uploads\/cp.gloriafuertes.meco\/2024\/09\/SOLICITUD-COMEDOR-EVENTUAL-autorrellenable.pdf\"><mark style=\"background-color:rgba(0, 0, 0, 0)\" class=\"has-inline-color has-black-color\">SOLICITUD COMEDOR EVENTUAL <\/mark><\/a><\/li>\n<\/ul>\n<\/div>\n\n\n\n<div class=\"wp-block-column is-layout-flow wp-block-column-is-layout-flow\">\n<ul class=\"wp-block-list has-grey-color has-text-color\">\n<li><a href=\"https:\/\/site.educa.madrid.org\/cp.gloriafuertes.meco\/\/wp-content\/uploads\/cp.gloriafuertes.meco\/2022\/05\/DATOS-BANCARIOS-CEIP-GLORIA-FUERTES-1-.pdf\"><img loading=\"lazy\" decoding=\"async\" width=\"64\" height=\"64\" class=\"wp-image-497\" style=\"width: 64px;\" src=\"https:\/\/site.educa.madrid.org\/cp.gloriafuertes.meco\/\/wp-content\/uploads\/cp.gloriafuertes.meco\/2021\/07\/pdf.png\" alt=\"\"><mark style=\"background-color:rgba(0, 0, 0, 0)\" class=\"has-inline-color has-grey-color\">DATOS BANCARIOS PARA TRANSFERENCIA<\/mark><\/a><\/li>\n<\/ul>\n\n\n\n<ul class=\"wp-block-list\">\n<li><a href=\"https:\/\/site.educa.madrid.org\/cp.gloriafuertes.meco\/\/wp-content\/uploads\/cp.gloriafuertes.meco\/2025\/09\/TABLA-CUOTAS-COMEDOR-2025-26.pdf\"><img loading=\"lazy\" decoding=\"async\" width=\"64\" height=\"64\" class=\"wp-image-497\" style=\"width: 64px;\" src=\"https:\/\/site.educa.madrid.org\/cp.gloriafuertes.meco\/\/wp-content\/uploads\/cp.gloriafuertes.meco\/2021\/07\/pdf.png\" alt=\"\"><mark style=\"background-color:rgba(0, 0, 0, 0)\" class=\"has-inline-color has-black-color\">TABLA DE PRECIOS DE COMEDOR <\/mark><\/a><\/li>\n<\/ul>\n\n\n\n<ul class=\"wp-block-list\">\n<li><a href=\"https:\/\/site.educa.madrid.org\/cp.gloriafuertes.meco\/\/wp-content\/uploads\/cp.gloriafuertes.meco\/2023\/10\/AUTORIZACION-SALIDA-COMEDOR-AUTORRELLENABLE.pdf\"><img loading=\"lazy\" decoding=\"async\" width=\"64\" height=\"64\" class=\"wp-image-497\" style=\"width: 64px;\" src=\"https:\/\/site.educa.madrid.org\/cp.gloriafuertes.meco\/\/wp-content\/uploads\/cp.gloriafuertes.meco\/2021\/07\/pdf.png\" alt=\"\"><mark style=\"background-color:rgba(0, 0, 0, 0)\" class=\"has-inline-color has-black-color\">AUTORIZACI\u00d3N SALIDA COMEDOR<\/mark><\/a><\/li>\n<\/ul>\n<\/div>\n<\/div>\n\n\n\n<p><\/p>\n","protected":false},"excerpt":{"rendered":"<p>El comedor es un servicio educativo que se ofrece durante dos horas a continuaci\u00f3n de las clases: de 14:00 a 16:00 h [&hellip;]<\/p>\n","protected":false},"author":2,"featured_media":0,"parent":0,"menu_order":0,"comment_status":"closed","ping_status":"closed","template":"","meta":{"footnotes":""},"folder":[],"class_list":["post-433","page","type-page","status-publish","hentry"],"rttpg_featured_image_url":null,"rttpg_author":{"display_name":"tic.cp.gloriafuertes.meco","author_link":"https:\/\/site.educa.madrid.org\/cp.gloriafuertes.meco\/index.php\/author\/cuenta_tic-cp-gloriafuertes-meco\/"},"rttpg_comment":0,"rttpg_category":false,"rttpg_excerpt":"El comedor es un servicio educativo que se ofrece durante dos horas a continuaci\u00f3n de las clases: de 14:00 a 16:00 h [&hellip;]","post_mailing_queue_ids":[],"_links":{"self":[{"href":"https:\/\/site.educa.madrid.org\/cp.gloriafuertes.meco\/index.php\/wp-json\/wp\/v2\/pages\/433","targetHints":{"allow":["GET"]}}],"collection":[{"href":"https:\/\/site.educa.madrid.org\/cp.gloriafuertes.meco\/index.php\/wp-json\/wp\/v2\/pages"}],"about":[{"href":"https:\/\/site.educa.madrid.org\/cp.gloriafuertes.meco\/index.php\/wp-json\/wp\/v2\/types\/page"}],"author":[{"embeddable":true,"href":"https:\/\/site.educa.madrid.org\/cp.gloriafuertes.meco\/index.php\/wp-json\/wp\/v2\/users\/2"}],"replies":[{"embeddable":true,"href":"https:\/\/site.educa.madrid.org\/cp.gloriafuertes.meco\/index.php\/wp-json\/wp\/v2\/comments?post=433"}],"version-history":[{"count":50,"href":"https:\/\/site.educa.madrid.org\/cp.gloriafuertes.meco\/index.php\/wp-json\/wp\/v2\/pages\/433\/revisions"}],"predecessor-version":[{"id":4447,"href":"https:\/\/site.educa.madrid.org\/cp.gloriafuertes.meco\/index.php\/wp-json\/wp\/v2\/pages\/433\/revisions\/4447"}],"wp:attachment":[{"href":"https:\/\/site.educa.madrid.org\/cp.gloriafuertes.meco\/index.php\/wp-json\/wp\/v2\/media?parent=433"}],"wp:term":[{"taxonomy":"folder","embeddable":true,"href":"https:\/\/site.educa.madrid.org\/cp.gloriafuertes.meco\/index.php\/wp-json\/wp\/v2\/folder?post=433"}],"curies":[{"name":"wp","href":"https:\/\/api.w.org\/{rel}","templated":true}]}}