{"id":483,"date":"2021-07-21T08:36:46","date_gmt":"2021-07-21T08:36:46","guid":{"rendered":"https:\/\/site.educa.madrid.org\/cp.gloriafuertes.meco\/?page_id=483"},"modified":"2025-12-12T13:10:03","modified_gmt":"2025-12-12T12:10:03","slug":"comunicacion-tutoria-familia","status":"publish","type":"page","link":"https:\/\/site.educa.madrid.org\/cp.gloriafuertes.meco\/index.php\/comunicacion-tutoria-familia\/","title":{"rendered":"Contacto con el centro"},"content":{"rendered":"\n<p style=\"font-size:33px\"><strong><a href=\"https:\/\/site.educa.madrid.org\/cp.gloriafuertes.meco\/\/wp-content\/uploads\/cp.gloriafuertes.meco\/2025\/09\/HOJA-DE-CENTRO-25-26.pdf\"><img loading=\"lazy\" decoding=\"async\" width=\"64\" height=\"64\" class=\"wp-image-497\" style=\"width: 64px;\" src=\"https:\/\/site.educa.madrid.org\/cp.gloriafuertes.meco\/\/wp-content\/uploads\/cp.gloriafuertes.meco\/2021\/07\/pdf.png\" alt=\"\"><\/a><mark style=\"background-color:rgba(0, 0, 0, 0)\" class=\"has-inline-color has-grey-color\"><a href=\"https:\/\/site.educa.madrid.org\/cp.gloriafuertes.meco\/\/wp-content\/uploads\/cp.gloriafuertes.meco\/2025\/09\/HOJA-DE-CENTRO-25-26.pdf\">HOJA DE CENTRO (Entregar a cada tutor)<\/a><\/mark><\/strong><\/p>\n\n\n\n<hr class=\"wp-block-separator has-text-color has-white-color has-alpha-channel-opacity has-white-background-color has-background\"\/>\n\n\n\n<div class=\"wp-block-columns is-layout-flex wp-container-core-columns-is-layout-9d6595d7 wp-block-columns-is-layout-flex\">\n<div class=\"wp-block-column is-layout-flow wp-block-column-is-layout-flow\">\n<div class=\"wp-block-columns is-layout-flex wp-container-core-columns-is-layout-9d6595d7 wp-block-columns-is-layout-flex\">\n<div class=\"wp-block-column is-layout-flow wp-block-column-is-layout-flow\">\n<h4 class=\"wp-block-heading has-grey-color has-text-color\">INFANTIL 3 A\u00d1OS<\/h4>\n\n\n\n<p class=\"has-grey-color has-text-color\"><strong>Infantil 3 a\u00f1os A:<\/strong> Ana <br>anaisabel.garciacanones@educa.madrid.org<\/p>\n\n\n\n<p class=\"has-grey-color has-text-color\"><strong>Infantil 3 a\u00f1os B<\/strong>: Noelia noelia.mayor@educa.madrid.org<br><\/p>\n<\/div>\n\n\n\n<div class=\"wp-block-column is-layout-flow wp-block-column-is-layout-flow\">\n<h4 class=\"wp-block-heading has-grey-color has-text-color\">INFANTIL 4 A\u00d1OS<\/h4>\n\n\n\n<p class=\"has-grey-color has-text-color\"><strong>Infantil 4 a\u00f1os A<\/strong>: Bel\u00e9n<br>susana.medinabautista@educa.madrid.org<\/p>\n\n\n\n<p class=\"has-grey-color has-text-color\"><strong>Infantil 4 a\u00f1os B<\/strong>: Diana maria.villanuevasangil@educa.madrid.org<\/p>\n<\/div>\n\n\n\n<div class=\"wp-block-column is-layout-flow wp-block-column-is-layout-flow\">\n<h4 class=\"wp-block-heading has-grey-color has-text-color\">INFANTIL 5 A\u00d1OS<\/h4>\n\n\n\n<p class=\"has-grey-color has-text-color\"><strong>Infantil 5 a\u00f1os A<\/strong>: Bel\u00e9n belen.matamartos@educa.madrid.org<\/p>\n\n\n\n<p class=\"has-grey-color has-text-color\"><strong>Infantil 5 a\u00f1os B<\/strong>: Diana diana.delacruzagudo@educa.madrid.org <\/p>\n\n\n\n<p class=\"has-grey-color has-text-color\"><strong>Infantil 5 a\u00f1os C:<\/strong> Luc\u00eda luciaoristela.sanchez@educa.madrid.org<\/p>\n<\/div>\n<\/div>\n<\/div>\n<\/div>\n\n\n\n<div class=\"wp-block-columns is-layout-flex wp-container-core-columns-is-layout-9d6595d7 wp-block-columns-is-layout-flex\">\n<div class=\"wp-block-column is-layout-flow wp-block-column-is-layout-flow\">\n<h4 class=\"wp-block-heading has-grey-color has-text-color\">PRIMERO DE PRIMARIA:<\/h4>\n\n\n\n<p class=\"has-grey-color has-text-color\"><strong>1\u00baA<\/strong>: Charo rosario.mendezcasado@educa.madrid.org <\/p>\n\n\n\n<p class=\"has-grey-color has-text-color\"><strong>1\u00baB:<\/strong> Mar\u00eda Jos\u00e9 m.jose.garcia1@educa.madrid.org<\/p>\n<\/div>\n\n\n\n<div class=\"wp-block-column is-layout-flow wp-block-column-is-layout-flow\">\n<h4 class=\"wp-block-heading has-grey-color has-text-color\">SEGUNDO DE PRIMARIA:<\/h4>\n\n\n\n<p class=\"has-grey-color has-text-color\"><strong>2\u00baA:<\/strong> Beatriz beatriz.fontecha@educa.madrid.org<\/p>\n\n\n\n<p class=\"has-grey-color has-text-color\"><strong>2\u00baB<\/strong>: Cristina mph17@educa.madrid.org<\/p>\n<\/div>\n\n\n\n<div class=\"wp-block-column is-layout-flow wp-block-column-is-layout-flow\">\n<h4 class=\"wp-block-heading has-grey-color has-text-color\">TERCERO DE PRIMARIA:<\/h4>\n\n\n\n<p class=\"has-grey-color has-text-color\"><strong>3\u00baB:<\/strong> \u00d3scar oscar.sanchezcogolludo@educa.madrid.org<\/p>\n\n\n\n<p class=\"has-grey-color has-text-color\"><strong>3\u00baA:<\/strong> Natalia Natalia natalia.delpozo@educa.madrid.org<\/p>\n\n\n\n<hr class=\"wp-block-separator has-text-color has-white-color has-alpha-channel-opacity has-white-background-color has-background\"\/>\n<\/div>\n<\/div>\n\n\n\n<div class=\"wp-block-columns is-layout-flex wp-container-core-columns-is-layout-9d6595d7 wp-block-columns-is-layout-flex\">\n<div class=\"wp-block-column is-layout-flow wp-block-column-is-layout-flow\">\n<h4 class=\"wp-block-heading has-grey-color has-text-color\">CUARTO DE PRIMARIA:<\/h4>\n\n\n\n<p class=\"has-grey-color has-text-color\"><strong>4\u00baA<\/strong>: Isabel igomezgil@educa.madrid.org<\/p>\n\n\n\n<p class=\"has-grey-color has-text-color\"><strong>4\u00baB<\/strong>: To\u00f1i toni.hernandezlosada@educa.madrid.org<\/p>\n<\/div>\n\n\n\n<div class=\"wp-block-column is-layout-flow wp-block-column-is-layout-flow\">\n<h4 class=\"wp-block-heading has-grey-color has-text-color\">QUINTO DE PRIMARIA:<\/h4>\n\n\n\n<p class=\"has-grey-color has-text-color\"><strong>5\u00baA<\/strong>: Victoria mvbarbero@educa.madrid.org<\/p>\n\n\n\n<p class=\"has-grey-color has-text-color\"><strong>5\u00baB<\/strong>: Susana shernandezregel@educa.madrid.org<br><\/p>\n<\/div>\n\n\n\n<div class=\"wp-block-column is-layout-flow wp-block-column-is-layout-flow\">\n<h4 class=\"wp-block-heading has-grey-color has-text-color\">SEXTO DE PRIMARIA:<\/h4>\n\n\n\n<p class=\"has-grey-color has-text-color\"><strong>6\u00baA<\/strong>: Reme rzafrasanchez@educa.madrid.org<\/p>\n\n\n\n<p class=\"has-grey-color has-text-color\"><strong>6\u00baB:<\/strong> Cristina cmartinez@educa.madrid.org<\/p>\n<\/div>\n<\/div>\n\n\n\n<h2 class=\"wp-block-heading\">OTROS PROFESORES<\/h2>\n\n\n\n<p><mark style=\"background-color:rgba(0, 0, 0, 0)\" class=\"has-inline-color has-grey-color\"><strong>M\u00daSICA<\/strong>:<\/mark> francisco.naranjogarcia@educa.madrid.org<\/p>\n\n\n\n<p><mark style=\"background-color:rgba(0, 0, 0, 0)\" class=\"has-inline-color has-grey-color\"><strong>RELIGI\u00d3N<\/strong>: <\/mark>Eugenio \/ eugenio.lorenteserrano@educa.madrid.org<\/p>\n\n\n\n<p><mark style=\"background-color:rgba(0, 0, 0, 0)\" class=\"has-inline-color has-grey-color\"><strong>PEDAGOG\u00cdA TERAPE\u00daTICA<\/strong>:<\/mark> Vanesa \/ vcibajamunoz@educa.madrid.org<\/p>\n\n\n\n<p><strong><mark style=\"background-color:rgba(0, 0, 0, 0)\" class=\"has-inline-color has-black-color\">PEDAGO<\/mark><\/strong><mark style=\"background-color:rgba(0, 0, 0, 0)\" class=\"has-inline-color has-grey-color\"><strong>G\u00cdA TERAPE\u00daTICA<\/strong>: <\/mark>raquel.martinpliego@educa.madrid.org<\/p>\n\n\n\n<p><mark style=\"background-color:rgba(0, 0, 0, 0)\" class=\"has-inline-color has-grey-color\"><strong>PEDAGOG\u00cdA TERAPEUTICA AULA PREFERENTE<\/strong>: <\/mark>bruedagullon@educa.madrid.org<\/p>\n\n\n\n<p><mark style=\"background-color:rgba(0, 0, 0, 0)\" class=\"has-inline-color has-grey-color\"><strong>AUDICI\u00d3N Y LENGUAJE<\/strong>: <\/mark><\/p>\n\n\n\n<p><mark style=\"background-color:rgba(0, 0, 0, 0)\" class=\"has-inline-color has-grey-color\"><strong>SECRETAR\u00cdA<\/strong>: <\/mark>Petri \/ petri.lopezgarcia@educa.madrid.org<\/p>\n\n\n\n<p><mark style=\"background-color:rgba(0, 0, 0, 0)\" class=\"has-inline-color has-grey-color\"><strong>JEFATURA DE ESTUDIOS<\/strong>: <\/mark>Marta C. \/ marta.cordon@educa.madrid.org<\/p>\n\n\n\n<p><mark style=\"background-color:rgba(0, 0, 0, 0)\" class=\"has-inline-color has-grey-color\"><strong>DIRECCI\u00d3N<\/strong>: <\/mark>Flor \/ flor.delriodieguez@educa.madrid.org<\/p>\n\n\n\n<p><strong>INGL\u00c9S INFANTIL: <\/strong>Rosa rosam.martinezmartinez@educa.madrid.org<\/p>\n\n\n\n<p><\/p>\n","protected":false},"excerpt":{"rendered":"<p>HOJA DE CENTRO (Entregar a cada tutor) INFANTIL 3 A\u00d1OS Infantil 3 a\u00f1os A: Ana anaisabel.garciacanones@educa.madrid.org Infantil 3 a\u00f1os B: Noelia noelia.mayor@educa.madrid.org [&hellip;]<\/p>\n","protected":false},"author":2,"featured_media":0,"parent":0,"menu_order":0,"comment_status":"closed","ping_status":"closed","template":"","meta":{"footnotes":""},"folder":[],"class_list":["post-483","page","type-page","status-publish","hentry"],"rttpg_featured_image_url":null,"rttpg_author":{"display_name":"tic.cp.gloriafuertes.meco","author_link":"https:\/\/site.educa.madrid.org\/cp.gloriafuertes.meco\/index.php\/author\/cuenta_tic-cp-gloriafuertes-meco\/"},"rttpg_comment":0,"rttpg_category":false,"rttpg_excerpt":"HOJA DE CENTRO (Entregar a cada tutor) INFANTIL 3 A\u00d1OS Infantil 3 a\u00f1os A: Ana anaisabel.garciacanones@educa.madrid.org Infantil 3 a\u00f1os B: Noelia noelia.mayor@educa.madrid.org [&hellip;]","post_mailing_queue_ids":[],"_links":{"self":[{"href":"https:\/\/site.educa.madrid.org\/cp.gloriafuertes.meco\/index.php\/wp-json\/wp\/v2\/pages\/483","targetHints":{"allow":["GET"]}}],"collection":[{"href":"https:\/\/site.educa.madrid.org\/cp.gloriafuertes.meco\/index.php\/wp-json\/wp\/v2\/pages"}],"about":[{"href":"https:\/\/site.educa.madrid.org\/cp.gloriafuertes.meco\/index.php\/wp-json\/wp\/v2\/types\/page"}],"author":[{"embeddable":true,"href":"https:\/\/site.educa.madrid.org\/cp.gloriafuertes.meco\/index.php\/wp-json\/wp\/v2\/users\/2"}],"replies":[{"embeddable":true,"href":"https:\/\/site.educa.madrid.org\/cp.gloriafuertes.meco\/index.php\/wp-json\/wp\/v2\/comments?post=483"}],"version-history":[{"count":50,"href":"https:\/\/site.educa.madrid.org\/cp.gloriafuertes.meco\/index.php\/wp-json\/wp\/v2\/pages\/483\/revisions"}],"predecessor-version":[{"id":4657,"href":"https:\/\/site.educa.madrid.org\/cp.gloriafuertes.meco\/index.php\/wp-json\/wp\/v2\/pages\/483\/revisions\/4657"}],"wp:attachment":[{"href":"https:\/\/site.educa.madrid.org\/cp.gloriafuertes.meco\/index.php\/wp-json\/wp\/v2\/media?parent=483"}],"wp:term":[{"taxonomy":"folder","embeddable":true,"href":"https:\/\/site.educa.madrid.org\/cp.gloriafuertes.meco\/index.php\/wp-json\/wp\/v2\/folder?post=483"}],"curies":[{"name":"wp","href":"https:\/\/api.w.org\/{rel}","templated":true}]}}