{"id":502,"date":"2021-07-25T15:55:27","date_gmt":"2021-07-25T15:55:27","guid":{"rendered":"https:\/\/site.educa.madrid.org\/cp.gloriafuertes.meco\/?page_id=502"},"modified":"2025-10-16T13:52:41","modified_gmt":"2025-10-16T11:52:41","slug":"consejo-escolar","status":"publish","type":"page","link":"https:\/\/site.educa.madrid.org\/cp.gloriafuertes.meco\/index.php\/consejo-escolar\/","title":{"rendered":"Consejo escolar"},"content":{"rendered":"<p><span style=\"color: #333333;\">El Consejo Escolar es el \u00f3rgano de participaci\u00f3n de los distintos sectores de la comunidad educativa en el gobierno y gesti\u00f3n de los centros.<\/span><br \/><span style=\"color: #333333;\">Sus atribuciones se centran en tomar decisiones fundamentales que afectan al gobierno general del centro, sin perjuicio de los aspectos docentes que competen al claustro.<\/span><\/p>\n\n\n<div class=\"wp-block-buttons has-custom-font-size has-medium-font-size is-content-justification-center is-layout-flex wp-container-core-buttons-is-layout-16018d1d wp-block-buttons-is-layout-flex\">\n<div class=\"wp-block-button is-style-outline is-style-outline--1\"><a class=\"wp-block-button__link has-black-color has-luminous-dusk-gradient-background has-text-color has-background has-link-color wp-element-button\" href=\"https:\/\/site.educa.madrid.org\/cp.gloriafuertes.meco\/\/wp-content\/uploads\/cp.gloriafuertes.meco\/2025\/08\/CONSEJO-ESCOLAR.pdf\">CONSEJO ESCOLAR (Descripci\u00f3n y funciones)<\/a><\/div>\n<\/div>\n\n\n\n<div style=\"height:40px\" aria-hidden=\"true\" class=\"wp-block-spacer\"><\/div>\n\n\n\n<h2 class=\"wp-block-heading has-grey-color has-text-color\">Miembros del Consejo Escolar<\/h2>\n\n\n\n<div class=\"wp-block-columns is-layout-flex wp-container-core-columns-is-layout-9d6595d7 wp-block-columns-is-layout-flex\">\n<div class=\"wp-block-column is-layout-flow wp-block-column-is-layout-flow\">\n<ul class=\"wp-block-list\">\n<li>D\u00aa Irene L\u00f3pez L\u00f3pez (Ayto)<\/li>\n\n\n\n<li>D\u00aa Flor del R\u00edo Di\u00e9guez (Direcci\u00f3n )<\/li>\n\n\n\n<li>D\u00aa Petra L\u00f3pez Garc\u00eda (Secretar\u00eda)<\/li>\n\n\n\n<li>D\u00aa Marta Cord\u00f3n Grand\u00edo (Jefatura Est.)<\/li>\n\n\n\n<li>D\u00aa Rosario M\u00e9ndez Casado (profesor)<\/li>\n\n\n\n<li>D\u00aa Noelia Mayor Mart\u00edn (profesor)<\/li>\n\n\n\n<li>D\u00aa Susana Medina Bautista (profesor)<\/li>\n\n\n\n<li>D Miguel \u00c1ngel Garc\u00eda Garrido (familia)<\/li>\n\n\n\n<li>D David Moreno Mateos (familia)<\/li>\n\n\n\n<li>D\u00aa Mar\u00eda Inmaculada Rubio Fragoso (familia)<\/li>\n\n\n\n<li>D\u00aa Carmen Villar Avil\u00e9s (familia)<\/li>\n\n\n\n<li>D\u00aa Vanesa Alonso Morago (AMPA)<\/li>\n<\/ul>\n<\/div>\n\n\n\n<div class=\"wp-block-column is-layout-flow wp-block-column-is-layout-flow\">\n<figure class=\"wp-block-image size-large\"><img loading=\"lazy\" decoding=\"async\" width=\"1024\" height=\"662\" src=\"https:\/\/site.educa.madrid.org\/cp.gloriafuertes.meco\/\/wp-content\/uploads\/cp.gloriafuertes.meco\/2021\/07\/consejoEscolar-1024x662.png\" alt=\"\" class=\"wp-image-513\" srcset=\"https:\/\/site.educa.madrid.org\/cp.gloriafuertes.meco\/\/wp-content\/uploads\/cp.gloriafuertes.meco\/2021\/07\/consejoEscolar-1024x662.png 1024w, https:\/\/site.educa.madrid.org\/cp.gloriafuertes.meco\/\/wp-content\/uploads\/cp.gloriafuertes.meco\/2021\/07\/consejoEscolar-300x194.png 300w, https:\/\/site.educa.madrid.org\/cp.gloriafuertes.meco\/\/wp-content\/uploads\/cp.gloriafuertes.meco\/2021\/07\/consejoEscolar-768x497.png 768w, https:\/\/site.educa.madrid.org\/cp.gloriafuertes.meco\/\/wp-content\/uploads\/cp.gloriafuertes.meco\/2021\/07\/consejoEscolar-1536x993.png 1536w, https:\/\/site.educa.madrid.org\/cp.gloriafuertes.meco\/\/wp-content\/uploads\/cp.gloriafuertes.meco\/2021\/07\/consejoEscolar-2048x1324.png 2048w\" sizes=\"auto, (max-width: 1024px) 100vw, 1024px\" \/><\/figure>\n<\/div>\n<\/div>\n","protected":false},"excerpt":{"rendered":"<p>El Consejo Escolar es el \u00f3rgano de participaci\u00f3n de los distintos sectores de la comunidad educativa en el gobierno y gesti\u00f3n de [&hellip;]<\/p>\n","protected":false},"author":2,"featured_media":0,"parent":0,"menu_order":0,"comment_status":"closed","ping_status":"closed","template":"","meta":{"footnotes":""},"folder":[],"class_list":["post-502","page","type-page","status-publish","hentry"],"rttpg_featured_image_url":null,"rttpg_author":{"display_name":"tic.cp.gloriafuertes.meco","author_link":"https:\/\/site.educa.madrid.org\/cp.gloriafuertes.meco\/index.php\/author\/cuenta_tic-cp-gloriafuertes-meco\/"},"rttpg_comment":0,"rttpg_category":false,"rttpg_excerpt":"El Consejo Escolar es el \u00f3rgano de participaci\u00f3n de los distintos sectores de la comunidad educativa en el gobierno y gesti\u00f3n de [&hellip;]","post_mailing_queue_ids":[],"_links":{"self":[{"href":"https:\/\/site.educa.madrid.org\/cp.gloriafuertes.meco\/index.php\/wp-json\/wp\/v2\/pages\/502","targetHints":{"allow":["GET"]}}],"collection":[{"href":"https:\/\/site.educa.madrid.org\/cp.gloriafuertes.meco\/index.php\/wp-json\/wp\/v2\/pages"}],"about":[{"href":"https:\/\/site.educa.madrid.org\/cp.gloriafuertes.meco\/index.php\/wp-json\/wp\/v2\/types\/page"}],"author":[{"embeddable":true,"href":"https:\/\/site.educa.madrid.org\/cp.gloriafuertes.meco\/index.php\/wp-json\/wp\/v2\/users\/2"}],"replies":[{"embeddable":true,"href":"https:\/\/site.educa.madrid.org\/cp.gloriafuertes.meco\/index.php\/wp-json\/wp\/v2\/comments?post=502"}],"version-history":[{"count":16,"href":"https:\/\/site.educa.madrid.org\/cp.gloriafuertes.meco\/index.php\/wp-json\/wp\/v2\/pages\/502\/revisions"}],"predecessor-version":[{"id":4474,"href":"https:\/\/site.educa.madrid.org\/cp.gloriafuertes.meco\/index.php\/wp-json\/wp\/v2\/pages\/502\/revisions\/4474"}],"wp:attachment":[{"href":"https:\/\/site.educa.madrid.org\/cp.gloriafuertes.meco\/index.php\/wp-json\/wp\/v2\/media?parent=502"}],"wp:term":[{"taxonomy":"folder","embeddable":true,"href":"https:\/\/site.educa.madrid.org\/cp.gloriafuertes.meco\/index.php\/wp-json\/wp\/v2\/folder?post=502"}],"curies":[{"name":"wp","href":"https:\/\/api.w.org\/{rel}","templated":true}]}}