{"id":515,"date":"2021-07-25T16:14:09","date_gmt":"2021-07-25T16:14:09","guid":{"rendered":"https:\/\/site.educa.madrid.org\/cp.gloriafuertes.meco\/?page_id=515"},"modified":"2026-02-26T11:53:00","modified_gmt":"2026-02-26T10:53:00","slug":"formacion-a-la-familia","status":"publish","type":"page","link":"https:\/\/site.educa.madrid.org\/cp.gloriafuertes.meco\/index.php\/formacion-a-la-familia\/","title":{"rendered":"Escuela de Familias"},"content":{"rendered":"\n<p class=\"has-grey-color has-text-color\" style=\"font-size:17px\">El centro programa cada curso actividades espec\u00edficas para la participaci\u00f3n y formaci\u00f3n de las familias. En funci\u00f3n del a\u00f1o y de las aportaciones de las familias se han desarrollado talleres de mindfulness, formaci\u00f3n en diversos temas de psicolog\u00eda, emociones, desarrollo evolutivo, prevenci\u00f3n de riesgos\u2026 que ayudan a mejorar la relaci\u00f3n en el entorno escuela \u2013 familia.<\/p>\n\n\n\n<div class=\"wp-block-columns is-layout-flex wp-container-core-columns-is-layout-9d6595d7 wp-block-columns-is-layout-flex\">\n<div class=\"wp-block-column is-layout-flow wp-block-column-is-layout-flow\">\n<figure class=\"wp-block-embed is-type-video is-provider-youtube wp-block-embed-youtube wp-embed-aspect-16-9 wp-has-aspect-ratio\"><div class=\"wp-block-embed__wrapper\">\n<iframe loading=\"lazy\" title=\"C\u00f3mo activar el CONTROL PARENTAL en un m\u00f3vil ANDROID (2024)\" width=\"1170\" height=\"658\" src=\"https:\/\/www.youtube.com\/embed\/4cES-8KtxQM?feature=oembed\" frameborder=\"0\" allow=\"accelerometer; autoplay; clipboard-write; encrypted-media; gyroscope; picture-in-picture; web-share\" referrerpolicy=\"strict-origin-when-cross-origin\" allowfullscreen><\/iframe>\n<\/div><figcaption class=\"wp-element-caption\">Control Parental<\/figcaption><\/figure>\n\n\n\n<figure class=\"wp-block-embed is-type-video is-provider-youtube wp-block-embed-youtube wp-embed-aspect-16-9 wp-has-aspect-ratio\"><div class=\"wp-block-embed__wrapper\">\n<iframe loading=\"lazy\" title=\"Inteligencia emocional-Daniel Goleman-Resumen animado\" width=\"1170\" height=\"658\" src=\"https:\/\/www.youtube.com\/embed\/Vu6xM229q9I?feature=oembed\" frameborder=\"0\" allow=\"accelerometer; autoplay; clipboard-write; encrypted-media; gyroscope; picture-in-picture; web-share\" referrerpolicy=\"strict-origin-when-cross-origin\" allowfullscreen><\/iframe>\n<\/div><figcaption class=\"wp-element-caption\">Inteligencia Emocional<\/figcaption><\/figure>\n\n\n\n<figure class=\"wp-block-embed is-type-video is-provider-youtube wp-block-embed-youtube wp-embed-aspect-16-9 wp-has-aspect-ratio\"><div class=\"wp-block-embed__wrapper\">\n<iframe loading=\"lazy\" title=\"\ud83c\udfb6 LA NUBE | Relajaci\u00f3n de Yoga (SHAVASANA) | MINIPADMINI (Yoga Infantil)\" width=\"1170\" height=\"658\" src=\"https:\/\/www.youtube.com\/embed\/Ea6ykVh7Y7U?feature=oembed\" frameborder=\"0\" allow=\"accelerometer; autoplay; clipboard-write; encrypted-media; gyroscope; picture-in-picture; web-share\" referrerpolicy=\"strict-origin-when-cross-origin\" allowfullscreen><\/iframe>\n<\/div><figcaption class=\"wp-element-caption\">Una propuesta para relajarte<\/figcaption><\/figure>\n\n\n\n<figure class=\"wp-block-embed is-type-video is-provider-youtube wp-block-embed-youtube wp-embed-aspect-16-9 wp-has-aspect-ratio\"><div class=\"wp-block-embed__wrapper\">\n<iframe loading=\"lazy\" title=\"\u00bfQu\u00e9 es la neuroeducaci\u00f3n? Francisco Mora, doctor en Neurociencia y Medicina\" width=\"1170\" height=\"658\" src=\"https:\/\/www.youtube.com\/embed\/d2Fud46xFPQ?feature=oembed\" frameborder=\"0\" allow=\"accelerometer; autoplay; clipboard-write; encrypted-media; gyroscope; picture-in-picture; web-share\" referrerpolicy=\"strict-origin-when-cross-origin\" allowfullscreen><\/iframe>\n<\/div><figcaption class=\"wp-element-caption\">Neurociencia <\/figcaption><\/figure>\n\n\n\n<figure class=\"wp-block-embed is-type-video is-provider-youtube wp-block-embed-youtube wp-embed-aspect-16-9 wp-has-aspect-ratio\"><div class=\"wp-block-embed__wrapper\">\n<iframe loading=\"lazy\" title=\"It&#039;s smarter to travel in groups\" width=\"1170\" height=\"658\" src=\"https:\/\/www.youtube.com\/embed\/zyIkgi2LDbk?feature=oembed\" frameborder=\"0\" allow=\"accelerometer; autoplay; clipboard-write; encrypted-media; gyroscope; picture-in-picture; web-share\" referrerpolicy=\"strict-origin-when-cross-origin\" allowfullscreen><\/iframe>\n<\/div><figcaption class=\"wp-element-caption\">Trabajo en equipo<\/figcaption><\/figure>\n<\/div>\n\n\n\n<div class=\"wp-block-column is-layout-flow wp-block-column-is-layout-flow\">\n<figure class=\"wp-block-embed is-type-video is-provider-youtube wp-block-embed-youtube wp-embed-aspect-16-9 wp-has-aspect-ratio\"><div class=\"wp-block-embed__wrapper\">\n<iframe loading=\"lazy\" title=\"C\u00f3mo ACTIVAR los CONTROLES PARENTALES en Roblox (2025)\" width=\"1170\" height=\"658\" src=\"https:\/\/www.youtube.com\/embed\/4-V7vXkHkf0?feature=oembed\" frameborder=\"0\" allow=\"accelerometer; autoplay; clipboard-write; encrypted-media; gyroscope; picture-in-picture; web-share\" referrerpolicy=\"strict-origin-when-cross-origin\" allowfullscreen><\/iframe>\n<\/div><figcaption class=\"wp-element-caption\">Roblox: Control parental<\/figcaption><\/figure>\n\n\n\n<figure class=\"wp-block-embed is-type-video is-provider-youtube wp-block-embed-youtube wp-embed-aspect-16-9 wp-has-aspect-ratio\"><div class=\"wp-block-embed__wrapper\">\n<iframe loading=\"lazy\" title=\"\u00bfQu\u00e9 es Disciplina Positiva?\" width=\"1170\" height=\"658\" src=\"https:\/\/www.youtube.com\/embed\/Rl7ztk90Ixw?feature=oembed\" frameborder=\"0\" allow=\"accelerometer; autoplay; clipboard-write; encrypted-media; gyroscope; picture-in-picture; web-share\" referrerpolicy=\"strict-origin-when-cross-origin\" allowfullscreen><\/iframe>\n<\/div><figcaption class=\"wp-element-caption\">Disciplina positiva para ni\u00f1os<\/figcaption><\/figure>\n\n\n\n<figure class=\"wp-block-embed is-type-video is-provider-youtube wp-block-embed-youtube wp-embed-aspect-16-9 wp-has-aspect-ratio\"><div class=\"wp-block-embed__wrapper\">\n<iframe loading=\"lazy\" title=\"Todo lo que me ense\u00f1aron los ni\u00f1os. Jos\u00e9 Antonio Fern\u00e1ndez Bravo, maestro\" width=\"1170\" height=\"658\" src=\"https:\/\/www.youtube.com\/embed\/6E4ct50dPKs?feature=oembed\" frameborder=\"0\" allow=\"accelerometer; autoplay; clipboard-write; encrypted-media; gyroscope; picture-in-picture; web-share\" referrerpolicy=\"strict-origin-when-cross-origin\" allowfullscreen><\/iframe>\n<\/div><figcaption class=\"wp-element-caption\">C\u00f3mo piensa un ni\u00f1o<\/figcaption><\/figure>\n\n\n\n<figure class=\"wp-block-embed is-type-video is-provider-youtube wp-block-embed-youtube wp-embed-aspect-16-9 wp-has-aspect-ratio\"><div class=\"wp-block-embed__wrapper\">\n<iframe loading=\"lazy\" title=\"ASERTIVIDAD\" width=\"1170\" height=\"658\" src=\"https:\/\/www.youtube.com\/embed\/0nLyn2HPLic?feature=oembed\" frameborder=\"0\" allow=\"accelerometer; autoplay; clipboard-write; encrypted-media; gyroscope; picture-in-picture; web-share\" referrerpolicy=\"strict-origin-when-cross-origin\" allowfullscreen><\/iframe>\n<\/div><figcaption class=\"wp-element-caption\">Asertividad<\/figcaption><\/figure>\n\n\n\n<figure class=\"wp-block-embed is-type-video is-provider-youtube wp-block-embed-youtube wp-embed-aspect-16-9 wp-has-aspect-ratio\"><div class=\"wp-block-embed__wrapper\">\n<iframe loading=\"lazy\" title=\"Roble para familias: ver actividades evaluables del alumno\" width=\"1170\" height=\"658\" src=\"https:\/\/www.youtube.com\/embed\/dx8YSqUScjQ?feature=oembed\" frameborder=\"0\" allow=\"accelerometer; autoplay; clipboard-write; encrypted-media; gyroscope; picture-in-picture; web-share\" referrerpolicy=\"strict-origin-when-cross-origin\" allowfullscreen><\/iframe>\n<\/div><figcaption class=\"wp-element-caption\">Roble para familias<\/figcaption><\/figure>\n<\/div>\n<\/div>\n\n\n\n<p><\/p>\n","protected":false},"excerpt":{"rendered":"<p>El centro programa cada curso actividades espec\u00edficas para la participaci\u00f3n y formaci\u00f3n de las familias. En funci\u00f3n del a\u00f1o y de las [&hellip;]<\/p>\n","protected":false},"author":2,"featured_media":0,"parent":0,"menu_order":0,"comment_status":"closed","ping_status":"closed","template":"","meta":{"footnotes":""},"folder":[],"class_list":["post-515","page","type-page","status-publish","hentry"],"rttpg_featured_image_url":null,"rttpg_author":{"display_name":"tic.cp.gloriafuertes.meco","author_link":"https:\/\/site.educa.madrid.org\/cp.gloriafuertes.meco\/index.php\/author\/cuenta_tic-cp-gloriafuertes-meco\/"},"rttpg_comment":0,"rttpg_category":false,"rttpg_excerpt":"El centro programa cada curso actividades espec\u00edficas para la participaci\u00f3n y formaci\u00f3n de las familias. En funci\u00f3n del a\u00f1o y de las [&hellip;]","post_mailing_queue_ids":[],"_links":{"self":[{"href":"https:\/\/site.educa.madrid.org\/cp.gloriafuertes.meco\/index.php\/wp-json\/wp\/v2\/pages\/515","targetHints":{"allow":["GET"]}}],"collection":[{"href":"https:\/\/site.educa.madrid.org\/cp.gloriafuertes.meco\/index.php\/wp-json\/wp\/v2\/pages"}],"about":[{"href":"https:\/\/site.educa.madrid.org\/cp.gloriafuertes.meco\/index.php\/wp-json\/wp\/v2\/types\/page"}],"author":[{"embeddable":true,"href":"https:\/\/site.educa.madrid.org\/cp.gloriafuertes.meco\/index.php\/wp-json\/wp\/v2\/users\/2"}],"replies":[{"embeddable":true,"href":"https:\/\/site.educa.madrid.org\/cp.gloriafuertes.meco\/index.php\/wp-json\/wp\/v2\/comments?post=515"}],"version-history":[{"count":11,"href":"https:\/\/site.educa.madrid.org\/cp.gloriafuertes.meco\/index.php\/wp-json\/wp\/v2\/pages\/515\/revisions"}],"predecessor-version":[{"id":4726,"href":"https:\/\/site.educa.madrid.org\/cp.gloriafuertes.meco\/index.php\/wp-json\/wp\/v2\/pages\/515\/revisions\/4726"}],"wp:attachment":[{"href":"https:\/\/site.educa.madrid.org\/cp.gloriafuertes.meco\/index.php\/wp-json\/wp\/v2\/media?parent=515"}],"wp:term":[{"taxonomy":"folder","embeddable":true,"href":"https:\/\/site.educa.madrid.org\/cp.gloriafuertes.meco\/index.php\/wp-json\/wp\/v2\/folder?post=515"}],"curies":[{"name":"wp","href":"https:\/\/api.w.org\/{rel}","templated":true}]}}