{"id":520,"date":"2021-07-26T08:03:17","date_gmt":"2021-07-26T08:03:17","guid":{"rendered":"https:\/\/site.educa.madrid.org\/cp.gloriafuertes.meco\/?page_id=520"},"modified":"2025-10-22T11:01:14","modified_gmt":"2025-10-22T09:01:14","slug":"ampa","status":"publish","type":"page","link":"https:\/\/site.educa.madrid.org\/cp.gloriafuertes.meco\/index.php\/ampa\/","title":{"rendered":"Servicios complementarios"},"content":{"rendered":"\n<h3 class=\"wp-block-heading\"><strong>SERVICIOS COMPLEMENTARIOS:<\/strong><\/h3>\n\n\n\n<p>El CEIP Gloria Fuertes ofrece servicios que complementan la oferta educativa.<\/p>\n\n\n\n<p>Estos servicios de dividen en 3:<\/p>\n\n\n\n<ul class=\"wp-block-list\">\n<li>Horario ampliado de <strong>ma\u00f1ana<\/strong>: de 7 a 9h.<\/li>\n\n\n\n<li>Horario ampliado de <strong>tarde<\/strong>: a partir de las 16h (15h en junio y septiembre)<\/li>\n\n\n\n<li>Servicio de <strong>comedor<\/strong> escolar: de 14 a 16h (13 a 15h en junio y septiembre)<\/li>\n<\/ul>\n\n\n\n<h3 class=\"wp-block-heading\"><strong>HORARIOS DE MA\u00d1ANA Y DE TARDE:<\/strong><\/h3>\n\n\n\n<p>Estos servicios son gestionados por empresas contratadas por el AMPA del colegio. Todas las gestiones (altas, bajas, consultas\u2026) deben hacerse a trav\u00e9s de ellos <\/p>\n\n\n\n<hr class=\"wp-block-separator has-text-color has-white-color has-alpha-channel-opacity has-white-background-color has-background\"\/>\n\n\n\n<div class=\"wp-block-columns is-layout-flex wp-container-core-columns-is-layout-9d6595d7 wp-block-columns-is-layout-flex\">\n<div class=\"wp-block-column is-layout-flow wp-block-column-is-layout-flow\">\n<div class=\"wp-block-buttons is-layout-flex wp-block-buttons-is-layout-flex\">\n<div class=\"wp-block-button has-custom-width wp-block-button__width-100 is-style-fill\"><a class=\"wp-block-button__link has-white-color has-vivid-cyan-blue-background-color has-text-color has-background has-link-color wp-element-button\" href=\"https:\/\/campapp.app\/form?code=zaE3cYwt85Ibd4bdrrgM\" style=\"border-radius:12px\"><strong>INSCRIPCI\u00d3N PRIMEROS DEL \u00abCOLE\u00bb 25\/26<\/strong><\/a><\/div>\n\n\n\n<div class=\"wp-block-button has-custom-width wp-block-button__width-100 is-style-fill\"><a class=\"wp-block-button__link has-white-color has-text-color has-background has-link-color wp-element-button\" href=\"https:\/\/campapp.app\/form?code=ssen56Tcq7rMChzAdAHm\" style=\"background-color:#dbbc04\"><strong>INSCRIPCIONES LUDOTECA SEPTIEMBRE 2025<\/strong><\/a><\/div>\n\n\n\n<div class=\"wp-block-button has-custom-width wp-block-button__width-100 is-style-fill\"><a class=\"wp-block-button__link has-white-color has-vivid-cyan-blue-background-color has-text-color has-background has-link-color wp-element-button\" href=\"https:\/\/campapp.app\/form?code=8TRHLFR9XBiSwnr1popJ\"><strong>INSCRIPCIONES TARDES DEL \u00abCOLE\u00bb 25\/26<\/strong><\/a><\/div>\n<\/div>\n<\/div>\n\n\n\n<div class=\"wp-block-column is-layout-flow wp-block-column-is-layout-flow\"><div class=\"wp-block-image is-style-default\">\n<figure class=\"aligncenter size-full is-resized\"><a href=\"https:\/\/site.educa.madrid.org\/cp.gloriafuertes.meco\/\/wp-content\/uploads\/cp.gloriafuertes.meco\/2025\/06\/EXTRAESCOLARES-AMPA-25-26-1.png\"><img loading=\"lazy\" decoding=\"async\" width=\"400\" height=\"200\" src=\"https:\/\/site.educa.madrid.org\/cp.gloriafuertes.meco\/\/wp-content\/uploads\/cp.gloriafuertes.meco\/2025\/08\/Diseno-sin-titulo-21.png\" alt=\"\" class=\"wp-image-3836\" style=\"width:216px;height:auto\" srcset=\"https:\/\/site.educa.madrid.org\/cp.gloriafuertes.meco\/\/wp-content\/uploads\/cp.gloriafuertes.meco\/2025\/08\/Diseno-sin-titulo-21.png 400w, https:\/\/site.educa.madrid.org\/cp.gloriafuertes.meco\/\/wp-content\/uploads\/cp.gloriafuertes.meco\/2025\/08\/Diseno-sin-titulo-21-300x150.png 300w\" sizes=\"auto, (max-width: 400px) 100vw, 400px\" \/><\/a><figcaption class=\"wp-element-caption\"><strong><a href=\"https:\/\/site.educa.madrid.org\/cp.gloriafuertes.meco\/\/wp-content\/uploads\/cp.gloriafuertes.meco\/2025\/06\/EXTRAESCOLARES-AMPA-25-26-1.png\">PINCHA PARA ACCEDER A TODA LA OFERTA DE ACTIVIDADES<\/a><\/strong><\/figcaption><\/figure>\n<\/div><\/div>\n\n\n\n<div class=\"wp-block-column is-layout-flow wp-block-column-is-layout-flow\">\n<div class=\"wp-block-buttons is-layout-flex wp-block-buttons-is-layout-flex\">\n<div class=\"wp-block-button is-style-fill\"><a class=\"wp-block-button__link has-white-color has-text-color has-background has-link-color wp-element-button\" href=\"https:\/\/gyms.setitem.com\/Alta_socios_add.php?language=Spanish&amp;id_centro=485\" style=\"background-color:#ff2a28\"><strong>INSCRICI\u00d3N TAEKWONDO 25\/26<\/strong><\/a><\/div>\n\n\n\n<div class=\"wp-block-button is-style-fill\"><a class=\"wp-block-button__link has-white-color has-text-color has-background has-link-color wp-element-button\" href=\"https:\/\/gyms.setitem.com\/Alta_socios_add.php?language=Spanish&amp;id_centro=497\" style=\"background-color:#00b029\"><strong>INSCRICI\u00d3N GIMNASIA R\u00cdTMICA 25\/26<\/strong><\/a><\/div>\n<\/div>\n<\/div>\n<\/div>\n\n\n\n<div style=\"height:53px\" aria-hidden=\"true\" class=\"wp-block-spacer\"><\/div>\n\n\n\n<h3 class=\"wp-block-heading\"><strong>COMEDOR ESCOLAR:<\/strong><\/h3>\n\n\n\n<p>Este servicio tiene car\u00e1cter educativo y es gestionado por el colegio, a trav\u00e9s del Equipo Directivo. Las gestiones (altas, bajas, consultas\u2026) se realizan \u00daNICAMENTE&nbsp; a trav\u00e9s de Secretar\u00eda (tel\u00e9fono, mail o presencial en su horario). Toda la informaci\u00f3n de este servicio est\u00e1 en este (enlace).<\/p>\n\n\n\n<div class=\"wp-block-buttons is-layout-flex wp-block-buttons-is-layout-flex\">\n<div class=\"wp-block-button\"><a class=\"wp-block-button__link wp-element-button\" href=\"https:\/\/site.educa.madrid.org\/cp.gloriafuertes.meco\/index.php\/comedor\/\">servicio de comedor<\/a><\/div>\n<\/div>\n\n\n\n<p class=\"has-medium-font-size\"><\/p>\n\n\n\n<p><\/p>\n","protected":false},"excerpt":{"rendered":"<p>SERVICIOS COMPLEMENTARIOS: El CEIP Gloria Fuertes ofrece servicios que complementan la oferta educativa. Estos servicios de dividen en 3: HORARIOS DE MA\u00d1ANA [&hellip;]<\/p>\n","protected":false},"author":2,"featured_media":0,"parent":0,"menu_order":0,"comment_status":"closed","ping_status":"closed","template":"","meta":{"footnotes":""},"folder":[],"class_list":["post-520","page","type-page","status-publish","hentry"],"rttpg_featured_image_url":null,"rttpg_author":{"display_name":"tic.cp.gloriafuertes.meco","author_link":"https:\/\/site.educa.madrid.org\/cp.gloriafuertes.meco\/index.php\/author\/cuenta_tic-cp-gloriafuertes-meco\/"},"rttpg_comment":0,"rttpg_category":false,"rttpg_excerpt":"SERVICIOS COMPLEMENTARIOS: El CEIP Gloria Fuertes ofrece servicios que complementan la oferta educativa. Estos servicios de dividen en 3: HORARIOS DE MA\u00d1ANA [&hellip;]","post_mailing_queue_ids":[],"_links":{"self":[{"href":"https:\/\/site.educa.madrid.org\/cp.gloriafuertes.meco\/index.php\/wp-json\/wp\/v2\/pages\/520","targetHints":{"allow":["GET"]}}],"collection":[{"href":"https:\/\/site.educa.madrid.org\/cp.gloriafuertes.meco\/index.php\/wp-json\/wp\/v2\/pages"}],"about":[{"href":"https:\/\/site.educa.madrid.org\/cp.gloriafuertes.meco\/index.php\/wp-json\/wp\/v2\/types\/page"}],"author":[{"embeddable":true,"href":"https:\/\/site.educa.madrid.org\/cp.gloriafuertes.meco\/index.php\/wp-json\/wp\/v2\/users\/2"}],"replies":[{"embeddable":true,"href":"https:\/\/site.educa.madrid.org\/cp.gloriafuertes.meco\/index.php\/wp-json\/wp\/v2\/comments?post=520"}],"version-history":[{"count":50,"href":"https:\/\/site.educa.madrid.org\/cp.gloriafuertes.meco\/index.php\/wp-json\/wp\/v2\/pages\/520\/revisions"}],"predecessor-version":[{"id":4547,"href":"https:\/\/site.educa.madrid.org\/cp.gloriafuertes.meco\/index.php\/wp-json\/wp\/v2\/pages\/520\/revisions\/4547"}],"wp:attachment":[{"href":"https:\/\/site.educa.madrid.org\/cp.gloriafuertes.meco\/index.php\/wp-json\/wp\/v2\/media?parent=520"}],"wp:term":[{"taxonomy":"folder","embeddable":true,"href":"https:\/\/site.educa.madrid.org\/cp.gloriafuertes.meco\/index.php\/wp-json\/wp\/v2\/folder?post=520"}],"curies":[{"name":"wp","href":"https:\/\/api.w.org\/{rel}","templated":true}]}}