{"id":578,"date":"2021-07-29T12:16:32","date_gmt":"2021-07-29T12:16:32","guid":{"rendered":"https:\/\/site.educa.madrid.org\/cp.gloriafuertes.meco\/?page_id=578"},"modified":"2023-03-16T10:35:19","modified_gmt":"2023-03-16T09:35:19","slug":"proyecto-biblioteca","status":"publish","type":"page","link":"https:\/\/site.educa.madrid.org\/cp.gloriafuertes.meco\/index.php\/proyecto-biblioteca\/","title":{"rendered":"Proyecto biblioteca"},"content":{"rendered":"\n<p class=\"has-grey-color has-text-color\" style=\"font-size:17px\">El colegio cuenta con una biblioteca de m\u00e1s de 100 metros cuadrados que hace las veces de espacio multicultural donde se practica teatro, se desarrollan talleres para alumnado y familias, actividades como peli y palomitas, cine, juego, lectura y espacio en general para el acercamiento y el disfrute de nuestro alumnado con el hilo conductor de la palabra: le\u00edda, escrita, escuchada o pronunciada. Durante los recreos se convierte en parte de nuestro proyecto de patio y centro de encuentro entorno a actividades programadas y voluntarias; en el desarrollo de la jornada escolar es espacio de aprendizaje, lectura y b\u00fasqueda de informaci\u00f3n, as\u00ed como escenario de teatro o sala de proyecci\u00f3n. Dispone de una zona de lectura relajada para un uso libre y dispone del servicio de pr\u00e9stamo en sala y a trav\u00e9s de pedido de clase, mediante el bibliob\u00fas.<\/p>\n\n\n\n<figure class=\"wp-block-gallery has-nested-images columns-default is-cropped wp-block-gallery-1 is-layout-flex wp-block-gallery-is-layout-flex\">\n<figure class=\"wp-block-image size-large\"><img loading=\"lazy\" decoding=\"async\" width=\"1024\" height=\"769\" data-id=\"2305\" src=\"https:\/\/site.educa.madrid.org\/cp.gloriafuertes.meco\/\/wp-content\/uploads\/cp.gloriafuertes.meco\/2023\/03\/IMG-20230221-WA0007-1024x769.jpg\" alt=\"\" class=\"wp-image-2305\" srcset=\"https:\/\/site.educa.madrid.org\/cp.gloriafuertes.meco\/\/wp-content\/uploads\/cp.gloriafuertes.meco\/2023\/03\/IMG-20230221-WA0007-1024x769.jpg 1024w, https:\/\/site.educa.madrid.org\/cp.gloriafuertes.meco\/\/wp-content\/uploads\/cp.gloriafuertes.meco\/2023\/03\/IMG-20230221-WA0007-300x225.jpg 300w, https:\/\/site.educa.madrid.org\/cp.gloriafuertes.meco\/\/wp-content\/uploads\/cp.gloriafuertes.meco\/2023\/03\/IMG-20230221-WA0007-768x577.jpg 768w, https:\/\/site.educa.madrid.org\/cp.gloriafuertes.meco\/\/wp-content\/uploads\/cp.gloriafuertes.meco\/2023\/03\/IMG-20230221-WA0007-1536x1154.jpg 1536w, https:\/\/site.educa.madrid.org\/cp.gloriafuertes.meco\/\/wp-content\/uploads\/cp.gloriafuertes.meco\/2023\/03\/IMG-20230221-WA0007.jpg 1640w\" sizes=\"auto, (max-width: 1024px) 100vw, 1024px\" \/><\/figure>\n\n\n\n<figure class=\"wp-block-image size-large\"><img loading=\"lazy\" decoding=\"async\" width=\"1024\" height=\"769\" data-id=\"2304\" src=\"https:\/\/site.educa.madrid.org\/cp.gloriafuertes.meco\/\/wp-content\/uploads\/cp.gloriafuertes.meco\/2023\/03\/IMG-20230221-WA0006-1-1024x769.jpg\" alt=\"\" class=\"wp-image-2304\" srcset=\"https:\/\/site.educa.madrid.org\/cp.gloriafuertes.meco\/\/wp-content\/uploads\/cp.gloriafuertes.meco\/2023\/03\/IMG-20230221-WA0006-1-1024x769.jpg 1024w, https:\/\/site.educa.madrid.org\/cp.gloriafuertes.meco\/\/wp-content\/uploads\/cp.gloriafuertes.meco\/2023\/03\/IMG-20230221-WA0006-1-300x225.jpg 300w, https:\/\/site.educa.madrid.org\/cp.gloriafuertes.meco\/\/wp-content\/uploads\/cp.gloriafuertes.meco\/2023\/03\/IMG-20230221-WA0006-1-768x577.jpg 768w, https:\/\/site.educa.madrid.org\/cp.gloriafuertes.meco\/\/wp-content\/uploads\/cp.gloriafuertes.meco\/2023\/03\/IMG-20230221-WA0006-1-1536x1154.jpg 1536w, https:\/\/site.educa.madrid.org\/cp.gloriafuertes.meco\/\/wp-content\/uploads\/cp.gloriafuertes.meco\/2023\/03\/IMG-20230221-WA0006-1.jpg 1640w\" sizes=\"auto, (max-width: 1024px) 100vw, 1024px\" \/><\/figure>\n\n\n\n<figure class=\"wp-block-image size-large\"><img loading=\"lazy\" decoding=\"async\" width=\"1024\" height=\"768\" data-id=\"2307\" src=\"https:\/\/site.educa.madrid.org\/cp.gloriafuertes.meco\/\/wp-content\/uploads\/cp.gloriafuertes.meco\/2023\/03\/IMG-20230221-WA0004-1-1024x768.jpg\" alt=\"\" class=\"wp-image-2307\" srcset=\"https:\/\/site.educa.madrid.org\/cp.gloriafuertes.meco\/\/wp-content\/uploads\/cp.gloriafuertes.meco\/2023\/03\/IMG-20230221-WA0004-1-1024x768.jpg 1024w, https:\/\/site.educa.madrid.org\/cp.gloriafuertes.meco\/\/wp-content\/uploads\/cp.gloriafuertes.meco\/2023\/03\/IMG-20230221-WA0004-1-300x225.jpg 300w, https:\/\/site.educa.madrid.org\/cp.gloriafuertes.meco\/\/wp-content\/uploads\/cp.gloriafuertes.meco\/2023\/03\/IMG-20230221-WA0004-1-768x576.jpg 768w, https:\/\/site.educa.madrid.org\/cp.gloriafuertes.meco\/\/wp-content\/uploads\/cp.gloriafuertes.meco\/2023\/03\/IMG-20230221-WA0004-1-1536x1152.jpg 1536w, https:\/\/site.educa.madrid.org\/cp.gloriafuertes.meco\/\/wp-content\/uploads\/cp.gloriafuertes.meco\/2023\/03\/IMG-20230221-WA0004-1.jpg 2000w\" sizes=\"auto, (max-width: 1024px) 100vw, 1024px\" \/><\/figure>\n\n\n\n<figure class=\"wp-block-image size-large\"><img loading=\"lazy\" decoding=\"async\" width=\"1024\" height=\"768\" data-id=\"2306\" src=\"https:\/\/site.educa.madrid.org\/cp.gloriafuertes.meco\/\/wp-content\/uploads\/cp.gloriafuertes.meco\/2023\/03\/IMG-20230221-WA0003-1-1024x768.jpg\" alt=\"\" class=\"wp-image-2306\" srcset=\"https:\/\/site.educa.madrid.org\/cp.gloriafuertes.meco\/\/wp-content\/uploads\/cp.gloriafuertes.meco\/2023\/03\/IMG-20230221-WA0003-1-1024x768.jpg 1024w, https:\/\/site.educa.madrid.org\/cp.gloriafuertes.meco\/\/wp-content\/uploads\/cp.gloriafuertes.meco\/2023\/03\/IMG-20230221-WA0003-1-300x225.jpg 300w, https:\/\/site.educa.madrid.org\/cp.gloriafuertes.meco\/\/wp-content\/uploads\/cp.gloriafuertes.meco\/2023\/03\/IMG-20230221-WA0003-1-768x576.jpg 768w, https:\/\/site.educa.madrid.org\/cp.gloriafuertes.meco\/\/wp-content\/uploads\/cp.gloriafuertes.meco\/2023\/03\/IMG-20230221-WA0003-1-1536x1152.jpg 1536w, https:\/\/site.educa.madrid.org\/cp.gloriafuertes.meco\/\/wp-content\/uploads\/cp.gloriafuertes.meco\/2023\/03\/IMG-20230221-WA0003-1.jpg 2000w\" sizes=\"auto, (max-width: 1024px) 100vw, 1024px\" \/><\/figure>\n\n\n\n<figure class=\"wp-block-image size-large\"><img loading=\"lazy\" decoding=\"async\" width=\"1024\" height=\"769\" data-id=\"2309\" src=\"https:\/\/site.educa.madrid.org\/cp.gloriafuertes.meco\/\/wp-content\/uploads\/cp.gloriafuertes.meco\/2023\/03\/IMG-20230221-WA0005-1-1024x769.jpg\" alt=\"\" class=\"wp-image-2309\" srcset=\"https:\/\/site.educa.madrid.org\/cp.gloriafuertes.meco\/\/wp-content\/uploads\/cp.gloriafuertes.meco\/2023\/03\/IMG-20230221-WA0005-1-1024x769.jpg 1024w, https:\/\/site.educa.madrid.org\/cp.gloriafuertes.meco\/\/wp-content\/uploads\/cp.gloriafuertes.meco\/2023\/03\/IMG-20230221-WA0005-1-300x225.jpg 300w, https:\/\/site.educa.madrid.org\/cp.gloriafuertes.meco\/\/wp-content\/uploads\/cp.gloriafuertes.meco\/2023\/03\/IMG-20230221-WA0005-1-768x577.jpg 768w, https:\/\/site.educa.madrid.org\/cp.gloriafuertes.meco\/\/wp-content\/uploads\/cp.gloriafuertes.meco\/2023\/03\/IMG-20230221-WA0005-1-1536x1154.jpg 1536w, https:\/\/site.educa.madrid.org\/cp.gloriafuertes.meco\/\/wp-content\/uploads\/cp.gloriafuertes.meco\/2023\/03\/IMG-20230221-WA0005-1.jpg 1640w\" sizes=\"auto, (max-width: 1024px) 100vw, 1024px\" \/><\/figure>\n\n\n\n<figure class=\"wp-block-image size-large\"><img loading=\"lazy\" decoding=\"async\" width=\"1024\" height=\"769\" data-id=\"2308\" src=\"https:\/\/site.educa.madrid.org\/cp.gloriafuertes.meco\/\/wp-content\/uploads\/cp.gloriafuertes.meco\/2023\/03\/IMG-20230221-WA0002-1-1024x769.jpg\" alt=\"\" class=\"wp-image-2308\" srcset=\"https:\/\/site.educa.madrid.org\/cp.gloriafuertes.meco\/\/wp-content\/uploads\/cp.gloriafuertes.meco\/2023\/03\/IMG-20230221-WA0002-1-1024x769.jpg 1024w, https:\/\/site.educa.madrid.org\/cp.gloriafuertes.meco\/\/wp-content\/uploads\/cp.gloriafuertes.meco\/2023\/03\/IMG-20230221-WA0002-1-300x225.jpg 300w, https:\/\/site.educa.madrid.org\/cp.gloriafuertes.meco\/\/wp-content\/uploads\/cp.gloriafuertes.meco\/2023\/03\/IMG-20230221-WA0002-1-768x577.jpg 768w, https:\/\/site.educa.madrid.org\/cp.gloriafuertes.meco\/\/wp-content\/uploads\/cp.gloriafuertes.meco\/2023\/03\/IMG-20230221-WA0002-1-1536x1154.jpg 1536w, https:\/\/site.educa.madrid.org\/cp.gloriafuertes.meco\/\/wp-content\/uploads\/cp.gloriafuertes.meco\/2023\/03\/IMG-20230221-WA0002-1.jpg 1640w\" sizes=\"auto, (max-width: 1024px) 100vw, 1024px\" \/><\/figure>\n<\/figure>\n","protected":false},"excerpt":{"rendered":"<p>El colegio cuenta con una biblioteca de m\u00e1s de 100 metros cuadrados que hace las veces de espacio multicultural donde se practica [&hellip;]<\/p>\n","protected":false},"author":2,"featured_media":0,"parent":0,"menu_order":0,"comment_status":"closed","ping_status":"closed","template":"","meta":{"footnotes":""},"folder":[],"class_list":["post-578","page","type-page","status-publish","hentry"],"rttpg_featured_image_url":null,"rttpg_author":{"display_name":"tic.cp.gloriafuertes.meco","author_link":"https:\/\/site.educa.madrid.org\/cp.gloriafuertes.meco\/index.php\/author\/cuenta_tic-cp-gloriafuertes-meco\/"},"rttpg_comment":0,"rttpg_category":false,"rttpg_excerpt":"El colegio cuenta con una biblioteca de m\u00e1s de 100 metros cuadrados que hace las veces de espacio multicultural donde se practica [&hellip;]","post_mailing_queue_ids":[],"_links":{"self":[{"href":"https:\/\/site.educa.madrid.org\/cp.gloriafuertes.meco\/index.php\/wp-json\/wp\/v2\/pages\/578","targetHints":{"allow":["GET"]}}],"collection":[{"href":"https:\/\/site.educa.madrid.org\/cp.gloriafuertes.meco\/index.php\/wp-json\/wp\/v2\/pages"}],"about":[{"href":"https:\/\/site.educa.madrid.org\/cp.gloriafuertes.meco\/index.php\/wp-json\/wp\/v2\/types\/page"}],"author":[{"embeddable":true,"href":"https:\/\/site.educa.madrid.org\/cp.gloriafuertes.meco\/index.php\/wp-json\/wp\/v2\/users\/2"}],"replies":[{"embeddable":true,"href":"https:\/\/site.educa.madrid.org\/cp.gloriafuertes.meco\/index.php\/wp-json\/wp\/v2\/comments?post=578"}],"version-history":[{"count":5,"href":"https:\/\/site.educa.madrid.org\/cp.gloriafuertes.meco\/index.php\/wp-json\/wp\/v2\/pages\/578\/revisions"}],"predecessor-version":[{"id":2310,"href":"https:\/\/site.educa.madrid.org\/cp.gloriafuertes.meco\/index.php\/wp-json\/wp\/v2\/pages\/578\/revisions\/2310"}],"wp:attachment":[{"href":"https:\/\/site.educa.madrid.org\/cp.gloriafuertes.meco\/index.php\/wp-json\/wp\/v2\/media?parent=578"}],"wp:term":[{"taxonomy":"folder","embeddable":true,"href":"https:\/\/site.educa.madrid.org\/cp.gloriafuertes.meco\/index.php\/wp-json\/wp\/v2\/folder?post=578"}],"curies":[{"name":"wp","href":"https:\/\/api.w.org\/{rel}","templated":true}]}}