{"id":108,"date":"2020-10-14T08:38:54","date_gmt":"2020-10-14T08:38:54","guid":{"rendered":"https:\/\/site.educa.madrid.org\/cp.guindalera.madrid\/?page_id=108"},"modified":"2020-10-29T15:57:43","modified_gmt":"2020-10-29T15:57:43","slug":"secretaria","status":"publish","type":"page","link":"https:\/\/site.educa.madrid.org\/cp.guindalera.madrid\/index.php\/secretaria\/","title":{"rendered":"Secretar\u00eda"},"content":{"rendered":"\n<div style=\"height:30px\" aria-hidden=\"true\" class=\"wp-block-spacer\"><\/div>\n\n\n<style type='text\/css' media='all'>#rt-tpg-container-3522420178 .rt-holder .rt-woo-info .price{color:#197050;}body .rt-tpg-container .rt-tpg-isotope-buttons .selected,\n\t\t\t\t\t#rt-tpg-container-3522420178 .layout12 .rt-holder:hover .rt-detail,\n\t\t\t\t\t#rt-tpg-container-3522420178 .isotope8 .rt-holder:hover .rt-detail,\n\t\t\t\t\t#rt-tpg-container-3522420178 .carousel8 .rt-holder:hover .rt-detail,\n\t\t\t\t\t#rt-tpg-container-3522420178 .layout13 .rt-holder .overlay .post-info,\n\t\t\t\t\t#rt-tpg-container-3522420178 .isotope9 .rt-holder .overlay .post-info,\n\t\t\t\t\t#rt-tpg-container-3522420178.rt-tpg-container .layout4 .rt-holder .rt-detail,\n\t\t\t\t\t.rt-modal-3522420178 .md-content,\n\t\t\t\t\t.rt-modal-3522420178 .md-content > .rt-md-content-holder .rt-md-content,\n\t\t\t\t\t.rt-popup-wrap-3522420178.rt-popup-wrap .rt-popup-navigation-wrap,\n\t\t\t\t\t#rt-tpg-container-3522420178 .carousel9 .rt-holder .overlay .post-info{background-color:#197050;}#rt-tpg-container-3522420178 .layout5 .rt-holder .overlay, #rt-tpg-container-3522420178 .isotope2 .rt-holder .overlay, #rt-tpg-container-3522420178 .carousel2 .rt-holder .overlay,#rt-tpg-container-3522420178 .layout15 .rt-holder h3, #rt-tpg-container-3522420178 .isotope11 .rt-holder h3, #rt-tpg-container-3522420178 .carousel11 .rt-holder h3, #rt-tpg-container-3522420178 .layout16 .rt-holder h3,\n\t\t\t\t\t#rt-tpg-container-3522420178 .isotope12 .rt-holder h3, #rt-tpg-container-3522420178 .carousel12 .rt-holder h3 {background-color:rgba(25,112,80,0.8);}#rt-tpg-container-3522420178 .pagination-list li a,\n\t\t\t\t\trt-tpg-container-3522420178 .pagination-list li span,\n\t\t\t\t\trt-tpg-container-3522420178 .pagination li a,\n\t\t\t\t\t#rt-tpg-container-3522420178 .rt-tpg-isotope-buttons button,\n\t\t\t\t\t#rt-tpg-container-3522420178 .rt-tpg-utility .rt-tpg-load-more button,\n\t\t\t\t\t#rt-tpg-container-3522420178.rt-tpg-container .swiper-navigation .slider-btn,\n\t\t\t\t\t#rt-tpg-container-3522420178.rt-tpg-container .swiper-pagination-bullet,\n\t\t\t\t\t#rt-tpg-container-3522420178 .wc1 .rt-holder .rt-img-holder .overlay .product-more ul li a,\n\t\t\t\t\t#rt-tpg-container-3522420178 .wc2 .rt-detail .rt-wc-add-to-cart,\n\t\t\t\t\t#rt-tpg-container-3522420178 .wc3 .rt-detail .rt-wc-add-to-cart,\n\t\t\t\t\t#rt-tpg-container-3522420178 .wc4 .rt-detail .rt-wc-add-to-cart,\n\t\t\t\t\t#rt-tpg-container-3522420178 .wc-carousel2 .rt-detail .rt-wc-add-to-cart,\n\t\t\t\t\t#rt-tpg-container-3522420178 .wc-isotope2 .rt-detail .rt-wc-add-to-cart,\n\t\t\t\t\t#rt-tpg-container-3522420178 .rt-layout-filter-container .rt-filter-wrap .rt-filter-item-wrap.rt-filter-dropdown-wrap .rt-filter-dropdown,\n\t\t\t\t\t#rt-tpg-container-3522420178 .rt-layout-filter-container .rt-filter-sub-tax.sub-button-group .rt-filter-button-item,\n\t\t\t\t\t#rt-tpg-container-3522420178.rt-tpg-container .rt-pagination-wrap .rt-page-numbers .paginationjs .paginationjs-pages ul li>a,\n\t\t\t\t\t#rt-tpg-container-3522420178 .rt-filter-item-wrap.rt-filter-button-wrap span.rt-filter-button-item,\n\t\t\t\t\t#rt-tpg-container-3522420178.rt-tpg-container .rt-pagination-wrap  .rt-loadmore-btn,\n\t\t\t\t\t#rt-tpg-container-3522420178.rt-tpg-container .rt-pagination-wrap .rt-cb-page-prev-next > *,\n\t\t\t\t\t#rt-tpg-container-3522420178 .rt-read-more,\n\t\t\t\t\t#rt-tooltip-3522420178, #rt-tooltip-3522420178 .rt-tooltip-bottom:after{background-color:#197050;}#rt-tpg-container-3522420178 .rt-filter-item-wrap.rt-filter-button-wrap span.rt-filter-button-item,\n\t\t\t\t\t#rt-tpg-container-3522420178 .rt-layout-filter-container .rt-filter-sub-tax.sub-button-group .rt-filter-button-item{border-color:#197050;}#rt-tpg-container-3522420178.rt-tpg-container .layout17 .rt-holder .overlay a.tpg-zoom .fa{color:#197050;}#rt-tpg-container-3522420178 .rt-holder .read-more a {background-color:#197050;padding: 8px 15px;}#rt-tpg-container-3522420178 .read-more a{border-radius:px;}#rt-tpg-container-3522420178 .rt-img-holder img.rt-img-responsive,#rt-tpg-container-3522420178 .rt-img-holder,\n\t\t\t\t\t#rt-tpg-container-3522420178 .rt-post-overlay .post-img,\n\t\t\t\t\t#rt-tpg-container-3522420178 .post-sm .post-img,\n\t\t\t\t\t#rt-tpg-container-3522420178 .rt-post-grid .post-img,\n\t\t\t\t\t#rt-tpg-container-3522420178 .post-img img {border-radius:px;}<\/style><div class='rt-container-fluid rt-tpg-container tpg-shortcode-main-wrapper ' id='rt-tpg-container-3522420178'   data-layout='layout1' data-grid-style='even' data-desktop-col='2'  data-tab-col='2'  data-mobile-col='1' data-sc-id='145'><div data-title='Loading ...' class='rt-row rt-content-loader   layout1 tpg-even '><div class=\"rt-col-md-6 rt-col-sm-6 rt-col-xs-12 even-grid-item rt-grid-item\" data-id=\"349\"><div class=\"rt-holder\"><div class='rt-detail'><h3 class=\"entry-title\"><a data-id=\"349\" class=\"\" href=\"https:\/\/site.educa.madrid.org\/cp.guindalera.madrid\/index.php\/secretaria\/horario-y-contacto-de-secretaria\/\">Horario y Contacto de Secretar\u00eda<\/a><\/h3><div class='post-meta '><span class='read-more'><a data-id='349' class='' href='https:\/\/site.educa.madrid.org\/cp.guindalera.madrid\/index.php\/secretaria\/horario-y-contacto-de-secretaria\/'>Leer m\u00e1s<\/a><\/span><\/div><\/div><\/div><\/div><div class=\"rt-col-md-6 rt-col-sm-6 rt-col-xs-12 even-grid-item rt-grid-item\" data-id=\"239\"><div class=\"rt-holder\"><div class='rt-detail'><h3 class=\"entry-title\"><a data-id=\"239\" class=\"\" href=\"https:\/\/site.educa.madrid.org\/cp.guindalera.madrid\/index.php\/secretaria\/libros-de-texto\/\">Libros de texto y material alumnado<\/a><\/h3><div class='post-meta '><span class='read-more'><a data-id='239' class='' href='https:\/\/site.educa.madrid.org\/cp.guindalera.madrid\/index.php\/secretaria\/libros-de-texto\/'>Leer m\u00e1s<\/a><\/span><\/div><\/div><\/div><\/div><div class=\"rt-col-md-6 rt-col-sm-6 rt-col-xs-12 even-grid-item rt-grid-item\" data-id=\"113\"><div class=\"rt-holder\"><div class='rt-detail'><h3 class=\"entry-title\"><a data-id=\"113\" class=\"\" href=\"https:\/\/site.educa.madrid.org\/cp.guindalera.madrid\/index.php\/secretaria\/admision-de-alumnos\/\">Admisi\u00f3n de alumnos<\/a><\/h3><div class='post-meta '><span class='read-more'><a data-id='113' class='' href='https:\/\/site.educa.madrid.org\/cp.guindalera.madrid\/index.php\/secretaria\/admision-de-alumnos\/'>Leer m\u00e1s<\/a><\/span><\/div><\/div><\/div><\/div><div class=\"rt-col-md-6 rt-col-sm-6 rt-col-xs-12 even-grid-item rt-grid-item\" data-id=\"367\"><div class=\"rt-holder\"><div class='rt-detail'><h3 class=\"entry-title\"><a data-id=\"367\" class=\"\" href=\"https:\/\/site.educa.madrid.org\/cp.guindalera.madrid\/index.php\/secretaria\/becas-y-ayudas\/\">Becas y ayudas<\/a><\/h3><div class='post-meta '><span class='read-more'><a data-id='367' class='' href='https:\/\/site.educa.madrid.org\/cp.guindalera.madrid\/index.php\/secretaria\/becas-y-ayudas\/'>Leer m\u00e1s<\/a><\/span><\/div><\/div><\/div><\/div><\/div><\/div>\n","protected":false},"excerpt":{"rendered":"<p>Atenci\u00f3n a familias, informaci\u00f3n sobre becas y ayudas, admisi\u00f3n y matriculaci\u00f3n de alumnos.<\/p>\n","protected":false},"author":3,"featured_media":0,"parent":0,"menu_order":0,"comment_status":"closed","ping_status":"closed","template":"","meta":{"footnotes":""},"folder":[],"class_list":["post-108","page","type-page","status-publish","hentry"],"rttpg_featured_image_url":null,"rttpg_author":{"display_name":"cp.guindalera.madrid","author_link":"https:\/\/site.educa.madrid.org\/cp.guindalera.madrid\/index.php\/author\/cuenta_cp-guindalera-madrid\/"},"rttpg_comment":0,"rttpg_category":false,"rttpg_excerpt":"Atenci\u00f3n a familias, informaci\u00f3n sobre becas y ayudas, admisi\u00f3n y matriculaci\u00f3n de alumnos.","post_mailing_queue_ids":[],"_links":{"self":[{"href":"https:\/\/site.educa.madrid.org\/cp.guindalera.madrid\/index.php\/wp-json\/wp\/v2\/pages\/108","targetHints":{"allow":["GET"]}}],"collection":[{"href":"https:\/\/site.educa.madrid.org\/cp.guindalera.madrid\/index.php\/wp-json\/wp\/v2\/pages"}],"about":[{"href":"https:\/\/site.educa.madrid.org\/cp.guindalera.madrid\/index.php\/wp-json\/wp\/v2\/types\/page"}],"author":[{"embeddable":true,"href":"https:\/\/site.educa.madrid.org\/cp.guindalera.madrid\/index.php\/wp-json\/wp\/v2\/users\/3"}],"replies":[{"embeddable":true,"href":"https:\/\/site.educa.madrid.org\/cp.guindalera.madrid\/index.php\/wp-json\/wp\/v2\/comments?post=108"}],"version-history":[{"count":10,"href":"https:\/\/site.educa.madrid.org\/cp.guindalera.madrid\/index.php\/wp-json\/wp\/v2\/pages\/108\/revisions"}],"predecessor-version":[{"id":356,"href":"https:\/\/site.educa.madrid.org\/cp.guindalera.madrid\/index.php\/wp-json\/wp\/v2\/pages\/108\/revisions\/356"}],"wp:attachment":[{"href":"https:\/\/site.educa.madrid.org\/cp.guindalera.madrid\/index.php\/wp-json\/wp\/v2\/media?parent=108"}],"wp:term":[{"taxonomy":"folder","embeddable":true,"href":"https:\/\/site.educa.madrid.org\/cp.guindalera.madrid\/index.php\/wp-json\/wp\/v2\/folder?post=108"}],"curies":[{"name":"wp","href":"https:\/\/api.w.org\/{rel}","templated":true}]}}