{"id":1282,"date":"2022-11-23T16:37:48","date_gmt":"2022-11-23T15:37:48","guid":{"rendered":"https:\/\/site.educa.madrid.org\/cp.guindalera.madrid\/?page_id=1282"},"modified":"2026-02-26T06:31:19","modified_gmt":"2026-02-26T05:31:19","slug":"gestion-salud-alumnado-ceip-guindalera","status":"publish","type":"page","link":"https:\/\/site.educa.madrid.org\/cp.guindalera.madrid\/index.php\/servicios\/gestion-salud-alumnado-ceip-guindalera\/","title":{"rendered":"Enfermer\u00eda escolar"},"content":{"rendered":"\n<p>En nuestro centro contamos con servicio de enfermer\u00eda escolar para garantizar el bienestar y la atenci\u00f3n sanitaria del alumnado durante la jornada lectiva. La enfermera est\u00e1 presente de 8:45 a 16:15, ofreciendo una atenci\u00f3n cercana, profesional y coordinada con todo el equipo educativo.<\/p>\n\n\n\n<p>La sala de enfermer\u00eda se encuentra ubicada en el pasillo de Direcci\u00f3n, al fondo, en un espacio accesible y preparado para atender cualquier necesidad sanitaria con la m\u00e1xima seguridad y confidencialidad.<\/p>\n\n\n\n<figure class=\"wp-block-image size-full\"><img loading=\"lazy\" decoding=\"async\" width=\"960\" height=\"468\" src=\"https:\/\/site.educa.madrid.org\/cp.guindalera.madrid\/\/wp-content\/uploads\/cp.guindalera.madrid\/2026\/02\/ENFERMERIA.png\" alt=\"\" class=\"wp-image-3110\" srcset=\"https:\/\/site.educa.madrid.org\/cp.guindalera.madrid\/\/wp-content\/uploads\/cp.guindalera.madrid\/2026\/02\/ENFERMERIA.png 960w, https:\/\/site.educa.madrid.org\/cp.guindalera.madrid\/\/wp-content\/uploads\/cp.guindalera.madrid\/2026\/02\/ENFERMERIA-300x146.png 300w, https:\/\/site.educa.madrid.org\/cp.guindalera.madrid\/\/wp-content\/uploads\/cp.guindalera.madrid\/2026\/02\/ENFERMERIA-768x374.png 768w\" sizes=\"auto, (max-width: 960px) 100vw, 960px\" \/><\/figure>\n\n\n\n<p>Entre las funciones que desarrolla, en coordinaci\u00f3n con el resto de profesionales del centro, destacan:<\/p>\n\n\n\n<p>\u2022 El control, seguimiento y atenci\u00f3n individualizada del alumnado con enfermedades cr\u00f3nicas o procesos agudos que requieran cuidados espec\u00edficos en el \u00e1mbito escolar.<br>\u2022 La asistencia inmediata y los primeros auxilios ante accidentes o enfermedades comunes que puedan producirse durante el horario escolar.<br>\u2022 El desarrollo de actividades de Educaci\u00f3n para la Salud mediante talleres y acciones formativas, planificadas junto al equipo directivo y los tutores, fomentando h\u00e1bitos saludables desde edades tempranas.<\/p>\n\n\n\n<p>En caso estrictamente necesario, se podr\u00e1 administrar medicaci\u00f3n en el centro. Siempre que sea posible, se recomienda ajustar las tomas fuera del horario escolar.<\/p>\n\n\n\n<p>Para que la enfermera pueda administrar un medicamento, ser\u00e1 imprescindible que la familia entregue:<\/p>\n\n\n\n<ul class=\"wp-block-list\">\n<li>La prescripci\u00f3n m\u00e9dica con la pauta detallada.<\/li>\n\n\n\n<li>La autorizaci\u00f3n familiar firmada.<\/li>\n\n\n\n<li>La medicaci\u00f3n en su envase original.<\/li>\n<\/ul>\n\n\n\n<p>Asimismo, cuando se comunique a la familia alguna incidencia o dolencia, es fundamental que se informe posteriormente al centro sobre la evoluci\u00f3n del alumno o alumna, para poder realizar un seguimiento adecuado.<\/p>\n\n\n\n<p>Nuestro objetivo es cuidar la salud del alumnado y ofrecer a las familias la tranquilidad de saber que sus hijos e hijas est\u00e1n atendidos en todo momento.<\/p>\n\n\n\n<p>Servicio de Enfermer\u00eda escolar. <strong><a href=\"https:\/\/site.educa.madrid.org\/cp.guindalera.madrid\/\/wp-content\/uploads\/cp.guindalera.madrid\/2025\/02\/PROYECTO-VIDA-SALUDABLE-3.pdf\">Descarga<\/a><\/strong><\/p>\n\n\n\n<div class=\"wp-block-file\"><a id=\"wp-block-file--media-35d3d098-f916-4a7e-b93e-3c27292166ce\" href=\"https:\/\/site.educa.madrid.org\/cp.guindalera.madrid\/\/wp-content\/uploads\/cp.guindalera.madrid\/2023\/09\/AUTORIZACION-ADMINISTRACION-MEDICAMENTOS.doc\" target=\"_blank\" rel=\"noreferrer noopener\">AUTORIZACI\u00d3N ADMINISTRACI\u00d3N MEDICAMENTOS<\/a><a href=\"https:\/\/site.educa.madrid.org\/cp.guindalera.madrid\/\/wp-content\/uploads\/cp.guindalera.madrid\/2023\/09\/AUTORIZACION-ADMINISTRACION-MEDICAMENTOS.doc\" class=\"wp-block-file__button wp-element-button\" download aria-describedby=\"wp-block-file--media-35d3d098-f916-4a7e-b93e-3c27292166ce\">Descarga<\/a><\/div>\n\n\n\n<p><\/p>\n","protected":false},"excerpt":{"rendered":"<p>En nuestro centro contamos con servicio de enfermer\u00eda escolar para garantizar el bienestar y la atenci\u00f3n sanitaria del alumnado durante la jornada lectiva. La enfermera est\u00e1 presente de 8:45 a 16:15, ofreciendo una atenci\u00f3n cercana, profesional y coordinada con todo el equipo educativo. La sala de enfermer\u00eda se encuentra ubicada en el pasillo de Direcci\u00f3n, [&hellip;]<\/p>\n","protected":false},"author":3,"featured_media":0,"parent":159,"menu_order":5,"comment_status":"closed","ping_status":"closed","template":"","meta":{"footnotes":""},"folder":[],"class_list":["post-1282","page","type-page","status-publish","hentry"],"rttpg_featured_image_url":null,"rttpg_author":{"display_name":"cp.guindalera.madrid","author_link":"https:\/\/site.educa.madrid.org\/cp.guindalera.madrid\/index.php\/author\/cuenta_cp-guindalera-madrid\/"},"rttpg_comment":0,"rttpg_category":false,"rttpg_excerpt":"En nuestro centro contamos con servicio de enfermer\u00eda escolar para garantizar el bienestar y la atenci\u00f3n sanitaria del alumnado durante la jornada lectiva. La enfermera est\u00e1 presente de 8:45 a 16:15, ofreciendo una atenci\u00f3n cercana, profesional y coordinada con todo el equipo educativo. La sala de enfermer\u00eda se encuentra ubicada en el pasillo de Direcci\u00f3n,&hellip;","post_mailing_queue_ids":[],"_links":{"self":[{"href":"https:\/\/site.educa.madrid.org\/cp.guindalera.madrid\/index.php\/wp-json\/wp\/v2\/pages\/1282","targetHints":{"allow":["GET"]}}],"collection":[{"href":"https:\/\/site.educa.madrid.org\/cp.guindalera.madrid\/index.php\/wp-json\/wp\/v2\/pages"}],"about":[{"href":"https:\/\/site.educa.madrid.org\/cp.guindalera.madrid\/index.php\/wp-json\/wp\/v2\/types\/page"}],"author":[{"embeddable":true,"href":"https:\/\/site.educa.madrid.org\/cp.guindalera.madrid\/index.php\/wp-json\/wp\/v2\/users\/3"}],"replies":[{"embeddable":true,"href":"https:\/\/site.educa.madrid.org\/cp.guindalera.madrid\/index.php\/wp-json\/wp\/v2\/comments?post=1282"}],"version-history":[{"count":20,"href":"https:\/\/site.educa.madrid.org\/cp.guindalera.madrid\/index.php\/wp-json\/wp\/v2\/pages\/1282\/revisions"}],"predecessor-version":[{"id":3221,"href":"https:\/\/site.educa.madrid.org\/cp.guindalera.madrid\/index.php\/wp-json\/wp\/v2\/pages\/1282\/revisions\/3221"}],"up":[{"embeddable":true,"href":"https:\/\/site.educa.madrid.org\/cp.guindalera.madrid\/index.php\/wp-json\/wp\/v2\/pages\/159"}],"wp:attachment":[{"href":"https:\/\/site.educa.madrid.org\/cp.guindalera.madrid\/index.php\/wp-json\/wp\/v2\/media?parent=1282"}],"wp:term":[{"taxonomy":"folder","embeddable":true,"href":"https:\/\/site.educa.madrid.org\/cp.guindalera.madrid\/index.php\/wp-json\/wp\/v2\/folder?post=1282"}],"curies":[{"name":"wp","href":"https:\/\/api.w.org\/{rel}","templated":true}]}}