{"id":1432,"date":"2023-05-24T12:44:34","date_gmt":"2023-05-24T10:44:34","guid":{"rendered":"https:\/\/site.educa.madrid.org\/cp.guindalera.madrid\/?page_id=1432"},"modified":"2025-04-30T06:47:53","modified_gmt":"2025-04-30T04:47:53","slug":"becas-y-ayudas-para-alumnos-con-necesidad-especifica-de-apoyo-educativo","status":"publish","type":"page","link":"https:\/\/site.educa.madrid.org\/cp.guindalera.madrid\/index.php\/secretaria\/becas-y-ayudas\/becas-y-ayudas-para-alumnos-con-necesidad-especifica-de-apoyo-educativo\/","title":{"rendered":"Ayudas para estudiantes con necesidad de apoyo educativo para el curso 2025-2026"},"content":{"rendered":"\n<p class=\"has-vivid-red-color has-text-color has-link-color has-medium-font-size wp-elements-89c0897f668c445c3bf10f2af1913c91\"><\/p>\n\n\n\n<h3 class=\"wp-block-heading has-black-color has-text-color has-link-color wp-elements-61674c8f6282d8e713b3672fb9f7bc24\">AYUDAS CONVOCADAS<\/h3>\n\n\n\n<p class=\"has-black-color has-text-color\">La convocatoria de ayudas para alumnado con necesidades espec\u00edficas de apoyo educativo para el curso 2025-2026 se abrir\u00e1 el pr\u00f3ximo 30 de abril y permanecer\u00e1 abierta hasta el 11 de septiembre. Las solicitudes se har\u00e1n, por primera vez, de forma directa (y no a trav\u00e9s de los centros educativos, como hasta ahora) y totalmente telem\u00e1tica, cumplimentando el formulario accesible a trav\u00e9s de la sede electr\u00f3nica del Ministerio de Educaci\u00f3n, Formaci\u00f3n Profesional y Deportes.<\/p>\n\n\n\n<p class=\"has-black-color has-text-color has-link-color wp-elements-2d0f301e8205fe11986797acc93e43e5\">La convocatoria est\u00e1 abierta a estudiantes no universitarios que acrediten una necesidad de apoyo educativo asociada a discapacidad (rebajada al 25% desde el curso presente), trastorno grave de conducta, trastorno grave de la comunicaci\u00f3n o el lenguaje, Trastorno del Espectro Autista (TEA) o altas capacidades.<\/p>\n\n\n\n<p class=\"has-black-color has-text-color\">Estas ayudas est\u00e1n destinadas a cubrir distintas necesidades como matriculaci\u00f3n, material escolar, transporte, comedor, residencia, reeducaci\u00f3n pedag\u00f3gica o del lenguaje o programas espec\u00edficos para altas capacidades. Adem\u00e1s, se mantiene la ayuda complementaria de 400 euros para sufragar los gastos adicionales que las familias deben afrontar.<\/p>\n\n\n\n<h3 class=\"wp-block-heading has-black-color has-text-color has-link-color wp-elements-2234540fd19dac94f36e844c4941d1ff\">PLAZO DE PRESENTACI\u00d3N<\/h3>\n\n\n\n<p class=\"has-black-color has-text-color\">El plazo de presentaci\u00f3n de solicitudes se extender\u00e1 <strong>desde pr\u00f3ximo 30 de abril y permanecer\u00e1 abierta hasta el 11 de septiembre.<\/strong><\/p>\n\n\n\n<h3 class=\"wp-block-heading has-black-color has-text-color has-link-color wp-elements-487c64604bf5ae87a7d7841ba27b88a6\">M\u00c1S INFORMACI\u00d3N&nbsp;<\/h3>\n\n\n\n<p>P\u00e1gina del Ministerio de Educaci\u00f3n y Formaci\u00f3n Profesional <a href=\"https:\/\/www.educacionfpydeportes.gob.es\/prensa\/actualidad\/2025\/04\/20250425-ayudasneae.html\" data-type=\"link\" data-id=\"https:\/\/www.educacionfpydeportes.gob.es\/prensa\/actualidad\/2025\/04\/20250425-ayudasneae.html\">https:\/\/www.educacionfpydeportes.gob.es\/prensa\/actualidad\/2025\/04\/20250425-ayudasneae.html<\/a><\/p>\n\n\n\n<p><\/p>\n\n\n\n<p><br><\/p>\n","protected":false},"excerpt":{"rendered":"<p>AYUDAS CONVOCADAS La convocatoria de ayudas para alumnado con necesidades espec\u00edficas de apoyo educativo para el curso 2025-2026 se abrir\u00e1 el pr\u00f3ximo 30 de abril y permanecer\u00e1 abierta hasta el 11 de septiembre. Las solicitudes se har\u00e1n, por primera vez, de forma directa (y no a trav\u00e9s de los centros educativos, como hasta ahora) y [&hellip;]<\/p>\n","protected":false},"author":3,"featured_media":0,"parent":367,"menu_order":0,"comment_status":"closed","ping_status":"closed","template":"","meta":{"footnotes":""},"folder":[],"class_list":["post-1432","page","type-page","status-publish","hentry"],"rttpg_featured_image_url":null,"rttpg_author":{"display_name":"cp.guindalera.madrid","author_link":"https:\/\/site.educa.madrid.org\/cp.guindalera.madrid\/index.php\/author\/cuenta_cp-guindalera-madrid\/"},"rttpg_comment":0,"rttpg_category":false,"rttpg_excerpt":"AYUDAS CONVOCADAS La convocatoria de ayudas para alumnado con necesidades espec\u00edficas de apoyo educativo para el curso 2025-2026 se abrir\u00e1 el pr\u00f3ximo 30 de abril y permanecer\u00e1 abierta hasta el 11 de septiembre. Las solicitudes se har\u00e1n, por primera vez, de forma directa (y no a trav\u00e9s de los centros educativos, como hasta ahora) y&hellip;","post_mailing_queue_ids":[],"_links":{"self":[{"href":"https:\/\/site.educa.madrid.org\/cp.guindalera.madrid\/index.php\/wp-json\/wp\/v2\/pages\/1432","targetHints":{"allow":["GET"]}}],"collection":[{"href":"https:\/\/site.educa.madrid.org\/cp.guindalera.madrid\/index.php\/wp-json\/wp\/v2\/pages"}],"about":[{"href":"https:\/\/site.educa.madrid.org\/cp.guindalera.madrid\/index.php\/wp-json\/wp\/v2\/types\/page"}],"author":[{"embeddable":true,"href":"https:\/\/site.educa.madrid.org\/cp.guindalera.madrid\/index.php\/wp-json\/wp\/v2\/users\/3"}],"replies":[{"embeddable":true,"href":"https:\/\/site.educa.madrid.org\/cp.guindalera.madrid\/index.php\/wp-json\/wp\/v2\/comments?post=1432"}],"version-history":[{"count":16,"href":"https:\/\/site.educa.madrid.org\/cp.guindalera.madrid\/index.php\/wp-json\/wp\/v2\/pages\/1432\/revisions"}],"predecessor-version":[{"id":2607,"href":"https:\/\/site.educa.madrid.org\/cp.guindalera.madrid\/index.php\/wp-json\/wp\/v2\/pages\/1432\/revisions\/2607"}],"up":[{"embeddable":true,"href":"https:\/\/site.educa.madrid.org\/cp.guindalera.madrid\/index.php\/wp-json\/wp\/v2\/pages\/367"}],"wp:attachment":[{"href":"https:\/\/site.educa.madrid.org\/cp.guindalera.madrid\/index.php\/wp-json\/wp\/v2\/media?parent=1432"}],"wp:term":[{"taxonomy":"folder","embeddable":true,"href":"https:\/\/site.educa.madrid.org\/cp.guindalera.madrid\/index.php\/wp-json\/wp\/v2\/folder?post=1432"}],"curies":[{"name":"wp","href":"https:\/\/api.w.org\/{rel}","templated":true}]}}