{"id":161,"date":"2020-10-14T09:31:34","date_gmt":"2020-10-14T07:31:34","guid":{"rendered":"https:\/\/site.educa.madrid.org\/cp.guindalera.madrid\/?page_id=161"},"modified":"2026-04-30T14:15:54","modified_gmt":"2026-04-30T12:15:54","slug":"comedor","status":"publish","type":"page","link":"https:\/\/site.educa.madrid.org\/cp.guindalera.madrid\/index.php\/servicios\/comedor\/","title":{"rendered":"Servicio de Comedor"},"content":{"rendered":"\n<p class=\"has-large-font-size\"><strong>Servicio de Comedor<\/strong><\/p>\n\n\n\n<p>Contamos con <strong>cocina propia<\/strong>, donde diariamente nuestro equipo de cocina, en coordinaci\u00f3n con la nutricionista del centro, elabora men\u00fas equilibrados y adaptados a las necesidades del alumnado. Priorizamos una alimentaci\u00f3n saludable, variada y de calidad.<\/p>\n\n\n\n<p class=\"has-vivid-red-color has-text-color has-link-color has-medium-font-size wp-elements-970413b40d811c41465b7cd52221dc1f\"><strong>Turnos de comida<\/strong><\/p>\n\n\n\n<p>El servicio de comedor se organiza en tres turnos:<\/p>\n\n\n\n<p class=\"has-text-align-left\"><strong>De 12:30 h a 13:30 h<\/strong>: alumnado de Educaci\u00f3n Infantil, 1\u00ba, 2\u00ba y 3\u00ba de Educaci\u00f3n Primaria.<\/p>\n\n\n\n<p class=\"has-text-align-left\"><strong>De 13:30 h a 14:30 h<\/strong>: alumnado de 4\u00ba, 5\u00ba y 6\u00ba de Educaci\u00f3n Primaria.<\/p>\n\n\n\n<p class=\"has-text-align-left\"><strong>De 14:30 h a 15:00 h<\/strong>: alumnado de Educaci\u00f3n Secundaria.<\/p>\n\n\n\n<p class=\"has-vivid-red-color has-text-color has-link-color has-medium-font-size wp-elements-81ff85ee8fc0c29f772fc6358c8d7ae4\"><strong>Adaptaci\u00f3n de men\u00fas<\/strong><\/p>\n\n\n\n<p>Ofrecemos la posibilidad de adaptar los men\u00fas en caso de alergias, intolerancias o necesidades alimentarias espec\u00edficas. Actualmente disponemos de una amplia variedad de men\u00fas adaptados para garantizar la seguridad y el bienestar de todo el alumnado.<\/p>\n\n\n\n<p class=\"has-vivid-red-color has-text-color has-link-color has-medium-font-size wp-elements-0fe030a7aa203466f731349ff141b30e\"><strong>Horario del servicio de comedor<\/strong><\/p>\n\n\n\n<ul class=\"wp-block-list\">\n<li><strong>Septiembre y junio<\/strong>: de 13:00 h a 15:00 h<\/li>\n\n\n\n<li><strong>De octubre a mayo<\/strong>: de 12:30 h a 14:30 h<\/li>\n<\/ul>\n\n\n\n<p><\/p>\n\n\n\n<div style=\"height:30px\" aria-hidden=\"true\" class=\"wp-block-spacer\"><\/div>\n\n\n\n<h4 class=\"wp-block-heading\">Documentaci\u00f3n<\/h4>\n\n\n\n<figure class=\"wp-block-image aligncenter size-large\"><a href=\"https:\/\/site.educa.madrid.org\/cp.guindalera.madrid\/\/wp-content\/uploads\/cp.guindalera.madrid\/2024\/10\/PLANNING-PROYECTO-GUINDALERA.png\" target=\"_blank\" rel=\"noreferrer noopener\"><img loading=\"lazy\" decoding=\"async\" width=\"1024\" height=\"577\" src=\"https:\/\/site.educa.madrid.org\/cp.guindalera.madrid\/\/wp-content\/uploads\/cp.guindalera.madrid\/2024\/10\/PLANNING-PROYECTO-GUINDALERA-1024x577.png\" alt=\"\" class=\"wp-image-2064\" srcset=\"https:\/\/site.educa.madrid.org\/cp.guindalera.madrid\/\/wp-content\/uploads\/cp.guindalera.madrid\/2024\/10\/PLANNING-PROYECTO-GUINDALERA-1024x577.png 1024w, https:\/\/site.educa.madrid.org\/cp.guindalera.madrid\/\/wp-content\/uploads\/cp.guindalera.madrid\/2024\/10\/PLANNING-PROYECTO-GUINDALERA-300x169.png 300w, https:\/\/site.educa.madrid.org\/cp.guindalera.madrid\/\/wp-content\/uploads\/cp.guindalera.madrid\/2024\/10\/PLANNING-PROYECTO-GUINDALERA-768x432.png 768w, https:\/\/site.educa.madrid.org\/cp.guindalera.madrid\/\/wp-content\/uploads\/cp.guindalera.madrid\/2024\/10\/PLANNING-PROYECTO-GUINDALERA.png 1291w\" sizes=\"auto, (max-width: 1024px) 100vw, 1024px\" \/><\/a><\/figure>\n\n\n\n<div class=\"wp-block-file\"><a id=\"wp-block-file--media-f6731bf5-5bc8-4e2f-9360-84dd23b547ff\" href=\"https:\/\/site.educa.madrid.org\/cp.guindalera.madrid\/\/wp-content\/uploads\/cp.guindalera.madrid\/2022\/09\/CARTA-PRESENTACION-ARCE-CP-GUINDALERA.pdf\" target=\"_blank\" rel=\"noreferrer noopener\">CARTA PRESENTACI\u00d3N ARCE<\/a><a href=\"https:\/\/site.educa.madrid.org\/cp.guindalera.madrid\/\/wp-content\/uploads\/cp.guindalera.madrid\/2022\/09\/CARTA-PRESENTACION-ARCE-CP-GUINDALERA.pdf\" class=\"wp-block-file__button wp-element-button\" download aria-describedby=\"wp-block-file--media-f6731bf5-5bc8-4e2f-9360-84dd23b547ff\">Descarga<\/a><\/div>\n\n\n\n<div class=\"wp-block-file\"><a id=\"wp-block-file--media-6140a1a2-131d-4138-a789-28f05618e6c8\" href=\"https:\/\/site.educa.madrid.org\/cp.guindalera.madrid\/\/wp-content\/uploads\/cp.guindalera.madrid\/2022\/09\/Carta-APP-GUINDALERA.pdf\" target=\"_blank\" rel=\"noreferrer noopener\">CARTA APP COLECHEF<\/a><a href=\"https:\/\/site.educa.madrid.org\/cp.guindalera.madrid\/\/wp-content\/uploads\/cp.guindalera.madrid\/2022\/09\/Carta-APP-GUINDALERA.pdf\" class=\"wp-block-file__button wp-element-button\" download aria-describedby=\"wp-block-file--media-6140a1a2-131d-4138-a789-28f05618e6c8\">Descarga<\/a><\/div>\n\n\n\n<div style=\"height:30px\" aria-hidden=\"true\" class=\"wp-block-spacer\"><\/div>\n\n\n\n<h4 class=\"wp-block-heading\">Men\u00fas<\/h4>\n\n\n\n<div class=\"wp-block-file\"><a id=\"wp-block-file--media-83cb01c4-eceb-4b35-9ffb-d2d76329f1c7\" href=\"https:\/\/site.educa.madrid.org\/cp.guindalera.madrid\/\/wp-content\/uploads\/cp.guindalera.madrid\/2026\/04\/MENU-MAYO26-CEIP-GUINDALERA-Basal.pdf\" target=\"_blank\" rel=\"noreferrer noopener\">MEN\u00da MAYO 2026 &#8211; BASAL<\/a><a href=\"https:\/\/site.educa.madrid.org\/cp.guindalera.madrid\/\/wp-content\/uploads\/cp.guindalera.madrid\/2026\/04\/MENU-MAYO26-CEIP-GUINDALERA-Basal.pdf\" class=\"wp-block-file__button wp-element-button\" download aria-describedby=\"wp-block-file--media-83cb01c4-eceb-4b35-9ffb-d2d76329f1c7\">Descarga<\/a><\/div>\n\n\n\n<div class=\"wp-block-file\"><a id=\"wp-block-file--media-951c8b2f-8a8e-4ef4-8361-b3c8693ee962\" href=\"https:\/\/site.educa.madrid.org\/cp.guindalera.madrid\/\/wp-content\/uploads\/cp.guindalera.madrid\/2026\/04\/MENU-MAYO26-CEIP-GUINDALERA-Derivaciones.pdf\" target=\"_blank\" rel=\"noreferrer noopener\">MEN\u00da MAYO 2026 &#8211; DERIVACIONES<\/a><a href=\"https:\/\/site.educa.madrid.org\/cp.guindalera.madrid\/\/wp-content\/uploads\/cp.guindalera.madrid\/2026\/04\/MENU-MAYO26-CEIP-GUINDALERA-Derivaciones.pdf\" class=\"wp-block-file__button wp-element-button\" download aria-describedby=\"wp-block-file--media-951c8b2f-8a8e-4ef4-8361-b3c8693ee962\">Descarga<\/a><\/div>\n\n\n\n<div style=\"height:15px\" aria-hidden=\"true\" class=\"wp-block-spacer\"><\/div>\n\n\n\n<div class=\"wp-block-file\"><a id=\"wp-block-file--media-2f82b974-da8a-4028-9b2d-6c8caec0feb2\" href=\"https:\/\/site.educa.madrid.org\/cp.guindalera.madrid\/\/wp-content\/uploads\/cp.guindalera.madrid\/2026\/03\/MENU-ABRIL26-CEIP-GUINDALERA-BASAL.pdf\" target=\"_blank\" rel=\"noreferrer noopener\">MEN\u00da ABRIL 2026 &#8211; BASAL<\/a><a href=\"https:\/\/site.educa.madrid.org\/cp.guindalera.madrid\/\/wp-content\/uploads\/cp.guindalera.madrid\/2026\/03\/MENU-ABRIL26-CEIP-GUINDALERA-BASAL.pdf\" class=\"wp-block-file__button wp-element-button\" download aria-describedby=\"wp-block-file--media-2f82b974-da8a-4028-9b2d-6c8caec0feb2\">Descarga<\/a><\/div>\n\n\n\n<div class=\"wp-block-file\"><a id=\"wp-block-file--media-112b5c69-10a6-451f-bfcc-9c05e74faf37\" href=\"https:\/\/site.educa.madrid.org\/cp.guindalera.madrid\/\/wp-content\/uploads\/cp.guindalera.madrid\/2026\/03\/MENU-ABRIL26-CEIP-GUINDALERA-DERIVACIONES.pdf\" target=\"_blank\" rel=\"noreferrer noopener\">MEN\u00da ABRIL 2026 &#8211; DERIVACIONES<\/a><a href=\"https:\/\/site.educa.madrid.org\/cp.guindalera.madrid\/\/wp-content\/uploads\/cp.guindalera.madrid\/2026\/03\/MENU-ABRIL26-CEIP-GUINDALERA-DERIVACIONES.pdf\" class=\"wp-block-file__button wp-element-button\" download aria-describedby=\"wp-block-file--media-112b5c69-10a6-451f-bfcc-9c05e74faf37\">Descarga<\/a><\/div>\n\n\n\n<div style=\"height:30px\" aria-hidden=\"true\" class=\"wp-block-spacer\"><\/div>\n\n\n\n<h4 class=\"wp-block-heading\">Actividades del comedor<\/h4>\n\n\n\n<div class=\"wp-block-file\"><a id=\"wp-block-file--media-a5acc8c7-23a5-4253-ab1c-dd97f3e4a38b\" href=\"https:\/\/site.educa.madrid.org\/cp.guindalera.madrid\/\/wp-content\/uploads\/cp.guindalera.madrid\/2023\/10\/PLANIFICACION-MENSUAL-GUINDALERA-1-copia.pdf\" target=\"_blank\" rel=\"noreferrer noopener\">PLANIFICACI\u00d3N MENSUAL GUINDALERA<\/a><a href=\"https:\/\/site.educa.madrid.org\/cp.guindalera.madrid\/\/wp-content\/uploads\/cp.guindalera.madrid\/2023\/10\/PLANIFICACION-MENSUAL-GUINDALERA-1-copia.pdf\" class=\"wp-block-file__button wp-element-button\" download aria-describedby=\"wp-block-file--media-a5acc8c7-23a5-4253-ab1c-dd97f3e4a38b\">Descarga<\/a><\/div>\n\n\n\n<div style=\"height:10px\" aria-hidden=\"true\" class=\"wp-block-spacer\"><\/div>\n\n\n\n<div style=\"height:30px\" aria-hidden=\"true\" class=\"wp-block-spacer\"><\/div>\n\n\n\n<h4 class=\"wp-block-heading\">Normativa pagos\/cobros<\/h4>\n\n\n\n<p>Documento <a href=\"https:\/\/site.educa.madrid.org\/cp.guindalera.madrid\/\/wp-content\/uploads\/cp.guindalera.madrid\/2025\/10\/NORMATIVA-PAGOS-COMEDOR-1.pdf\">Descarga<\/a><\/p>\n\n\n\n<p><\/p>\n","protected":false},"excerpt":{"rendered":"<p>Servicio de Comedor Contamos con cocina propia, donde diariamente nuestro equipo de cocina, en coordinaci\u00f3n con la nutricionista del centro, elabora men\u00fas equilibrados y adaptados a las necesidades del alumnado. Priorizamos una alimentaci\u00f3n saludable, variada y de calidad. Turnos de comida El servicio de comedor se organiza en tres turnos: De 12:30 h a 13:30 [&hellip;]<\/p>\n","protected":false},"author":3,"featured_media":0,"parent":159,"menu_order":1,"comment_status":"closed","ping_status":"closed","template":"","meta":{"footnotes":""},"folder":[],"class_list":["post-161","page","type-page","status-publish","hentry"],"rttpg_featured_image_url":null,"rttpg_author":{"display_name":"cp.guindalera.madrid","author_link":"https:\/\/site.educa.madrid.org\/cp.guindalera.madrid\/index.php\/author\/cuenta_cp-guindalera-madrid\/"},"rttpg_comment":0,"rttpg_category":false,"rttpg_excerpt":"Servicio de Comedor Contamos con cocina propia, donde diariamente nuestro equipo de cocina, en coordinaci\u00f3n con la nutricionista del centro, elabora men\u00fas equilibrados y adaptados a las necesidades del alumnado. Priorizamos una alimentaci\u00f3n saludable, variada y de calidad. Turnos de comida El servicio de comedor se organiza en tres turnos: De 12:30 h a 13:30&hellip;","post_mailing_queue_ids":[],"_links":{"self":[{"href":"https:\/\/site.educa.madrid.org\/cp.guindalera.madrid\/index.php\/wp-json\/wp\/v2\/pages\/161","targetHints":{"allow":["GET"]}}],"collection":[{"href":"https:\/\/site.educa.madrid.org\/cp.guindalera.madrid\/index.php\/wp-json\/wp\/v2\/pages"}],"about":[{"href":"https:\/\/site.educa.madrid.org\/cp.guindalera.madrid\/index.php\/wp-json\/wp\/v2\/types\/page"}],"author":[{"embeddable":true,"href":"https:\/\/site.educa.madrid.org\/cp.guindalera.madrid\/index.php\/wp-json\/wp\/v2\/users\/3"}],"replies":[{"embeddable":true,"href":"https:\/\/site.educa.madrid.org\/cp.guindalera.madrid\/index.php\/wp-json\/wp\/v2\/comments?post=161"}],"version-history":[{"count":49,"href":"https:\/\/site.educa.madrid.org\/cp.guindalera.madrid\/index.php\/wp-json\/wp\/v2\/pages\/161\/revisions"}],"predecessor-version":[{"id":3274,"href":"https:\/\/site.educa.madrid.org\/cp.guindalera.madrid\/index.php\/wp-json\/wp\/v2\/pages\/161\/revisions\/3274"}],"up":[{"embeddable":true,"href":"https:\/\/site.educa.madrid.org\/cp.guindalera.madrid\/index.php\/wp-json\/wp\/v2\/pages\/159"}],"wp:attachment":[{"href":"https:\/\/site.educa.madrid.org\/cp.guindalera.madrid\/index.php\/wp-json\/wp\/v2\/media?parent=161"}],"wp:term":[{"taxonomy":"folder","embeddable":true,"href":"https:\/\/site.educa.madrid.org\/cp.guindalera.madrid\/index.php\/wp-json\/wp\/v2\/folder?post=161"}],"curies":[{"name":"wp","href":"https:\/\/api.w.org\/{rel}","templated":true}]}}