{"id":165,"date":"2020-10-14T09:34:13","date_gmt":"2020-10-14T07:34:13","guid":{"rendered":"https:\/\/site.educa.madrid.org\/cp.guindalera.madrid\/?page_id=165"},"modified":"2026-02-26T06:39:46","modified_gmt":"2026-02-26T05:39:46","slug":"acogida-matinal","status":"publish","type":"page","link":"https:\/\/site.educa.madrid.org\/cp.guindalera.madrid\/index.php\/servicios\/acogida-matinal\/","title":{"rendered":"Acogida Matinal con desayuno"},"content":{"rendered":"\n<p>Desde la Junta del Distrito Salamanca y en colaboraci\u00f3n con JC Madrid Deporte y Cultura SL como gestora del contrato, el Colegio Guindalera ofrece un servicio de acogida matinal con desayuno incluido para el alumnado de educaci\u00f3n infantil y educaci\u00f3n primaria en horario de 7.30 a 9.00 horas pudiendo entrar en la franja horaria que mejor se adapte a vuestras necesidades.<\/p>\n\n\n\n<p>Este servicio ofrece adem\u00e1s, grupos por edades y actividades l\u00fadicas adaptadas a la etapa formativa del alumnado.<\/p>\n\n\n\n<p>Para poder acceder al programa deber\u00e1n ponerse en contacto en el siguiente correo electr\u00f3nico:&nbsp;&nbsp;<a href=\"mailto:acogidamatinalsalamanca@gmail.com\">acogidamatinalsalamanca@gmail.com<\/a>&nbsp;y cumplir con los siguientes requisitos:<\/p>\n\n\n\n<p>&#8211;&nbsp;&nbsp;Ser\u00e1 necesario aportar justificante de trabajo de ambos tutores legales del o de la menor participante y, en el caso de ser familia monoparental, documento que acredite la situaci\u00f3n.&nbsp;<\/p>\n\n\n\n<p>&#8211; Para poder hacer uso del servicio de desayuno ser\u00e1 necesario llegar antes de las 8.10 de la ma\u00f1ana.<\/p>\n\n\n\n<p>Las solicitudes que no cumplan con alguno de los requisitos solicitados, ser\u00e1n valoradas para su admisi\u00f3n solo si hubiera plazas vacantes disponibles.<\/p>\n\n\n\n<p>Por \u00faltimo, la confirmaci\u00f3n de la plaza solo ser\u00e1 v\u00e1lida para el curso escolar vigente y todos los a\u00f1os, previa informaci\u00f3n facilitada por el centro educativo, ser\u00e1 necesario realizar de nuevo la inscripci\u00f3n y presentar la documentaci\u00f3n necesaria.<\/p>\n\n\n\n<p>La adjudicaci\u00f3n de las plazas (100) se llevar\u00e1 a cabo por orden de inscripci\u00f3n y se comunicar\u00e1 por correo electr\u00f3nico una vez terminado el plazo.<\/p>\n\n\n\n<p>Para cualquier informaci\u00f3n relativa al servicio, pueden ponerse en contacto en el correo facilitado previamente.<\/p>\n\n\n\n<p><\/p>\n","protected":false},"excerpt":{"rendered":"<p>Desde la Junta del Distrito Salamanca y en colaboraci\u00f3n con JC Madrid Deporte y Cultura SL como gestora del contrato, el Colegio Guindalera ofrece un servicio de acogida matinal con desayuno incluido para el alumnado de educaci\u00f3n infantil y educaci\u00f3n primaria en horario de 7.30 a 9.00 horas pudiendo entrar en la franja horaria que [&hellip;]<\/p>\n","protected":false},"author":3,"featured_media":0,"parent":159,"menu_order":2,"comment_status":"closed","ping_status":"closed","template":"","meta":{"footnotes":""},"folder":[],"class_list":["post-165","page","type-page","status-publish","hentry"],"rttpg_featured_image_url":null,"rttpg_author":{"display_name":"cp.guindalera.madrid","author_link":"https:\/\/site.educa.madrid.org\/cp.guindalera.madrid\/index.php\/author\/cuenta_cp-guindalera-madrid\/"},"rttpg_comment":0,"rttpg_category":false,"rttpg_excerpt":"Desde la Junta del Distrito Salamanca y en colaboraci\u00f3n con JC Madrid Deporte y Cultura SL como gestora del contrato, el Colegio Guindalera ofrece un servicio de acogida matinal con desayuno incluido para el alumnado de educaci\u00f3n infantil y educaci\u00f3n primaria en horario de 7.30 a 9.00 horas pudiendo entrar en la franja horaria que&hellip;","post_mailing_queue_ids":[],"_links":{"self":[{"href":"https:\/\/site.educa.madrid.org\/cp.guindalera.madrid\/index.php\/wp-json\/wp\/v2\/pages\/165","targetHints":{"allow":["GET"]}}],"collection":[{"href":"https:\/\/site.educa.madrid.org\/cp.guindalera.madrid\/index.php\/wp-json\/wp\/v2\/pages"}],"about":[{"href":"https:\/\/site.educa.madrid.org\/cp.guindalera.madrid\/index.php\/wp-json\/wp\/v2\/types\/page"}],"author":[{"embeddable":true,"href":"https:\/\/site.educa.madrid.org\/cp.guindalera.madrid\/index.php\/wp-json\/wp\/v2\/users\/3"}],"replies":[{"embeddable":true,"href":"https:\/\/site.educa.madrid.org\/cp.guindalera.madrid\/index.php\/wp-json\/wp\/v2\/comments?post=165"}],"version-history":[{"count":21,"href":"https:\/\/site.educa.madrid.org\/cp.guindalera.madrid\/index.php\/wp-json\/wp\/v2\/pages\/165\/revisions"}],"predecessor-version":[{"id":3224,"href":"https:\/\/site.educa.madrid.org\/cp.guindalera.madrid\/index.php\/wp-json\/wp\/v2\/pages\/165\/revisions\/3224"}],"up":[{"embeddable":true,"href":"https:\/\/site.educa.madrid.org\/cp.guindalera.madrid\/index.php\/wp-json\/wp\/v2\/pages\/159"}],"wp:attachment":[{"href":"https:\/\/site.educa.madrid.org\/cp.guindalera.madrid\/index.php\/wp-json\/wp\/v2\/media?parent=165"}],"wp:term":[{"taxonomy":"folder","embeddable":true,"href":"https:\/\/site.educa.madrid.org\/cp.guindalera.madrid\/index.php\/wp-json\/wp\/v2\/folder?post=165"}],"curies":[{"name":"wp","href":"https:\/\/api.w.org\/{rel}","templated":true}]}}