{"id":1769,"date":"2024-03-07T12:23:51","date_gmt":"2024-03-07T11:23:51","guid":{"rendered":"https:\/\/site.educa.madrid.org\/cp.guindalera.madrid\/?page_id=1769"},"modified":"2026-02-26T06:22:03","modified_gmt":"2026-02-26T05:22:03","slug":"nuestro-centro","status":"publish","type":"page","link":"https:\/\/site.educa.madrid.org\/cp.guindalera.madrid\/index.php\/el-centro\/nuestro-centro\/","title":{"rendered":"\u00bfQui\u00e9nes somos?"},"content":{"rendered":"\n<p>Fundado en la d\u00e9cada de los a\u00f1os 70, nuestro colegio cuenta con una s\u00f3lida trayectoria educativa basada en la cercan\u00eda, la innovaci\u00f3n y la mejora continua. En 2011 se incorpor\u00f3 a la red de Colegios Biling\u00fces de la Comunidad de Madrid, reforzando as\u00ed su apuesta por una educaci\u00f3n de calidad con proyecci\u00f3n internacional y preparando a nuestro alumnado para desenvolverse con confianza en un mundo cada vez m\u00e1s global.<\/p>\n\n\n\n<p>El centro ofrece ense\u00f1anzas del segundo ciclo de Educaci\u00f3n Infantil, toda la etapa de Educaci\u00f3n Primaria y el primer ciclo de Educaci\u00f3n Secundaria Obligatoria, acompa\u00f1ando a los ni\u00f1os y ni\u00f1as en momentos clave de su desarrollo acad\u00e9mico y personal.<\/p>\n\n\n\n<p>La etapa de Educaci\u00f3n Infantil dispone de un edificio independiente, dise\u00f1ado espec\u00edficamente para los m\u00e1s peque\u00f1os. Este espacio, recientemente reformado, cuenta con seis aulas luminosas y una sala multiusos que tambi\u00e9n funciona como biblioteca, creando un entorno acogedor que fomenta el aprendizaje a trav\u00e9s del juego y la experimentaci\u00f3n. Tiene acceso propio desde la calle Villafranca y comunicaci\u00f3n interna desde la entrada principal por la calle Boston. Adem\u00e1s, el alumnado disfruta de un amplio patio con huerto escolar, un espacio ideal para el aprendizaje al aire libre. Todas las instalaciones, incluida la zona de juegos, han sido renovadas para garantizar entornos modernos, seguros y plenamente adaptados a sus necesidades.<\/p>\n\n\n\n<p>El edificio de Educaci\u00f3n Primaria y Secundaria, tambi\u00e9n recientemente reformado, dispone de accesos por la calle Boston y la avenida Camilo Jos\u00e9 Cela. En \u00e9l se ubican doce aulas, biblioteca, sala de m\u00fasica, laboratorio, aula de inform\u00e1tica y los despachos de Pedagog\u00eda Terap\u00e9utica y Audici\u00f3n y Lenguaje, entre otros espacios. Estas instalaciones permiten ofrecer una ense\u00f1anza din\u00e1mica, innovadora y personalizada, atendiendo a la diversidad del alumnado y potenciando al m\u00e1ximo sus capacidades.<\/p>\n\n\n\n<p>Nuestro compromiso es ofrecer un entorno educativo cercano y estimulante, donde cada alumno y alumna pueda crecer, aprender y desarrollar todo su potencial.<\/p>\n\n\n\n<div style=\"height:50px\" aria-hidden=\"true\" class=\"wp-block-spacer\"><\/div>\n\n\n\n<figure class=\"wp-block-video\"><video height=\"720\" style=\"aspect-ratio: 1280 \/ 720;\" width=\"1280\" controls src=\"https:\/\/site.educa.madrid.org\/cp.guindalera.madrid\/\/wp-content\/uploads\/cp.guindalera.madrid\/2023\/03\/Video-Cole-Guindalera.mp4\"><\/video><\/figure>\n","protected":false},"excerpt":{"rendered":"<p>Fundado en la d\u00e9cada de los a\u00f1os 70, nuestro colegio cuenta con una s\u00f3lida trayectoria educativa basada en la cercan\u00eda, la innovaci\u00f3n y la mejora continua. En 2011 se incorpor\u00f3 a la red de Colegios Biling\u00fces de la Comunidad de Madrid, reforzando as\u00ed su apuesta por una educaci\u00f3n de calidad con proyecci\u00f3n internacional y preparando [&hellip;]<\/p>\n","protected":false},"author":3,"featured_media":0,"parent":262,"menu_order":1,"comment_status":"closed","ping_status":"closed","template":"","meta":{"footnotes":""},"folder":[],"class_list":["post-1769","page","type-page","status-publish","hentry"],"rttpg_featured_image_url":null,"rttpg_author":{"display_name":"cp.guindalera.madrid","author_link":"https:\/\/site.educa.madrid.org\/cp.guindalera.madrid\/index.php\/author\/cuenta_cp-guindalera-madrid\/"},"rttpg_comment":0,"rttpg_category":false,"rttpg_excerpt":"Fundado en la d\u00e9cada de los a\u00f1os 70, nuestro colegio cuenta con una s\u00f3lida trayectoria educativa basada en la cercan\u00eda, la innovaci\u00f3n y la mejora continua. En 2011 se incorpor\u00f3 a la red de Colegios Biling\u00fces de la Comunidad de Madrid, reforzando as\u00ed su apuesta por una educaci\u00f3n de calidad con proyecci\u00f3n internacional y preparando&hellip;","post_mailing_queue_ids":[],"_links":{"self":[{"href":"https:\/\/site.educa.madrid.org\/cp.guindalera.madrid\/index.php\/wp-json\/wp\/v2\/pages\/1769","targetHints":{"allow":["GET"]}}],"collection":[{"href":"https:\/\/site.educa.madrid.org\/cp.guindalera.madrid\/index.php\/wp-json\/wp\/v2\/pages"}],"about":[{"href":"https:\/\/site.educa.madrid.org\/cp.guindalera.madrid\/index.php\/wp-json\/wp\/v2\/types\/page"}],"author":[{"embeddable":true,"href":"https:\/\/site.educa.madrid.org\/cp.guindalera.madrid\/index.php\/wp-json\/wp\/v2\/users\/3"}],"replies":[{"embeddable":true,"href":"https:\/\/site.educa.madrid.org\/cp.guindalera.madrid\/index.php\/wp-json\/wp\/v2\/comments?post=1769"}],"version-history":[{"count":16,"href":"https:\/\/site.educa.madrid.org\/cp.guindalera.madrid\/index.php\/wp-json\/wp\/v2\/pages\/1769\/revisions"}],"predecessor-version":[{"id":3213,"href":"https:\/\/site.educa.madrid.org\/cp.guindalera.madrid\/index.php\/wp-json\/wp\/v2\/pages\/1769\/revisions\/3213"}],"up":[{"embeddable":true,"href":"https:\/\/site.educa.madrid.org\/cp.guindalera.madrid\/index.php\/wp-json\/wp\/v2\/pages\/262"}],"wp:attachment":[{"href":"https:\/\/site.educa.madrid.org\/cp.guindalera.madrid\/index.php\/wp-json\/wp\/v2\/media?parent=1769"}],"wp:term":[{"taxonomy":"folder","embeddable":true,"href":"https:\/\/site.educa.madrid.org\/cp.guindalera.madrid\/index.php\/wp-json\/wp\/v2\/folder?post=1769"}],"curies":[{"name":"wp","href":"https:\/\/api.w.org\/{rel}","templated":true}]}}