{"id":1785,"date":"2024-03-07T12:40:24","date_gmt":"2024-03-07T11:40:24","guid":{"rendered":"https:\/\/site.educa.madrid.org\/cp.guindalera.madrid\/?page_id=1785"},"modified":"2026-01-22T20:28:12","modified_gmt":"2026-01-22T19:28:12","slug":"resultados-del-centro","status":"publish","type":"page","link":"https:\/\/site.educa.madrid.org\/cp.guindalera.madrid\/index.php\/informacion-a-las-familias\/resultados-del-centro\/","title":{"rendered":"Resultados del centro"},"content":{"rendered":"\n<p class=\"has-white-color has-vivid-cyan-blue-background-color has-text-color has-background has-link-color has-large-font-size wp-elements-8a931d45e03b05c5b7b3f5d285fb592c\"><em>Resultados EVALUACIONES EXTERNAS <\/em><\/p>\n\n\n\n<p class=\"has-black-color has-text-color has-link-color wp-elements-8f2deecb280b362473b338b33d394718\">Resultados de las pruebas diagn\u00f3stico que la Comunidad de Madrid hace al alumnado en 4\u00ba y 6\u00ba de Ed. Primar\u00eda. La finalidad de estas pruebas es la comprobaci\u00f3n del grado de dominio de las competencias clave en comunicaci\u00f3n ling\u00fc\u00edstica, competencia pluriling\u00fce, competencia matem\u00e1tica y competencia en ciencia, tecnolog\u00eda e ingenier\u00eda y competencia personal, social y de aprender a aprender.<\/p>\n\n\n\n<p class=\"has-black-color has-text-color has-link-color wp-elements-0acaaf4b31edcba4d9c55186c7e5f370\">En los gr\u00e1ficos puede observarse en azul los resultados de las pruebas en el Colegio Guindalera de Madrid y, en amarillo, la media muestral de la Comunidad de Madrid.<\/p>\n\n\n\n<p class=\"has-vivid-cyan-blue-color has-text-color has-link-color has-large-font-size wp-elements-a75ac426432d98837bc4a17775f06605\"><em>CURSO 2024-2025<\/em><\/p>\n\n\n\n<figure class=\"wp-block-image size-large is-resized\"><img loading=\"lazy\" decoding=\"async\" width=\"1012\" height=\"1024\" src=\"https:\/\/site.educa.madrid.org\/cp.guindalera.madrid\/\/wp-content\/uploads\/cp.guindalera.madrid\/2026\/01\/IMG_0976-1012x1024.jpeg\" alt=\"\" class=\"wp-image-2908\" style=\"width:685px;height:auto\" srcset=\"https:\/\/site.educa.madrid.org\/cp.guindalera.madrid\/\/wp-content\/uploads\/cp.guindalera.madrid\/2026\/01\/IMG_0976-1012x1024.jpeg 1012w, https:\/\/site.educa.madrid.org\/cp.guindalera.madrid\/\/wp-content\/uploads\/cp.guindalera.madrid\/2026\/01\/IMG_0976-296x300.jpeg 296w, https:\/\/site.educa.madrid.org\/cp.guindalera.madrid\/\/wp-content\/uploads\/cp.guindalera.madrid\/2026\/01\/IMG_0976-768x777.jpeg 768w, https:\/\/site.educa.madrid.org\/cp.guindalera.madrid\/\/wp-content\/uploads\/cp.guindalera.madrid\/2026\/01\/IMG_0976-100x100.jpeg 100w, https:\/\/site.educa.madrid.org\/cp.guindalera.madrid\/\/wp-content\/uploads\/cp.guindalera.madrid\/2026\/01\/IMG_0976.jpeg 1170w\" sizes=\"auto, (max-width: 1012px) 100vw, 1012px\" \/><\/figure>\n\n\n\n<figure class=\"wp-block-image size-large is-resized\"><img loading=\"lazy\" decoding=\"async\" width=\"1024\" height=\"998\" src=\"https:\/\/site.educa.madrid.org\/cp.guindalera.madrid\/\/wp-content\/uploads\/cp.guindalera.madrid\/2026\/01\/IMG_0977-1024x998.jpeg\" alt=\"\" class=\"wp-image-2907\" style=\"width:607px;height:auto\" srcset=\"https:\/\/site.educa.madrid.org\/cp.guindalera.madrid\/\/wp-content\/uploads\/cp.guindalera.madrid\/2026\/01\/IMG_0977-1024x998.jpeg 1024w, https:\/\/site.educa.madrid.org\/cp.guindalera.madrid\/\/wp-content\/uploads\/cp.guindalera.madrid\/2026\/01\/IMG_0977-300x292.jpeg 300w, https:\/\/site.educa.madrid.org\/cp.guindalera.madrid\/\/wp-content\/uploads\/cp.guindalera.madrid\/2026\/01\/IMG_0977-768x748.jpeg 768w, https:\/\/site.educa.madrid.org\/cp.guindalera.madrid\/\/wp-content\/uploads\/cp.guindalera.madrid\/2026\/01\/IMG_0977.jpeg 1170w\" sizes=\"auto, (max-width: 1024px) 100vw, 1024px\" \/><\/figure>\n\n\n\n<p class=\"has-vivid-cyan-blue-color has-text-color has-link-color has-large-font-size wp-elements-b9577cb83419ef1b10f559209c6d43bf\"><em>CURSO 2023-2024<\/em><\/p>\n\n\n\n<p class=\"has-black-color has-text-color has-link-color wp-elements-9ac00cf961d1ea846fe5a532228b76c6\"><\/p>\n\n\n\n<figure class=\"wp-block-image size-full is-resized\"><img loading=\"lazy\" decoding=\"async\" width=\"787\" height=\"442\" src=\"https:\/\/site.educa.madrid.org\/cp.guindalera.madrid\/\/wp-content\/uploads\/cp.guindalera.madrid\/2026\/01\/1.png\" alt=\"\" class=\"wp-image-2931\" style=\"width:718px;height:auto\" srcset=\"https:\/\/site.educa.madrid.org\/cp.guindalera.madrid\/\/wp-content\/uploads\/cp.guindalera.madrid\/2026\/01\/1.png 787w, https:\/\/site.educa.madrid.org\/cp.guindalera.madrid\/\/wp-content\/uploads\/cp.guindalera.madrid\/2026\/01\/1-300x168.png 300w, https:\/\/site.educa.madrid.org\/cp.guindalera.madrid\/\/wp-content\/uploads\/cp.guindalera.madrid\/2026\/01\/1-768x431.png 768w\" sizes=\"auto, (max-width: 787px) 100vw, 787px\" \/><\/figure>\n\n\n\n<figure class=\"wp-block-image size-full is-resized\"><img loading=\"lazy\" decoding=\"async\" width=\"796\" height=\"442\" src=\"https:\/\/site.educa.madrid.org\/cp.guindalera.madrid\/\/wp-content\/uploads\/cp.guindalera.madrid\/2026\/01\/2.png\" alt=\"\" class=\"wp-image-2932\" style=\"width:718px;height:auto\" srcset=\"https:\/\/site.educa.madrid.org\/cp.guindalera.madrid\/\/wp-content\/uploads\/cp.guindalera.madrid\/2026\/01\/2.png 796w, https:\/\/site.educa.madrid.org\/cp.guindalera.madrid\/\/wp-content\/uploads\/cp.guindalera.madrid\/2026\/01\/2-300x167.png 300w, https:\/\/site.educa.madrid.org\/cp.guindalera.madrid\/\/wp-content\/uploads\/cp.guindalera.madrid\/2026\/01\/2-768x426.png 768w\" sizes=\"auto, (max-width: 796px) 100vw, 796px\" \/><\/figure>\n\n\n\n<p class=\"has-black-color has-text-color has-link-color has-medium-font-size wp-elements-9ea9de3557edab6b4469dff93e6affdc\"><\/p>\n\n\n\n<p class=\"has-white-color has-vivid-cyan-blue-background-color has-text-color has-background has-link-color has-large-font-size wp-elements-76d2348e372201759d976b3496a5b012\"><em>Resultados PRUEBAS EXTERNAS BILING\u00dcES <\/em><\/p>\n\n\n\n<p class=\"has-vivid-cyan-blue-color has-text-color has-link-color has-large-font-size wp-elements-a75ac426432d98837bc4a17775f06605\"><em>CURSO 2024-2025<\/em><\/p>\n\n\n\n<figure class=\"wp-block-image size-full is-resized\"><img loading=\"lazy\" decoding=\"async\" width=\"795\" height=\"452\" src=\"https:\/\/site.educa.madrid.org\/cp.guindalera.madrid\/\/wp-content\/uploads\/cp.guindalera.madrid\/2026\/01\/A.png\" alt=\"\" class=\"wp-image-2957\" style=\"width:732px;height:auto\" srcset=\"https:\/\/site.educa.madrid.org\/cp.guindalera.madrid\/\/wp-content\/uploads\/cp.guindalera.madrid\/2026\/01\/A.png 795w, https:\/\/site.educa.madrid.org\/cp.guindalera.madrid\/\/wp-content\/uploads\/cp.guindalera.madrid\/2026\/01\/A-300x171.png 300w, https:\/\/site.educa.madrid.org\/cp.guindalera.madrid\/\/wp-content\/uploads\/cp.guindalera.madrid\/2026\/01\/A-768x437.png 768w\" sizes=\"auto, (max-width: 795px) 100vw, 795px\" \/><\/figure>\n\n\n\n<figure class=\"wp-block-image size-full is-resized\"><img loading=\"lazy\" decoding=\"async\" width=\"797\" height=\"446\" src=\"https:\/\/site.educa.madrid.org\/cp.guindalera.madrid\/\/wp-content\/uploads\/cp.guindalera.madrid\/2026\/01\/B.png\" alt=\"\" class=\"wp-image-2958\" style=\"width:729px;height:auto\" srcset=\"https:\/\/site.educa.madrid.org\/cp.guindalera.madrid\/\/wp-content\/uploads\/cp.guindalera.madrid\/2026\/01\/B.png 797w, https:\/\/site.educa.madrid.org\/cp.guindalera.madrid\/\/wp-content\/uploads\/cp.guindalera.madrid\/2026\/01\/B-300x168.png 300w, https:\/\/site.educa.madrid.org\/cp.guindalera.madrid\/\/wp-content\/uploads\/cp.guindalera.madrid\/2026\/01\/B-768x430.png 768w\" sizes=\"auto, (max-width: 797px) 100vw, 797px\" \/><\/figure>\n\n\n\n<figure class=\"wp-block-image size-full is-resized\"><img loading=\"lazy\" decoding=\"async\" width=\"797\" height=\"445\" src=\"https:\/\/site.educa.madrid.org\/cp.guindalera.madrid\/\/wp-content\/uploads\/cp.guindalera.madrid\/2026\/01\/C.png\" alt=\"\" class=\"wp-image-2959\" style=\"width:720px;height:auto\" srcset=\"https:\/\/site.educa.madrid.org\/cp.guindalera.madrid\/\/wp-content\/uploads\/cp.guindalera.madrid\/2026\/01\/C.png 797w, https:\/\/site.educa.madrid.org\/cp.guindalera.madrid\/\/wp-content\/uploads\/cp.guindalera.madrid\/2026\/01\/C-300x168.png 300w, https:\/\/site.educa.madrid.org\/cp.guindalera.madrid\/\/wp-content\/uploads\/cp.guindalera.madrid\/2026\/01\/C-768x429.png 768w\" sizes=\"auto, (max-width: 797px) 100vw, 797px\" \/><\/figure>\n\n\n\n<p>CURSO 2023-2024<\/p>\n\n\n\n<p>CURSO 2022-2023<\/p>\n\n\n\n<p><\/p>\n","protected":false},"excerpt":{"rendered":"<p>Resultados EVALUACIONES EXTERNAS Resultados de las pruebas diagn\u00f3stico que la Comunidad de Madrid hace al alumnado en 4\u00ba y 6\u00ba de Ed. Primar\u00eda. La finalidad de estas pruebas es la comprobaci\u00f3n del grado de dominio de las competencias clave en comunicaci\u00f3n ling\u00fc\u00edstica, competencia pluriling\u00fce, competencia matem\u00e1tica y competencia en ciencia, tecnolog\u00eda e ingenier\u00eda y competencia [&hellip;]<\/p>\n","protected":false},"author":3,"featured_media":0,"parent":1725,"menu_order":0,"comment_status":"closed","ping_status":"closed","template":"","meta":{"footnotes":""},"folder":[],"class_list":["post-1785","page","type-page","status-publish","hentry"],"rttpg_featured_image_url":null,"rttpg_author":{"display_name":"cp.guindalera.madrid","author_link":"https:\/\/site.educa.madrid.org\/cp.guindalera.madrid\/index.php\/author\/cuenta_cp-guindalera-madrid\/"},"rttpg_comment":0,"rttpg_category":false,"rttpg_excerpt":"Resultados EVALUACIONES EXTERNAS Resultados de las pruebas diagn\u00f3stico que la Comunidad de Madrid hace al alumnado en 4\u00ba y 6\u00ba de Ed. Primar\u00eda. La finalidad de estas pruebas es la comprobaci\u00f3n del grado de dominio de las competencias clave en comunicaci\u00f3n ling\u00fc\u00edstica, competencia pluriling\u00fce, competencia matem\u00e1tica y competencia en ciencia, tecnolog\u00eda e ingenier\u00eda y competencia&hellip;","post_mailing_queue_ids":[],"_links":{"self":[{"href":"https:\/\/site.educa.madrid.org\/cp.guindalera.madrid\/index.php\/wp-json\/wp\/v2\/pages\/1785","targetHints":{"allow":["GET"]}}],"collection":[{"href":"https:\/\/site.educa.madrid.org\/cp.guindalera.madrid\/index.php\/wp-json\/wp\/v2\/pages"}],"about":[{"href":"https:\/\/site.educa.madrid.org\/cp.guindalera.madrid\/index.php\/wp-json\/wp\/v2\/types\/page"}],"author":[{"embeddable":true,"href":"https:\/\/site.educa.madrid.org\/cp.guindalera.madrid\/index.php\/wp-json\/wp\/v2\/users\/3"}],"replies":[{"embeddable":true,"href":"https:\/\/site.educa.madrid.org\/cp.guindalera.madrid\/index.php\/wp-json\/wp\/v2\/comments?post=1785"}],"version-history":[{"count":47,"href":"https:\/\/site.educa.madrid.org\/cp.guindalera.madrid\/index.php\/wp-json\/wp\/v2\/pages\/1785\/revisions"}],"predecessor-version":[{"id":2960,"href":"https:\/\/site.educa.madrid.org\/cp.guindalera.madrid\/index.php\/wp-json\/wp\/v2\/pages\/1785\/revisions\/2960"}],"up":[{"embeddable":true,"href":"https:\/\/site.educa.madrid.org\/cp.guindalera.madrid\/index.php\/wp-json\/wp\/v2\/pages\/1725"}],"wp:attachment":[{"href":"https:\/\/site.educa.madrid.org\/cp.guindalera.madrid\/index.php\/wp-json\/wp\/v2\/media?parent=1785"}],"wp:term":[{"taxonomy":"folder","embeddable":true,"href":"https:\/\/site.educa.madrid.org\/cp.guindalera.madrid\/index.php\/wp-json\/wp\/v2\/folder?post=1785"}],"curies":[{"name":"wp","href":"https:\/\/api.w.org\/{rel}","templated":true}]}}