{"id":1814,"date":"2024-03-07T17:51:18","date_gmt":"2024-03-07T16:51:18","guid":{"rendered":"https:\/\/site.educa.madrid.org\/cp.guindalera.madrid\/?page_id=1814"},"modified":"2025-08-29T11:46:54","modified_gmt":"2025-08-29T09:46:54","slug":"equipo-directivo","status":"publish","type":"page","link":"https:\/\/site.educa.madrid.org\/cp.guindalera.madrid\/index.php\/el-centro\/equipo-directivo\/","title":{"rendered":"Equipo directivo"},"content":{"rendered":"\n<p>BEATRIZ S\u00c1NCHEZ MAGRO Directora<\/p>\n\n\n\n<p>Horario atenci\u00f3n de 9.00 a 10.45 y de 15.15 A 16.00 horas ( CITA PREVIA )<\/p>\n\n\n\n<p>Correo: cp.guindalera.madrid@educa.madrid.org<\/p>\n\n\n\n<div style=\"height:30px\" aria-hidden=\"true\" class=\"wp-block-spacer\"><\/div>\n\n\n\n<p>M\u00aa JOS\u00c9 CID EGEA<\/p>\n\n\n\n<p> Jefa de estudios Ed.Infantil y Ed.Primaria<\/p>\n\n\n\n<p>Horario atenci\u00f3n de 9.00 a 9.45 y de 15.15 a 16.00 horas ( CITA PREVIA )<\/p>\n\n\n\n<p>Correo: cp.guindalera.madrid@educa.madrid.org<\/p>\n\n\n\n<p><\/p>\n\n\n\n<p>ANA MAR\u00cdA P\u00c9REZ ARAUJO<\/p>\n\n\n\n<p>Jefa de estudios Ed.Secundaria<\/p>\n\n\n\n<p>Horario atenci\u00f3n de 9.00 a 9.45 y de 15.15 a 16.00 horas ( CITA PREVIA )<\/p>\n\n\n\n<p>Correo: ana.perez19@educa.madrid.org<\/p>\n\n\n\n<div style=\"height:30px\" aria-hidden=\"true\" class=\"wp-block-spacer\"><\/div>\n\n\n\n<p>AR\u00c1NTZAZU REDAL REY Secretaria<\/p>\n\n\n\n<p>Horario atenci\u00f3n DE 9.00 A 9.45 Y DE 15.15 A 16.00 horas<\/p>\n\n\n\n<p>En otro horario imprescindible CITA PREVIA.<\/p>\n\n\n\n<p>Correo: secretaria.cp.guindalera.madrid@educa.madrid.org<\/p>\n","protected":false},"excerpt":{"rendered":"<p>BEATRIZ S\u00c1NCHEZ MAGRO Directora Horario atenci\u00f3n de 9.00 a 10.45 y de 15.15 A 16.00 horas ( CITA PREVIA ) Correo: cp.guindalera.madrid@educa.madrid.org M\u00aa JOS\u00c9 CID EGEA Jefa de estudios Ed.Infantil y Ed.Primaria Horario atenci\u00f3n de 9.00 a 9.45 y de 15.15 a 16.00 horas ( CITA PREVIA ) Correo: cp.guindalera.madrid@educa.madrid.org ANA MAR\u00cdA P\u00c9REZ ARAUJO Jefa [&hellip;]<\/p>\n","protected":false},"author":3,"featured_media":0,"parent":262,"menu_order":5,"comment_status":"closed","ping_status":"closed","template":"","meta":{"footnotes":""},"folder":[],"class_list":["post-1814","page","type-page","status-publish","hentry"],"rttpg_featured_image_url":null,"rttpg_author":{"display_name":"cp.guindalera.madrid","author_link":"https:\/\/site.educa.madrid.org\/cp.guindalera.madrid\/index.php\/author\/cuenta_cp-guindalera-madrid\/"},"rttpg_comment":0,"rttpg_category":false,"rttpg_excerpt":"BEATRIZ S\u00c1NCHEZ MAGRO Directora Horario atenci\u00f3n de 9.00 a 10.45 y de 15.15 A 16.00 horas ( CITA PREVIA ) Correo: cp.guindalera.madrid@educa.madrid.org M\u00aa JOS\u00c9 CID EGEA Jefa de estudios Ed.Infantil y Ed.Primaria Horario atenci\u00f3n de 9.00 a 9.45 y de 15.15 a 16.00 horas ( CITA PREVIA ) Correo: cp.guindalera.madrid@educa.madrid.org ANA MAR\u00cdA P\u00c9REZ ARAUJO Jefa&hellip;","post_mailing_queue_ids":[],"_links":{"self":[{"href":"https:\/\/site.educa.madrid.org\/cp.guindalera.madrid\/index.php\/wp-json\/wp\/v2\/pages\/1814","targetHints":{"allow":["GET"]}}],"collection":[{"href":"https:\/\/site.educa.madrid.org\/cp.guindalera.madrid\/index.php\/wp-json\/wp\/v2\/pages"}],"about":[{"href":"https:\/\/site.educa.madrid.org\/cp.guindalera.madrid\/index.php\/wp-json\/wp\/v2\/types\/page"}],"author":[{"embeddable":true,"href":"https:\/\/site.educa.madrid.org\/cp.guindalera.madrid\/index.php\/wp-json\/wp\/v2\/users\/3"}],"replies":[{"embeddable":true,"href":"https:\/\/site.educa.madrid.org\/cp.guindalera.madrid\/index.php\/wp-json\/wp\/v2\/comments?post=1814"}],"version-history":[{"count":7,"href":"https:\/\/site.educa.madrid.org\/cp.guindalera.madrid\/index.php\/wp-json\/wp\/v2\/pages\/1814\/revisions"}],"predecessor-version":[{"id":2731,"href":"https:\/\/site.educa.madrid.org\/cp.guindalera.madrid\/index.php\/wp-json\/wp\/v2\/pages\/1814\/revisions\/2731"}],"up":[{"embeddable":true,"href":"https:\/\/site.educa.madrid.org\/cp.guindalera.madrid\/index.php\/wp-json\/wp\/v2\/pages\/262"}],"wp:attachment":[{"href":"https:\/\/site.educa.madrid.org\/cp.guindalera.madrid\/index.php\/wp-json\/wp\/v2\/media?parent=1814"}],"wp:term":[{"taxonomy":"folder","embeddable":true,"href":"https:\/\/site.educa.madrid.org\/cp.guindalera.madrid\/index.php\/wp-json\/wp\/v2\/folder?post=1814"}],"curies":[{"name":"wp","href":"https:\/\/api.w.org\/{rel}","templated":true}]}}