{"id":1818,"date":"2024-03-07T17:52:58","date_gmt":"2024-03-07T16:52:58","guid":{"rendered":"https:\/\/site.educa.madrid.org\/cp.guindalera.madrid\/?page_id=1818"},"modified":"2025-10-25T19:59:57","modified_gmt":"2025-10-25T17:59:57","slug":"plantilla-guindalera","status":"publish","type":"page","link":"https:\/\/site.educa.madrid.org\/cp.guindalera.madrid\/index.php\/el-centro\/plantilla-guindalera\/","title":{"rendered":"Profesorado"},"content":{"rendered":"\n<h3 class=\"wp-block-heading\">Educaci\u00f3n Infantil<\/h3>\n\n\n\n<p><strong>Personal docente:<\/strong><\/p>\n\n\n\n<p>3 profesoras \u00e1reas instrumentales castellano <\/p>\n\n\n\n<p>2 profesoras biling\u00fces<\/p>\n\n\n\n<p>1 profesora lengua ingles<\/p>\n\n\n\n<p>1 profesora religi\u00f3n cat\u00f3lica<\/p>\n\n\n\n<p><strong>Personal no docente:<\/strong><\/p>\n\n\n\n<p>1 assistant<\/p>\n\n\n\n<p>1 enfermera<\/p>\n\n\n\n<p>1 profesora religi\u00f3n cat\u00f3lica<\/p>\n\n\n\n<h3 class=\"wp-block-heading\">Educaci\u00f3n Primaria<\/h3>\n\n\n\n<p><strong>Personal docente:<\/strong><\/p>\n\n\n\n<p>6 profesores \u00e1reas instrumentales castellano<\/p>\n\n\n\n<p>5 profesores biling\u00fce<\/p>\n\n\n\n<p>2 profesores EF<\/p>\n\n\n\n<p>1 profesora de M\u00fasica<\/p>\n\n\n\n<p>1 profesora religi\u00f3n cat\u00f3lica<\/p>\n\n\n\n<p>1 profesor de Pedagog\u00eda Terap\u00e9utica<\/p>\n\n\n\n<p>1\/2 profesor Audici\u00f3n y Lenguaje<\/p>\n\n\n\n<p>Servicio de orientaci\u00f3n: Orientador y PSC<\/p>\n\n\n\n<p><strong>Personal no docente:<\/strong><\/p>\n\n\n\n<p>2 assistants<\/p>\n\n\n\n<p>1 enfermera<\/p>\n\n\n\n<h3 class=\"wp-block-heading\">Educaci\u00f3n Secundaria<\/h3>\n\n\n\n<p><strong>Equipo docente:<\/strong><\/p>\n\n\n\n<p class=\"has-text-align-left\">1 profesora Matem\u00e1ticas y Ciencias de la Computaci\u00f3n.<\/p>\n\n\n\n<p>1 profesora Geograf\u00eda e Historia.<\/p>\n\n\n\n<p>1 profesora Lengua Castellana y Literatura.<\/p>\n\n\n\n<p>1 profesora Bilog\u00eda y Geolog\u00eda.<\/p>\n\n\n\n<p>1 profesor Ingl\u00e9s.<\/p>\n\n\n\n<p>1 profesor Franc\u00e9s<\/p>\n\n\n\n<p>1 profesora Ed.Fisica<\/p>\n\n\n\n<p>1 profesora M\u00fasica<\/p>\n\n\n\n<p>1 profesor Pl\u00e1stica.<\/p>\n\n\n\n<p>1 profesor Religi\u00f3n Cat\u00f3lica<\/p>\n\n\n\n<p>1\/2 profesor Audici\u00f3n y Lenguaje<\/p>\n\n\n\n<p>Servicio de orientaci\u00f3n: Orientador y PSC<\/p>\n\n\n\n<p><strong>Personal no docente:<\/strong><\/p>\n\n\n\n<p>1 assistant<\/p>\n\n\n\n<p>1 enfermera<\/p>\n\n\n\n<p><\/p>\n","protected":false},"excerpt":{"rendered":"<p>Educaci\u00f3n Infantil Personal docente: 3 profesoras \u00e1reas instrumentales castellano 2 profesoras biling\u00fces 1 profesora lengua ingles 1 profesora religi\u00f3n cat\u00f3lica Personal no docente: 1 assistant 1 enfermera 1 profesora religi\u00f3n cat\u00f3lica Educaci\u00f3n Primaria Personal docente: 6 profesores \u00e1reas instrumentales castellano 5 profesores biling\u00fce 2 profesores EF 1 profesora de M\u00fasica 1 profesora religi\u00f3n cat\u00f3lica 1 [&hellip;]<\/p>\n","protected":false},"author":3,"featured_media":0,"parent":262,"menu_order":6,"comment_status":"closed","ping_status":"closed","template":"","meta":{"footnotes":""},"folder":[],"class_list":["post-1818","page","type-page","status-publish","hentry"],"rttpg_featured_image_url":null,"rttpg_author":{"display_name":"cp.guindalera.madrid","author_link":"https:\/\/site.educa.madrid.org\/cp.guindalera.madrid\/index.php\/author\/cuenta_cp-guindalera-madrid\/"},"rttpg_comment":0,"rttpg_category":false,"rttpg_excerpt":"Educaci\u00f3n Infantil Personal docente: 3 profesoras \u00e1reas instrumentales castellano 2 profesoras biling\u00fces 1 profesora lengua ingles 1 profesora religi\u00f3n cat\u00f3lica Personal no docente: 1 assistant 1 enfermera 1 profesora religi\u00f3n cat\u00f3lica Educaci\u00f3n Primaria Personal docente: 6 profesores \u00e1reas instrumentales castellano 5 profesores biling\u00fce 2 profesores EF 1 profesora de M\u00fasica 1 profesora religi\u00f3n cat\u00f3lica 1&hellip;","post_mailing_queue_ids":[],"_links":{"self":[{"href":"https:\/\/site.educa.madrid.org\/cp.guindalera.madrid\/index.php\/wp-json\/wp\/v2\/pages\/1818","targetHints":{"allow":["GET"]}}],"collection":[{"href":"https:\/\/site.educa.madrid.org\/cp.guindalera.madrid\/index.php\/wp-json\/wp\/v2\/pages"}],"about":[{"href":"https:\/\/site.educa.madrid.org\/cp.guindalera.madrid\/index.php\/wp-json\/wp\/v2\/types\/page"}],"author":[{"embeddable":true,"href":"https:\/\/site.educa.madrid.org\/cp.guindalera.madrid\/index.php\/wp-json\/wp\/v2\/users\/3"}],"replies":[{"embeddable":true,"href":"https:\/\/site.educa.madrid.org\/cp.guindalera.madrid\/index.php\/wp-json\/wp\/v2\/comments?post=1818"}],"version-history":[{"count":23,"href":"https:\/\/site.educa.madrid.org\/cp.guindalera.madrid\/index.php\/wp-json\/wp\/v2\/pages\/1818\/revisions"}],"predecessor-version":[{"id":2803,"href":"https:\/\/site.educa.madrid.org\/cp.guindalera.madrid\/index.php\/wp-json\/wp\/v2\/pages\/1818\/revisions\/2803"}],"up":[{"embeddable":true,"href":"https:\/\/site.educa.madrid.org\/cp.guindalera.madrid\/index.php\/wp-json\/wp\/v2\/pages\/262"}],"wp:attachment":[{"href":"https:\/\/site.educa.madrid.org\/cp.guindalera.madrid\/index.php\/wp-json\/wp\/v2\/media?parent=1818"}],"wp:term":[{"taxonomy":"folder","embeddable":true,"href":"https:\/\/site.educa.madrid.org\/cp.guindalera.madrid\/index.php\/wp-json\/wp\/v2\/folder?post=1818"}],"curies":[{"name":"wp","href":"https:\/\/api.w.org\/{rel}","templated":true}]}}