{"id":2283,"date":"2025-03-05T22:35:11","date_gmt":"2025-03-05T21:35:11","guid":{"rendered":"https:\/\/site.educa.madrid.org\/cp.guindalera.madrid\/?page_id=2283"},"modified":"2026-02-22T20:01:37","modified_gmt":"2026-02-22T19:01:37","slug":"solicitudes","status":"publish","type":"page","link":"https:\/\/site.educa.madrid.org\/cp.guindalera.madrid\/index.php\/admision-matriculacion\/proceso-ordinario-admision\/solicitudes\/","title":{"rendered":"Solicitudes"},"content":{"rendered":"\n<p>Las solicitudes f\u00edsicas podr\u00e1n ser recogidas en el centro desde el d\u00eda 24 de febrero en la Secretaria.<\/p>\n\n\n\n<p><\/p>\n","protected":false},"excerpt":{"rendered":"<p>Las solicitudes f\u00edsicas podr\u00e1n ser recogidas en el centro desde el d\u00eda 24 de febrero en la Secretaria.<\/p>\n","protected":false},"author":3,"featured_media":0,"parent":2279,"menu_order":0,"comment_status":"closed","ping_status":"closed","template":"","meta":{"footnotes":""},"folder":[],"class_list":["post-2283","page","type-page","status-publish","hentry"],"rttpg_featured_image_url":null,"rttpg_author":{"display_name":"cp.guindalera.madrid","author_link":"https:\/\/site.educa.madrid.org\/cp.guindalera.madrid\/index.php\/author\/cuenta_cp-guindalera-madrid\/"},"rttpg_comment":0,"rttpg_category":false,"rttpg_excerpt":"Las solicitudes f\u00edsicas podr\u00e1n ser recogidas en el centro desde el d\u00eda 24 de febrero en la Secretaria.","post_mailing_queue_ids":[],"_links":{"self":[{"href":"https:\/\/site.educa.madrid.org\/cp.guindalera.madrid\/index.php\/wp-json\/wp\/v2\/pages\/2283","targetHints":{"allow":["GET"]}}],"collection":[{"href":"https:\/\/site.educa.madrid.org\/cp.guindalera.madrid\/index.php\/wp-json\/wp\/v2\/pages"}],"about":[{"href":"https:\/\/site.educa.madrid.org\/cp.guindalera.madrid\/index.php\/wp-json\/wp\/v2\/types\/page"}],"author":[{"embeddable":true,"href":"https:\/\/site.educa.madrid.org\/cp.guindalera.madrid\/index.php\/wp-json\/wp\/v2\/users\/3"}],"replies":[{"embeddable":true,"href":"https:\/\/site.educa.madrid.org\/cp.guindalera.madrid\/index.php\/wp-json\/wp\/v2\/comments?post=2283"}],"version-history":[{"count":10,"href":"https:\/\/site.educa.madrid.org\/cp.guindalera.madrid\/index.php\/wp-json\/wp\/v2\/pages\/2283\/revisions"}],"predecessor-version":[{"id":3160,"href":"https:\/\/site.educa.madrid.org\/cp.guindalera.madrid\/index.php\/wp-json\/wp\/v2\/pages\/2283\/revisions\/3160"}],"up":[{"embeddable":true,"href":"https:\/\/site.educa.madrid.org\/cp.guindalera.madrid\/index.php\/wp-json\/wp\/v2\/pages\/2279"}],"wp:attachment":[{"href":"https:\/\/site.educa.madrid.org\/cp.guindalera.madrid\/index.php\/wp-json\/wp\/v2\/media?parent=2283"}],"wp:term":[{"taxonomy":"folder","embeddable":true,"href":"https:\/\/site.educa.madrid.org\/cp.guindalera.madrid\/index.php\/wp-json\/wp\/v2\/folder?post=2283"}],"curies":[{"name":"wp","href":"https:\/\/api.w.org\/{rel}","templated":true}]}}