{"id":2287,"date":"2025-03-05T22:35:58","date_gmt":"2025-03-05T21:35:58","guid":{"rendered":"https:\/\/site.educa.madrid.org\/cp.guindalera.madrid\/?page_id=2287"},"modified":"2026-02-10T15:35:58","modified_gmt":"2026-02-10T14:35:58","slug":"criterio-complementario","status":"publish","type":"page","link":"https:\/\/site.educa.madrid.org\/cp.guindalera.madrid\/index.php\/admision-matriculacion\/proceso-ordinario-admision\/criterio-complementario\/","title":{"rendered":"Criterio complementario"},"content":{"rendered":"\n<p class=\"has-vivid-red-color has-text-color has-link-color has-medium-font-size wp-elements-499823ebb52dd14e4af4217ca76399d8\"><strong>CRITERIO COMPLEMENTARIO:<\/strong><\/p>\n\n\n\n<p>Se ha acordado por el Consejo Escolar del centro no otorgar ning\u00fan punto adicional para la baremaci\u00f3n en el proceso de<br>admisi\u00f3n curso 2026\/2027<\/p>\n\n\n\n<p class=\"has-vivid-red-color has-text-color has-link-color has-medium-font-size wp-elements-192ab268a993a04678edb2cee5d842a0\"><strong>BAREMACI\u00d3N<\/strong>:<\/p>\n\n\n\n<p><strong>Criterios prioritarios<\/strong><\/p>\n\n\n\n<p>a. Hermanos matriculados en el centro.<\/p>\n\n\n\n<p>1. En caso de que haya un hermano matriculado en el centro solicitado: 15 puntos.<\/p>\n\n\n\n<p>2. En caso de que haya dos o m\u00e1s hermanos matriculados en el centro solicitado: 30 punto<\/p>\n\n\n\n<p>b. Proximidad del domicilio o lugar de trabajo de los padres o tutores legales del alumno.<\/p>\n\n\n\n<p>1. Domicilio o lugar de trabajo de uno cualquiera de los padres o tutores legales del alumno situado en el mismo municipio que el centro solicitado: 12 puntos.<\/p>\n\n\n\n<p>2. En el caso del municipio de Madrid, adem\u00e1s de la puntuaci\u00f3n obtenida por el apartado anterior, si el domicilio familiar o lugar de trabajo de uno de los padres o tutores legales del alumno est\u00e1 ubicado en el mismo distrito municipal que el centro solicitado: 1 punto.<\/p>\n\n\n\n<p>3. Domicilio o lugar de trabajo de uno cualquiera de los padres o tutores legales del alumno situado en un municipio de la Comunidad de Madrid distinto al del centro solicitado: 8 puntos.<\/p>\n\n\n\n<p>c. Renta de la unidad familiar. Alguno de los padres o tutores legales del alumno es beneficiario de la ayuda de la renta m\u00ednima de inserci\u00f3n o del ingreso m\u00ednimo vital: 12 puntos.<\/p>\n\n\n\n<p><strong>Criterios complementarios.<\/strong><\/p>\n\n\n\n<p>d. Padres o tutores legales del alumno que trabajen en el mismo centro para el que se solicita plaza: 10 puntos.<\/p>\n\n\n\n<p>e. Alumno solicitante perteneciente a familia numerosa. El concebido no nacido se contabilizar\u00e1 a los efectos de aplicaci\u00f3n del presente criterio de admisi\u00f3n.<\/p>\n\n\n\n<p>1. Familia numerosa general: 10 puntos.<\/p>\n\n\n\n<p>2. Familia numerosa especial: 11 puntos.<\/p>\n\n\n\n<p>f. Alumno solicitante nacido en parto m\u00faltiple: 3 puntos.<\/p>\n\n\n\n<p>g. Alumno solicitante perteneciente a familia monoparental: 3 puntos.<\/p>\n\n\n\n<p>h. Alumno solicitante en situaci\u00f3n de acogimiento familiar: 3 puntos.<\/p>\n\n\n\n<p>i. Existencia de discapacidad f\u00edsica, ps\u00edquica o sensorial legalmente acreditada del alumno solicitante, de los padres, hermanos o, en su caso, de los tutores legales del alumno: 7 puntos.<\/p>\n\n\n\n<p>j. Situaci\u00f3n de violencia de g\u00e9nero o de v\u00edctima del terrorismo: 2 puntos.<\/p>\n\n\n\n<p>k. Condici\u00f3n de antiguo alumno del propio alumno, de los padres, tutores legales o de alguno de los hermanos del solicitante, en el centro para el que solicita plaza: 4 puntos.<\/p>\n\n\n\n<p>l. Otra circunstancia, que podr\u00e1 ser coincidente con algunos de los restantes criterios de admisi\u00f3n, acordada por el centro seg\u00fan criterios objetivos y que deben ser hechos p\u00fablicos por el centro: 3 puntos.<\/p>\n\n\n\n<p class=\"has-vivid-red-color has-text-color has-link-color wp-elements-c9365267f914bd71ea50e5e539e3962b\"><\/p>\n","protected":false},"excerpt":{"rendered":"<p>CRITERIO COMPLEMENTARIO: Se ha acordado por el Consejo Escolar del centro no otorgar ning\u00fan punto adicional para la baremaci\u00f3n en el proceso deadmisi\u00f3n curso 2026\/2027 BAREMACI\u00d3N: Criterios prioritarios a. Hermanos matriculados en el centro. 1. En caso de que haya un hermano matriculado en el centro solicitado: 15 puntos. 2. En caso de que haya [&hellip;]<\/p>\n","protected":false},"author":3,"featured_media":0,"parent":2279,"menu_order":0,"comment_status":"closed","ping_status":"closed","template":"","meta":{"footnotes":""},"folder":[],"class_list":["post-2287","page","type-page","status-publish","hentry"],"rttpg_featured_image_url":null,"rttpg_author":{"display_name":"cp.guindalera.madrid","author_link":"https:\/\/site.educa.madrid.org\/cp.guindalera.madrid\/index.php\/author\/cuenta_cp-guindalera-madrid\/"},"rttpg_comment":0,"rttpg_category":false,"rttpg_excerpt":"CRITERIO COMPLEMENTARIO: Se ha acordado por el Consejo Escolar del centro no otorgar ning\u00fan punto adicional para la baremaci\u00f3n en el proceso deadmisi\u00f3n curso 2026\/2027 BAREMACI\u00d3N: Criterios prioritarios a. Hermanos matriculados en el centro. 1. En caso de que haya un hermano matriculado en el centro solicitado: 15 puntos. 2. En caso de que haya&hellip;","post_mailing_queue_ids":[],"_links":{"self":[{"href":"https:\/\/site.educa.madrid.org\/cp.guindalera.madrid\/index.php\/wp-json\/wp\/v2\/pages\/2287","targetHints":{"allow":["GET"]}}],"collection":[{"href":"https:\/\/site.educa.madrid.org\/cp.guindalera.madrid\/index.php\/wp-json\/wp\/v2\/pages"}],"about":[{"href":"https:\/\/site.educa.madrid.org\/cp.guindalera.madrid\/index.php\/wp-json\/wp\/v2\/types\/page"}],"author":[{"embeddable":true,"href":"https:\/\/site.educa.madrid.org\/cp.guindalera.madrid\/index.php\/wp-json\/wp\/v2\/users\/3"}],"replies":[{"embeddable":true,"href":"https:\/\/site.educa.madrid.org\/cp.guindalera.madrid\/index.php\/wp-json\/wp\/v2\/comments?post=2287"}],"version-history":[{"count":12,"href":"https:\/\/site.educa.madrid.org\/cp.guindalera.madrid\/index.php\/wp-json\/wp\/v2\/pages\/2287\/revisions"}],"predecessor-version":[{"id":3068,"href":"https:\/\/site.educa.madrid.org\/cp.guindalera.madrid\/index.php\/wp-json\/wp\/v2\/pages\/2287\/revisions\/3068"}],"up":[{"embeddable":true,"href":"https:\/\/site.educa.madrid.org\/cp.guindalera.madrid\/index.php\/wp-json\/wp\/v2\/pages\/2279"}],"wp:attachment":[{"href":"https:\/\/site.educa.madrid.org\/cp.guindalera.madrid\/index.php\/wp-json\/wp\/v2\/media?parent=2287"}],"wp:term":[{"taxonomy":"folder","embeddable":true,"href":"https:\/\/site.educa.madrid.org\/cp.guindalera.madrid\/index.php\/wp-json\/wp\/v2\/folder?post=2287"}],"curies":[{"name":"wp","href":"https:\/\/api.w.org\/{rel}","templated":true}]}}