{"id":2373,"date":"2025-03-07T06:50:33","date_gmt":"2025-03-07T05:50:33","guid":{"rendered":"https:\/\/site.educa.madrid.org\/cp.guindalera.madrid\/?page_id=2373"},"modified":"2026-02-26T06:36:52","modified_gmt":"2026-02-26T05:36:52","slug":"localizacion-del-centro","status":"publish","type":"page","link":"https:\/\/site.educa.madrid.org\/cp.guindalera.madrid\/index.php\/localizacion-del-centro\/","title":{"rendered":"\u00bfD\u00f3nde estamos?"},"content":{"rendered":"\n<p class=\"has-vivid-red-color has-text-color has-link-color wp-elements-c109dfb43b50c24c7cd8adb4f0d7e21b\" style=\"font-size:clamp(14px, 0.875rem + ((1vw - 3.2px) * 0.455), 18px);\"><\/p>\n\n\n\n<p class=\"has-black-color has-text-color has-link-color wp-elements-ec14f9ad232ff2a55929ea3b6eb14ae1\" style=\"font-size:clamp(14px, 0.875rem + ((1vw - 3.2px) * 0.341), 17px);\">El Colegio Guindalera est\u00e1 ubicado en la calle Boston n\u00ba 1, en el coraz\u00f3n del barrio de La Guindalera, en Madrid, en un entorno tranquilo y cercano, ideal para el desarrollo educativo de nuestro alumnado.<\/p>\n\n\n\n<p class=\"has-link-color wp-elements-908a0b58dfc1fb74377ff13224806c18\" style=\"font-size:clamp(14px, 0.875rem + ((1vw - 3.2px) * 0.341), 17px);\">Nuestro centro cuenta con una excelente comunicaci\u00f3n, lo que facilita el acceso diario de las familias desde distintos puntos de la ciudad.<\/p>\n\n\n\n<p class=\"has-link-color wp-elements-87f6f596d948b3d4c1159062fd57a132\" style=\"font-size:clamp(14px, 0.875rem + ((1vw - 3.2px) * 0.341), 17px);\"><strong>Metro:<\/strong><br>Las estaciones m\u00e1s pr\u00f3ximas son Parque de las Avenidas, Diego de Le\u00f3n y Avenida de Am\u00e9rica, todas ellas a pocos minutos a pie del colegio.<\/p>\n\n\n\n<p class=\"has-link-color wp-elements-d1031014b0cf95cd423ff1b214d043f3\" style=\"font-size:clamp(14px, 0.875rem + ((1vw - 3.2px) * 0.341), 17px);\"><strong>Autobuses urbanos (EMT):<\/strong><br>Varias l\u00edneas tienen parada en las inmediaciones del centro: 74, 53, 43, 1 y la L\u00ednea Circular.<\/p>\n\n\n\n<p class=\"has-black-color has-text-color has-link-color wp-elements-82dd4c8ad47a6d670c461f68362382f1\" style=\"font-size:clamp(14px, 0.875rem + ((1vw - 3.2px) * 0.341), 17px);\">Gracias a esta amplia red de transporte p\u00fablico, llegar al colegio resulta c\u00f3modo y sencillo.<\/p>\n\n\n\n<figure class=\"wp-block-image size-full\"><img loading=\"lazy\" decoding=\"async\" width=\"916\" height=\"465\" src=\"https:\/\/site.educa.madrid.org\/cp.guindalera.madrid\/\/wp-content\/uploads\/cp.guindalera.madrid\/2025\/03\/image.png\" alt=\"\" class=\"wp-image-2383\" srcset=\"https:\/\/site.educa.madrid.org\/cp.guindalera.madrid\/\/wp-content\/uploads\/cp.guindalera.madrid\/2025\/03\/image.png 916w, https:\/\/site.educa.madrid.org\/cp.guindalera.madrid\/\/wp-content\/uploads\/cp.guindalera.madrid\/2025\/03\/image-300x152.png 300w, https:\/\/site.educa.madrid.org\/cp.guindalera.madrid\/\/wp-content\/uploads\/cp.guindalera.madrid\/2025\/03\/image-768x390.png 768w\" sizes=\"auto, (max-width: 916px) 100vw, 916px\" \/><\/figure>\n\n\n\n<p><\/p>\n\n\n\n<p style=\"font-size:clamp(14px, 0.875rem + ((1vw - 3.2px) * 0.341), 17px);\"><\/p>\n\n\n\n<p class=\"has-medium-font-size\"><\/p>\n\n\n\n<p><\/p>\n","protected":false},"excerpt":{"rendered":"<p>El Colegio Guindalera est\u00e1 ubicado en la calle Boston n\u00ba 1, en el coraz\u00f3n del barrio de La Guindalera, en Madrid, en un entorno tranquilo y cercano, ideal para el desarrollo educativo de nuestro alumnado. Nuestro centro cuenta con una excelente comunicaci\u00f3n, lo que facilita el acceso diario de las familias desde distintos puntos de [&hellip;]<\/p>\n","protected":false},"author":3,"featured_media":0,"parent":0,"menu_order":0,"comment_status":"closed","ping_status":"closed","template":"","meta":{"footnotes":""},"folder":[],"class_list":["post-2373","page","type-page","status-publish","hentry"],"rttpg_featured_image_url":null,"rttpg_author":{"display_name":"cp.guindalera.madrid","author_link":"https:\/\/site.educa.madrid.org\/cp.guindalera.madrid\/index.php\/author\/cuenta_cp-guindalera-madrid\/"},"rttpg_comment":0,"rttpg_category":false,"rttpg_excerpt":"El Colegio Guindalera est\u00e1 ubicado en la calle Boston n\u00ba 1, en el coraz\u00f3n del barrio de La Guindalera, en Madrid, en un entorno tranquilo y cercano, ideal para el desarrollo educativo de nuestro alumnado. Nuestro centro cuenta con una excelente comunicaci\u00f3n, lo que facilita el acceso diario de las familias desde distintos puntos de&hellip;","post_mailing_queue_ids":[],"_links":{"self":[{"href":"https:\/\/site.educa.madrid.org\/cp.guindalera.madrid\/index.php\/wp-json\/wp\/v2\/pages\/2373","targetHints":{"allow":["GET"]}}],"collection":[{"href":"https:\/\/site.educa.madrid.org\/cp.guindalera.madrid\/index.php\/wp-json\/wp\/v2\/pages"}],"about":[{"href":"https:\/\/site.educa.madrid.org\/cp.guindalera.madrid\/index.php\/wp-json\/wp\/v2\/types\/page"}],"author":[{"embeddable":true,"href":"https:\/\/site.educa.madrid.org\/cp.guindalera.madrid\/index.php\/wp-json\/wp\/v2\/users\/3"}],"replies":[{"embeddable":true,"href":"https:\/\/site.educa.madrid.org\/cp.guindalera.madrid\/index.php\/wp-json\/wp\/v2\/comments?post=2373"}],"version-history":[{"count":12,"href":"https:\/\/site.educa.madrid.org\/cp.guindalera.madrid\/index.php\/wp-json\/wp\/v2\/pages\/2373\/revisions"}],"predecessor-version":[{"id":3223,"href":"https:\/\/site.educa.madrid.org\/cp.guindalera.madrid\/index.php\/wp-json\/wp\/v2\/pages\/2373\/revisions\/3223"}],"wp:attachment":[{"href":"https:\/\/site.educa.madrid.org\/cp.guindalera.madrid\/index.php\/wp-json\/wp\/v2\/media?parent=2373"}],"wp:term":[{"taxonomy":"folder","embeddable":true,"href":"https:\/\/site.educa.madrid.org\/cp.guindalera.madrid\/index.php\/wp-json\/wp\/v2\/folder?post=2373"}],"curies":[{"name":"wp","href":"https:\/\/api.w.org\/{rel}","templated":true}]}}