{"id":239,"date":"2020-10-14T10:18:49","date_gmt":"2020-10-14T08:18:49","guid":{"rendered":"https:\/\/site.educa.madrid.org\/cp.guindalera.madrid\/?page_id=239"},"modified":"2026-01-12T12:39:50","modified_gmt":"2026-01-12T11:39:50","slug":"libros-de-texto","status":"publish","type":"page","link":"https:\/\/site.educa.madrid.org\/cp.guindalera.madrid\/index.php\/secretaria\/libros-de-texto\/","title":{"rendered":"Libros de texto y material alumnado"},"content":{"rendered":"\n<h2 class=\"wp-block-heading\">Curso 2025-26<\/h2>\n\n\n\n<h3 class=\"wp-block-heading\">Libros de texto <\/h3>\n\n\n\n<p>Educaci\u00f3n Infantil <a href=\"https:\/\/site.educa.madrid.org\/cp.guindalera.madrid\/\/wp-content\/uploads\/cp.guindalera.madrid\/2025\/09\/LIBROS-TEXTO-INFANTIL.pdf\">Descarga<\/a> <\/p>\n\n\n\n<p>Ed. Primaria <a href=\"https:\/\/site.educa.madrid.org\/cp.guindalera.madrid\/\/wp-content\/uploads\/cp.guindalera.madrid\/2026\/01\/LIBROS-TEXTO-INF-PRI.pdf\">Descarga<\/a><\/p>\n\n\n\n<p>Ed.Secundaria <a href=\"https:\/\/site.educa.madrid.org\/cp.guindalera.madrid\/\/wp-content\/uploads\/cp.guindalera.madrid\/2026\/01\/LIBROS-TEXTO-1o-ESO.pdf\">Descarga<\/a><\/p>\n\n\n\n<p>Instrucciones adquisici\u00f3n material matem\u00e1ticas infantil 3 a\u00f1os <a href=\"https:\/\/site.educa.madrid.org\/cp.guindalera.madrid\/\/wp-content\/uploads\/cp.guindalera.madrid\/2025\/07\/MATERIAL-MATEMATICAS-3_anos.pdf\">Descarga<\/a><\/p>\n\n\n\n<p>Instrucciones adquisici\u00f3n material matem\u00e1ticas infantil 4 a\u00f1os <a href=\"https:\/\/site.educa.madrid.org\/cp.guindalera.madrid\/\/wp-content\/uploads\/cp.guindalera.madrid\/2025\/07\/MATERIAL-MATEMATICAS-4_anos.pdf\">Descarga<\/a><\/p>\n\n\n\n<p>Instrucciones adquisici\u00f3n material matem\u00e1ticas infantil 5 a\u00f1os <a href=\"https:\/\/site.educa.madrid.org\/cp.guindalera.madrid\/\/wp-content\/uploads\/cp.guindalera.madrid\/2025\/07\/MATERIAL-MATEMATICAS-5_anos.pdf\">Descarga<\/a><\/p>\n\n\n\n<p>Instrucciones adquisici\u00f3n material ingl\u00e9s infantil  <a href=\"https:\/\/site.educa.madrid.org\/cp.guindalera.madrid\/\/wp-content\/uploads\/cp.guindalera.madrid\/2025\/07\/MATERIAL-INGLES-INFANTIL.pdf\">Descarga<\/a><\/p>\n\n\n\n<p><\/p>\n\n\n\n<div style=\"height:30px\" aria-hidden=\"true\" class=\"wp-block-spacer\"><\/div>\n\n\n\n<h3 class=\"wp-block-heading\">Material alumnado Ed.Primaria<\/h3>\n\n\n\n<p>Listado de material del alumno Ed.Primaria <a href=\"https:\/\/site.educa.madrid.org\/cp.guindalera.madrid\/\/wp-content\/uploads\/cp.guindalera.madrid\/2025\/07\/MATERIAL-ALUMNOS-2025-2026.pdf\">Descarga<\/a><\/p>\n\n\n\n<p><\/p>\n","protected":false},"excerpt":{"rendered":"<p>Curso 2025-26 Libros de texto Educaci\u00f3n Infantil Descarga Ed. Primaria Descarga Ed.Secundaria Descarga Instrucciones adquisici\u00f3n material matem\u00e1ticas infantil 3 a\u00f1os Descarga Instrucciones adquisici\u00f3n material matem\u00e1ticas infantil 4 a\u00f1os Descarga Instrucciones adquisici\u00f3n material matem\u00e1ticas infantil 5 a\u00f1os Descarga Instrucciones adquisici\u00f3n material ingl\u00e9s infantil Descarga Material alumnado Ed.Primaria Listado de material del alumno Ed.Primaria Descarga<\/p>\n","protected":false},"author":3,"featured_media":0,"parent":108,"menu_order":3,"comment_status":"closed","ping_status":"closed","template":"","meta":{"footnotes":""},"folder":[],"class_list":["post-239","page","type-page","status-publish","hentry"],"rttpg_featured_image_url":null,"rttpg_author":{"display_name":"cp.guindalera.madrid","author_link":"https:\/\/site.educa.madrid.org\/cp.guindalera.madrid\/index.php\/author\/cuenta_cp-guindalera-madrid\/"},"rttpg_comment":0,"rttpg_category":false,"rttpg_excerpt":"Curso 2025-26 Libros de texto Educaci\u00f3n Infantil Descarga Ed. Primaria Descarga Ed.Secundaria Descarga Instrucciones adquisici\u00f3n material matem\u00e1ticas infantil 3 a\u00f1os Descarga Instrucciones adquisici\u00f3n material matem\u00e1ticas infantil 4 a\u00f1os Descarga Instrucciones adquisici\u00f3n material matem\u00e1ticas infantil 5 a\u00f1os Descarga Instrucciones adquisici\u00f3n material ingl\u00e9s infantil Descarga Material alumnado Ed.Primaria Listado de material del alumno Ed.Primaria Descarga","post_mailing_queue_ids":[],"_links":{"self":[{"href":"https:\/\/site.educa.madrid.org\/cp.guindalera.madrid\/index.php\/wp-json\/wp\/v2\/pages\/239","targetHints":{"allow":["GET"]}}],"collection":[{"href":"https:\/\/site.educa.madrid.org\/cp.guindalera.madrid\/index.php\/wp-json\/wp\/v2\/pages"}],"about":[{"href":"https:\/\/site.educa.madrid.org\/cp.guindalera.madrid\/index.php\/wp-json\/wp\/v2\/types\/page"}],"author":[{"embeddable":true,"href":"https:\/\/site.educa.madrid.org\/cp.guindalera.madrid\/index.php\/wp-json\/wp\/v2\/users\/3"}],"replies":[{"embeddable":true,"href":"https:\/\/site.educa.madrid.org\/cp.guindalera.madrid\/index.php\/wp-json\/wp\/v2\/comments?post=239"}],"version-history":[{"count":23,"href":"https:\/\/site.educa.madrid.org\/cp.guindalera.madrid\/index.php\/wp-json\/wp\/v2\/pages\/239\/revisions"}],"predecessor-version":[{"id":2894,"href":"https:\/\/site.educa.madrid.org\/cp.guindalera.madrid\/index.php\/wp-json\/wp\/v2\/pages\/239\/revisions\/2894"}],"up":[{"embeddable":true,"href":"https:\/\/site.educa.madrid.org\/cp.guindalera.madrid\/index.php\/wp-json\/wp\/v2\/pages\/108"}],"wp:attachment":[{"href":"https:\/\/site.educa.madrid.org\/cp.guindalera.madrid\/index.php\/wp-json\/wp\/v2\/media?parent=239"}],"wp:term":[{"taxonomy":"folder","embeddable":true,"href":"https:\/\/site.educa.madrid.org\/cp.guindalera.madrid\/index.php\/wp-json\/wp\/v2\/folder?post=239"}],"curies":[{"name":"wp","href":"https:\/\/api.w.org\/{rel}","templated":true}]}}