{"id":262,"date":"2020-10-14T10:35:49","date_gmt":"2020-10-14T10:35:49","guid":{"rendered":"https:\/\/site.educa.madrid.org\/cp.guindalera.madrid\/?page_id=262"},"modified":"2026-02-26T06:24:27","modified_gmt":"2026-02-26T05:24:27","slug":"el-centro","status":"publish","type":"page","link":"https:\/\/site.educa.madrid.org\/cp.guindalera.madrid\/index.php\/el-centro\/","title":{"rendered":"El centro"},"content":{"rendered":"\n<h2 class=\"wp-block-heading\">Nuestra historia<\/h2>\n\n\n\n<p>El CEIPSO Guindalera toma su nombre del emblem\u00e1tico barrio en el que se encuentra, un lugar con historia y tradici\u00f3n propias.<\/p>\n\n\n\n<p>Cuenta la leyenda que, a comienzos del siglo XIX, esta zona estaba atravesada por el arroyo Abro\u00f1igal \u2014que hoy discurre bajo la actual M-30\u2014 y rodeada de extensas plantaciones de guindos.<\/p>\n\n\n\n<p>En aquellos terrenos, donde hoy se alza nuestro colegio, se encontraban las huertas de un vecino conocido popularmente como \u201cDon Guindo\u201d. Sus cultivos abastec\u00edan a varios conventos de la zona, donde las guindas se maceraban en alm\u00edbar o aguardiente, y se utilizaban tambi\u00e9n para la elaboraci\u00f3n de deliciosas compotas.<\/p>\n\n\n\n<p>Con el tiempo, aquellas tierras pasaron a conocerse como la \u00abHuerta de Don Guindo\u00bb y, posteriormente, el entorno adopt\u00f3 el nombre de \u00abLa Guindalera\u00bb, denominaci\u00f3n que ha llegado hasta nuestros d\u00edas y que forma parte de nuestra identidad.<\/p>\n\n\n\n<figure class=\"wp-block-gallery has-nested-images columns-4 is-cropped wp-block-gallery-1 is-layout-flex wp-block-gallery-is-layout-flex\">\n<figure class=\"wp-block-image size-large\"><img loading=\"lazy\" decoding=\"async\" width=\"450\" height=\"600\" data-id=\"284\" src=\"https:\/\/site.educa.madrid.org\/cp.guindalera.madrid\/\/wp-content\/uploads\/cp.guindalera.madrid\/2020\/10\/guindo1.jpg\" alt=\"\" class=\"wp-image-284\" srcset=\"https:\/\/site.educa.madrid.org\/cp.guindalera.madrid\/\/wp-content\/uploads\/cp.guindalera.madrid\/2020\/10\/guindo1.jpg 450w, https:\/\/site.educa.madrid.org\/cp.guindalera.madrid\/\/wp-content\/uploads\/cp.guindalera.madrid\/2020\/10\/guindo1-225x300.jpg 225w\" sizes=\"auto, (max-width: 450px) 100vw, 450px\" \/><\/figure>\n\n\n\n<figure class=\"wp-block-image size-large\"><img loading=\"lazy\" decoding=\"async\" width=\"450\" height=\"600\" data-id=\"285\" src=\"https:\/\/site.educa.madrid.org\/cp.guindalera.madrid\/\/wp-content\/uploads\/cp.guindalera.madrid\/2020\/10\/guindo2.jpg\" alt=\"\" class=\"wp-image-285\" srcset=\"https:\/\/site.educa.madrid.org\/cp.guindalera.madrid\/\/wp-content\/uploads\/cp.guindalera.madrid\/2020\/10\/guindo2.jpg 450w, https:\/\/site.educa.madrid.org\/cp.guindalera.madrid\/\/wp-content\/uploads\/cp.guindalera.madrid\/2020\/10\/guindo2-225x300.jpg 225w\" sizes=\"auto, (max-width: 450px) 100vw, 450px\" \/><\/figure>\n\n\n\n<figure class=\"wp-block-image size-large\"><img loading=\"lazy\" decoding=\"async\" width=\"450\" height=\"600\" data-id=\"286\" src=\"https:\/\/site.educa.madrid.org\/cp.guindalera.madrid\/\/wp-content\/uploads\/cp.guindalera.madrid\/2020\/10\/guindo3.jpg\" alt=\"\" class=\"wp-image-286\" srcset=\"https:\/\/site.educa.madrid.org\/cp.guindalera.madrid\/\/wp-content\/uploads\/cp.guindalera.madrid\/2020\/10\/guindo3.jpg 450w, https:\/\/site.educa.madrid.org\/cp.guindalera.madrid\/\/wp-content\/uploads\/cp.guindalera.madrid\/2020\/10\/guindo3-225x300.jpg 225w\" sizes=\"auto, (max-width: 450px) 100vw, 450px\" \/><\/figure>\n\n\n\n<figure class=\"wp-block-image size-large\"><img loading=\"lazy\" decoding=\"async\" width=\"450\" height=\"600\" data-id=\"287\" src=\"https:\/\/site.educa.madrid.org\/cp.guindalera.madrid\/\/wp-content\/uploads\/cp.guindalera.madrid\/2020\/10\/guindo4-1.jpg\" alt=\"\" class=\"wp-image-287\" srcset=\"https:\/\/site.educa.madrid.org\/cp.guindalera.madrid\/\/wp-content\/uploads\/cp.guindalera.madrid\/2020\/10\/guindo4-1.jpg 450w, https:\/\/site.educa.madrid.org\/cp.guindalera.madrid\/\/wp-content\/uploads\/cp.guindalera.madrid\/2020\/10\/guindo4-1-225x300.jpg 225w\" sizes=\"auto, (max-width: 450px) 100vw, 450px\" \/><\/figure>\n<\/figure>\n\n\n\n<div style=\"height:30px\" aria-hidden=\"true\" class=\"wp-block-spacer\"><\/div>\n\n\n<style type='text\/css' media='all'>#rt-tpg-container-4202342998 .rt-holder .rt-woo-info .price{color:#197050;}body .rt-tpg-container .rt-tpg-isotope-buttons .selected,\n\t\t\t\t\t#rt-tpg-container-4202342998 .layout12 .rt-holder:hover .rt-detail,\n\t\t\t\t\t#rt-tpg-container-4202342998 .isotope8 .rt-holder:hover .rt-detail,\n\t\t\t\t\t#rt-tpg-container-4202342998 .carousel8 .rt-holder:hover .rt-detail,\n\t\t\t\t\t#rt-tpg-container-4202342998 .layout13 .rt-holder .overlay .post-info,\n\t\t\t\t\t#rt-tpg-container-4202342998 .isotope9 .rt-holder .overlay .post-info,\n\t\t\t\t\t#rt-tpg-container-4202342998.rt-tpg-container .layout4 .rt-holder .rt-detail,\n\t\t\t\t\t.rt-modal-4202342998 .md-content,\n\t\t\t\t\t.rt-modal-4202342998 .md-content > .rt-md-content-holder .rt-md-content,\n\t\t\t\t\t.rt-popup-wrap-4202342998.rt-popup-wrap .rt-popup-navigation-wrap,\n\t\t\t\t\t#rt-tpg-container-4202342998 .carousel9 .rt-holder .overlay .post-info{background-color:#197050;}#rt-tpg-container-4202342998 .layout5 .rt-holder .overlay, #rt-tpg-container-4202342998 .isotope2 .rt-holder .overlay, #rt-tpg-container-4202342998 .carousel2 .rt-holder .overlay,#rt-tpg-container-4202342998 .layout15 .rt-holder h3, #rt-tpg-container-4202342998 .isotope11 .rt-holder h3, #rt-tpg-container-4202342998 .carousel11 .rt-holder h3, #rt-tpg-container-4202342998 .layout16 .rt-holder h3,\n\t\t\t\t\t#rt-tpg-container-4202342998 .isotope12 .rt-holder h3, #rt-tpg-container-4202342998 .carousel12 .rt-holder h3 {background-color:rgba(25,112,80,0.8);}#rt-tpg-container-4202342998 .pagination-list li a,\n\t\t\t\t\trt-tpg-container-4202342998 .pagination-list li span,\n\t\t\t\t\trt-tpg-container-4202342998 .pagination li a,\n\t\t\t\t\t#rt-tpg-container-4202342998 .rt-tpg-isotope-buttons button,\n\t\t\t\t\t#rt-tpg-container-4202342998 .rt-tpg-utility .rt-tpg-load-more button,\n\t\t\t\t\t#rt-tpg-container-4202342998.rt-tpg-container .swiper-navigation .slider-btn,\n\t\t\t\t\t#rt-tpg-container-4202342998.rt-tpg-container .swiper-pagination-bullet,\n\t\t\t\t\t#rt-tpg-container-4202342998 .wc1 .rt-holder .rt-img-holder .overlay .product-more ul li a,\n\t\t\t\t\t#rt-tpg-container-4202342998 .wc2 .rt-detail .rt-wc-add-to-cart,\n\t\t\t\t\t#rt-tpg-container-4202342998 .wc3 .rt-detail .rt-wc-add-to-cart,\n\t\t\t\t\t#rt-tpg-container-4202342998 .wc4 .rt-detail .rt-wc-add-to-cart,\n\t\t\t\t\t#rt-tpg-container-4202342998 .wc-carousel2 .rt-detail .rt-wc-add-to-cart,\n\t\t\t\t\t#rt-tpg-container-4202342998 .wc-isotope2 .rt-detail .rt-wc-add-to-cart,\n\t\t\t\t\t#rt-tpg-container-4202342998 .rt-layout-filter-container .rt-filter-wrap .rt-filter-item-wrap.rt-filter-dropdown-wrap .rt-filter-dropdown,\n\t\t\t\t\t#rt-tpg-container-4202342998 .rt-layout-filter-container .rt-filter-sub-tax.sub-button-group .rt-filter-button-item,\n\t\t\t\t\t#rt-tpg-container-4202342998.rt-tpg-container .rt-pagination-wrap .rt-page-numbers .paginationjs .paginationjs-pages ul li>a,\n\t\t\t\t\t#rt-tpg-container-4202342998 .rt-filter-item-wrap.rt-filter-button-wrap span.rt-filter-button-item,\n\t\t\t\t\t#rt-tpg-container-4202342998.rt-tpg-container .rt-pagination-wrap  .rt-loadmore-btn,\n\t\t\t\t\t#rt-tpg-container-4202342998.rt-tpg-container .rt-pagination-wrap .rt-cb-page-prev-next > *,\n\t\t\t\t\t#rt-tpg-container-4202342998 .rt-read-more,\n\t\t\t\t\t#rt-tooltip-4202342998, #rt-tooltip-4202342998 .rt-tooltip-bottom:after{background-color:#197050;}#rt-tpg-container-4202342998 .rt-filter-item-wrap.rt-filter-button-wrap span.rt-filter-button-item,\n\t\t\t\t\t#rt-tpg-container-4202342998 .rt-layout-filter-container .rt-filter-sub-tax.sub-button-group .rt-filter-button-item{border-color:#197050;}#rt-tpg-container-4202342998.rt-tpg-container .layout17 .rt-holder .overlay a.tpg-zoom .fa{color:#197050;}#rt-tpg-container-4202342998 .rt-holder .read-more a {background-color:#197050;padding: 8px 15px;}#rt-tpg-container-4202342998 .read-more a{border-radius:px;}#rt-tpg-container-4202342998 .rt-img-holder img.rt-img-responsive,#rt-tpg-container-4202342998 .rt-img-holder,\n\t\t\t\t\t#rt-tpg-container-4202342998 .rt-post-overlay .post-img,\n\t\t\t\t\t#rt-tpg-container-4202342998 .post-sm .post-img,\n\t\t\t\t\t#rt-tpg-container-4202342998 .rt-post-grid .post-img,\n\t\t\t\t\t#rt-tpg-container-4202342998 .post-img img {border-radius:px;}<\/style><div class='rt-container-fluid rt-tpg-container tpg-shortcode-main-wrapper ' id='rt-tpg-container-4202342998'   data-layout='layout1' data-grid-style='even' data-desktop-col='2'  data-tab-col='2'  data-mobile-col='1' data-sc-id='297'><div data-title='Loading ...' class='rt-row rt-content-loader   layout1 tpg-even '><div class=\"rt-col-md-6 rt-col-sm-6 rt-col-xs-12 even-grid-item rt-grid-item\" data-id=\"1769\"><div class=\"rt-holder\"><div class='rt-detail'><h3 class=\"entry-title\"><a data-id=\"1769\" class=\"\" href=\"https:\/\/site.educa.madrid.org\/cp.guindalera.madrid\/index.php\/el-centro\/nuestro-centro\/\">\u00bfQui\u00e9nes somos?<\/a><\/h3><div class='post-meta '><span class='read-more'><a data-id='1769' class='' href='https:\/\/site.educa.madrid.org\/cp.guindalera.madrid\/index.php\/el-centro\/nuestro-centro\/'>Leer m\u00e1s<\/a><\/span><\/div><\/div><\/div><\/div><div class=\"rt-col-md-6 rt-col-sm-6 rt-col-xs-12 even-grid-item rt-grid-item\" data-id=\"289\"><div class=\"rt-holder\"><div class='rt-detail'><h3 class=\"entry-title\"><a data-id=\"289\" class=\"\" href=\"https:\/\/site.educa.madrid.org\/cp.guindalera.madrid\/index.php\/el-centro\/horario-del-centro\/\">Jornada y Horario del centro<\/a><\/h3><div class='post-meta '><span class='read-more'><a data-id='289' class='' href='https:\/\/site.educa.madrid.org\/cp.guindalera.madrid\/index.php\/el-centro\/horario-del-centro\/'>Leer m\u00e1s<\/a><\/span><\/div><\/div><\/div><\/div><div class=\"rt-col-md-6 rt-col-sm-6 rt-col-xs-12 even-grid-item rt-grid-item\" data-id=\"293\"><div class=\"rt-holder\"><div class='rt-detail'><h3 class=\"entry-title\"><a data-id=\"293\" class=\"\" href=\"https:\/\/site.educa.madrid.org\/cp.guindalera.madrid\/index.php\/el-centro\/contacto\/\">Contacto<\/a><\/h3><div class='post-meta '><span class='read-more'><a data-id='293' class='' href='https:\/\/site.educa.madrid.org\/cp.guindalera.madrid\/index.php\/el-centro\/contacto\/'>Leer m\u00e1s<\/a><\/span><\/div><\/div><\/div><\/div><div class=\"rt-col-md-6 rt-col-sm-6 rt-col-xs-12 even-grid-item rt-grid-item\" data-id=\"1814\"><div class=\"rt-holder\"><div class='rt-detail'><h3 class=\"entry-title\"><a data-id=\"1814\" class=\"\" href=\"https:\/\/site.educa.madrid.org\/cp.guindalera.madrid\/index.php\/el-centro\/equipo-directivo\/\">Equipo directivo<\/a><\/h3><div class='post-meta '><span class='read-more'><a data-id='1814' class='' href='https:\/\/site.educa.madrid.org\/cp.guindalera.madrid\/index.php\/el-centro\/equipo-directivo\/'>Leer m\u00e1s<\/a><\/span><\/div><\/div><\/div><\/div><div class=\"rt-col-md-6 rt-col-sm-6 rt-col-xs-12 even-grid-item rt-grid-item\" data-id=\"1818\"><div class=\"rt-holder\"><div class='rt-detail'><h3 class=\"entry-title\"><a data-id=\"1818\" class=\"\" href=\"https:\/\/site.educa.madrid.org\/cp.guindalera.madrid\/index.php\/el-centro\/plantilla-guindalera\/\">Profesorado<\/a><\/h3><div class='post-meta '><span class='read-more'><a data-id='1818' class='' href='https:\/\/site.educa.madrid.org\/cp.guindalera.madrid\/index.php\/el-centro\/plantilla-guindalera\/'>Leer m\u00e1s<\/a><\/span><\/div><\/div><\/div><\/div><\/div><\/div>\n","protected":false},"excerpt":{"rendered":"<p>El CEIP Guindalera debe su nombre al del barrio en que  se encuentra.<\/p>\n","protected":false},"author":3,"featured_media":229,"parent":0,"menu_order":0,"comment_status":"closed","ping_status":"closed","template":"","meta":{"footnotes":""},"folder":[],"class_list":["post-262","page","type-page","status-publish","has-post-thumbnail","hentry"],"rttpg_featured_image_url":{"full":["https:\/\/site.educa.madrid.org\/cp.guindalera.madrid\/\/wp-content\/uploads\/cp.guindalera.madrid\/2020\/10\/educaion-primaria-patio2.jpg",800,600,false],"landscape":["https:\/\/site.educa.madrid.org\/cp.guindalera.madrid\/\/wp-content\/uploads\/cp.guindalera.madrid\/2020\/10\/educaion-primaria-patio2.jpg",800,600,false],"portraits":["https:\/\/site.educa.madrid.org\/cp.guindalera.madrid\/\/wp-content\/uploads\/cp.guindalera.madrid\/2020\/10\/educaion-primaria-patio2.jpg",800,600,false],"thumbnail":["https:\/\/site.educa.madrid.org\/cp.guindalera.madrid\/\/wp-content\/uploads\/cp.guindalera.madrid\/2020\/10\/educaion-primaria-patio2-150x150.jpg",150,150,true],"medium":["https:\/\/site.educa.madrid.org\/cp.guindalera.madrid\/\/wp-content\/uploads\/cp.guindalera.madrid\/2020\/10\/educaion-primaria-patio2-300x225.jpg",300,225,true],"large":["https:\/\/site.educa.madrid.org\/cp.guindalera.madrid\/\/wp-content\/uploads\/cp.guindalera.madrid\/2020\/10\/educaion-primaria-patio2.jpg",640,480,false],"thumblist":["https:\/\/site.educa.madrid.org\/cp.guindalera.madrid\/\/wp-content\/uploads\/cp.guindalera.madrid\/2020\/10\/educaion-primaria-patio2.jpg",300,225,false],"thumbrelated":["https:\/\/site.educa.madrid.org\/cp.guindalera.madrid\/\/wp-content\/uploads\/cp.guindalera.madrid\/2020\/10\/educaion-primaria-patio2.jpg",500,375,false],"meccarouselthumb":["https:\/\/site.educa.madrid.org\/cp.guindalera.madrid\/\/wp-content\/uploads\/cp.guindalera.madrid\/2020\/10\/educaion-primaria-patio2.jpg",432,324,false],"gridsquare":["https:\/\/site.educa.madrid.org\/cp.guindalera.madrid\/\/wp-content\/uploads\/cp.guindalera.madrid\/2020\/10\/educaion-primaria-patio2.jpg",347,260,false],"tileview":["https:\/\/site.educa.madrid.org\/cp.guindalera.madrid\/\/wp-content\/uploads\/cp.guindalera.madrid\/2020\/10\/educaion-primaria-patio2.jpg",300,225,false],"1536x1536":["https:\/\/site.educa.madrid.org\/cp.guindalera.madrid\/\/wp-content\/uploads\/cp.guindalera.madrid\/2020\/10\/educaion-primaria-patio2.jpg",800,600,false],"2048x2048":["https:\/\/site.educa.madrid.org\/cp.guindalera.madrid\/\/wp-content\/uploads\/cp.guindalera.madrid\/2020\/10\/educaion-primaria-patio2.jpg",800,600,false],"total-portfolio-thumb":["https:\/\/site.educa.madrid.org\/cp.guindalera.madrid\/\/wp-content\/uploads\/cp.guindalera.madrid\/2020\/10\/educaion-primaria-patio2-400x400.jpg",400,400,true],"total-team-thumb":["https:\/\/site.educa.madrid.org\/cp.guindalera.madrid\/\/wp-content\/uploads\/cp.guindalera.madrid\/2020\/10\/educaion-primaria-patio2-350x420.jpg",350,420,true],"total-blog-thumb":["https:\/\/site.educa.madrid.org\/cp.guindalera.madrid\/\/wp-content\/uploads\/cp.guindalera.madrid\/2020\/10\/educaion-primaria-patio2-400x280.jpg",400,280,true],"total-thumb":["https:\/\/site.educa.madrid.org\/cp.guindalera.madrid\/\/wp-content\/uploads\/cp.guindalera.madrid\/2020\/10\/educaion-primaria-patio2-100x100.jpg",100,100,true],"total-blog-header":["https:\/\/site.educa.madrid.org\/cp.guindalera.madrid\/\/wp-content\/uploads\/cp.guindalera.madrid\/2020\/10\/educaion-primaria-patio2-720x360.jpg",720,360,true],"sow-carousel-default":["https:\/\/site.educa.madrid.org\/cp.guindalera.madrid\/\/wp-content\/uploads\/cp.guindalera.madrid\/2020\/10\/educaion-primaria-patio2.jpg",243,182,false],"sow-post-carousel-overlay-theme":["https:\/\/site.educa.madrid.org\/cp.guindalera.madrid\/\/wp-content\/uploads\/cp.guindalera.madrid\/2020\/10\/educaion-primaria-patio2.jpg",360,270,false],"sow-post-carousel-cards-theme":["https:\/\/site.educa.madrid.org\/cp.guindalera.madrid\/\/wp-content\/uploads\/cp.guindalera.madrid\/2020\/10\/educaion-primaria-patio2.jpg",320,240,false],"rt_custom":["https:\/\/site.educa.madrid.org\/cp.guindalera.madrid\/\/wp-content\/uploads\/cp.guindalera.madrid\/2020\/10\/educaion-primaria-patio2.jpg",800,600,false]},"rttpg_author":{"display_name":"cp.guindalera.madrid","author_link":"https:\/\/site.educa.madrid.org\/cp.guindalera.madrid\/index.php\/author\/cuenta_cp-guindalera-madrid\/"},"rttpg_comment":0,"rttpg_category":false,"rttpg_excerpt":"El CEIP Guindalera debe su nombre al del barrio en que se encuentra.","post_mailing_queue_ids":[],"_links":{"self":[{"href":"https:\/\/site.educa.madrid.org\/cp.guindalera.madrid\/index.php\/wp-json\/wp\/v2\/pages\/262","targetHints":{"allow":["GET"]}}],"collection":[{"href":"https:\/\/site.educa.madrid.org\/cp.guindalera.madrid\/index.php\/wp-json\/wp\/v2\/pages"}],"about":[{"href":"https:\/\/site.educa.madrid.org\/cp.guindalera.madrid\/index.php\/wp-json\/wp\/v2\/types\/page"}],"author":[{"embeddable":true,"href":"https:\/\/site.educa.madrid.org\/cp.guindalera.madrid\/index.php\/wp-json\/wp\/v2\/users\/3"}],"replies":[{"embeddable":true,"href":"https:\/\/site.educa.madrid.org\/cp.guindalera.madrid\/index.php\/wp-json\/wp\/v2\/comments?post=262"}],"version-history":[{"count":10,"href":"https:\/\/site.educa.madrid.org\/cp.guindalera.madrid\/index.php\/wp-json\/wp\/v2\/pages\/262\/revisions"}],"predecessor-version":[{"id":3215,"href":"https:\/\/site.educa.madrid.org\/cp.guindalera.madrid\/index.php\/wp-json\/wp\/v2\/pages\/262\/revisions\/3215"}],"wp:featuredmedia":[{"embeddable":true,"href":"https:\/\/site.educa.madrid.org\/cp.guindalera.madrid\/index.php\/wp-json\/wp\/v2\/media\/229"}],"wp:attachment":[{"href":"https:\/\/site.educa.madrid.org\/cp.guindalera.madrid\/index.php\/wp-json\/wp\/v2\/media?parent=262"}],"wp:term":[{"taxonomy":"folder","embeddable":true,"href":"https:\/\/site.educa.madrid.org\/cp.guindalera.madrid\/index.php\/wp-json\/wp\/v2\/folder?post=262"}],"curies":[{"name":"wp","href":"https:\/\/api.w.org\/{rel}","templated":true}]}}