{"id":293,"date":"2020-10-14T11:05:03","date_gmt":"2020-10-14T09:05:03","guid":{"rendered":"https:\/\/site.educa.madrid.org\/cp.guindalera.madrid\/?page_id=293"},"modified":"2026-02-06T12:23:56","modified_gmt":"2026-02-06T11:23:56","slug":"contacto","status":"publish","type":"page","link":"https:\/\/site.educa.madrid.org\/cp.guindalera.madrid\/index.php\/el-centro\/contacto\/","title":{"rendered":"Contacto"},"content":{"rendered":"\n<h3 class=\"wp-block-heading\">Por tel\u00e9fono<\/h3>\n\n\n\n<ul>\n<li><strong>Colegio<\/strong><br>\nTel: 917 252 437<\/li>\n<li><strong>AMPA<\/strong><br>\nTel: 913 613 989<\/li>\n<\/ul>\n\n\n\n<h3 class=\"wp-block-heading\">Por correo electr\u00f3nico<\/h3>\n\n\n\n<ul>\n<li><p><strong>General: <\/strong><a href=\"mailto:cp.guindalera.madrid@educa.madrid.org\">cp.guindalera.madrid@educa.madrid.org<\/a><\/p><\/li>\n<li><p><strong>Secretar\u00eda: <\/strong><\/><a href=\"mailto:secretaria.cp.guindalera.madrid@educa.madrid.org\">secretaria.cp.guindalera.madrid@educa.madrid.org<\/a><\/p><\/li>\n<\/ul>\n\n\n\n<h3 class=\"wp-block-heading\">Ven a vernos<\/h3>\n\n\n\n<iframe loading=\"lazy\" src=\"https:\/\/www.google.com\/maps\/embed?pb=!1m14!1m8!1m3!1d6073.466970795068!2d-3.6670099999999994!3d40.4369!3m2!1i1024!2i768!4f13.1!3m3!1m2!1s0x0%3A0x59b2e2f48fe90b1f!2sColegio%20P%C3%BAblico%20Guindalera!5e0!3m2!1ses!2ses!4v1602673416433!5m2!1ses!2ses\" style=\"border:0; margin-bottom:15px\" allowfullscreen=\"\" aria-hidden=\"false\" tabindex=\"0\" width=\"100%\" height=\"450\" frameborder=\"0\"><\/iframe>\n\n\n\n<h3 class=\"wp-block-heading\"><\/h3>\n","protected":false},"excerpt":{"rendered":"<p>Por tel\u00e9fono Colegio Tel: 917 252 437 AMPA Tel: 913 613 989 Por correo electr\u00f3nico General: cp.guindalera.madrid@educa.madrid.org Secretar\u00eda: secretaria.cp.guindalera.madrid@educa.madrid.org Ven a vernos<\/p>\n","protected":false},"author":3,"featured_media":0,"parent":262,"menu_order":4,"comment_status":"closed","ping_status":"closed","template":"","meta":{"footnotes":""},"folder":[],"class_list":["post-293","page","type-page","status-publish","hentry"],"rttpg_featured_image_url":null,"rttpg_author":{"display_name":"cp.guindalera.madrid","author_link":"https:\/\/site.educa.madrid.org\/cp.guindalera.madrid\/index.php\/author\/cuenta_cp-guindalera-madrid\/"},"rttpg_comment":0,"rttpg_category":false,"rttpg_excerpt":"Por tel\u00e9fono Colegio Tel: 917 252 437 AMPA Tel: 913 613 989 Por correo electr\u00f3nico General: cp.guindalera.madrid@educa.madrid.org Secretar\u00eda: secretaria.cp.guindalera.madrid@educa.madrid.org Ven a vernos","post_mailing_queue_ids":[],"_links":{"self":[{"href":"https:\/\/site.educa.madrid.org\/cp.guindalera.madrid\/index.php\/wp-json\/wp\/v2\/pages\/293","targetHints":{"allow":["GET"]}}],"collection":[{"href":"https:\/\/site.educa.madrid.org\/cp.guindalera.madrid\/index.php\/wp-json\/wp\/v2\/pages"}],"about":[{"href":"https:\/\/site.educa.madrid.org\/cp.guindalera.madrid\/index.php\/wp-json\/wp\/v2\/types\/page"}],"author":[{"embeddable":true,"href":"https:\/\/site.educa.madrid.org\/cp.guindalera.madrid\/index.php\/wp-json\/wp\/v2\/users\/3"}],"replies":[{"embeddable":true,"href":"https:\/\/site.educa.madrid.org\/cp.guindalera.madrid\/index.php\/wp-json\/wp\/v2\/comments?post=293"}],"version-history":[{"count":5,"href":"https:\/\/site.educa.madrid.org\/cp.guindalera.madrid\/index.php\/wp-json\/wp\/v2\/pages\/293\/revisions"}],"predecessor-version":[{"id":3050,"href":"https:\/\/site.educa.madrid.org\/cp.guindalera.madrid\/index.php\/wp-json\/wp\/v2\/pages\/293\/revisions\/3050"}],"up":[{"embeddable":true,"href":"https:\/\/site.educa.madrid.org\/cp.guindalera.madrid\/index.php\/wp-json\/wp\/v2\/pages\/262"}],"wp:attachment":[{"href":"https:\/\/site.educa.madrid.org\/cp.guindalera.madrid\/index.php\/wp-json\/wp\/v2\/media?parent=293"}],"wp:term":[{"taxonomy":"folder","embeddable":true,"href":"https:\/\/site.educa.madrid.org\/cp.guindalera.madrid\/index.php\/wp-json\/wp\/v2\/folder?post=293"}],"curies":[{"name":"wp","href":"https:\/\/api.w.org\/{rel}","templated":true}]}}