{"id":306,"date":"2020-10-14T11:15:25","date_gmt":"2020-10-14T09:15:25","guid":{"rendered":"https:\/\/site.educa.madrid.org\/cp.guindalera.madrid\/?page_id=306"},"modified":"2024-02-21T15:58:16","modified_gmt":"2024-02-21T14:58:16","slug":"novedades","status":"publish","type":"page","link":"https:\/\/site.educa.madrid.org\/cp.guindalera.madrid\/index.php\/novedades\/","title":{"rendered":"Novedades"},"content":{"rendered":"<style type='text\/css' media='all'>#rt-tpg-container-3363610590 .rt-holder .rt-woo-info .price{color:#197050;}body .rt-tpg-container .rt-tpg-isotope-buttons .selected,\n\t\t\t\t\t#rt-tpg-container-3363610590 .layout12 .rt-holder:hover .rt-detail,\n\t\t\t\t\t#rt-tpg-container-3363610590 .isotope8 .rt-holder:hover .rt-detail,\n\t\t\t\t\t#rt-tpg-container-3363610590 .carousel8 .rt-holder:hover .rt-detail,\n\t\t\t\t\t#rt-tpg-container-3363610590 .layout13 .rt-holder .overlay .post-info,\n\t\t\t\t\t#rt-tpg-container-3363610590 .isotope9 .rt-holder .overlay .post-info,\n\t\t\t\t\t#rt-tpg-container-3363610590.rt-tpg-container .layout4 .rt-holder .rt-detail,\n\t\t\t\t\t.rt-modal-3363610590 .md-content,\n\t\t\t\t\t.rt-modal-3363610590 .md-content > .rt-md-content-holder .rt-md-content,\n\t\t\t\t\t.rt-popup-wrap-3363610590.rt-popup-wrap .rt-popup-navigation-wrap,\n\t\t\t\t\t#rt-tpg-container-3363610590 .carousel9 .rt-holder .overlay .post-info{background-color:#197050;}#rt-tpg-container-3363610590 .layout5 .rt-holder .overlay, #rt-tpg-container-3363610590 .isotope2 .rt-holder .overlay, #rt-tpg-container-3363610590 .carousel2 .rt-holder .overlay,#rt-tpg-container-3363610590 .layout15 .rt-holder h3, #rt-tpg-container-3363610590 .isotope11 .rt-holder h3, #rt-tpg-container-3363610590 .carousel11 .rt-holder h3, #rt-tpg-container-3363610590 .layout16 .rt-holder h3,\n\t\t\t\t\t#rt-tpg-container-3363610590 .isotope12 .rt-holder h3, #rt-tpg-container-3363610590 .carousel12 .rt-holder h3 {background-color:rgba(25,112,80,0.8);}#rt-tpg-container-3363610590 .pagination-list li a,\n\t\t\t\t\trt-tpg-container-3363610590 .pagination-list li span,\n\t\t\t\t\trt-tpg-container-3363610590 .pagination li a,\n\t\t\t\t\t#rt-tpg-container-3363610590 .rt-tpg-isotope-buttons button,\n\t\t\t\t\t#rt-tpg-container-3363610590 .rt-tpg-utility .rt-tpg-load-more button,\n\t\t\t\t\t#rt-tpg-container-3363610590.rt-tpg-container .swiper-navigation .slider-btn,\n\t\t\t\t\t#rt-tpg-container-3363610590.rt-tpg-container .swiper-pagination-bullet,\n\t\t\t\t\t#rt-tpg-container-3363610590 .wc1 .rt-holder .rt-img-holder .overlay .product-more ul li a,\n\t\t\t\t\t#rt-tpg-container-3363610590 .wc2 .rt-detail .rt-wc-add-to-cart,\n\t\t\t\t\t#rt-tpg-container-3363610590 .wc3 .rt-detail .rt-wc-add-to-cart,\n\t\t\t\t\t#rt-tpg-container-3363610590 .wc4 .rt-detail .rt-wc-add-to-cart,\n\t\t\t\t\t#rt-tpg-container-3363610590 .wc-carousel2 .rt-detail .rt-wc-add-to-cart,\n\t\t\t\t\t#rt-tpg-container-3363610590 .wc-isotope2 .rt-detail .rt-wc-add-to-cart,\n\t\t\t\t\t#rt-tpg-container-3363610590 .rt-layout-filter-container .rt-filter-wrap .rt-filter-item-wrap.rt-filter-dropdown-wrap .rt-filter-dropdown,\n\t\t\t\t\t#rt-tpg-container-3363610590 .rt-layout-filter-container .rt-filter-sub-tax.sub-button-group .rt-filter-button-item,\n\t\t\t\t\t#rt-tpg-container-3363610590.rt-tpg-container .rt-pagination-wrap .rt-page-numbers .paginationjs .paginationjs-pages ul li>a,\n\t\t\t\t\t#rt-tpg-container-3363610590 .rt-filter-item-wrap.rt-filter-button-wrap span.rt-filter-button-item,\n\t\t\t\t\t#rt-tpg-container-3363610590.rt-tpg-container .rt-pagination-wrap  .rt-loadmore-btn,\n\t\t\t\t\t#rt-tpg-container-3363610590.rt-tpg-container .rt-pagination-wrap .rt-cb-page-prev-next > *,\n\t\t\t\t\t#rt-tpg-container-3363610590 .rt-read-more,\n\t\t\t\t\t#rt-tooltip-3363610590, #rt-tooltip-3363610590 .rt-tooltip-bottom:after{background-color:#197050;}#rt-tpg-container-3363610590 .rt-filter-item-wrap.rt-filter-button-wrap span.rt-filter-button-item,\n\t\t\t\t\t#rt-tpg-container-3363610590 .rt-layout-filter-container .rt-filter-sub-tax.sub-button-group .rt-filter-button-item{border-color:#197050;}#rt-tpg-container-3363610590.rt-tpg-container .layout17 .rt-holder .overlay a.tpg-zoom .fa{color:#197050;}#rt-tpg-container-3363610590 .rt-holder .read-more a {background-color:#197050;padding: 8px 15px;}#rt-tpg-container-3363610590 .read-more a{border-radius:px;}#rt-tpg-container-3363610590 .rt-img-holder img.rt-img-responsive,#rt-tpg-container-3363610590 .rt-img-holder,\n\t\t\t\t\t#rt-tpg-container-3363610590 .rt-post-overlay .post-img,\n\t\t\t\t\t#rt-tpg-container-3363610590 .post-sm .post-img,\n\t\t\t\t\t#rt-tpg-container-3363610590 .rt-post-grid .post-img,\n\t\t\t\t\t#rt-tpg-container-3363610590 .post-img img {border-radius:px;}<\/style><div class='rt-container-fluid rt-tpg-container tpg-shortcode-main-wrapper ' id='rt-tpg-container-3363610590'   data-layout='layout2' data-grid-style='even' data-desktop-col='1'  data-tab-col='1'  data-mobile-col='1' data-sc-id='248'><div data-title='Loading ...' class='rt-row rt-content-loader   layout2 tpg-even '><div class=\"rt-col-md-12 rt-col-sm-12 rt-col-xs-12 even-grid-item rt-grid-item\" data-id=\"3225\"><div class=\"rt-holder\"><div class=\"rt-row\"><div class='rt-col-sm-2 rt-col-xs-12 '><div class=\"rt-img-holder\"><a data-id='3225' class='' href='https:\/\/site.educa.madrid.org\/cp.guindalera.madrid\/index.php\/2026\/02\/26\/nueva-convocatoria-becas-de-comedor-escolar\/'><img loading=\"lazy\" decoding=\"async\" width=\"150\" height=\"150\" src=\"https:\/\/site.educa.madrid.org\/cp.guindalera.madrid\/\/wp-content\/uploads\/cp.guindalera.madrid\/2026\/02\/becas_comedor-25_26-1-150x150.png\" class=\"rt-img-responsive \" alt=\"\" \/><\/a><\/div><\/div><div class='rt-col-sm-10 rt-col-xs-12 '><div class='rt-detail'><h3 class=\"entry-title\"><a data-id=\"3225\" class=\"\" href=\"https:\/\/site.educa.madrid.org\/cp.guindalera.madrid\/index.php\/2026\/02\/26\/nueva-convocatoria-becas-de-comedor-escolar\/\">NUEVA CONVOCATORIA BECAS DE COMEDOR ESCOLAR<\/a><\/h3><div class='post-meta-user '><span class='date-meta'><i class='far fa-calendar-alt '><\/i>26 febrero, 2026<\/span><span class='categories-links'><i class='fas fa-folder-open '><\/i><a class=\"noticias-generales\" href=\"https:\/\/site.educa.madrid.org\/cp.guindalera.madrid\/index.php\/category\/noticias-generales\/\" rel=\"tag\">Noticias Generales<\/a><\/span><\/div><div class='tpg-excerpt'>Nuevo plazo exclusivamente para alumnos incorporados al sistema educativo madrile\u00f1o con posterioridad al 15 de noviembre de 2025 El plazo de presentaci\u00f3n de soluciones ser\u00e1 desde el d\u00eda\u00a014 de febrero hasta el d\u00eda 2 de marzo de 2026 inclusivePara la tramitaci\u00f3n de la solicitud, puedes acceder a trav\u00e9s de este enlace: https:\/\/sede.comunidad.madrid\/ayudas-becas-subvenciones\/becas-comedor-escolar-2025-2026...<\/div><\/div><\/div><\/div><\/div><\/div><div class=\"rt-col-md-12 rt-col-sm-12 rt-col-xs-12 even-grid-item rt-grid-item\" data-id=\"2722\"><div class=\"rt-holder\"><div class=\"rt-row\"><div class='rt-col-sm-2 rt-col-xs-12 '><div class=\"rt-img-holder\"><a data-id='2722' class='' href='https:\/\/site.educa.madrid.org\/cp.guindalera.madrid\/index.php\/2025\/07\/15\/servicio-prolongacion-septiembre\/'><img loading=\"lazy\" decoding=\"async\" width=\"140\" height=\"140\" src=\"https:\/\/site.educa.madrid.org\/cp.guindalera.madrid\/\/wp-content\/uploads\/cp.guindalera.madrid\/2020\/10\/blog-ampa-guindalera.png\" class=\"rt-img-responsive \" alt=\"\" \/><\/a><\/div><\/div><div class='rt-col-sm-10 rt-col-xs-12 '><div class='rt-detail'><h3 class=\"entry-title\"><a data-id=\"2722\" class=\"\" href=\"https:\/\/site.educa.madrid.org\/cp.guindalera.madrid\/index.php\/2025\/07\/15\/servicio-prolongacion-septiembre\/\">SERVICIO PROLONGACI\u00d3N SEPTIEMBRE<\/a><\/h3><div class='post-meta-user '><span class='date-meta'><i class='far fa-calendar-alt '><\/i>15 julio, 2025<\/span><span class='categories-links'><i class='fas fa-folder-open '><\/i><a class=\"noticias-generales\" href=\"https:\/\/site.educa.madrid.org\/cp.guindalera.madrid\/index.php\/category\/noticias-generales\/\" rel=\"tag\">Noticias Generales<\/a><\/span><\/div><div class='tpg-excerpt'>Ya est\u00e1 abierta la\u00a0inscripci\u00f3n para el servicio de\u00a0prolongaci\u00f3n\u00a0de jornada durante el mes de\u00a0septiembre\u00a0organizado por el AMPA. En el siguiente\u00a0enlace\u00a0encontrar\u00e9is toda la informaci\u00f3n y el formulario de inscripci\u00f3n. Tambi\u00e9n se ha publicado ya el\u00a0cuadro provisional\u00a0de las actividades extraescolares para el pr\u00f3ximo curso...<\/div><\/div><\/div><\/div><\/div><\/div><div class=\"rt-col-md-12 rt-col-sm-12 rt-col-xs-12 even-grid-item rt-grid-item\" data-id=\"2620\"><div class=\"rt-holder\"><div class=\"rt-row\"><div class='rt-col-sm-2 rt-col-xs-12 '><div class=\"rt-img-holder\"><a data-id='2620' class='' href='https:\/\/site.educa.madrid.org\/cp.guindalera.madrid\/index.php\/2025\/05\/05\/campamentos-escolares-verano-2025-en-instalacion-deportiva-torrespana-fuente-del-berro\/'><img loading=\"lazy\" decoding=\"async\" width=\"150\" height=\"150\" src=\"https:\/\/site.educa.madrid.org\/cp.guindalera.madrid\/\/wp-content\/uploads\/cp.guindalera.madrid\/2025\/05\/Captura-de-pantalla-2025-05-05-193107-150x150.png\" class=\"rt-img-responsive \" alt=\"\" \/><\/a><\/div><\/div><div class='rt-col-sm-10 rt-col-xs-12 '><div class='rt-detail'><h3 class=\"entry-title\"><a data-id=\"2620\" class=\"\" href=\"https:\/\/site.educa.madrid.org\/cp.guindalera.madrid\/index.php\/2025\/05\/05\/campamentos-escolares-verano-2025-en-instalacion-deportiva-torrespana-fuente-del-berro\/\">CAMPAMENTOS ESCOLARES VERANO \u00a02025\u00a0EN INSTALACI\u00d3N DEPORTIVA TORRESPA\u00d1A-FUENTE DEL BERRO.<\/a><\/h3><div class='post-meta-user '><span class='date-meta'><i class='far fa-calendar-alt '><\/i>5 mayo, 2025<\/span><span class='categories-links'><i class='fas fa-folder-open '><\/i><a class=\"noticias-generales\" href=\"https:\/\/site.educa.madrid.org\/cp.guindalera.madrid\/index.php\/category\/noticias-generales\/\" rel=\"tag\">Noticias Generales<\/a><\/span><\/div><div class='tpg-excerpt'>Estos Campamentos son gratuitos y organizados por el Departamento de Educaci\u00f3n de la Junta de Distrito de Salamanca para facilitar la conciliaci\u00f3n de la vida laboral y familiar. \u00a0...<\/div><\/div><\/div><\/div><\/div><\/div><div class=\"rt-col-md-12 rt-col-sm-12 rt-col-xs-12 even-grid-item rt-grid-item\" data-id=\"2614\"><div class=\"rt-holder\"><div class=\"rt-row\"><div class='rt-col-sm-2 rt-col-xs-12 '><div class=\"rt-img-holder\"><a data-id='2614' class='' href='https:\/\/site.educa.madrid.org\/cp.guindalera.madrid\/index.php\/2025\/05\/03\/madridcamp\/'><img loading=\"lazy\" decoding=\"async\" width=\"150\" height=\"150\" src=\"https:\/\/site.educa.madrid.org\/cp.guindalera.madrid\/\/wp-content\/uploads\/cp.guindalera.madrid\/2025\/05\/Cartel-MCV-verano-2025-150x150.png\" class=\"rt-img-responsive \" alt=\"\" \/><\/a><\/div><\/div><div class='rt-col-sm-10 rt-col-xs-12 '><div class='rt-detail'><h3 class=\"entry-title\"><a data-id=\"2614\" class=\"\" href=\"https:\/\/site.educa.madrid.org\/cp.guindalera.madrid\/index.php\/2025\/05\/03\/madridcamp\/\">MadridCamp<\/a><\/h3><div class='post-meta-user '><span class='date-meta'><i class='far fa-calendar-alt '><\/i>3 mayo, 2025<\/span><span class='categories-links'><i class='fas fa-folder-open '><\/i><a class=\"noticias-generales\" href=\"https:\/\/site.educa.madrid.org\/cp.guindalera.madrid\/index.php\/category\/noticias-generales\/\" rel=\"tag\">Noticias Generales<\/a><\/span><\/div><div class='tpg-excerpt'>Se ha publicado en la web municipal la informaci\u00f3n relativa al programa de \u201cMADRIDCAMP Concilia en Vacaciones:\u00a0Verano 2025\u201d. El\u00a0plazo de inscripci\u00f3n es del 30 de abril al 13 de mayo de 2025\u00a0a trav\u00e9s de la plataforma PLACT. Pueden acceder al tr\u00e1mite de la convocatoria en el siguiente\u00a0enlace. La tramitaci\u00f3n de las solicitudes de plaza\u00a0para los...<\/div><\/div><\/div><\/div><\/div><\/div><div class=\"rt-col-md-12 rt-col-sm-12 rt-col-xs-12 even-grid-item rt-grid-item\" data-id=\"2597\"><div class=\"rt-holder\"><div class=\"rt-row\"><div class='rt-col-sm-2 rt-col-xs-12 '><div class=\"rt-img-holder\"><a data-id='2597' class='' href='https:\/\/site.educa.madrid.org\/cp.guindalera.madrid\/index.php\/2025\/04\/08\/plan-regional-contra-las-drogas\/'><img loading=\"lazy\" decoding=\"async\" width=\"150\" height=\"150\" src=\"https:\/\/site.educa.madrid.org\/cp.guindalera.madrid\/\/wp-content\/uploads\/cp.guindalera.madrid\/2025\/04\/QR_Buzon-1-150x150.jpg\" class=\"rt-img-responsive \" alt=\"\" \/><\/a><\/div><\/div><div class='rt-col-sm-10 rt-col-xs-12 '><div class='rt-detail'><h3 class=\"entry-title\"><a data-id=\"2597\" class=\"\" href=\"https:\/\/site.educa.madrid.org\/cp.guindalera.madrid\/index.php\/2025\/04\/08\/plan-regional-contra-las-drogas\/\">Plan Regional contra las Drogas<\/a><\/h3><div class='post-meta-user '><span class='date-meta'><i class='far fa-calendar-alt '><\/i>8 abril, 2025<\/span><span class='categories-links'><i class='fas fa-folder-open '><\/i><a class=\"noticias-generales\" href=\"https:\/\/site.educa.madrid.org\/cp.guindalera.madrid\/index.php\/category\/noticias-generales\/\" rel=\"tag\">Noticias Generales<\/a><\/span><\/div><div class='tpg-excerpt'>El \u00abPlan Regional contra las Drogas\u201d de la Comunidad de Madrid tiene como objetivo\u00a0 aumentar la sensibilidad y la conciencia social de riesgos y da\u00f1os provocados por las drogas y mejorar la prevenci\u00f3n del consumo y de la adicci\u00f3n a todo tipo de sustancias psicotr\u00f3picas. Una de las medidas dentro del \u00e1mbito escolar ha sido...<\/div><\/div><\/div><\/div><\/div><\/div><div class=\"rt-col-md-12 rt-col-sm-12 rt-col-xs-12 even-grid-item rt-grid-item\" data-id=\"2560\"><div class=\"rt-holder\"><div class=\"rt-row\"><div class='rt-col-xs-12'><div class='rt-detail'><h3 class=\"entry-title\"><a data-id=\"2560\" class=\"\" href=\"https:\/\/site.educa.madrid.org\/cp.guindalera.madrid\/index.php\/2025\/03\/23\/centros-abiertos-en-ingles-en-semana-santa\/\">&#8216;CENTROS ABIERTOS EN INGL\u00c9S&#8217; EN SEMANA SANTA<\/a><\/h3><div class='post-meta-user '><span class='date-meta'><i class='far fa-calendar-alt '><\/i>23 marzo, 2025<\/span><span class='categories-links'><i class='fas fa-folder-open '><\/i><a class=\"noticias-generales\" href=\"https:\/\/site.educa.madrid.org\/cp.guindalera.madrid\/index.php\/category\/noticias-generales\/\" rel=\"tag\">Noticias Generales<\/a><\/span><\/div><div class='tpg-excerpt'>Si buscas campamento para los\u00a0d\u00edas no lectivos de Semana Santa\u00a0(11, 14, 15, 16 y 21 de abril), puedes\u00a0inscribirte desde hoy 25 de febrero hasta el 4 de marzo\u00a0en los \u2018Centros abiertos en ingl\u00e9s\u2018, que organiza el Ayuntamiento de Madrid. Este a\u00f1o, se realizar\u00e1 en el\u00a0CEIP Reina Victoria. La inscripci\u00f3n se realizar\u00e1 a trav\u00e9s de la...<\/div><\/div><\/div><\/div><\/div><\/div><\/div><div class='rt-pagination-wrap' data-total-pages='6' data-posts-per-page='6' data-type='pagination'  ><div class=\"rt-pagination\" ><ul class=\"pagination-list\"><li class=\"active\"><span>1<\/span><\/li><li><a data-paged='2' href='https:\/\/site.educa.madrid.org\/cp.guindalera.madrid\/index.php\/wp-json\/wp\/v2\/pages\/306\/page\/2\/'>2<\/a><\/li><li><a data-paged='3' href='https:\/\/site.educa.madrid.org\/cp.guindalera.madrid\/index.php\/wp-json\/wp\/v2\/pages\/306\/page\/3\/'>3<\/a><\/li><li><a data-paged='4' href='https:\/\/site.educa.madrid.org\/cp.guindalera.madrid\/index.php\/wp-json\/wp\/v2\/pages\/306\/page\/4\/'>4<\/a><\/li><li><a data-paged='5' href='https:\/\/site.educa.madrid.org\/cp.guindalera.madrid\/index.php\/wp-json\/wp\/v2\/pages\/306\/page\/5\/'>5<\/a><\/li><li><a data-paged='6' href='https:\/\/site.educa.madrid.org\/cp.guindalera.madrid\/index.php\/wp-json\/wp\/v2\/pages\/306\/page\/6\/'>6<\/a><\/li><\/ul><\/div><\/div><\/div>\n","protected":false},"excerpt":{"rendered":"","protected":false},"author":3,"featured_media":0,"parent":0,"menu_order":0,"comment_status":"closed","ping_status":"closed","template":"","meta":{"footnotes":""},"folder":[],"class_list":["post-306","page","type-page","status-publish","hentry"],"rttpg_featured_image_url":null,"rttpg_author":{"display_name":"cp.guindalera.madrid","author_link":"https:\/\/site.educa.madrid.org\/cp.guindalera.madrid\/index.php\/author\/cuenta_cp-guindalera-madrid\/"},"rttpg_comment":0,"rttpg_category":"","rttpg_excerpt":null,"post_mailing_queue_ids":[],"_links":{"self":[{"href":"https:\/\/site.educa.madrid.org\/cp.guindalera.madrid\/index.php\/wp-json\/wp\/v2\/pages\/306","targetHints":{"allow":["GET"]}}],"collection":[{"href":"https:\/\/site.educa.madrid.org\/cp.guindalera.madrid\/index.php\/wp-json\/wp\/v2\/pages"}],"about":[{"href":"https:\/\/site.educa.madrid.org\/cp.guindalera.madrid\/index.php\/wp-json\/wp\/v2\/types\/page"}],"author":[{"embeddable":true,"href":"https:\/\/site.educa.madrid.org\/cp.guindalera.madrid\/index.php\/wp-json\/wp\/v2\/users\/3"}],"replies":[{"embeddable":true,"href":"https:\/\/site.educa.madrid.org\/cp.guindalera.madrid\/index.php\/wp-json\/wp\/v2\/comments?post=306"}],"version-history":[{"count":2,"href":"https:\/\/site.educa.madrid.org\/cp.guindalera.madrid\/index.php\/wp-json\/wp\/v2\/pages\/306\/revisions"}],"predecessor-version":[{"id":1721,"href":"https:\/\/site.educa.madrid.org\/cp.guindalera.madrid\/index.php\/wp-json\/wp\/v2\/pages\/306\/revisions\/1721"}],"wp:attachment":[{"href":"https:\/\/site.educa.madrid.org\/cp.guindalera.madrid\/index.php\/wp-json\/wp\/v2\/media?parent=306"}],"wp:term":[{"taxonomy":"folder","embeddable":true,"href":"https:\/\/site.educa.madrid.org\/cp.guindalera.madrid\/index.php\/wp-json\/wp\/v2\/folder?post=306"}],"curies":[{"name":"wp","href":"https:\/\/api.w.org\/{rel}","templated":true}]}}