{"id":1087,"date":"2024-03-04T16:44:25","date_gmt":"2024-03-04T15:44:25","guid":{"rendered":"https:\/\/site.educa.madrid.org\/cp.hermanospinzon.madrid\/?page_id=1087"},"modified":"2026-03-03T11:04:47","modified_gmt":"2026-03-03T10:04:47","slug":"criterio-complementario","status":"publish","type":"page","link":"https:\/\/site.educa.madrid.org\/cp.hermanospinzon.madrid\/index.php\/secretaria\/admision\/criterio-complementario\/","title":{"rendered":"Criterio complementario"},"content":{"rendered":"\n<p>Por aprobaci\u00f3n en el Consejo Escolar, el centro otorgar\u00e1 los tres puntos adicionales en el baremo a las familias que soliciten el centro en primera opci\u00f3n (se comprobar\u00e1 la solicitud).<\/p>\n\n\n\n<div class=\"wp-block-file\"><a id=\"wp-block-file--media-ad02b515-05b1-4977-92bc-a84fbd5502f8\" href=\"https:\/\/site.educa.madrid.org\/cp.hermanospinzon.madrid\/\/wp-content\/uploads\/cp.hermanospinzon.madrid\/2026\/03\/Documento_de_informacion_basica_sobre_el_proceso_de_admision.pdf\" target=\"_blank\" rel=\"noreferrer noopener\">Documento de informaci\u00f3n b\u00e1sica sobre el proceso de admisi\u00f3n<\/a><a href=\"https:\/\/site.educa.madrid.org\/cp.hermanospinzon.madrid\/\/wp-content\/uploads\/cp.hermanospinzon.madrid\/2026\/03\/Documento_de_informacion_basica_sobre_el_proceso_de_admision.pdf\" class=\"wp-block-file__button wp-element-button\" download aria-describedby=\"wp-block-file--media-ad02b515-05b1-4977-92bc-a84fbd5502f8\">Descarga<\/a><\/div>\n","protected":false},"excerpt":{"rendered":"<p>Por aprobaci\u00f3n en el Consejo Escolar, el centro otorgar\u00e1 los tres puntos adicionales en el baremo a las familias [&hellip;]<\/p>\n","protected":false},"author":2,"featured_media":0,"parent":1074,"menu_order":0,"comment_status":"closed","ping_status":"closed","template":"","meta":{"footnotes":""},"folder":[],"class_list":["post-1087","page","type-page","status-publish","hentry"],"rttpg_featured_image_url":null,"rttpg_author":{"display_name":"tic.cp.hermanospinzon.madrid","author_link":"https:\/\/site.educa.madrid.org\/cp.hermanospinzon.madrid\/index.php\/author\/cuenta_tic-cp-hermanospinzon-madrid\/"},"rttpg_comment":0,"rttpg_category":false,"rttpg_excerpt":"Por aprobaci\u00f3n en el Consejo Escolar, el centro otorgar\u00e1 los tres puntos adicionales en el baremo a las familias [&hellip;]","post_mailing_queue_ids":[],"_links":{"self":[{"href":"https:\/\/site.educa.madrid.org\/cp.hermanospinzon.madrid\/index.php\/wp-json\/wp\/v2\/pages\/1087","targetHints":{"allow":["GET"]}}],"collection":[{"href":"https:\/\/site.educa.madrid.org\/cp.hermanospinzon.madrid\/index.php\/wp-json\/wp\/v2\/pages"}],"about":[{"href":"https:\/\/site.educa.madrid.org\/cp.hermanospinzon.madrid\/index.php\/wp-json\/wp\/v2\/types\/page"}],"author":[{"embeddable":true,"href":"https:\/\/site.educa.madrid.org\/cp.hermanospinzon.madrid\/index.php\/wp-json\/wp\/v2\/users\/2"}],"replies":[{"embeddable":true,"href":"https:\/\/site.educa.madrid.org\/cp.hermanospinzon.madrid\/index.php\/wp-json\/wp\/v2\/comments?post=1087"}],"version-history":[{"count":4,"href":"https:\/\/site.educa.madrid.org\/cp.hermanospinzon.madrid\/index.php\/wp-json\/wp\/v2\/pages\/1087\/revisions"}],"predecessor-version":[{"id":1700,"href":"https:\/\/site.educa.madrid.org\/cp.hermanospinzon.madrid\/index.php\/wp-json\/wp\/v2\/pages\/1087\/revisions\/1700"}],"up":[{"embeddable":true,"href":"https:\/\/site.educa.madrid.org\/cp.hermanospinzon.madrid\/index.php\/wp-json\/wp\/v2\/pages\/1074"}],"wp:attachment":[{"href":"https:\/\/site.educa.madrid.org\/cp.hermanospinzon.madrid\/index.php\/wp-json\/wp\/v2\/media?parent=1087"}],"wp:term":[{"taxonomy":"folder","embeddable":true,"href":"https:\/\/site.educa.madrid.org\/cp.hermanospinzon.madrid\/index.php\/wp-json\/wp\/v2\/folder?post=1087"}],"curies":[{"name":"wp","href":"https:\/\/api.w.org\/{rel}","templated":true}]}}