{"id":1116,"date":"2024-03-18T18:01:08","date_gmt":"2024-03-18T17:01:08","guid":{"rendered":"https:\/\/site.educa.madrid.org\/cp.hermanospinzon.madrid\/?page_id=1116"},"modified":"2024-03-18T18:19:17","modified_gmt":"2024-03-18T17:19:17","slug":"lineas-basicas-del-proyecto-educativo","status":"publish","type":"page","link":"https:\/\/site.educa.madrid.org\/cp.hermanospinzon.madrid\/index.php\/informacion-a-familias\/lineas-basicas-del-proyecto-educativo\/","title":{"rendered":"L\u00edneas b\u00e1sicas del Proyecto Educativo"},"content":{"rendered":"\n<p>Nuestro centro pertenece al programa de\u00a0<strong>colegios biling\u00fces de la Comunidad de Madrid<\/strong>\u00a0desde el curso 2012 \u2013 2013. Nuestro objetivo es que los alumnos adquieran un buen nivel de ingl\u00e9s y poder ofrecerles una preparaci\u00f3n m\u00e1s completa que les asegure mejores oportunidades ante un mundo laboral y profesional cada vez m\u00e1s globalizado.<\/p>\n<p>El curso 2017\/2018 se implant\u00f3 el proyecto biling\u00fce tambi\u00e9n en la etapa de Educaci\u00f3n Infantil.<\/p>\n<p>Convivimos, con la mayor naturalidad, con las dos lenguas creando ambientes de aprendizaje que as\u00ed lo faciliten. A trav\u00e9s de nuevas metodolog\u00edas y aprendizaje activo conseguimos que los alumnos se comuniquen de forma fluida en el idioma extranjero.<\/p>\n<p>Adem\u00e1s, con el objetivo de asegurar una educaci\u00f3n de calidad para todos nuestros alumnos, nos embarcamos en la implantaci\u00f3n de las actuaciones de \u00e9xito (proyecto europeo de investigaci\u00f3n Includ-ed).<\/p>\n<p>Se realizan las siguientes\u00a0<strong>actuaciones de \u00e9xito<\/strong>\u00a0en el centro:<\/p>\n\n<ul>\n<li><a href=\"https:\/\/site.educa.madrid.org\/cp.hermanospinzon.madrid\/index.php\/proyecto-educativo\/actuaciones-educativas-de-exito\/grupos-interactivos\/\" target=\"_blank\" rel=\"noopener noreferrer\" data-auth=\"NotApplicable\" data-linkindex=\"4\"><strong>Grupos interactivos<\/strong><\/a><strong>:<\/strong>\u00a0Basado en la interacci\u00f3n de peque\u00f1os grupos heterog\u00e9neos de alumnos realizando una tarea asignada por el profesor con la supervisi\u00f3n de un adulto de la comunidad educativa. Se invita a miembros de la Comunidad Educativa (familias, personal no docente del centro, personal externo&#8230;).\u00a0<a href=\"https:\/\/site.educa.madrid.org\/cp.hermanospinzon.madrid\/index.php\/proyecto-educativo\/actuaciones-educativas-de-exito\/grupos-interactivos\/\" target=\"_blank\" rel=\"noopener noreferrer\" data-auth=\"NotApplicable\" data-linkindex=\"5\"><strong>[ m\u00e1s informaci\u00f3n]<\/strong><\/a><\/li>\n<li><strong>Tertulias dial\u00f3gicas:<\/strong>\u00a0Sesiones de di\u00e1logo sobre los libros de lectura asignados. Tras una lectura individual de t\u00edtulos cl\u00e1sicos, se realizan un coloquio sobre sus reflexiones.<\/li>\n<li><a href=\"https:\/\/site.educa.madrid.org\/cp.hermanospinzon.madrid\/index.php\/proyecto-educativo\/actuaciones-educativas-de-exito\/biblioteca-tutorizadas\/\" target=\"_blank\" rel=\"noopener noreferrer\" data-auth=\"NotApplicable\" data-linkindex=\"6\"><strong>Biblioteca tutorizada<\/strong><\/a><strong>:<\/strong>\u00a0Acceso a la bibliotecas del centro como lugar de aprendizaje fuera del horario lectivo.\u00a0<a href=\"https:\/\/site.educa.madrid.org\/cp.hermanospinzon.madrid\/index.php\/proyecto-educativo\/actuaciones-educativas-de-exito\/biblioteca-tutorizadas\/\" target=\"_blank\" rel=\"noopener noreferrer\" data-auth=\"NotApplicable\" data-linkindex=\"7\"><strong>[ m\u00e1s informaci\u00f3n ]<\/strong><\/a><\/li>\n<li><strong>Formaci\u00f3n de familiares:<\/strong>\u00a0El centro ofrece programas de formaci\u00f3n a las familias que son las que deciden qu\u00e9, c\u00f3mo y cu\u00e1ndo quieren aprender. Se abre el centro con las &quot;ma\u00f1anas del caf\u00e9&quot; para fomentar la creaci\u00f3n de redes entre familiar de alumnos\/as.<\/li>\n<li><strong>Participaci\u00f3n activa de la comunidad:<\/strong>\u00a0Se promueve que las familias se impliquen directamente en los procesos y espacios de aprendizaje de la escuela.<\/li>\n<li><strong>Modelo dial\u00f3gico de prevenci\u00f3n y resoluci\u00f3n de conflictos:<\/strong>\u00a0Construcci\u00f3n, de manera conjunta y consensuada, las normas de la escuela que todo el mundo debe respetar.<\/li>\n<li><strong>Formaci\u00f3n pedag\u00f3gica dial\u00f3gica:<\/strong>\u00a0La formaci\u00f3n del profesorado est\u00e1 basada en bases cient\u00edficas, te\u00f3ricas y evidencias avaladas en la comunidad cient\u00edfica, no en experiencias subjetivas.<\/li>\n<\/ul>\n\n<p>El colegio pertenece tambi\u00e9n a\u00a0<strong>la red de centros de Ecoescuelas y participa en el programa &quot;Educar hoy por un Madrid m\u00e1s sostenible&quot;<\/strong>. Ambos enmarcados en la concienciaci\u00f3n de la importancia del cuidado del medio ambiente.<\/p>\n\n<p>Desde el centro promovemos el uso responsable de los recursos que nos ofrece la naturaleza a trav\u00e9s del reciclaje de pl\u00e1sticos y papel, el uso de papel reciclado en todo el centro, la promoci\u00f3n de los residuos cero, etc.<\/p>\n<p>Tambi\u00e9n incluimos,<strong>\u00a0 la \u00d3pera, un Veh\u00edculo de Aprendizaje (L\u00d3VA)\u00a0<\/strong>es un proyecto que consiste en formar una compa\u00f1\u00eda de \u00f3pera, cuyo producto final es una \u00f3pera o teatro musical. Los alumnos y alumnas organizados en equipos de profesionales, escriben el libreto, dise\u00f1an la escenograf\u00eda, componen la m\u00fasica, confeccionan el vestuario, realizan la campa\u00f1a de prensa, recaudan fondos, fabrican la utiler\u00eda, crean la iluminaci\u00f3n, etc. La pieza final y su estreno tienen tanta importancia como el proceso de su creaci\u00f3n. El proyecto tiene la duraci\u00f3n de un curso escolar.<\/p>\n","protected":false},"excerpt":{"rendered":"<p>Nuestro centro pertenece al programa de\u00a0colegios biling\u00fces de la Comunidad de Madrid\u00a0desde el curso 2012 \u2013 2013. Nuestro objetivo [&hellip;]<\/p>\n","protected":false},"author":2,"featured_media":0,"parent":1072,"menu_order":0,"comment_status":"closed","ping_status":"closed","template":"","meta":{"footnotes":""},"folder":[],"class_list":["post-1116","page","type-page","status-publish","hentry"],"rttpg_featured_image_url":null,"rttpg_author":{"display_name":"tic.cp.hermanospinzon.madrid","author_link":"https:\/\/site.educa.madrid.org\/cp.hermanospinzon.madrid\/index.php\/author\/cuenta_tic-cp-hermanospinzon-madrid\/"},"rttpg_comment":0,"rttpg_category":false,"rttpg_excerpt":"Nuestro centro pertenece al programa de\u00a0colegios biling\u00fces de la Comunidad de Madrid\u00a0desde el curso 2012 \u2013 2013. Nuestro objetivo [&hellip;]","post_mailing_queue_ids":[],"_links":{"self":[{"href":"https:\/\/site.educa.madrid.org\/cp.hermanospinzon.madrid\/index.php\/wp-json\/wp\/v2\/pages\/1116","targetHints":{"allow":["GET"]}}],"collection":[{"href":"https:\/\/site.educa.madrid.org\/cp.hermanospinzon.madrid\/index.php\/wp-json\/wp\/v2\/pages"}],"about":[{"href":"https:\/\/site.educa.madrid.org\/cp.hermanospinzon.madrid\/index.php\/wp-json\/wp\/v2\/types\/page"}],"author":[{"embeddable":true,"href":"https:\/\/site.educa.madrid.org\/cp.hermanospinzon.madrid\/index.php\/wp-json\/wp\/v2\/users\/2"}],"replies":[{"embeddable":true,"href":"https:\/\/site.educa.madrid.org\/cp.hermanospinzon.madrid\/index.php\/wp-json\/wp\/v2\/comments?post=1116"}],"version-history":[{"count":4,"href":"https:\/\/site.educa.madrid.org\/cp.hermanospinzon.madrid\/index.php\/wp-json\/wp\/v2\/pages\/1116\/revisions"}],"predecessor-version":[{"id":1139,"href":"https:\/\/site.educa.madrid.org\/cp.hermanospinzon.madrid\/index.php\/wp-json\/wp\/v2\/pages\/1116\/revisions\/1139"}],"up":[{"embeddable":true,"href":"https:\/\/site.educa.madrid.org\/cp.hermanospinzon.madrid\/index.php\/wp-json\/wp\/v2\/pages\/1072"}],"wp:attachment":[{"href":"https:\/\/site.educa.madrid.org\/cp.hermanospinzon.madrid\/index.php\/wp-json\/wp\/v2\/media?parent=1116"}],"wp:term":[{"taxonomy":"folder","embeddable":true,"href":"https:\/\/site.educa.madrid.org\/cp.hermanospinzon.madrid\/index.php\/wp-json\/wp\/v2\/folder?post=1116"}],"curies":[{"name":"wp","href":"https:\/\/api.w.org\/{rel}","templated":true}]}}